{"id":37856,"date":"2023-11-27T08:00:00","date_gmt":"2023-11-27T08:00:00","guid":{"rendered":"https:\/\/cardiacinstitute.bg\/?page_id=37856"},"modified":"2023-12-05T15:19:51","modified_gmt":"2023-12-05T15:19:51","slug":"donation","status":"publish","type":"page","link":"https:\/\/cardiacinstitute.bg\/tr\/donation\/","title":{"rendered":"Ba\u011f\u0131\u015flar"},"content":{"rendered":"<div class=\"wpb-content-wrapper\">[vc_row][vc_column width=&#8221;1\/3&#8243;][vc_column_text css=&#8221;.vc_custom_1701330224609{margin-bottom: 0px !important;}&#8221;]\n<h4>Banka havalesi ile ba\u011f\u0131\u015f yap\u0131n<\/h4>\n[\/vc_column_text][vc_separator][vc_column_text css=&#8221;.vc_custom_1701789589609{margin-bottom: 0px !important;}&#8221;]Tutucu: MBAL Kalp ve Beyin EAD<br \/>\nBanka UniCredit Bulbank<br \/>\nIBAN: BG22UNCR70001525548453<br \/>\nBIC: UNCRBGSF<br \/>\nPara birimi: BGN<br \/>\nUIC\/BULSTAT 203831564<\/p>\n<p>Sebebi: &#8216;Annem ve Ben&#8217; i\u00e7in ba\u011f\u0131\u015f[\/vc_column_text][\/vc_column][vc_column width=&#8221;1\/3&#8243;][vc_column_text css=&#8221;.vc_custom_1701330235804{margin-bottom: 0px !important;}&#8221;]\n<h4>Banka, Kredi Kart\u0131 veya PayPal ile Ba\u011f\u0131\u015f Yap\u0131n<\/h4>\n[\/vc_column_text][vc_separator][vc_raw_html]JTNDZm9ybSUyMGFjdGlvbiUzRCUyMmh0dHBzJTNBJTJGJTJGd3d3LnBheXBhbC5jb20lMkZkb25hdGUlMjIlMjBtZXRob2QlM0QlMjJwb3N0JTIyJTIwdGFyZ2V0JTNEJTIyX3RvcCUyMiUzRSUwQSUzQ2lucHV0JTIwdHlwZSUzRCUyMmhpZGRlbiUyMiUyMG5hbWUlM0QlMjJob3N0ZWRfYnV0dG9uX2lkJTIyJTIwdmFsdWUlM0QlMjJNRUtHRjVWMlhQRkRFJTIyJTIwJTJGJTNFJTBBJTNDaW5wdXQlMjB0eXBlJTNEJTIyaW1hZ2UlMjIlMjBzcmMlM0QlMjJodHRwcyUzQSUyRiUyRnd3dy5wYXlwYWxvYmplY3RzLmNvbSUyRmVuX1VTJTJGaSUyRmJ0biUyRmJ0bl9kb25hdGVfTEcuZ2lmJTIyJTIwYm9yZGVyJTNEJTIyMCUyMiUyMG5hbWUlM0QlMjJzdWJtaXQlMjIlMjB0aXRsZSUzRCUyMlBheVBhbCUyMC0lMjBUaGUlMjBzYWZlciUyQyUyMGVhc2llciUyMHdheSUyMHRvJTIwcGF5JTIwb25saW5lJTIxJTIyJTIwYWx0JTNEJTIyRG9uYXRlJTIwd2l0aCUyMFBheVBhbCUyMGJ1dHRvbiUyMiUyMCUyRiUzRSUwQSUzQ2ltZyUyMGFsdCUzRCUyMiUyMiUyMGJvcmRlciUzRCUyMjAlMjIlMjBzcmMlM0QlMjJodHRwcyUzQSUyRiUyRnd3dy5wYXlwYWwuY29tJTJGZW5fQkclMkZpJTJGc2NyJTJGcGl4ZWwuZ2lmJTIyJTIwd2lkdGglM0QlMjIxJTIyJTIwaGVpZ2h0JTNEJTIyMSUyMiUyMCUyRiUzRSUwQSUzQyUyRmZvcm0lM0UlMEE=[\/vc_raw_html][\/vc_column][vc_column width=&#8221;1\/3&#8243;][vc_column_text css=&#8221;.vc_custom_1701330244969{margin-bottom: 0px !important;}&#8221;]\n<h4>Veya bu QR kodunu taray\u0131n<\/h4>\n[\/vc_column_text][vc_separator][vc_single_image image=&#8221;37714&#8243; img_size=&#8221;full&#8221;][\/vc_column][\/vc_row][vc_row][vc_column][mk_padding_divider][\/vc_column][\/vc_row]\n<\/div>","protected":false},"excerpt":{"rendered":"<p>[vc_row][vc_column width=&#8221;1\/3&#8243;][vc_column_text css=&#8221;.vc_custom_1701330224609{margin-bottom: 0px !important;}&#8221;] Banka havalesi ile ba\u011f\u0131\u015f yap\u0131n [\/vc_column_text][vc_separator][vc_column_text css=&#8221;.vc_custom_1701789589609{margin-bottom: 0px !important;}&#8221;]Tutucu: MBAL Kalp ve Beyin EAD Banka UniCredit Bulbank IBAN: BG22UNCR70001525548453 BIC: UNCRBGSF Para birimi: BGN UIC\/BULSTAT 203831564 Sebebi: &#8216;Annem ve Ben&#8217; i\u00e7in ba\u011f\u0131\u015f[\/vc_column_text][\/vc_column][vc_column width=&#8221;1\/3&#8243;][vc_column_text css=&#8221;.vc_custom_1701330235804{margin-bottom: 0px !important;}&#8221;] Banka, Kredi Kart\u0131 veya PayPal ile Ba\u011f\u0131\u015f Yap\u0131n [\/vc_column_text][vc_separator][vc_raw_html]JTNDZm9ybSUyMGFjdGlvbiUzRCUyMmh0dHBzJTNBJTJGJTJGd3d3LnBheXBhbC5jb20lMkZkb25hdGUlMjIlMjBtZXRob2QlM0QlMjJwb3N0JTIyJTIwdGFyZ2V0JTNEJTIyX3RvcCUyMiUzRSUwQSUzQ2lucHV0JTIwdHlwZSUzRCUyMmhpZGRlbiUyMiUyMG5hbWUlM0QlMjJob3N0ZWRfYnV0dG9uX2lkJTIyJTIwdmFsdWUlM0QlMjJNRUtHRjVWMlhQRkRFJTIyJTIwJTJGJTNFJTBBJTNDaW5wdXQlMjB0eXBlJTNEJTIyaW1hZ2UlMjIlMjBzcmMlM0QlMjJodHRwcyUzQSUyRiUyRnd3dy5wYXlwYWxvYmplY3RzLmNvbSUyRmVuX1VTJTJGaSUyRmJ0biUyRmJ0bl9kb25hdGVfTEcuZ2lmJTIyJTIwYm9yZGVyJTNEJTIyMCUyMiUyMG5hbWUlM0QlMjJzdWJtaXQlMjIlMjB0aXRsZSUzRCUyMlBheVBhbCUyMC0lMjBUaGUlMjBzYWZlciUyQyUyMGVhc2llciUyMHdheSUyMHRvJTIwcGF5JTIwb25saW5lJTIxJTIyJTIwYWx0JTNEJTIyRG9uYXRlJTIwd2l0aCUyMFBheVBhbCUyMGJ1dHRvbiUyMiUyMCUyRiUzRSUwQSUzQ2ltZyUyMGFsdCUzRCUyMiUyMiUyMGJvcmRlciUzRCUyMjAlMjIlMjBzcmMlM0QlMjJodHRwcyUzQSUyRiUyRnd3dy5wYXlwYWwuY29tJTJGZW5fQkclMkZpJTJGc2NyJTJGcGl4ZWwuZ2lmJTIyJTIwd2lkdGglM0QlMjIxJTIyJTIwaGVpZ2h0JTNEJTIyMSUyMiUyMCUyRiUzRSUwQSUzQyUyRmZvcm0lM0UlMEE=[\/vc_raw_html][\/vc_column][vc_column width=&#8221;1\/3&#8243;][vc_column_text css=&#8221;.vc_custom_1701330244969{margin-bottom: 0px !important;}&#8221;] Veya [&hellip;]<\/p>\n","protected":false},"author":1,"featured_media":0,"parent":0,"menu_order":0,"comment_status":"closed","ping_status":"closed","template":"","meta":{"footnotes":""},"class_list":["post-37856","page","type-page","status-publish","hentry"],"_links":{"self":[{"href":"https:\/\/cardiacinstitute.bg\/tr\/wp-json\/wp\/v2\/pages\/37856","targetHints":{"allow":["GET"]}}],"collection":[{"href":"https:\/\/cardiacinstitute.bg\/tr\/wp-json\/wp\/v2\/pages"}],"about":[{"href":"https:\/\/cardiacinstitute.bg\/tr\/wp-json\/wp\/v2\/types\/page"}],"author":[{"embeddable":true,"href":"https:\/\/cardiacinstitute.bg\/tr\/wp-json\/wp\/v2\/users\/1"}],"replies":[{"embeddable":true,"href":"https:\/\/cardiacinstitute.bg\/tr\/wp-json\/wp\/v2\/comments?post=37856"}],"version-history":[{"count":6,"href":"https:\/\/cardiacinstitute.bg\/tr\/wp-json\/wp\/v2\/pages\/37856\/revisions"}],"predecessor-version":[{"id":38048,"href":"https:\/\/cardiacinstitute.bg\/tr\/wp-json\/wp\/v2\/pages\/37856\/revisions\/38048"}],"wp:attachment":[{"href":"https:\/\/cardiacinstitute.bg\/tr\/wp-json\/wp\/v2\/media?parent=37856"}],"curies":[{"name":"wp","href":"https:\/\/api.w.org\/{rel}","templated":true}]}}