{"id":22765,"date":"2022-07-29T07:59:22","date_gmt":"2022-07-29T07:59:22","guid":{"rendered":"https:\/\/cardiacinstitute.bg\/?page_id=22765"},"modified":"2022-08-05T10:28:57","modified_gmt":"2022-08-05T10:28:57","slug":"we-offer","status":"publish","type":"page","link":"https:\/\/cardiacinstitute.bg\/tr\/careers\/we-offer\/","title":{"rendered":"Sunduklar\u0131m\u0131z"},"content":{"rendered":"<div class=\"wpb-content-wrapper\">[mk_page_section bg_color=&#8221;#1e73be&#8221; padding_top=&#8221;40&#8243; padding_bottom=&#8221;40&#8243; sidebar=&#8221;sidebar-1&#8243;][vc_column][mk_fancy_title tag_name=&#8221;h4&#8243; color=&#8221;#ffffff&#8221; size=&#8221;48&#8243; force_font_size=&#8221;true&#8221; size_tablet=&#8221;40&#8243; font_weight=&#8221;400&#8243; txt_transform=&#8221;uppercase&#8221; margin_top=&#8221;15&#8243; margin_bottom=&#8221;0&#8243; font_family=&#8221;Open+Sans&#8221; font_type=&#8221;google&#8221; align=&#8221;center&#8221; animation=&#8221;top-to-bottom&#8221;]Sunduklar\u0131m\u0131z[\/mk_fancy_title][\/vc_column][\/mk_page_section][vc_row][vc_column][mk_padding_divider size=&#8221;60&#8243;][vc_column_text css=&#8221;.vc_custom_1659695335755{margin-bottom: 0px !important;}&#8221;]Harika \u00e7al\u0131\u015fma ko\u015fullar\u0131 ve maa\u015f \u00fccreti vaad eden, Avrupa standartlar\u0131na g\u00f6re \u00e7al\u0131\u015fan bir sa\u011fl\u0131k kurulu\u015funda mesleki geli\u015fim f\u0131rsat\u0131 ar\u0131yorsan\u0131z, g\u00fcncel bir CV, tavsiye mektubu ve foto\u011fraf\u0131n\u0131z\u0131 e-posta ile g\u00f6nderebilirsiniz: <a href=\"mailto:m.decheva.hq@comleague.com\">m.decheva.hq@comleague.com<\/a>[\/vc_column_text][\/vc_column][\/vc_row]\n<\/div>","protected":false},"excerpt":{"rendered":"<p>[mk_page_section bg_color=&#8221;#1e73be&#8221; padding_top=&#8221;40&#8243; padding_bottom=&#8221;40&#8243; sidebar=&#8221;sidebar-1&#8243;][vc_column][mk_fancy_title tag_name=&#8221;h4&#8243; color=&#8221;#ffffff&#8221; size=&#8221;48&#8243; force_font_size=&#8221;true&#8221; size_tablet=&#8221;40&#8243; font_weight=&#8221;400&#8243; txt_transform=&#8221;uppercase&#8221; margin_top=&#8221;15&#8243; margin_bottom=&#8221;0&#8243; font_family=&#8221;Open+Sans&#8221; font_type=&#8221;google&#8221; align=&#8221;center&#8221; animation=&#8221;top-to-bottom&#8221;]Sunduklar\u0131m\u0131z[\/mk_fancy_title][\/vc_column][\/mk_page_section][vc_row][vc_column][mk_padding_divider size=&#8221;60&#8243;][vc_column_text css=&#8221;.vc_custom_1659695335755{margin-bottom: 0px !important;}&#8221;]Harika \u00e7al\u0131\u015fma ko\u015fullar\u0131 ve maa\u015f \u00fccreti vaad eden, Avrupa standartlar\u0131na g\u00f6re \u00e7al\u0131\u015fan bir sa\u011fl\u0131k kurulu\u015funda mesleki geli\u015fim f\u0131rsat\u0131 ar\u0131yorsan\u0131z, g\u00fcncel bir CV, tavsiye mektubu ve foto\u011fraf\u0131n\u0131z\u0131 e-posta ile g\u00f6nderebilirsiniz: m.decheva.hq@comleague.com[\/vc_column_text][\/vc_column][\/vc_row]<\/p>\n","protected":false},"author":1,"featured_media":0,"parent":22635,"menu_order":1,"comment_status":"closed","ping_status":"closed","template":"","meta":{"footnotes":""},"class_list":["post-22765","page","type-page","status-publish","hentry"],"_links":{"self":[{"href":"https:\/\/cardiacinstitute.bg\/tr\/wp-json\/wp\/v2\/pages\/22765","targetHints":{"allow":["GET"]}}],"collection":[{"href":"https:\/\/cardiacinstitute.bg\/tr\/wp-json\/wp\/v2\/pages"}],"about":[{"href":"https:\/\/cardiacinstitute.bg\/tr\/wp-json\/wp\/v2\/types\/page"}],"author":[{"embeddable":true,"href":"https:\/\/cardiacinstitute.bg\/tr\/wp-json\/wp\/v2\/users\/1"}],"replies":[{"embeddable":true,"href":"https:\/\/cardiacinstitute.bg\/tr\/wp-json\/wp\/v2\/comments?post=22765"}],"version-history":[{"count":4,"href":"https:\/\/cardiacinstitute.bg\/tr\/wp-json\/wp\/v2\/pages\/22765\/revisions"}],"predecessor-version":[{"id":23476,"href":"https:\/\/cardiacinstitute.bg\/tr\/wp-json\/wp\/v2\/pages\/22765\/revisions\/23476"}],"up":[{"embeddable":true,"href":"https:\/\/cardiacinstitute.bg\/tr\/wp-json\/wp\/v2\/pages\/22635"}],"wp:attachment":[{"href":"https:\/\/cardiacinstitute.bg\/tr\/wp-json\/wp\/v2\/media?parent=22765"}],"curies":[{"name":"wp","href":"https:\/\/api.w.org\/{rel}","templated":true}]}}