{"id":22759,"date":"2022-07-29T07:54:11","date_gmt":"2022-07-29T07:54:11","guid":{"rendered":"https:\/\/cardiacinstitute.bg\/?page_id=22759"},"modified":"2022-08-05T09:33:59","modified_gmt":"2022-08-05T09:33:59","slug":"what-we-are-looking-for","status":"publish","type":"page","link":"https:\/\/cardiacinstitute.bg\/tr\/careers\/what-we-are-looking-for\/","title":{"rendered":"Arad\u0131klar\u0131m\u0131z"},"content":{"rendered":"<div class=\"wpb-content-wrapper\">[mk_page_section bg_color=&#8221;#1e73be&#8221; padding_top=&#8221;40&#8243; padding_bottom=&#8221;40&#8243; sidebar=&#8221;sidebar-1&#8243;][vc_column][mk_fancy_title tag_name=&#8221;h4&#8243; color=&#8221;#ffffff&#8221; size=&#8221;48&#8243; force_font_size=&#8221;true&#8221; size_tablet=&#8221;40&#8243; font_weight=&#8221;400&#8243; txt_transform=&#8221;uppercase&#8221; margin_top=&#8221;15&#8243; margin_bottom=&#8221;0&#8243; font_family=&#8221;Open+Sans&#8221; font_type=&#8221;google&#8221; align=&#8221;center&#8221; animation=&#8221;top-to-bottom&#8221;]Arad\u0131klar\u0131m\u0131z[\/mk_fancy_title][\/vc_column][\/mk_page_section][vc_row][vc_column][mk_padding_divider size=&#8221;60&#8243;][vc_column_text css=&#8221;.vc_custom_1659081247628{margin-bottom: 0px !important;}&#8221;]\n<p style=\"text-align: center;\"><strong>Aktif tedavi i\u00e7in \u00e7ok profilli hastanesi <\/strong><strong>\u201c<\/strong><strong>Kalp ve beyin<\/strong><strong>\u201d Burgas<\/strong><\/p>\n<p>Aktif tedavi i\u00e7in \u00e7ok profilli hastanesi \u201cKalp ve beyin\u201d Burgas gen\u00e7 ve deneyimli dinamik HEM\u015e\u0130RELER\u0130 i\u015fe almak istiyor<\/p>\n<p><strong>Aran\u0131lan \u00f6zellikler<\/strong>:<\/p>\n<ul>\n<li>Sa\u011fl\u0131k \u00dcniversitelerin\u00a0Hem\u015firelik\u00a0B\u00f6l\u00fcm\u00fcnden mezun;<\/li>\n<li>M\u00fckemmel \u00f6neriler ve profesyonel ilgi;<\/li>\n<li>Bilgisayar okuryazarl\u0131\u011f\u0131;<\/li>\n<li>Hem\u015fire olarak deneyim ve yabanc\u0131 dil \u0130ngilizce avantaj say\u0131lacakt\u0131r.<\/li>\n<\/ul>\n<p><strong>\u0130\u015f tan\u0131m\u0131<\/strong>:<\/p>\n<ul>\n<li>Hastalar i\u00e7in kaliteli ve etkili sa\u011fl\u0131k hizmeti sunmak;<\/li>\n<li>Klini\u011fe giren hastalar\u0131 kabul eder ve onaylanm\u0131\u015f Usul Kurallar\u0131 ile tan\u0131\u015ft\u0131r\u0131r;<\/li>\n<li>Laboratuvar testlerini, manip\u00fclasyonlar\u0131 ve sa\u011fl\u0131k hizmetlerini izler ve kaydeder;<\/li>\n<li>Hastalar\u0131n zihinsel, fiziksel ve sosyal sa\u011fl\u0131na \u00f6zen g\u00f6sterir;<\/li>\n<li>Hijyen, birey ve toplum sa\u011fl\u0131\u011f\u0131 alan\u0131nda rutin kontroller yapar;<\/li>\n<li>Meslek eti\u011fine uygun \u00e7al\u0131\u015f\u0131r;<\/li>\n<li>Hem\u015firelerin g\u00fcnl\u00fck raporuna kat\u0131l\u0131r ve hastan\u0131n durumu hakk\u0131nda bilgi sahibi olur;<\/li>\n<li>Manip\u00fclasyon ve cerrahi m\u00fcdahalelerin ger\u00e7ekle\u015ftirilmesinde doktora yard\u0131mc\u0131 olur.<\/li>\n<\/ul>\n<p><strong>Size \u015fu f\u0131rsatlar\u0131 sunuyoruz:<\/strong><\/p>\n<ul>\n<li>H\u0131zl\u0131 mesleki geli\u015fim;<\/li>\n<li>Dinamik bir ortamda \u00e7al\u0131\u015fmak;<\/li>\n<li>Y\u00fcksek maa\u015f \u00fccreti.<\/li>\n<\/ul>\n<p>Harika \u00e7al\u0131\u015fma ko\u015fullar\u0131 ve maa\u015f \u00fccreti vaad eden, Avrupa standartlar\u0131na g\u00f6re \u00e7al\u0131\u015fan bir sa\u011fl\u0131k kurulu\u015funda mesleki geli\u015fim f\u0131rsat\u0131 ar\u0131yorsan\u0131z, g\u00fcncel bir CV, tavsiye mektubu ve foto\u011fraf\u0131n\u0131z\u0131 e-posta ile g\u00f6nderebilirsiniz: <a href=\"mailto:m.decheva.hq@comleague.com\">m.decheva.hq@comleague.com<\/a>[\/vc_column_text][vc_empty_space][\/vc_column][\/vc_row]\n<\/div>","protected":false},"excerpt":{"rendered":"<p>[mk_page_section bg_color=&#8221;#1e73be&#8221; padding_top=&#8221;40&#8243; padding_bottom=&#8221;40&#8243; sidebar=&#8221;sidebar-1&#8243;][vc_column][mk_fancy_title tag_name=&#8221;h4&#8243; color=&#8221;#ffffff&#8221; size=&#8221;48&#8243; force_font_size=&#8221;true&#8221; size_tablet=&#8221;40&#8243; font_weight=&#8221;400&#8243; txt_transform=&#8221;uppercase&#8221; margin_top=&#8221;15&#8243; margin_bottom=&#8221;0&#8243; font_family=&#8221;Open+Sans&#8221; font_type=&#8221;google&#8221; align=&#8221;center&#8221; animation=&#8221;top-to-bottom&#8221;]Arad\u0131klar\u0131m\u0131z[\/mk_fancy_title][\/vc_column][\/mk_page_section][vc_row][vc_column][mk_padding_divider size=&#8221;60&#8243;][vc_column_text css=&#8221;.vc_custom_1659081247628{margin-bottom: 0px !important;}&#8221;] Aktif tedavi i\u00e7in \u00e7ok profilli hastanesi \u201cKalp ve beyin\u201d Burgas Aktif tedavi i\u00e7in \u00e7ok profilli hastanesi \u201cKalp ve beyin\u201d Burgas gen\u00e7 ve deneyimli dinamik HEM\u015e\u0130RELER\u0130 i\u015fe almak istiyor Aran\u0131lan \u00f6zellikler: Sa\u011fl\u0131k \u00dcniversitelerin\u00a0Hem\u015firelik\u00a0B\u00f6l\u00fcm\u00fcnden mezun; [&hellip;]<\/p>\n","protected":false},"author":1,"featured_media":0,"parent":22635,"menu_order":0,"comment_status":"closed","ping_status":"closed","template":"","meta":{"footnotes":""},"class_list":["post-22759","page","type-page","status-publish","hentry"],"_links":{"self":[{"href":"https:\/\/cardiacinstitute.bg\/tr\/wp-json\/wp\/v2\/pages\/22759","targetHints":{"allow":["GET"]}}],"collection":[{"href":"https:\/\/cardiacinstitute.bg\/tr\/wp-json\/wp\/v2\/pages"}],"about":[{"href":"https:\/\/cardiacinstitute.bg\/tr\/wp-json\/wp\/v2\/types\/page"}],"author":[{"embeddable":true,"href":"https:\/\/cardiacinstitute.bg\/tr\/wp-json\/wp\/v2\/users\/1"}],"replies":[{"embeddable":true,"href":"https:\/\/cardiacinstitute.bg\/tr\/wp-json\/wp\/v2\/comments?post=22759"}],"version-history":[{"count":3,"href":"https:\/\/cardiacinstitute.bg\/tr\/wp-json\/wp\/v2\/pages\/22759\/revisions"}],"predecessor-version":[{"id":22762,"href":"https:\/\/cardiacinstitute.bg\/tr\/wp-json\/wp\/v2\/pages\/22759\/revisions\/22762"}],"up":[{"embeddable":true,"href":"https:\/\/cardiacinstitute.bg\/tr\/wp-json\/wp\/v2\/pages\/22635"}],"wp:attachment":[{"href":"https:\/\/cardiacinstitute.bg\/tr\/wp-json\/wp\/v2\/media?parent=22759"}],"curies":[{"name":"wp","href":"https:\/\/api.w.org\/{rel}","templated":true}]}}