{"id":22667,"date":"2022-07-28T14:21:19","date_gmt":"2022-07-28T14:21:19","guid":{"rendered":"https:\/\/cardiacinstitute.bg\/?page_id=22667"},"modified":"2022-08-05T09:29:51","modified_gmt":"2022-08-05T09:29:51","slug":"scientific-areas","status":"publish","type":"page","link":"https:\/\/cardiacinstitute.bg\/tr\/scientific-research\/scientific-areas\/","title":{"rendered":"Bilimsel alanlar"},"content":{"rendered":"<div class=\"wpb-content-wrapper\">[mk_page_section bg_image=&#8221;\/\/cardiacinstitute.bg\/wp-content\/uploads\/2017\/07\/nauchni-sferi-header.jpg&#8221; bg_color=&#8221;rgba(123,123,123,0.48)&#8221; blend_mode=&#8221;multiply&#8221; bg_repeat=&#8221;no-repeat&#8221; bg_stretch=&#8221;true&#8221; video_opacity=&#8221;0.9&#8243; padding_top=&#8221;0&#8243; padding_bottom=&#8221;140&#8243; sidebar=&#8221;sidebar-1&#8243;][vc_column][mk_padding_divider size=&#8221;160&#8243; visibility=&#8221;hidden-sm&#8221;][mk_padding_divider size=&#8221;100&#8243;][mk_fancy_title tag_name=&#8221;h1&#8243; color=&#8221;#ffffff&#8221; size=&#8221;42&#8243; force_font_size=&#8221;true&#8221; size_tablet=&#8221;45&#8243; line_height=&#8221;95&#8243; font_weight=&#8221;bold&#8221; txt_transform=&#8221;uppercase&#8221; margin_bottom=&#8221;0&#8243; font_family=&#8221;Open+Sans&#8221; font_type=&#8221;google&#8221;]Scientific research and innovations<br \/>\nin regards of the patients[\/mk_fancy_title][\/vc_column][\/mk_page_section][vc_row][vc_column][mk_padding_divider size=&#8221;120&#8243;][\/vc_column][\/vc_row][vc_row][vc_column width=&#8221;1\/2&#8243;][mk_fancy_title tag_name=&#8221;h3&#8243; color=&#8221;#1e73be&#8221; size=&#8221;60&#8243; force_font_size=&#8221;true&#8221; size_tablet=&#8221;40&#8243; font_weight=&#8221;400&#8243; txt_transform=&#8221;uppercase&#8221; font_family=&#8221;Open+Sans&#8221; font_type=&#8221;google&#8221; animation=&#8221;top-to-bottom&#8221;]Bilimsel alanlar[\/mk_fancy_title][vc_column_text disable_pattern=&#8221;false&#8221;][\/vc_column_text][\/vc_column][vc_column width=&#8221;1\/2&#8243;][mk_padding_divider size=&#8221;124&#8243;][\/vc_column][\/vc_row][vc_row][vc_column][mk_padding_divider size=&#8221;120&#8243;][\/vc_column][\/vc_row][vc_row][vc_column width=&#8221;1\/2&#8243;][mk_image src=&#8221;\/\/cardiacinstitute.bg\/wp-content\/uploads\/2017\/07\/bazovi-klinichni-prouchvania.jpg&#8221; image_size=&#8221;full&#8221;][\/vc_column][vc_column width=&#8221;1\/2&#8243;][mk_fancy_title tag_name=&#8221;h4&#8243; color=&#8221;#1e73be&#8221; size=&#8221;36&#8243; force_font_size=&#8221;true&#8221; size_phone=&#8221;30&#8243; font_weight=&#8221;400&#8243; txt_transform=&#8221;uppercase&#8221; margin_bottom=&#8221;30&#8243; font_family=&#8221;Open+Sans&#8221; font_type=&#8221;google&#8221; animation=&#8221;top-to-bottom&#8221;]Temel bilimsel ara\u015ft\u0131rmalar[\/mk_fancy_title][vc_column_text disable_pattern=&#8221;false&#8221; css=&#8221;.vc_custom_1659017872767{margin-bottom: 0px !important;}&#8221;]Koroner arter hastal\u0131\u011f\u0131, akut koroner sendrom, atriyal fibrilasyon, heterozigot ailesel hiperkolesterolemi, kapak d\u0131\u015f\u0131 atriyal fibrilasyonda elektrik kardiyoversiyon, miyokard enfarkt\u00fcs\u00fc, ven\u00f6z tromboemboli, kronik kalp yetmezli\u011fi, diyabetli hastalarda trigliseridemi gibi kardiyovask\u00fcler hastal\u0131klar\u0131n \u00f6nlenmesi ve tedavisi i\u00e7in yenilik\u00e7i sa\u011fl\u0131k teknolojilerinin randomize klinik \u00e7al\u0131\u015fmalar\u0131.[\/vc_column_text][\/vc_column][\/vc_row][vc_row][vc_column][mk_padding_divider size=&#8221;150&#8243;][\/vc_column][\/vc_row][vc_row][vc_column width=&#8221;1\/2&#8243;][mk_fancy_title tag_name=&#8221;h4&#8243; color=&#8221;#1e73be&#8221; size=&#8221;36&#8243; force_font_size=&#8221;true&#8221; size_phone=&#8221;30&#8243; font_weight=&#8221;400&#8243; txt_transform=&#8221;uppercase&#8221; margin_bottom=&#8221;30&#8243; font_family=&#8221;Open+Sans&#8221; font_type=&#8221;google&#8221; animation=&#8221;top-to-bottom&#8221;]Ki\u015fiselle\u015ftirilmi\u015f t\u0131p[\/mk_fancy_title][vc_column_text disable_pattern=&#8221;false&#8221; css=&#8221;.vc_custom_1659017910460{margin-bottom: 0px !important;}&#8221;]Bireysel hastan\u0131n spesifik genomik belirte\u00e7lerinin analizi ile y\u00f6nlendirilen \u00f6nleme, tan\u0131 ve tedavi. Genetik bilginin kullan\u0131m\u0131, farmakogenomik gibi ki\u015fiselle\u015ftirilmi\u015f t\u0131bb\u0131n bir dizi y\u00f6n\u00fcyle \u00f6nemli bir rol oynamaktad\u0131r.<\/p>\n<p>Ki\u015fiselle\u015ftirilmi\u015f t\u0131p kavramlar\u0131, sa\u011fl\u0131k hizmetlerinde yenilik\u00e7i ve d\u00f6n\u00fc\u015ft\u00fcr\u00fcc\u00fc yakla\u015f\u0131mlara uygulanabilir. Ki\u015fiselle\u015ftirilmi\u015f sa\u011fl\u0131k hizmetleri, biyolojik sistemlerin dinamikleri \u00fczerine kuruludur ve sa\u011fl\u0131\u011f\u0131n \u00f6nlenmesini de\u011ferlendirmek ve hastalar\u0131n riskleri azaltmas\u0131na, hastal\u0131klar\u0131 \u00f6nlemesine ve ger\u00e7ekle\u015ftiklerinde do\u011fru bir \u015fekilde tedavi etmesine yard\u0131mc\u0131 olan ki\u015fiselle\u015ftirilmi\u015f sa\u011fl\u0131k planlar\u0131 geli\u015ftirmek i\u00e7in \u00f6ng\u00f6r\u00fclebilir ara\u00e7lar kullan\u0131r.[\/vc_column_text][mk_padding_divider size=&#8221;60&#8243; visibility=&#8221;visible-sm&#8221;][\/vc_column][vc_column width=&#8221;1\/2&#8243;][mk_image src=&#8221;\/\/cardiacinstitute.bg\/wp-content\/uploads\/2017\/07\/personalizirana-medicina.jpg&#8221; image_size=&#8221;full&#8221;][\/vc_column][\/vc_row][vc_row][vc_column][mk_padding_divider size=&#8221;150&#8243;][\/vc_column][\/vc_row][vc_row][vc_column width=&#8221;1\/2&#8243;][mk_image src=&#8221;\/\/cardiacinstitute.bg\/wp-content\/uploads\/2017\/07\/visokospecializirani-intervencii.jpg&#8221; image_size=&#8221;full&#8221;][\/vc_column][vc_column width=&#8221;1\/2&#8243;][mk_fancy_title tag_name=&#8221;h4&#8243; color=&#8221;#1e73be&#8221; size=&#8221;36&#8243; force_font_size=&#8221;true&#8221; size_phone=&#8221;30&#8243; font_weight=&#8221;400&#8243; txt_transform=&#8221;uppercase&#8221; margin_bottom=&#8221;30&#8243; font_family=&#8221;Open+Sans&#8221; font_type=&#8221;google&#8221; animation=&#8221;top-to-bottom&#8221;]Y\u00fcksek mertebe uzmanla\u015fm\u0131\u015f cerrahi ve terapik m\u00fcdahaleler[\/mk_fancy_title][vc_column_text disable_pattern=&#8221;false&#8221; css=&#8221;.vc_custom_1659017940885{margin-bottom: 0px !important;}&#8221;]Ara\u015ft\u0131rmalar, kardiyovask\u00fcler ve serebrovask\u00fcler hastal\u0131klar\u0131n \u00f6nlenmesi, te\u015fhisi ve tedavisi \u00fczerine odaklanm\u0131\u015ft\u0131r &#8211; kalp kapak\u00e7\u0131klar\u0131n\u0131n minimal invaziv operasyonlar\u0131, kalp t\u00fcm\u00f6rlerinin cerrahisi ve tedavisi, kapak spazyonlu operatif m\u00fcdahaleler, aort kapa\u011f\u0131n\u0131n endovask\u00fcler implantasyonu, beyin t\u00fcm\u00f6rlerinin tedavisi i\u00e7in cerrahi m\u00fcdahalelerde gezinmek i\u00e7in intraoperatif g\u00f6r\u00fcnt\u00fcleme teknolojilerinin uygulanmas\u0131, serebrovask\u00fcler hastal\u0131klar\u0131n giri\u015fimsel tedavisi ve di\u011ferleri.[\/vc_column_text][mk_padding_divider size=&#8221;60&#8243; visibility=&#8221;visible-sm&#8221;][\/vc_column][\/vc_row][vc_row][vc_column][mk_padding_divider size=&#8221;150&#8243;][\/vc_column][\/vc_row][vc_row][vc_column width=&#8221;1\/2&#8243;][mk_fancy_title tag_name=&#8221;h4&#8243; color=&#8221;#1e73be&#8221; size=&#8221;36&#8243; force_font_size=&#8221;true&#8221; size_phone=&#8221;30&#8243; font_weight=&#8221;400&#8243; txt_transform=&#8221;uppercase&#8221; margin_bottom=&#8221;30&#8243; font_family=&#8221;Open+Sans&#8221; font_type=&#8221;google&#8221; animation=&#8221;top-to-bottom&#8221;]Sa\u011fl\u0131k ara\u015ft\u0131rmalar\u0131[\/mk_fancy_title][vc_column_text disable_pattern=&#8221;false&#8221; css=&#8221;.vc_custom_1659017987069{margin-bottom: 0px !important;}&#8221;]Sa\u011fl\u0131k alan\u0131ndaki ara\u015ft\u0131rmalar, T\u0131p \u00dcniversitesi &#8211; Plevne ile i\u015fbirli\u011fi i\u00e7inde y\u00fcr\u00fct\u00fclmektedir ve hastaneye yat\u0131\u015f s\u0131ras\u0131nda ve hastane tedavisinden sonraki d\u00f6nemde hasta bak\u0131m\u0131n\u0131 iyile\u015ftirmek i\u00e7in yenilik\u00e7i \u00e7\u00f6z\u00fcmlerin geli\u015ftirilmesini kapsamaktad\u0131r.<\/p>\n<p>Uygulanan ve test edilen sa\u011fl\u0131k planlar\u0131, evde sa\u011fl\u0131k bak\u0131m\u0131 ve telemetri izlemeyi ve hasta sa\u011fl\u0131\u011f\u0131 sonu\u00e7lar\u0131n\u0131n uzun vadeli iyile\u015ftirilmesi i\u00e7in g\u00f6stergelerin analizini i\u00e7erir.[\/vc_column_text][mk_padding_divider size=&#8221;60&#8243; visibility=&#8221;visible-sm&#8221;][\/vc_column][vc_column width=&#8221;1\/2&#8243;][mk_image src=&#8221;\/\/cardiacinstitute.bg\/wp-content\/uploads\/2017\/07\/zdravni-griji.jpg&#8221; image_size=&#8221;full&#8221;][\/vc_column][\/vc_row][vc_row][vc_column][mk_padding_divider size=&#8221;150&#8243;][\/vc_column][\/vc_row][vc_row][vc_column width=&#8221;1\/2&#8243;][mk_image src=&#8221;\/\/cardiacinstitute.bg\/wp-content\/uploads\/2017\/07\/zdravna-ikonomika.jpg&#8221; image_size=&#8221;full&#8221;][\/vc_column][vc_column width=&#8221;1\/2&#8243;][mk_fancy_title tag_name=&#8221;h4&#8243; color=&#8221;#1e73be&#8221; size=&#8221;36&#8243; force_font_size=&#8221;true&#8221; size_phone=&#8221;30&#8243; font_weight=&#8221;400&#8243; txt_transform=&#8221;uppercase&#8221; margin_bottom=&#8221;30&#8243; font_family=&#8221;Open+Sans&#8221; font_type=&#8221;google&#8221; animation=&#8221;top-to-bottom&#8221;]Sa\u011fl\u0131k ekonomisi alan\u0131nda ara\u015ft\u0131rmalar[\/mk_fancy_title][vc_column_text disable_pattern=&#8221;false&#8221; css=&#8221;.vc_custom_1659018070510{margin-bottom: 0px !important;}&#8221;]Ara\u015ft\u0131rma, kardiyovask\u00fcler, serebrovask\u00fcler, onkolojik ve di\u011fer hastal\u0131klar\u0131n tedavisinde alternatif sa\u011fl\u0131k teknolojilerinin terap\u00f6tik etkinli\u011fini, g\u00fcvenli\u011fini ve maliyet etkinli\u011fini kar\u015f\u0131la\u015ft\u0131rmak i\u00e7in sa\u011fl\u0131k teknolojisi de\u011ferlendirmesine odaklanmaktad\u0131r.<\/p>\n<p>Ara\u015ft\u0131rma, Ulusal Halk Sa\u011fl\u0131\u011f\u0131 ve Analizi Merkezi (UHSAM) ve Sa\u011fl\u0131k Teknolojisi De\u011ferlendirme Heyeti (STDH) ile i\u015fbirli\u011fi i\u00e7inde y\u00fcr\u00fct\u00fclmektedir.[\/vc_column_text][mk_padding_divider size=&#8221;60&#8243; visibility=&#8221;visible-sm&#8221;][\/vc_column][\/vc_row][vc_row][vc_column][mk_padding_divider size=&#8221;140&#8243;][\/vc_column][\/vc_row]\n<\/div>","protected":false},"excerpt":{"rendered":"<p>[mk_page_section bg_image=&#8221;\/\/cardiacinstitute.bg\/wp-content\/uploads\/2017\/07\/nauchni-sferi-header.jpg&#8221; bg_color=&#8221;rgba(123,123,123,0.48)&#8221; blend_mode=&#8221;multiply&#8221; bg_repeat=&#8221;no-repeat&#8221; bg_stretch=&#8221;true&#8221; video_opacity=&#8221;0.9&#8243; padding_top=&#8221;0&#8243; padding_bottom=&#8221;140&#8243; sidebar=&#8221;sidebar-1&#8243;][vc_column][mk_padding_divider size=&#8221;160&#8243; visibility=&#8221;hidden-sm&#8221;][mk_padding_divider size=&#8221;100&#8243;][mk_fancy_title tag_name=&#8221;h1&#8243; color=&#8221;#ffffff&#8221; size=&#8221;42&#8243; force_font_size=&#8221;true&#8221; size_tablet=&#8221;45&#8243; line_height=&#8221;95&#8243; font_weight=&#8221;bold&#8221; txt_transform=&#8221;uppercase&#8221; margin_bottom=&#8221;0&#8243; font_family=&#8221;Open+Sans&#8221; font_type=&#8221;google&#8221;]Scientific research and innovations in regards of the patients[\/mk_fancy_title][\/vc_column][\/mk_page_section][vc_row][vc_column][mk_padding_divider size=&#8221;120&#8243;][\/vc_column][\/vc_row][vc_row][vc_column width=&#8221;1\/2&#8243;][mk_fancy_title tag_name=&#8221;h3&#8243; color=&#8221;#1e73be&#8221; size=&#8221;60&#8243; force_font_size=&#8221;true&#8221; size_tablet=&#8221;40&#8243; font_weight=&#8221;400&#8243; txt_transform=&#8221;uppercase&#8221; font_family=&#8221;Open+Sans&#8221; font_type=&#8221;google&#8221; animation=&#8221;top-to-bottom&#8221;]Bilimsel alanlar[\/mk_fancy_title][vc_column_text disable_pattern=&#8221;false&#8221;][\/vc_column_text][\/vc_column][vc_column width=&#8221;1\/2&#8243;][mk_padding_divider size=&#8221;124&#8243;][\/vc_column][\/vc_row][vc_row][vc_column][mk_padding_divider size=&#8221;120&#8243;][\/vc_column][\/vc_row][vc_row][vc_column width=&#8221;1\/2&#8243;][mk_image src=&#8221;\/\/cardiacinstitute.bg\/wp-content\/uploads\/2017\/07\/bazovi-klinichni-prouchvania.jpg&#8221; image_size=&#8221;full&#8221;][\/vc_column][vc_column width=&#8221;1\/2&#8243;][mk_fancy_title tag_name=&#8221;h4&#8243; color=&#8221;#1e73be&#8221; [&hellip;]<\/p>\n","protected":false},"author":1,"featured_media":0,"parent":22664,"menu_order":0,"comment_status":"closed","ping_status":"closed","template":"","meta":{"footnotes":""},"class_list":["post-22667","page","type-page","status-publish","hentry"],"_links":{"self":[{"href":"https:\/\/cardiacinstitute.bg\/tr\/wp-json\/wp\/v2\/pages\/22667","targetHints":{"allow":["GET"]}}],"collection":[{"href":"https:\/\/cardiacinstitute.bg\/tr\/wp-json\/wp\/v2\/pages"}],"about":[{"href":"https:\/\/cardiacinstitute.bg\/tr\/wp-json\/wp\/v2\/types\/page"}],"author":[{"embeddable":true,"href":"https:\/\/cardiacinstitute.bg\/tr\/wp-json\/wp\/v2\/users\/1"}],"replies":[{"embeddable":true,"href":"https:\/\/cardiacinstitute.bg\/tr\/wp-json\/wp\/v2\/comments?post=22667"}],"version-history":[{"count":4,"href":"https:\/\/cardiacinstitute.bg\/tr\/wp-json\/wp\/v2\/pages\/22667\/revisions"}],"predecessor-version":[{"id":22671,"href":"https:\/\/cardiacinstitute.bg\/tr\/wp-json\/wp\/v2\/pages\/22667\/revisions\/22671"}],"up":[{"embeddable":true,"href":"https:\/\/cardiacinstitute.bg\/tr\/wp-json\/wp\/v2\/pages\/22664"}],"wp:attachment":[{"href":"https:\/\/cardiacinstitute.bg\/tr\/wp-json\/wp\/v2\/media?parent=22667"}],"curies":[{"name":"wp","href":"https:\/\/api.w.org\/{rel}","templated":true}]}}