{"id":22664,"date":"2022-07-28T14:14:53","date_gmt":"2022-07-28T14:14:53","guid":{"rendered":"https:\/\/cardiacinstitute.bg\/?page_id=22664"},"modified":"2022-08-05T09:50:17","modified_gmt":"2022-08-05T09:50:17","slug":"scientific-research","status":"publish","type":"page","link":"https:\/\/cardiacinstitute.bg\/tr\/scientific-research\/","title":{"rendered":"Bilimsel etkinlik"},"content":{"rendered":"<div class=\"wpb-content-wrapper\">[mk_page_section bg_image=&#8221;\/\/cardiacinstitute.bg\/wp-content\/uploads\/2017\/07\/nauchni-sferi-header.jpg&#8221; bg_color=&#8221;rgba(123,123,123,0.48)&#8221; blend_mode=&#8221;multiply&#8221; bg_repeat=&#8221;no-repeat&#8221; bg_stretch=&#8221;true&#8221; video_opacity=&#8221;0.9&#8243; padding_top=&#8221;0&#8243; padding_bottom=&#8221;140&#8243; sidebar=&#8221;sidebar-1&#8243;][vc_column][mk_padding_divider size=&#8221;160&#8243; visibility=&#8221;hidden-sm&#8221;][mk_padding_divider size=&#8221;100&#8243;][mk_fancy_title tag_name=&#8221;h1&#8243; color=&#8221;#ffffff&#8221; size=&#8221;42&#8243; force_font_size=&#8221;true&#8221; size_tablet=&#8221;45&#8243; line_height=&#8221;95&#8243; font_weight=&#8221;bold&#8221; txt_transform=&#8221;uppercase&#8221; margin_bottom=&#8221;0&#8243; font_family=&#8221;Open+Sans&#8221; font_type=&#8221;google&#8221;]Scientific research and innovation<br \/>\nin favour of the patient[\/mk_fancy_title][\/vc_column][\/mk_page_section][vc_row][vc_column][mk_padding_divider size=&#8221;60&#8243;][\/vc_column][\/vc_row][vc_row][vc_column][mk_fancy_title tag_name=&#8221;h3&#8243; color=&#8221;#1e73be&#8221; size=&#8221;60&#8243; force_font_size=&#8221;true&#8221; size_tablet=&#8221;40&#8243; font_weight=&#8221;400&#8243; txt_transform=&#8221;uppercase&#8221; font_family=&#8221;Open+Sans&#8221; font_type=&#8221;google&#8221; animation=&#8221;top-to-bottom&#8221;]Bilimsel etkinlik[\/mk_fancy_title][vc_column_text disable_pattern=&#8221;false&#8221;][\/vc_column_text][\/vc_column][\/vc_row][mk_page_section padding_top=&#8221;40&#8243; padding_bottom=&#8221;40&#8243; sidebar=&#8221;sidebar-1&#8243;][vc_column width=&#8221;1\/3&#8243;][mk_image src=&#8221;\/\/cardiacinstitute.bg\/wp-content\/uploads\/2017\/11\/nauchni-sferi-small.png&#8221; frame_style=&#8221;rounded&#8221; link=&#8221;\/\/cardiacinstitute.bg\/tr\/scientific-research\/scientific-areas\/&#8221; caption_location=&#8221;outside-image&#8221; align=&#8221;center&#8221;][mk_title_box font_family=&#8221;none&#8221; align=&#8221;center&#8221;]<a href=\"\/\/cardiacinstitute.bg\/tr\/scientific-research\/scientific-areas\/\">Bilimsel alanlar<\/a>[\/mk_title_box][mk_padding_divider][mk_image src=&#8221;\/\/cardiacinstitute.bg\/wp-content\/uploads\/2017\/11\/nauchni-simpoziumi-small.png&#8221; frame_style=&#8221;rounded&#8221; link=&#8221;\/\/cardiacinstitute.bg\/tr\/scientific-research\/scientific-symposiums\/&#8221; caption_location=&#8221;outside-image&#8221; align=&#8221;center&#8221;][mk_title_box font_family=&#8221;none&#8221; align=&#8221;center&#8221;]<a href=\"\/\/cardiacinstitute.bg\/tr\/scientific-research\/scientific-symposiums\/\">Bilimsel sempozyumlar<\/a>[\/mk_title_box][\/vc_column][vc_column width=&#8221;1\/3&#8243;][mk_image src=&#8221;\/\/cardiacinstitute.bg\/wp-content\/uploads\/2017\/11\/mejdunarodno-sutrudnichestvo-small.png&#8221; frame_style=&#8221;rounded&#8221; link=&#8221;\/\/cardiacinstitute.bg\/tr\/scientific-research\/international-collaboration\/&#8221; caption_location=&#8221;outside-image&#8221; align=&#8221;center&#8221;][mk_title_box font_family=&#8221;none&#8221; align=&#8221;center&#8221;]<a href=\"\/\/cardiacinstitute.bg\/tr\/scientific-research\/international-collaboration\/\">Uluslararas\u0131 i\u015fbirli\u011fi<\/a>[\/mk_title_box][mk_padding_divider][mk_image src=&#8221;\/\/cardiacinstitute.bg\/wp-content\/uploads\/2017\/11\/nauchni-izdania-small.jpg&#8221; frame_style=&#8221;rounded&#8221; link=&#8221;\/\/cardiacinstitute.bg\/tr\/scientific-research\/scientific-publications\/&#8221; caption_location=&#8221;outside-image&#8221; align=&#8221;center&#8221;][mk_title_box font_family=&#8221;none&#8221; align=&#8221;center&#8221;]<a href=\"\/\/cardiacinstitute.bg\/tr\/scientific-research\/scientific-publications\/\">Bilimsel yay\u0131nlar<\/a>[\/mk_title_box][\/vc_column][vc_column width=&#8221;1\/3&#8243;][mk_image src=&#8221;\/\/cardiacinstitute.bg\/wp-content\/uploads\/2017\/07\/klinichni-izpitvania-1.jpg&#8221; frame_style=&#8221;rounded&#8221; link=&#8221;\/\/cardiacinstitute.bg\/tr\/scientific-research\/clinical-trials\/&#8221; caption_location=&#8221;outside-image&#8221; align=&#8221;center&#8221;][mk_title_box font_family=&#8221;none&#8221; align=&#8221;center&#8221;]<a href=\"\/\/cardiacinstitute.bg\/tr\/scientific-research\/clinical-trials\/\">Klinik testler<\/a>[\/mk_title_box][\/vc_column][\/mk_page_section]\n<\/div>","protected":false},"excerpt":{"rendered":"<p>[mk_page_section bg_image=&#8221;\/\/cardiacinstitute.bg\/wp-content\/uploads\/2017\/07\/nauchni-sferi-header.jpg&#8221; bg_color=&#8221;rgba(123,123,123,0.48)&#8221; blend_mode=&#8221;multiply&#8221; bg_repeat=&#8221;no-repeat&#8221; bg_stretch=&#8221;true&#8221; video_opacity=&#8221;0.9&#8243; padding_top=&#8221;0&#8243; padding_bottom=&#8221;140&#8243; sidebar=&#8221;sidebar-1&#8243;][vc_column][mk_padding_divider size=&#8221;160&#8243; visibility=&#8221;hidden-sm&#8221;][mk_padding_divider size=&#8221;100&#8243;][mk_fancy_title tag_name=&#8221;h1&#8243; color=&#8221;#ffffff&#8221; size=&#8221;42&#8243; force_font_size=&#8221;true&#8221; size_tablet=&#8221;45&#8243; line_height=&#8221;95&#8243; font_weight=&#8221;bold&#8221; txt_transform=&#8221;uppercase&#8221; margin_bottom=&#8221;0&#8243; font_family=&#8221;Open+Sans&#8221; font_type=&#8221;google&#8221;]Scientific research and innovation in favour of the patient[\/mk_fancy_title][\/vc_column][\/mk_page_section][vc_row][vc_column][mk_padding_divider size=&#8221;60&#8243;][\/vc_column][\/vc_row][vc_row][vc_column][mk_fancy_title tag_name=&#8221;h3&#8243; color=&#8221;#1e73be&#8221; size=&#8221;60&#8243; force_font_size=&#8221;true&#8221; size_tablet=&#8221;40&#8243; font_weight=&#8221;400&#8243; txt_transform=&#8221;uppercase&#8221; font_family=&#8221;Open+Sans&#8221; font_type=&#8221;google&#8221; animation=&#8221;top-to-bottom&#8221;]Bilimsel etkinlik[\/mk_fancy_title][vc_column_text disable_pattern=&#8221;false&#8221;][\/vc_column_text][\/vc_column][\/vc_row][mk_page_section padding_top=&#8221;40&#8243; padding_bottom=&#8221;40&#8243; sidebar=&#8221;sidebar-1&#8243;][vc_column width=&#8221;1\/3&#8243;][mk_image src=&#8221;\/\/cardiacinstitute.bg\/wp-content\/uploads\/2017\/11\/nauchni-sferi-small.png&#8221; frame_style=&#8221;rounded&#8221; link=&#8221;\/\/cardiacinstitute.bg\/tr\/scientific-research\/scientific-areas\/&#8221; caption_location=&#8221;outside-image&#8221; align=&#8221;center&#8221;][mk_title_box font_family=&#8221;none&#8221; [&hellip;]<\/p>\n","protected":false},"author":1,"featured_media":0,"parent":0,"menu_order":2,"comment_status":"closed","ping_status":"closed","template":"","meta":{"footnotes":""},"class_list":["post-22664","page","type-page","status-publish","hentry"],"_links":{"self":[{"href":"https:\/\/cardiacinstitute.bg\/tr\/wp-json\/wp\/v2\/pages\/22664","targetHints":{"allow":["GET"]}}],"collection":[{"href":"https:\/\/cardiacinstitute.bg\/tr\/wp-json\/wp\/v2\/pages"}],"about":[{"href":"https:\/\/cardiacinstitute.bg\/tr\/wp-json\/wp\/v2\/types\/page"}],"author":[{"embeddable":true,"href":"https:\/\/cardiacinstitute.bg\/tr\/wp-json\/wp\/v2\/users\/1"}],"replies":[{"embeddable":true,"href":"https:\/\/cardiacinstitute.bg\/tr\/wp-json\/wp\/v2\/comments?post=22664"}],"version-history":[{"count":7,"href":"https:\/\/cardiacinstitute.bg\/tr\/wp-json\/wp\/v2\/pages\/22664\/revisions"}],"predecessor-version":[{"id":23466,"href":"https:\/\/cardiacinstitute.bg\/tr\/wp-json\/wp\/v2\/pages\/22664\/revisions\/23466"}],"wp:attachment":[{"href":"https:\/\/cardiacinstitute.bg\/tr\/wp-json\/wp\/v2\/media?parent=22664"}],"curies":[{"name":"wp","href":"https:\/\/api.w.org\/{rel}","templated":true}]}}