{"id":22657,"date":"2022-07-28T14:05:39","date_gmt":"2022-07-28T14:05:39","guid":{"rendered":"https:\/\/cardiacinstitute.bg\/?page_id=22657"},"modified":"2022-08-05T09:33:10","modified_gmt":"2022-08-05T09:33:10","slug":"education","status":"publish","type":"page","link":"https:\/\/cardiacinstitute.bg\/tr\/education\/education\/","title":{"rendered":"\u0415\u011fitim sonras\u0131"},"content":{"rendered":"<div class=\"wpb-content-wrapper\">[vc_row][vc_column width=&#8221;1\/2&#8243;][mk_image src=&#8221;\/\/cardiacinstitute.bg\/wp-content\/uploads\/2017\/07\/produljavashto-obuchenie.jpg&#8221; image_size=&#8221;full&#8221;][\/vc_column][vc_column width=&#8221;1\/2&#8243;][mk_fancy_title tag_name=&#8221;h4&#8243; color=&#8221;#1e73be&#8221; size=&#8221;36&#8243; force_font_size=&#8221;true&#8221; size_phone=&#8221;30&#8243; font_weight=&#8221;400&#8243; txt_transform=&#8221;uppercase&#8221; margin_bottom=&#8221;30&#8243; font_family=&#8221;Open+Sans&#8221; font_type=&#8221;google&#8221; animation=&#8221;top-to-bottom&#8221;]\u0415\u011fitim sonras\u0131[\/mk_fancy_title][vc_column_text disable_pattern=&#8221;false&#8221; css=&#8221;.vc_custom_1659017134104{margin-bottom: 0px !important;}&#8221;]Bulgar Kardiyoloji Enstit\u00fcs\u00fc, Bulgar Hekimler Birli\u011fi ile birlikte, seminerler, kongreler, sempozyumlar, kurslar, bireysel e\u011fitim ve mesleki e\u011fitim programlar\u0131 \u015feklinde bir t\u0131p mesle\u011fini icra etme hakk\u0131n\u0131 kazand\u0131ktan sonra doktorlar\u0131n e\u011fitimine devam etmek i\u00e7in bir dizi etkinlik d\u00fczenlemektedir.<\/p>\n<p>S\u00fcrekli e\u011fitim a\u011f\u0131rl\u0131kl\u0131 olarak modern t\u0131p biliminin ba\u015far\u0131lar\u0131n\u0131, t\u0131p standartlar\u0131n\u0131, temel t\u0131p, kardiyoloji, kardiyo\u015fir\u00fcrji, n\u00f6roloji, beyin cerrahisi, vask\u00fcler cerrahi, anesteziyoloji ve yo\u011fun bak\u0131m, g\u00f6r\u00fcnt\u00fcleme uzmanl\u0131k alanlar\u0131ndaki klinik ve farmakoterap\u00f6tik \u00f6nerileri temsil eden konular\u0131 i\u00e7ermektedir.[\/vc_column_text][\/vc_column][\/vc_row]\n<\/div>","protected":false},"excerpt":{"rendered":"<p>[vc_row][vc_column width=&#8221;1\/2&#8243;][mk_image src=&#8221;\/\/cardiacinstitute.bg\/wp-content\/uploads\/2017\/07\/produljavashto-obuchenie.jpg&#8221; image_size=&#8221;full&#8221;][\/vc_column][vc_column width=&#8221;1\/2&#8243;][mk_fancy_title tag_name=&#8221;h4&#8243; color=&#8221;#1e73be&#8221; size=&#8221;36&#8243; force_font_size=&#8221;true&#8221; size_phone=&#8221;30&#8243; font_weight=&#8221;400&#8243; txt_transform=&#8221;uppercase&#8221; margin_bottom=&#8221;30&#8243; font_family=&#8221;Open+Sans&#8221; font_type=&#8221;google&#8221; animation=&#8221;top-to-bottom&#8221;]\u0415\u011fitim sonras\u0131[\/mk_fancy_title][vc_column_text disable_pattern=&#8221;false&#8221; css=&#8221;.vc_custom_1659017134104{margin-bottom: 0px !important;}&#8221;]Bulgar Kardiyoloji Enstit\u00fcs\u00fc, Bulgar Hekimler Birli\u011fi ile birlikte, seminerler, kongreler, sempozyumlar, kurslar, bireysel e\u011fitim ve mesleki e\u011fitim programlar\u0131 \u015feklinde bir t\u0131p mesle\u011fini icra etme hakk\u0131n\u0131 kazand\u0131ktan sonra doktorlar\u0131n e\u011fitimine devam etmek i\u00e7in bir dizi etkinlik [&hellip;]<\/p>\n","protected":false},"author":1,"featured_media":0,"parent":22641,"menu_order":2,"comment_status":"closed","ping_status":"closed","template":"","meta":{"footnotes":""},"class_list":["post-22657","page","type-page","status-publish","hentry"],"_links":{"self":[{"href":"https:\/\/cardiacinstitute.bg\/tr\/wp-json\/wp\/v2\/pages\/22657","targetHints":{"allow":["GET"]}}],"collection":[{"href":"https:\/\/cardiacinstitute.bg\/tr\/wp-json\/wp\/v2\/pages"}],"about":[{"href":"https:\/\/cardiacinstitute.bg\/tr\/wp-json\/wp\/v2\/types\/page"}],"author":[{"embeddable":true,"href":"https:\/\/cardiacinstitute.bg\/tr\/wp-json\/wp\/v2\/users\/1"}],"replies":[{"embeddable":true,"href":"https:\/\/cardiacinstitute.bg\/tr\/wp-json\/wp\/v2\/comments?post=22657"}],"version-history":[{"count":4,"href":"https:\/\/cardiacinstitute.bg\/tr\/wp-json\/wp\/v2\/pages\/22657\/revisions"}],"predecessor-version":[{"id":22661,"href":"https:\/\/cardiacinstitute.bg\/tr\/wp-json\/wp\/v2\/pages\/22657\/revisions\/22661"}],"up":[{"embeddable":true,"href":"https:\/\/cardiacinstitute.bg\/tr\/wp-json\/wp\/v2\/pages\/22641"}],"wp:attachment":[{"href":"https:\/\/cardiacinstitute.bg\/tr\/wp-json\/wp\/v2\/media?parent=22657"}],"curies":[{"name":"wp","href":"https:\/\/api.w.org\/{rel}","templated":true}]}}