{"id":22653,"date":"2022-07-28T14:04:09","date_gmt":"2022-07-28T14:04:09","guid":{"rendered":"https:\/\/cardiacinstitute.bg\/?page_id=22653"},"modified":"2022-08-05T09:32:48","modified_gmt":"2022-08-05T09:32:48","slug":"postgraduate-education","status":"publish","type":"page","link":"https:\/\/cardiacinstitute.bg\/tr\/education\/postgraduate-education\/","title":{"rendered":"Lisans sonras\u0131 mesleki e\u011fitim"},"content":{"rendered":"<div class=\"wpb-content-wrapper\">[vc_row][vc_column width=&#8221;1\/2&#8243;][mk_fancy_title tag_name=&#8221;h4&#8243; color=&#8221;#1e73be&#8221; size=&#8221;36&#8243; force_font_size=&#8221;true&#8221; size_phone=&#8221;30&#8243; font_weight=&#8221;400&#8243; txt_transform=&#8221;uppercase&#8221; margin_bottom=&#8221;30&#8243; font_family=&#8221;Open+Sans&#8221; font_type=&#8221;google&#8221; animation=&#8221;top-to-bottom&#8221;]Lisans sonras\u0131 mesleki e\u011fitim[\/mk_fancy_title][vc_column_text disable_pattern=&#8221;false&#8221; css=&#8221;.vc_custom_1659017046003{margin-bottom: 0px !important;}&#8221;]Bulgaristan Kardiyoloji Enstit\u00fcs\u00fc, T\u0131p \u00dcniversitesi &#8211; Pleven ile birlikte a\u015fa\u011f\u0131daki son derece uzmanla\u015fm\u0131\u015f faaliyetlerde mesleki e\u011fitim seviyesi kazanmak i\u00e7in e\u011fitim ve s\u0131navlar d\u00fczenlemektedir:<\/p>\n<ol>\n<li>invaziv tan\u0131sal kardiyoloji ve giri\u015fimsel kardiyoloji;<\/li>\n<li>ekokardiyografi \u2013 temel ve uzman seviyesi;<\/li>\n<li>kardiyostim\u00fclasyon.<\/li>\n<\/ol>\n<p>E\u011fitim programlar\u0131 Bulgar anayasas\u0131na ve \u2018\u2019T\u0131p bilimi ve sa\u011fl\u0131k teknolojilerinin\u2019\u2019 modern yenilik\u00e7i ba\u015far\u0131lar\u0131na uygundur.[\/vc_column_text][mk_padding_divider size=&#8221;60&#8243; visibility=&#8221;visible-sm&#8221;][\/vc_column][vc_column width=&#8221;1\/2&#8243;][mk_image src=&#8221;\/\/cardiacinstitute.bg\/wp-content\/uploads\/2017\/07\/sleddiplomna-kvalifikacia.jpg&#8221; image_size=&#8221;full&#8221;][\/vc_column][\/vc_row]\n<\/div>","protected":false},"excerpt":{"rendered":"<p>[vc_row][vc_column width=&#8221;1\/2&#8243;][mk_fancy_title tag_name=&#8221;h4&#8243; color=&#8221;#1e73be&#8221; size=&#8221;36&#8243; force_font_size=&#8221;true&#8221; size_phone=&#8221;30&#8243; font_weight=&#8221;400&#8243; txt_transform=&#8221;uppercase&#8221; margin_bottom=&#8221;30&#8243; font_family=&#8221;Open+Sans&#8221; font_type=&#8221;google&#8221; animation=&#8221;top-to-bottom&#8221;]Lisans sonras\u0131 mesleki e\u011fitim[\/mk_fancy_title][vc_column_text disable_pattern=&#8221;false&#8221; css=&#8221;.vc_custom_1659017046003{margin-bottom: 0px !important;}&#8221;]Bulgaristan Kardiyoloji Enstit\u00fcs\u00fc, T\u0131p \u00dcniversitesi &#8211; Pleven ile birlikte a\u015fa\u011f\u0131daki son derece uzmanla\u015fm\u0131\u015f faaliyetlerde mesleki e\u011fitim seviyesi kazanmak i\u00e7in e\u011fitim ve s\u0131navlar d\u00fczenlemektedir: invaziv tan\u0131sal kardiyoloji ve giri\u015fimsel kardiyoloji; ekokardiyografi \u2013 temel ve uzman seviyesi; kardiyostim\u00fclasyon. [&hellip;]<\/p>\n","protected":false},"author":1,"featured_media":0,"parent":22641,"menu_order":1,"comment_status":"closed","ping_status":"closed","template":"","meta":{"footnotes":""},"class_list":["post-22653","page","type-page","status-publish","hentry"],"_links":{"self":[{"href":"https:\/\/cardiacinstitute.bg\/tr\/wp-json\/wp\/v2\/pages\/22653","targetHints":{"allow":["GET"]}}],"collection":[{"href":"https:\/\/cardiacinstitute.bg\/tr\/wp-json\/wp\/v2\/pages"}],"about":[{"href":"https:\/\/cardiacinstitute.bg\/tr\/wp-json\/wp\/v2\/types\/page"}],"author":[{"embeddable":true,"href":"https:\/\/cardiacinstitute.bg\/tr\/wp-json\/wp\/v2\/users\/1"}],"replies":[{"embeddable":true,"href":"https:\/\/cardiacinstitute.bg\/tr\/wp-json\/wp\/v2\/comments?post=22653"}],"version-history":[{"count":3,"href":"https:\/\/cardiacinstitute.bg\/tr\/wp-json\/wp\/v2\/pages\/22653\/revisions"}],"predecessor-version":[{"id":22656,"href":"https:\/\/cardiacinstitute.bg\/tr\/wp-json\/wp\/v2\/pages\/22653\/revisions\/22656"}],"up":[{"embeddable":true,"href":"https:\/\/cardiacinstitute.bg\/tr\/wp-json\/wp\/v2\/pages\/22641"}],"wp:attachment":[{"href":"https:\/\/cardiacinstitute.bg\/tr\/wp-json\/wp\/v2\/media?parent=22653"}],"curies":[{"name":"wp","href":"https:\/\/api.w.org\/{rel}","templated":true}]}}