{"id":22646,"date":"2022-07-28T14:01:03","date_gmt":"2022-07-28T14:01:03","guid":{"rendered":"https:\/\/cardiacinstitute.bg\/?page_id=22646"},"modified":"2022-08-05T09:32:26","modified_gmt":"2022-08-05T09:32:26","slug":"specialties","status":"publish","type":"page","link":"https:\/\/cardiacinstitute.bg\/tr\/education\/specialties\/","title":{"rendered":"T\u0131bbi uzmanl\u0131klar"},"content":{"rendered":"<div class=\"wpb-content-wrapper\">[vc_row][vc_column width=&#8221;1\/2&#8243;][mk_image src=&#8221;\/\/cardiacinstitute.bg\/wp-content\/uploads\/2017\/07\/medicinski-specialnosti.jpg&#8221; image_size=&#8221;full&#8221;][\/vc_column][vc_column width=&#8221;1\/2&#8243;][mk_fancy_title tag_name=&#8221;h4&#8243; color=&#8221;#1e73be&#8221; size=&#8221;36&#8243; force_font_size=&#8221;true&#8221; size_phone=&#8221;30&#8243; font_weight=&#8221;400&#8243; txt_transform=&#8221;uppercase&#8221; margin_bottom=&#8221;30&#8243; font_family=&#8221;Open+Sans&#8221; font_type=&#8221;google&#8221; animation=&#8221;top-to-bottom&#8221;]T\u0131bbi uzmanl\u0131klar[\/mk_fancy_title][vc_column_text disable_pattern=&#8221;false&#8221; css=&#8221;.vc_custom_1659016776033{margin-bottom: 0px !important;}&#8221;]Bulgaristan Kardiyoloji Enstit\u00fcs\u00fc yap\u0131s\u0131ndaki sa\u011fl\u0131k kurumlar\u0131, Bulgaristan anayasas\u0131na uygun, \u00f6\u011frencilerin ve uzmanlar\u0131n e\u011fitimi i\u00e7in olumlu bir akreditasyon de\u011ferlendirmesi alm\u0131\u015ft\u0131r.<\/p>\n<p>T\u0131p \u00f6\u011frencilerinin ve uzmanlar\u0131n kardiyoloji, kardiyocerrahi, vask\u00fcler cerrahi, anesteziyoloji ve yo\u011fun bak\u0131m alanlar\u0131nda teorik e\u011fitimi, T\u0131p \u00dcniversitesi &#8211; Pleven taraf\u0131ndan y\u00fcr\u00fct\u00fclmektedir.[\/vc_column_text][\/vc_column][\/vc_row][vc_row][vc_column][vc_column_text css=&#8221;.vc_custom_1659016858571{margin-bottom: 0px !important;}&#8221;]\u00d6\u011frencilerin ve uzmanlar\u0131n pratik e\u011fitimi, Pleven, Veliko Tarnovo, Varna, \u015eumen ve Yambol \u015fehirlerinde bulunan Bulgaristan Kardiyoloji Enstit\u00fcs\u00fc&#8217;n\u00fcn t\u0131bbi kurumlar\u0131nda ger\u00e7ekle\u015ftirilmektedir. Uzmanl\u0131k m\u00fcfredat\u0131n\u0131n ve i\u00e7indeki ilgili b\u00f6l\u00fcmlerin ve mod\u00fcllerin uygulanmas\u0131 i\u00e7in gerekli habilitede \u00f6\u011fretmenlere ve materyal ve teknik a\u00e7\u0131dan modern bir ortama sahiptirler.<\/p>\n<p>T\u0131bbi uzmanl\u0131k e\u011fitimi, Sa\u011fl\u0131k Bakan\u0131 taraf\u0131ndan onaylanan her ayr\u0131 uzmanl\u0131k alanlar\u0131na uygun bir program kapsam\u0131nda ger\u00e7ekle\u015ftirilir.<\/p>\n<p>E\u011fitim program\u0131 i\u00e7eri\u011fi:<\/p>\n<ol>\n<li>Zorunlu teorik ve pratik e\u011fitimin i\u00e7eri\u011fi ve s\u00fcresi;<\/li>\n<li>T\u0131p bilimi ve uygulama mod\u00fcllerine g\u00f6re da\u011f\u0131l\u0131m\u0131 ve s\u00fcreleri;<\/li>\n<li>Zorunlu b\u00f6l\u00fcm s\u0131navlar\u0131 ve bunlar\u0131n uygulanmas\u0131 i\u00e7in zaman s\u0131n\u0131rlar\u0131;<\/li>\n<li>Uzmalar taraf\u0131ndan edinilecek bilgi, beceri ve yeterlilikler.<\/li>\n<\/ol>\n<p>Bulgaristan Kardiyoloji Enstit\u00fcs\u00fc, y\u0131lda en az bir kez uzmanlar\u0131n g\u00f6r\u00fc\u015flerini incelemeyi de i\u00e7eren e\u011fitim kalitesini de\u011ferlendirmek, s\u00fcrd\u00fcrmek ve geli\u015ftirmek ad\u0131na bir i\u00e7 sistem arac\u0131l\u0131\u011f\u0131yla sa\u011fl\u0131k sisteminde uzmanl\u0131k kazanmak i\u00e7in e\u011fitim kalitesi sa\u011flar.[\/vc_column_text][\/vc_column][\/vc_row]\n<\/div>","protected":false},"excerpt":{"rendered":"<p>[vc_row][vc_column width=&#8221;1\/2&#8243;][mk_image src=&#8221;\/\/cardiacinstitute.bg\/wp-content\/uploads\/2017\/07\/medicinski-specialnosti.jpg&#8221; image_size=&#8221;full&#8221;][\/vc_column][vc_column width=&#8221;1\/2&#8243;][mk_fancy_title tag_name=&#8221;h4&#8243; color=&#8221;#1e73be&#8221; size=&#8221;36&#8243; force_font_size=&#8221;true&#8221; size_phone=&#8221;30&#8243; font_weight=&#8221;400&#8243; txt_transform=&#8221;uppercase&#8221; margin_bottom=&#8221;30&#8243; font_family=&#8221;Open+Sans&#8221; font_type=&#8221;google&#8221; animation=&#8221;top-to-bottom&#8221;]T\u0131bbi uzmanl\u0131klar[\/mk_fancy_title][vc_column_text disable_pattern=&#8221;false&#8221; css=&#8221;.vc_custom_1659016776033{margin-bottom: 0px !important;}&#8221;]Bulgaristan Kardiyoloji Enstit\u00fcs\u00fc yap\u0131s\u0131ndaki sa\u011fl\u0131k kurumlar\u0131, Bulgaristan anayasas\u0131na uygun, \u00f6\u011frencilerin ve uzmanlar\u0131n e\u011fitimi i\u00e7in olumlu bir akreditasyon de\u011ferlendirmesi alm\u0131\u015ft\u0131r. T\u0131p \u00f6\u011frencilerinin ve uzmanlar\u0131n kardiyoloji, kardiyocerrahi, vask\u00fcler cerrahi, anesteziyoloji ve yo\u011fun bak\u0131m alanlar\u0131nda teorik e\u011fitimi, T\u0131p [&hellip;]<\/p>\n","protected":false},"author":1,"featured_media":0,"parent":22641,"menu_order":0,"comment_status":"closed","ping_status":"closed","template":"","meta":{"footnotes":""},"class_list":["post-22646","page","type-page","status-publish","hentry"],"_links":{"self":[{"href":"https:\/\/cardiacinstitute.bg\/tr\/wp-json\/wp\/v2\/pages\/22646","targetHints":{"allow":["GET"]}}],"collection":[{"href":"https:\/\/cardiacinstitute.bg\/tr\/wp-json\/wp\/v2\/pages"}],"about":[{"href":"https:\/\/cardiacinstitute.bg\/tr\/wp-json\/wp\/v2\/types\/page"}],"author":[{"embeddable":true,"href":"https:\/\/cardiacinstitute.bg\/tr\/wp-json\/wp\/v2\/users\/1"}],"replies":[{"embeddable":true,"href":"https:\/\/cardiacinstitute.bg\/tr\/wp-json\/wp\/v2\/comments?post=22646"}],"version-history":[{"count":3,"href":"https:\/\/cardiacinstitute.bg\/tr\/wp-json\/wp\/v2\/pages\/22646\/revisions"}],"predecessor-version":[{"id":22649,"href":"https:\/\/cardiacinstitute.bg\/tr\/wp-json\/wp\/v2\/pages\/22646\/revisions\/22649"}],"up":[{"embeddable":true,"href":"https:\/\/cardiacinstitute.bg\/tr\/wp-json\/wp\/v2\/pages\/22641"}],"wp:attachment":[{"href":"https:\/\/cardiacinstitute.bg\/tr\/wp-json\/wp\/v2\/media?parent=22646"}],"curies":[{"name":"wp","href":"https:\/\/api.w.org\/{rel}","templated":true}]}}