{"id":22613,"date":"2022-07-28T13:05:53","date_gmt":"2022-07-28T13:05:53","guid":{"rendered":"https:\/\/cardiacinstitute.bg\/?page_id=22613"},"modified":"2022-12-16T13:20:59","modified_gmt":"2022-12-16T13:20:59","slug":"territorial-distribution","status":"publish","type":"page","link":"https:\/\/cardiacinstitute.bg\/tr\/about\/territorial-distribution\/","title":{"rendered":"B\u00f6lgesel da\u011f\u0131l\u0131m"},"content":{"rendered":"<div class=\"wpb-content-wrapper\">[vc_row][vc_column][mk_padding_divider size=&#8221;60&#8243;][mk_fancy_title tag_name=&#8221;h4&#8243; color=&#8221;#1e73be&#8221; size=&#8221;36&#8243; force_font_size=&#8221;true&#8221; size_phone=&#8221;30&#8243; font_weight=&#8221;400&#8243; txt_transform=&#8221;uppercase&#8221; font_family=&#8221;Open+Sans&#8221; font_type=&#8221;google&#8221; animation=&#8221;top-to-bottom&#8221;]B\u00f6lgesel da\u011f\u0131l\u0131m[\/mk_fancy_title][\/vc_column][\/vc_row][mk_page_section sidebar=&#8221;sidebar-1&#8243;][vc_column][mk_image src=&#8221;https:\/\/cardiacinstitute.bg\/wp-content\/uploads\/2022\/12\/bci-map-en-2022.jpg&#8221; image_size=&#8221;full&#8221; link=&#8221;\/\/cardiacinstitute.bg\/en\/contacts\/&#8221;][\/vc_column][\/mk_page_section]\n<\/div>","protected":false},"excerpt":{"rendered":"<p>[vc_row][vc_column][mk_padding_divider size=&#8221;60&#8243;][mk_fancy_title tag_name=&#8221;h4&#8243; color=&#8221;#1e73be&#8221; size=&#8221;36&#8243; force_font_size=&#8221;true&#8221; size_phone=&#8221;30&#8243; font_weight=&#8221;400&#8243; txt_transform=&#8221;uppercase&#8221; font_family=&#8221;Open+Sans&#8221; font_type=&#8221;google&#8221; animation=&#8221;top-to-bottom&#8221;]B\u00f6lgesel da\u011f\u0131l\u0131m[\/mk_fancy_title][\/vc_column][\/vc_row][mk_page_section sidebar=&#8221;sidebar-1&#8243;][vc_column][mk_image src=&#8221;https:\/\/cardiacinstitute.bg\/wp-content\/uploads\/2022\/12\/bci-map-en-2022.jpg&#8221; image_size=&#8221;full&#8221; link=&#8221;\/\/cardiacinstitute.bg\/en\/contacts\/&#8221;][\/vc_column][\/mk_page_section]<\/p>\n","protected":false},"author":1,"featured_media":0,"parent":22584,"menu_order":1,"comment_status":"closed","ping_status":"closed","template":"","meta":{"footnotes":""},"class_list":["post-22613","page","type-page","status-publish","hentry"],"_links":{"self":[{"href":"https:\/\/cardiacinstitute.bg\/tr\/wp-json\/wp\/v2\/pages\/22613","targetHints":{"allow":["GET"]}}],"collection":[{"href":"https:\/\/cardiacinstitute.bg\/tr\/wp-json\/wp\/v2\/pages"}],"about":[{"href":"https:\/\/cardiacinstitute.bg\/tr\/wp-json\/wp\/v2\/types\/page"}],"author":[{"embeddable":true,"href":"https:\/\/cardiacinstitute.bg\/tr\/wp-json\/wp\/v2\/users\/1"}],"replies":[{"embeddable":true,"href":"https:\/\/cardiacinstitute.bg\/tr\/wp-json\/wp\/v2\/comments?post=22613"}],"version-history":[{"count":5,"href":"https:\/\/cardiacinstitute.bg\/tr\/wp-json\/wp\/v2\/pages\/22613\/revisions"}],"predecessor-version":[{"id":27978,"href":"https:\/\/cardiacinstitute.bg\/tr\/wp-json\/wp\/v2\/pages\/22613\/revisions\/27978"}],"up":[{"embeddable":true,"href":"https:\/\/cardiacinstitute.bg\/tr\/wp-json\/wp\/v2\/pages\/22584"}],"wp:attachment":[{"href":"https:\/\/cardiacinstitute.bg\/tr\/wp-json\/wp\/v2\/media?parent=22613"}],"curies":[{"name":"wp","href":"https:\/\/api.w.org\/{rel}","templated":true}]}}