{"id":22605,"date":"2022-07-28T12:58:30","date_gmt":"2022-07-28T12:58:30","guid":{"rendered":"https:\/\/cardiacinstitute.bg\/?page_id=22605"},"modified":"2022-08-05T09:25:15","modified_gmt":"2022-08-05T09:25:15","slug":"history","status":"publish","type":"page","link":"https:\/\/cardiacinstitute.bg\/tr\/about\/history\/","title":{"rendered":"Tarihimiz"},"content":{"rendered":"<div class=\"wpb-content-wrapper\">[mk_page_section bg_image=&#8221;\/\/cardiacinstitute.bg\/wp-content\/uploads\/2017\/07\/home-header.jpg&#8221; bg_color=&#8221;rgba(123,123,123,0.48)&#8221; bg_position=&#8221;center center&#8221; bg_repeat=&#8221;no-repeat&#8221; video_opacity=&#8221;0.9&#8243; js_vertical_centered=&#8221;true&#8221; padding_top=&#8221;0&#8243; padding_bottom=&#8221;140&#8243; sidebar=&#8221;sidebar-1&#8243;][vc_column][mk_padding_divider size=&#8221;400&#8243; visibility=&#8221;hidden-sm&#8221;][mk_fancy_title tag_name=&#8221;h1&#8243; color=&#8221;rgba(30,115,190,0.5)&#8221; size=&#8221;40&#8243; force_font_size=&#8221;true&#8221; size_tablet=&#8221;40&#8243; font_weight=&#8221;bold&#8221; txt_transform=&#8221;uppercase&#8221; margin_bottom=&#8221;0&#8243; font_family=&#8221;Open+Sans&#8221; font_type=&#8221;google&#8221;]\u0413\u0440\u0438\u0436\u0430\u0442\u0430 \u0437\u0430 \u0412\u0430\u0448\u0438\u044f \u0436\u0438\u0432\u043e\u0442<br \/>\n\u0435 \u043d\u0430\u0448\u0430 \u0433\u0440\u0438\u0436\u0430 \u0434\u043e\u0436\u0438\u0432\u043e\u0442[\/mk_fancy_title][\/vc_column][\/mk_page_section][vc_row][vc_column][mk_padding_divider size=&#8221;60&#8243;][\/vc_column][\/vc_row][mk_page_section bg_color=&#8221;#1e73be&#8221; padding_top=&#8221;40&#8243; padding_bottom=&#8221;40&#8243; sidebar=&#8221;sidebar-1&#8243;][vc_column][mk_fancy_title tag_name=&#8221;h4&#8243; color=&#8221;#ffffff&#8221; size=&#8221;48&#8243; force_font_size=&#8221;true&#8221; size_tablet=&#8221;40&#8243; font_weight=&#8221;400&#8243; txt_transform=&#8221;uppercase&#8221; margin_top=&#8221;15&#8243; margin_bottom=&#8221;0&#8243; font_family=&#8221;Open+Sans&#8221; font_type=&#8221;google&#8221; align=&#8221;center&#8221; animation=&#8221;top-to-bottom&#8221;]Tarihimiz[\/mk_fancy_title][\/vc_column][\/mk_page_section][vc_row][vc_column][mk_padding_divider size=&#8221;60&#8243;][\/vc_column][\/vc_row][vc_row][vc_column][vc_column_text css=&#8221;.vc_custom_1659012913129{margin-bottom: 0px !important;}&#8221;]Bulgaristan Kardiyoloji Enstit\u00fcs\u00fc, 2007 y\u0131l\u0131nda Tihomir Kamenov taraf\u0131ndan kurulmu\u015ftur &#8211; \u00fclkenin \u00f6nde gelen sa\u011fl\u0131k kurulu\u015funun kurucusu Ticari Lig Sa\u011fl\u0131k Grubu, t\u0131bbi \u00fcr\u00fcnlerin(ila\u00e7) \u00fcretimi ve ticareti, sa\u011fl\u0131k sigortas\u0131 ve pazarlama yeniliklerinde lider.<\/p>\n<p>Bulgaristan Kardiyoloji Enstit\u00fcs\u00fc&#8217;n\u00fcn sa\u011fl\u0131k yat\u0131r\u0131mlar\u0131, uzmanla\u015fm\u0131\u015f t\u0131bbi bak\u0131ma eri\u015fimde belirgin eksikli\u011fi olan b\u00f6lgelerdeki y\u00fcksek teknolojili kardiyoloji hastaneleri ve merkezlerinin ulusal bir yap\u0131s\u0131n\u0131 olu\u015fturarak Bulgaristan&#8217;daki kardiyovask\u00fcler hastal\u0131klardan kaynaklanan \u00f6l\u00fcm ve sakatl\u0131klar\u0131 azaltmaya odaklanm\u0131\u015ft\u0131r.[\/vc_column_text][mk_padding_divider size=&#8221;60&#8243;][\/vc_column][\/vc_row][vc_row][vc_column][mk_image src=&#8221;https:\/\/cardiacinstitute.bg\/wp-content\/uploads\/2022\/04\/logo-text-pleven-eng.png&#8221; image_size=&#8221;full&#8221; align=&#8221;right&#8221;][\/vc_column][\/vc_row][vc_row][vc_column][mk_padding_divider size=&#8221;30&#8243;][\/vc_column][\/vc_row][vc_row][vc_column width=&#8221;1\/2&#8243;][mk_image src=&#8221;https:\/\/cardiacinstitute.bg\/wp-content\/uploads\/2021\/05\/sbalk-pn-otkrivane.jpg&#8221; image_size=&#8221;full&#8221;][\/vc_column][vc_column width=&#8221;1\/2&#8243;][vc_column_text disable_pattern=&#8221;false&#8221; css=&#8221;.vc_custom_1659012936333{margin-bottom: 0px !important;}&#8221;]24 Haziran 2008&#8217;de, Kuzeybat\u0131 Bulgaristan&#8217;daki ilk \u00f6zel kardiyoloji hastanesi a\u00e7\u0131ld\u0131 &#8211; Plev\u0435n \u015fehrinde, b\u00f6lgede akut koroner sendrom ve miyokard enfarkt\u00fcs\u00fc olan hastalar\u0131n rutin giri\u015fimsel tedavisi ba\u015flatt\u0131ld\u0131. 750 binden fazla n\u00fcfusu kapsayan bir b\u00f6lge olan Pleven, Lovech, Vratsa, Vidin, Montana b\u00f6lgelerindeki hastalar i\u00e7in modern kardiyak tedaviye eri\u015fim sa\u011flanmaktad\u0131r.[\/vc_column_text][\/vc_column][\/vc_row][vc_row][vc_column][mk_padding_divider size=&#8221;60&#8243;][\/vc_column][\/vc_row][vc_row][vc_column][mk_image src=&#8221;https:\/\/cardiacinstitute.bg\/wp-content\/uploads\/2018\/07\/logo_s_nadpis_tarnovo_eng.png&#8221; image_size=&#8221;full&#8221;][\/vc_column][\/vc_row][vc_row][vc_column][mk_padding_divider size=&#8221;30&#8243;][\/vc_column][\/vc_row][vc_row][vc_column width=&#8221;1\/2&#8243;][vc_column_text disable_pattern=&#8221;false&#8221; css=&#8221;.vc_custom_1659012954506{margin-bottom: 0px !important;}&#8221;]31 Ekim 2008&#8217;de, Orta Kuzey Bulgaristan&#8217;da, b\u00f6lgede akut koroner sendrom ve miyokard enfarkt\u00fcs\u00fc olan hastalar\u0131n rutin giri\u015fimsel tedavisini ba\u015flatan Veliko Tarnovo \u015fehrinde ilk \u00f6zel kardiyoloji hastanesi a\u00e7\u0131ld\u0131. 800 binden fazla n\u00fcfusu kapsayan bir b\u00f6lge olan Veliko Tarnovo, Gabrovo, Ruse, Razgrad, Targovishte il\u00e7elerindeki hastalar i\u00e7in modern kardiyak tedaviye eri\u015fim sa\u011flanmaktad\u0131r.[\/vc_column_text][\/vc_column][vc_column width=&#8221;1\/2&#8243;][mk_image src=&#8221;\/\/cardiacinstitute.bg\/wp-content\/uploads\/2017\/11\/sbalk-vt-otkrivane.jpg&#8221; image_size=&#8221;full&#8221;][\/vc_column][\/vc_row][vc_row][vc_column][mk_padding_divider size=&#8221;60&#8243;][\/vc_column][\/vc_row][vc_row][vc_column][mk_image src=&#8221;https:\/\/cardiacinstitute.bg\/wp-content\/uploads\/2018\/07\/logo_s_nadpis_yambol_eng.png&#8221; image_size=&#8221;full&#8221; align=&#8221;right&#8221;][\/vc_column][\/vc_row][vc_row][vc_column][mk_padding_divider size=&#8221;30&#8243;][\/vc_column][\/vc_row][vc_row][vc_column width=&#8221;1\/2&#8243;][mk_image src=&#8221;\/\/cardiacinstitute.bg\/wp-content\/uploads\/2017\/11\/sbalk-jm-otkrivane.jpg&#8221; image_size=&#8221;full&#8221;][\/vc_column][vc_column width=&#8221;1\/2&#8243;][vc_column_text disable_pattern=&#8221;false&#8221; css=&#8221;.vc_custom_1659012971904{margin-bottom: 0px !important;}&#8221;]22 Kas\u0131m 2008&#8217;de, G\u00fcneydo\u011fu Bulgaristan&#8217;daki ilk \u00f6zel kardiyoloji hastanesi a\u00e7\u0131ld\u0131 &#8211; b\u00f6lgede akut koroner sendrom ve miyokard enfarkt\u00fcs\u00fc olan hastalar\u0131n rutin giri\u015fimsel tedavisini ba\u015flatan Yambol kasabas\u0131nda. 1,4 milyondan fazla n\u00fcfusa kapsayan bir b\u00f6lge olan Yambol, Burgaz, Sliven, Stara Zagora, Haskovo, K\u0131rcaali il\u00e7elerindeki hastalara \u00a0modern kardiyak tedaviye eri\u015fim sa\u011flanmaktad\u0131r.[\/vc_column_text][\/vc_column][\/vc_row][vc_row][vc_column][mk_padding_divider size=&#8221;60&#8243;][\/vc_column][\/vc_row][vc_row][vc_column][mk_image src=&#8221;https:\/\/cardiacinstitute.bg\/wp-content\/uploads\/2018\/07\/logo_s_nadpis_varna_eng.png&#8221; image_size=&#8221;full&#8221;][\/vc_column][\/vc_row][vc_row][vc_column][mk_padding_divider size=&#8221;30&#8243;][\/vc_column][\/vc_row][vc_row][vc_column width=&#8221;1\/2&#8243;][vc_column_text disable_pattern=&#8221;false&#8221; css=&#8221;.vc_custom_1659012992010{margin-bottom: 0px !important;}&#8221;]5 Kas\u0131m 2009&#8217;da, Kuzeydo\u011fu Bulgaristan&#8217;da &#8211; Varna&#8217;da, 930 binden fazla n\u00fcfusa sahip bir b\u00f6lge olan Varna, \u015eumnu, Dobri\u00e7, Silistre il\u00e7elerinde akut koroner sendrom ve miyokard enfarkt\u00fcs\u00fc olan hastalar\u0131n rutin giri\u015fimsel tedavisine eri\u015fimi kolayla\u015ft\u0131ran ikinci \u00f6zel kardiyoloji hastanesi a\u00e7\u0131ld\u0131.[\/vc_column_text][\/vc_column][vc_column width=&#8221;1\/2&#8243;][mk_image src=&#8221;\/\/cardiacinstitute.bg\/wp-content\/uploads\/2017\/11\/sbalk-vn-otkrivane.jpg&#8221; image_size=&#8221;full&#8221;][\/vc_column][\/vc_row][vc_row][vc_column][mk_padding_divider size=&#8221;60&#8243;][\/vc_column][\/vc_row][vc_row][vc_column][mk_image src=&#8221;https:\/\/cardiacinstitute.bg\/wp-content\/uploads\/2018\/07\/logo_s_nadpis_shumen_eng-1.png&#8221; image_size=&#8221;full&#8221; align=&#8221;right&#8221;][\/vc_column][\/vc_row][vc_row][vc_column][mk_padding_divider size=&#8221;30&#8243;][\/vc_column][\/vc_row][vc_row][vc_column width=&#8221;1\/2&#8243;][mk_image src=&#8221;\/\/cardiacinstitute.bg\/wp-content\/uploads\/2017\/11\/sbalk-sh-otkrivane.jpg&#8221; image_size=&#8221;full&#8221;][\/vc_column][vc_column width=&#8221;1\/2&#8243;][vc_column_text disable_pattern=&#8221;false&#8221; css=&#8221;.vc_custom_1659013010085{margin-bottom: 0px !important;}&#8221;]27 Mart 2013&#8217;te, Ludogorie co\u011frafi b\u00f6lgesinde &#8211; Shumen \u015fehrinde, 400 binden fazla n\u00fcfusu kapsayan bir b\u00f6lge olan Shumen, Razgrad, Targovishte il\u00e7elerinde akut koroner sendrom ve miyokard enfarkt\u00fcs\u00fc olan hastalar\u0131n rutin giri\u015fimsel tedavisini ba\u015flatan ilk \u00f6zel kardiyoloji hastanesi a\u00e7\u0131ld\u0131.[\/vc_column_text][\/vc_column][\/vc_row][vc_row][vc_column][mk_padding_divider size=&#8221;60&#8243;][\/vc_column][\/vc_row][vc_row][vc_column][mk_image src=&#8221;https:\/\/cardiacinstitute.bg\/wp-content\/uploads\/2022\/04\/logo-text-hbpn-eng.png&#8221; image_size=&#8221;full&#8221;][\/vc_column][\/vc_row][vc_row][vc_column][mk_padding_divider size=&#8221;30&#8243;][\/vc_column][\/vc_row][vc_row][vc_column width=&#8221;1\/2&#8243;][vc_column_text disable_pattern=&#8221;false&#8221; css=&#8221;.vc_custom_1659013033431{margin-bottom: 0px !important;}&#8221;]27 \u015eubat 2017&#8217;de, Orta Kuzey ve Kuzeybat\u0131 Bulgaristan&#8217;daki kardiyovask\u00fcler ve serebrovask\u00fcler hastal\u0131klar\u0131n karma\u015f\u0131k tedavisi i\u00e7in ilk \u00e7ok profilli \u00fcniversite hastanesi a\u00e7\u0131ld\u0131 &#8211; Plevne&#8217;deki Kalp ve Beyin \u00dcniversitesi Hastanesi. Hastane, kardiyo\u015fir\u00fcrji, beyin cerrahisi, vask\u00fcler cerrahi alan\u0131nda yenilik\u00e7i sa\u011fl\u0131k teknolojilerinde uzmanla\u015fm\u0131\u015ft\u0131r ve Vidin, Montana, Vratsa, Pleve\u043d, Gabrovo, Lovech, Ruse, Veliko Tarnovo, Targovishte, Razgrad, Shumen b\u00f6lgelerinden hastalar\u0131 kabul etmektedir &#8211; 1,5 milyondan fazla n\u00fcfusu kapsayan bir b\u00f6lge.[\/vc_column_text][\/vc_column][vc_column width=&#8221;1\/2&#8243;][mk_image src=&#8221;https:\/\/cardiacinstitute.bg\/wp-content\/uploads\/2022\/04\/mbal-hb-pn.jpg&#8221; image_size=&#8221;full&#8221;][\/vc_column][\/vc_row][vc_row][vc_column][mk_padding_divider size=&#8221;60&#8243;][\/vc_column][\/vc_row][vc_row][vc_column][mk_image src=&#8221;https:\/\/cardiacinstitute.bg\/wp-content\/uploads\/2022\/04\/logo-text-hbbs-eng.png&#8221; image_size=&#8221;full&#8221; align=&#8221;right&#8221;][\/vc_column][\/vc_row][vc_row][vc_column][mk_padding_divider size=&#8221;60&#8243;][\/vc_column][\/vc_row][vc_row][vc_column width=&#8221;1\/2&#8243;][mk_image src=&#8221;https:\/\/cardiacinstitute.bg\/wp-content\/uploads\/2022\/04\/mbal-hb-bs.jpg&#8221; image_size=&#8221;full&#8221;][\/vc_column][vc_column width=&#8221;1\/2&#8243;][vc_column_text disable_pattern=&#8221;false&#8221; css=&#8221;.vc_custom_1659013076139{margin-bottom: 0px !important;}&#8221;]\u0130ki y\u0131l i\u00e7inde, Burgaz&#8217;daki &#8220;k\u00fc\u00e7\u00fck&#8221; Kalp ve Beyinde 1.300&#8217;den fazla kalp ameliyat\u0131 ger\u00e7ekle\u015ftirildi ve binlerce hayat kurtard\u0131 ve Kas\u0131m 2021&#8217;in ortas\u0131ndan bu yana hastane, &#8220;2021 Y\u0131l\u0131n\u0131n Binas\u0131&#8221; \u00f6d\u00fcl\u00fcne lay\u0131k g\u00f6r\u00fclen yeni bir d\u00fcnya kompleksi i\u00e7inde \u00e7al\u0131\u015fmaya ba\u015flad\u0131. 9 yer \u00fcst\u00fc ve 2 yeralt\u0131 kat\u0131nda, 15.000 metrekarelik in\u015faat alan\u0131nda yer alan y\u00fcksek teknolojili hastanenin 330 yata\u011f\u0131, 14 ameliyathanesi, 13 klinik ve ko\u011fu\u015fu, 12 resepsiyon odas\u0131 bulunuyor.[\/vc_column_text][\/vc_column][\/vc_row][vc_row][vc_column][mk_padding_divider size=&#8221;60&#8243;][\/vc_column][\/vc_row][vc_row][vc_column][vc_column_text css=&#8221;.vc_custom_1659013096554{margin-bottom: 0px !important;}&#8221;]Bulgar Kardiyoloji Enstit\u00fcs\u00fc&#8217;n\u00fcn Bulgar Sa\u011fl\u0131\u011f\u0131&#8217;na yapt\u0131\u011f\u0131 b\u00fcy\u00fck \u00f6l\u00e7ekli yat\u0131r\u0131mlar ve sa\u011fl\u0131k ekiplerinin \u00f6zverili \u00e7al\u0131\u015fmalar\u0131, n\u00fcfus d\u00fczeyinde h\u0131zl\u0131 sa\u011fl\u0131k sonu\u00e7lar\u0131 vermektedir. \u0130lk yay\u0131nlanan sa\u011fl\u0131k sonu\u00e7lar\u0131, 2008 y\u0131l\u0131nda Kuzeybat\u0131 Bulgaristan&#8217;da akut koroner sendromdan \u00f6l\u00fcm oran\u0131n\u0131n azald\u0131\u011f\u0131n\u0131 g\u00f6stermektedir. %13,09&#8217;dan %9,25&#8217;e ve hastane i\u00e7i mortalite %2,99&#8217;a d\u00fc\u015fm\u00fc\u015ft\u00fcr. Bir y\u0131l sonra, di\u011fer b\u00f6lgelerde de benzer sonu\u00e7lar elde edildi. Bulgaristan&#8217;da kardiyovask\u00fcler \u00f6l\u00fcmleri azaltmak i\u00e7in elde edilen sa\u011fl\u0131k sonu\u00e7lar\u0131, Haziran 2010&#8217;da Pekin, \u00c7in&#8217;deki D\u00fcnya Kardiyoloji Kongresi&#8217;nde rapor edildi ve d\u00fcnyan\u0131n \u00f6nde gelen bilimsel bask\u0131s\u0131 Circulation 122 (2), 2010&#8217;da yay\u0131nland\u0131.[\/vc_column_text][\/vc_column][\/vc_row][vc_row][vc_column][mk_padding_divider size=&#8221;60&#8243;][\/vc_column][\/vc_row]\n<\/div>","protected":false},"excerpt":{"rendered":"<p>[mk_page_section bg_image=&#8221;\/\/cardiacinstitute.bg\/wp-content\/uploads\/2017\/07\/home-header.jpg&#8221; bg_color=&#8221;rgba(123,123,123,0.48)&#8221; bg_position=&#8221;center center&#8221; bg_repeat=&#8221;no-repeat&#8221; video_opacity=&#8221;0.9&#8243; js_vertical_centered=&#8221;true&#8221; padding_top=&#8221;0&#8243; padding_bottom=&#8221;140&#8243; sidebar=&#8221;sidebar-1&#8243;][vc_column][mk_padding_divider size=&#8221;400&#8243; visibility=&#8221;hidden-sm&#8221;][mk_fancy_title tag_name=&#8221;h1&#8243; color=&#8221;rgba(30,115,190,0.5)&#8221; size=&#8221;40&#8243; force_font_size=&#8221;true&#8221; size_tablet=&#8221;40&#8243; font_weight=&#8221;bold&#8221; txt_transform=&#8221;uppercase&#8221; margin_bottom=&#8221;0&#8243; font_family=&#8221;Open+Sans&#8221; font_type=&#8221;google&#8221;]\u0413\u0440\u0438\u0436\u0430\u0442\u0430 \u0437\u0430 \u0412\u0430\u0448\u0438\u044f \u0436\u0438\u0432\u043e\u0442 \u0435 \u043d\u0430\u0448\u0430 \u0433\u0440\u0438\u0436\u0430 \u0434\u043e\u0436\u0438\u0432\u043e\u0442[\/mk_fancy_title][\/vc_column][\/mk_page_section][vc_row][vc_column][mk_padding_divider size=&#8221;60&#8243;][\/vc_column][\/vc_row][mk_page_section bg_color=&#8221;#1e73be&#8221; padding_top=&#8221;40&#8243; padding_bottom=&#8221;40&#8243; sidebar=&#8221;sidebar-1&#8243;][vc_column][mk_fancy_title tag_name=&#8221;h4&#8243; color=&#8221;#ffffff&#8221; size=&#8221;48&#8243; force_font_size=&#8221;true&#8221; size_tablet=&#8221;40&#8243; font_weight=&#8221;400&#8243; txt_transform=&#8221;uppercase&#8221; margin_top=&#8221;15&#8243; margin_bottom=&#8221;0&#8243; font_family=&#8221;Open+Sans&#8221; font_type=&#8221;google&#8221; align=&#8221;center&#8221; animation=&#8221;top-to-bottom&#8221;]Tarihimiz[\/mk_fancy_title][\/vc_column][\/mk_page_section][vc_row][vc_column][mk_padding_divider size=&#8221;60&#8243;][\/vc_column][\/vc_row][vc_row][vc_column][vc_column_text css=&#8221;.vc_custom_1659012913129{margin-bottom: 0px !important;}&#8221;]Bulgaristan Kardiyoloji Enstit\u00fcs\u00fc, 2007 [&hellip;]<\/p>\n","protected":false},"author":1,"featured_media":0,"parent":22584,"menu_order":1,"comment_status":"closed","ping_status":"closed","template":"","meta":{"footnotes":""},"class_list":["post-22605","page","type-page","status-publish","hentry"],"_links":{"self":[{"href":"https:\/\/cardiacinstitute.bg\/tr\/wp-json\/wp\/v2\/pages\/22605","targetHints":{"allow":["GET"]}}],"collection":[{"href":"https:\/\/cardiacinstitute.bg\/tr\/wp-json\/wp\/v2\/pages"}],"about":[{"href":"https:\/\/cardiacinstitute.bg\/tr\/wp-json\/wp\/v2\/types\/page"}],"author":[{"embeddable":true,"href":"https:\/\/cardiacinstitute.bg\/tr\/wp-json\/wp\/v2\/users\/1"}],"replies":[{"embeddable":true,"href":"https:\/\/cardiacinstitute.bg\/tr\/wp-json\/wp\/v2\/comments?post=22605"}],"version-history":[{"count":6,"href":"https:\/\/cardiacinstitute.bg\/tr\/wp-json\/wp\/v2\/pages\/22605\/revisions"}],"predecessor-version":[{"id":22610,"href":"https:\/\/cardiacinstitute.bg\/tr\/wp-json\/wp\/v2\/pages\/22605\/revisions\/22610"}],"up":[{"embeddable":true,"href":"https:\/\/cardiacinstitute.bg\/tr\/wp-json\/wp\/v2\/pages\/22584"}],"wp:attachment":[{"href":"https:\/\/cardiacinstitute.bg\/tr\/wp-json\/wp\/v2\/media?parent=22605"}],"curies":[{"name":"wp","href":"https:\/\/api.w.org\/{rel}","templated":true}]}}