{"id":22601,"date":"2022-07-28T12:51:47","date_gmt":"2022-07-28T12:51:47","guid":{"rendered":"https:\/\/cardiacinstitute.bg\/?page_id=22601"},"modified":"2022-08-05T09:23:13","modified_gmt":"2022-08-05T09:23:13","slug":"mission-and-vision","status":"publish","type":"page","link":"https:\/\/cardiacinstitute.bg\/tr\/about\/mission-and-vision\/","title":{"rendered":"Misyon ve vizyon"},"content":{"rendered":"<div class=\"wpb-content-wrapper\">[mk_page_section bg_color=&#8221;#1e73be&#8221; padding_top=&#8221;40&#8243; padding_bottom=&#8221;40&#8243; sidebar=&#8221;sidebar-1&#8243;][vc_column][mk_fancy_title tag_name=&#8221;h4&#8243; color=&#8221;#ffffff&#8221; size=&#8221;48&#8243; force_font_size=&#8221;true&#8221; size_tablet=&#8221;40&#8243; font_weight=&#8221;400&#8243; txt_transform=&#8221;uppercase&#8221; margin_top=&#8221;15&#8243; margin_bottom=&#8221;0&#8243; font_family=&#8221;Open+Sans&#8221; font_type=&#8221;google&#8221; align=&#8221;center&#8221; animation=&#8221;top-to-bottom&#8221;]Misyon ve vizyon[\/mk_fancy_title][\/vc_column][\/mk_page_section][vc_row][vc_column][mk_padding_divider size=&#8221;60&#8243;][\/vc_column][\/vc_row][vc_row][vc_column][vc_column_text css=&#8221;.vc_custom_1659012701397{margin-bottom: 0px !important;}&#8221;]Bulgaristan Kardiyoloji Enstit\u00fcs\u00fc&#8217;n\u00fcn misyonu, hastalar\u0131n\u0131n sorunlar\u0131n\u0131 kapsaml\u0131 bir \u015fekilde incelemek, onlara beklentilerini a\u015fan y\u00fcksek kaliteli sa\u011fl\u0131k hizmeti sunmak ve doktorlar\u0131m\u0131z\u0131n s\u00fcrekli e\u011fitimi ve mesleki nitelikleri ile me\u015fgul olmakt\u0131r.<\/p>\n<p>Misyonunu yerine getirmek i\u00e7in, Bulgaristan Kardiyoloji Enstit\u00fcs\u00fc a\u015fa\u011f\u0131daki hedefleri belirler:<\/p>\n<ul>\n<li>B\u00fcy\u00fck \u00f6l\u00e7ekli ara\u015ft\u0131rma ve e\u011fitim ile desteklenen uzmanla\u015fm\u0131\u015f sa\u011fl\u0131k hizmetleri alan\u0131nda m\u00fckemmellik;<\/li>\n<li>Yenilik\u00e7i sa\u011fl\u0131k teknolojilerinin geli\u015ftirilmesi, uygulanmas\u0131, de\u011ferlendirilmesi ve payla\u015f\u0131lmas\u0131;<\/li>\n<li>Y\u00fcksek nitelikli t\u0131bbi, bilimsel ve sa\u011fl\u0131k personeli \u00e7ekmek;<\/li>\n<li>Hastaneye yat\u0131\u015f s\u0131ras\u0131nda ve sonras\u0131nda uzun vadede sa\u011fl\u0131k hizmetlerinin kalitesinde \u00fcst\u00fcnl\u00fck;<\/li>\n<li>Uygun fiyatl\u0131 sa\u011fl\u0131k hizmeti sunmak;<\/li>\n<li>Bulgaristan Kardiyoloji Enstit\u00fcs\u00fc&#8217;ndeki faaliyetlerin kalitesinin, hastalar\u0131n sa\u011fl\u0131\u011f\u0131 ile ilgili herhangi bir karar\u0131n merkezinde yer ald\u0131\u011f\u0131n\u0131 garanti eder.<\/li>\n<\/ul>\n<p>Bulgaristan Kardiyoloji Enstit\u00fcs\u00fc&#8217;n\u00fcn vizyonu, Do\u011fu Avrupa&#8217;da hasta bak\u0131m\u0131, klinik sonu\u00e7lar, ara\u015ft\u0131rma ve t\u0131p e\u011fitiminde b\u00f6lgesel bir lider olarak kurulu\u015f gayretimize dayanmaktad\u0131r.<\/p>\n<p>Bulgar Kardiyoloji Enstit\u00fcs\u00fc&#8217;n\u00fcn kurucusu ve y\u00f6netimi, farkl\u0131 t\u0131p ve sa\u011fl\u0131k profesyonellerinin bir ekip olarak birlikte \u00e7al\u0131\u015fabilece\u011fine ve d\u00fc\u015f\u00fcnmesi gerekti\u011fine inanmaktad\u0131r. Bu t\u00fcr bir i\u015fbirli\u011fi, verimlilik ve payla\u015f\u0131lan vizyon, hasta bak\u0131m\u0131, ara\u015ft\u0131rma ve e\u011fitimde m\u00fckemmelli\u011fi te\u015fvik eder. Bu ilkeler, kurum k\u00fclt\u00fcr\u00fcn\u00fcn temelini olu\u015fturan alt\u0131 temel de\u011fere s\u0131k\u0131 s\u0131k\u0131ya inanan vizyoner liderler taraf\u0131ndan kurulan bir sa\u011fl\u0131k, bilimsel ve e\u011fitim kurulu\u015fu olan Bulgaristan Kardiyoloji Enstit\u00fcs\u00fc&#8217;nde bug\u00fcn ge\u00e7erlili\u011fini korumaktad\u0131r:<\/p>\n<ul>\n<li><strong>Kalite<\/strong> \u2013 Sa\u011fl\u0131k sonu\u00e7lar\u0131n\u0131 s\u00fcrekli \u00f6l\u00e7erek, analiz ederek ve iyile\u015ftirerek y\u00fcksek standartlar\u0131 koruruz.<\/li>\n<li><strong>\u0130novasyon<\/strong> \u2013 Hedeflerimize ula\u015fmak i\u00e7in s\u00fcrekli olarak daha verimli, daha g\u00fcvenli ve uygun maliyetli sa\u011fl\u0131k teknolojileri ar\u0131yoruz.<\/li>\n<li><strong>\u0130\u015fbirli\u011fi<\/strong> \u2013 Bulgaristan Kardiyoloji Enstit\u00fcs\u00fc, hastalar i\u00e7in sa\u011fl\u0131k yararlar\u0131n\u0131 art\u0131rmak amac\u0131yla t\u00fcm d\u00fcnyadan meslekta\u015flar\u0131yla i\u015fbirli\u011fi yapmakta ve bilgi payla\u015fmaktad\u0131r.<\/li>\n<li><strong>Memnuniyet<\/strong> \u2013 hastalar\u0131n ve di\u011fer sa\u011fl\u0131k uzmanlar\u0131n\u0131n beklentilerini a\u015fmaya \u00e7al\u0131\u015f\u0131yoruz.<\/li>\n<li><strong>Ahlak<\/strong> \u2013 y\u00fcksek ahlaki ilkelere ve mesleki standartlara ba\u011fl\u0131y\u0131z.<\/li>\n<li><strong>Bak\u0131m<\/strong> \u2013 Hastalar\u0131m\u0131z, aileleri ve di\u011fer t\u0131p uzmanlar\u0131 i\u00e7in \u00f6zenli ve destekleyici bir ortam sa\u011flamaya \u00e7al\u0131\u015f\u0131yoruz.<\/li>\n<\/ul>\n[\/vc_column_text][\/vc_column][\/vc_row][vc_row][vc_column][mk_padding_divider size=&#8221;60&#8243;][\/vc_column][\/vc_row]\n<\/div>","protected":false},"excerpt":{"rendered":"<p>[mk_page_section bg_color=&#8221;#1e73be&#8221; padding_top=&#8221;40&#8243; padding_bottom=&#8221;40&#8243; sidebar=&#8221;sidebar-1&#8243;][vc_column][mk_fancy_title tag_name=&#8221;h4&#8243; color=&#8221;#ffffff&#8221; size=&#8221;48&#8243; force_font_size=&#8221;true&#8221; size_tablet=&#8221;40&#8243; font_weight=&#8221;400&#8243; txt_transform=&#8221;uppercase&#8221; margin_top=&#8221;15&#8243; margin_bottom=&#8221;0&#8243; font_family=&#8221;Open+Sans&#8221; font_type=&#8221;google&#8221; align=&#8221;center&#8221; animation=&#8221;top-to-bottom&#8221;]Misyon ve vizyon[\/mk_fancy_title][\/vc_column][\/mk_page_section][vc_row][vc_column][mk_padding_divider size=&#8221;60&#8243;][\/vc_column][\/vc_row][vc_row][vc_column][vc_column_text css=&#8221;.vc_custom_1659012701397{margin-bottom: 0px !important;}&#8221;]Bulgaristan Kardiyoloji Enstit\u00fcs\u00fc&#8217;n\u00fcn misyonu, hastalar\u0131n\u0131n sorunlar\u0131n\u0131 kapsaml\u0131 bir \u015fekilde incelemek, onlara beklentilerini a\u015fan y\u00fcksek kaliteli sa\u011fl\u0131k hizmeti sunmak ve doktorlar\u0131m\u0131z\u0131n s\u00fcrekli e\u011fitimi ve mesleki nitelikleri ile me\u015fgul olmakt\u0131r. Misyonunu yerine getirmek i\u00e7in, [&hellip;]<\/p>\n","protected":false},"author":1,"featured_media":0,"parent":22584,"menu_order":0,"comment_status":"closed","ping_status":"closed","template":"","meta":{"footnotes":""},"class_list":["post-22601","page","type-page","status-publish","hentry"],"_links":{"self":[{"href":"https:\/\/cardiacinstitute.bg\/tr\/wp-json\/wp\/v2\/pages\/22601","targetHints":{"allow":["GET"]}}],"collection":[{"href":"https:\/\/cardiacinstitute.bg\/tr\/wp-json\/wp\/v2\/pages"}],"about":[{"href":"https:\/\/cardiacinstitute.bg\/tr\/wp-json\/wp\/v2\/types\/page"}],"author":[{"embeddable":true,"href":"https:\/\/cardiacinstitute.bg\/tr\/wp-json\/wp\/v2\/users\/1"}],"replies":[{"embeddable":true,"href":"https:\/\/cardiacinstitute.bg\/tr\/wp-json\/wp\/v2\/comments?post=22601"}],"version-history":[{"count":2,"href":"https:\/\/cardiacinstitute.bg\/tr\/wp-json\/wp\/v2\/pages\/22601\/revisions"}],"predecessor-version":[{"id":22603,"href":"https:\/\/cardiacinstitute.bg\/tr\/wp-json\/wp\/v2\/pages\/22601\/revisions\/22603"}],"up":[{"embeddable":true,"href":"https:\/\/cardiacinstitute.bg\/tr\/wp-json\/wp\/v2\/pages\/22584"}],"wp:attachment":[{"href":"https:\/\/cardiacinstitute.bg\/tr\/wp-json\/wp\/v2\/media?parent=22601"}],"curies":[{"name":"wp","href":"https:\/\/api.w.org\/{rel}","templated":true}]}}