{"id":22068,"date":"2022-07-26T07:47:51","date_gmt":"2022-07-26T07:47:51","guid":{"rendered":"https:\/\/cardiacinstitute.bg\/?page_id=22068"},"modified":"2022-08-05T09:28:07","modified_gmt":"2022-08-05T09:28:07","slug":"public-relations-and-media","status":"publish","type":"page","link":"https:\/\/cardiacinstitute.bg\/tr\/about\/news\/public-relations-and-media\/","title":{"rendered":"Halkla \u0130li\u015fkiler ve Medya"},"content":{"rendered":"<div class=\"wpb-content-wrapper\">[vc_row][vc_column][vc_column_text css=&#8221;.vc_custom_1658821670068{margin-bottom: 0px !important;}&#8221;]\u0130leti\u015fim ve daha fazla bilgi i\u00e7in: <a href=\"mailto:info@cardiacinstitute.bg\">info@cardiacinstitute.bg<\/a>[\/vc_column_text][\/vc_column][\/vc_row]\n<\/div>","protected":false},"excerpt":{"rendered":"<p>[vc_row][vc_column][vc_column_text css=&#8221;.vc_custom_1658821670068{margin-bottom: 0px !important;}&#8221;]\u0130leti\u015fim ve daha fazla bilgi i\u00e7in: info@cardiacinstitute.bg[\/vc_column_text][\/vc_column][\/vc_row]<\/p>\n","protected":false},"author":1,"featured_media":0,"parent":22594,"menu_order":2,"comment_status":"closed","ping_status":"closed","template":"","meta":{"footnotes":""},"class_list":["post-22068","page","type-page","status-publish","hentry"],"_links":{"self":[{"href":"https:\/\/cardiacinstitute.bg\/tr\/wp-json\/wp\/v2\/pages\/22068","targetHints":{"allow":["GET"]}}],"collection":[{"href":"https:\/\/cardiacinstitute.bg\/tr\/wp-json\/wp\/v2\/pages"}],"about":[{"href":"https:\/\/cardiacinstitute.bg\/tr\/wp-json\/wp\/v2\/types\/page"}],"author":[{"embeddable":true,"href":"https:\/\/cardiacinstitute.bg\/tr\/wp-json\/wp\/v2\/users\/1"}],"replies":[{"embeddable":true,"href":"https:\/\/cardiacinstitute.bg\/tr\/wp-json\/wp\/v2\/comments?post=22068"}],"version-history":[{"count":4,"href":"https:\/\/cardiacinstitute.bg\/tr\/wp-json\/wp\/v2\/pages\/22068\/revisions"}],"predecessor-version":[{"id":22072,"href":"https:\/\/cardiacinstitute.bg\/tr\/wp-json\/wp\/v2\/pages\/22068\/revisions\/22072"}],"up":[{"embeddable":true,"href":"https:\/\/cardiacinstitute.bg\/tr\/wp-json\/wp\/v2\/pages\/22594"}],"wp:attachment":[{"href":"https:\/\/cardiacinstitute.bg\/tr\/wp-json\/wp\/v2\/media?parent=22068"}],"curies":[{"name":"wp","href":"https:\/\/api.w.org\/{rel}","templated":true}]}}