{"id":36202,"date":"2023-10-20T07:41:59","date_gmt":"2023-10-20T07:41:59","guid":{"rendered":"https:\/\/cardiacinstitute.bg\/?page_id=36202"},"modified":"2025-02-12T14:21:45","modified_gmt":"2025-02-12T14:21:45","slug":"gynaecology","status":"publish","type":"page","link":"https:\/\/cardiacinstitute.bg\/ro\/hospitals-and-centers\/heart-and-brain-center-of-excellence-pleven\/clinics-and-departments\/gynaecology\/","title":{"rendered":"Ginecologie"},"content":{"rendered":"<div class=\"wpb-content-wrapper\">[mk_page_section bg_color=&#8221;#1e73be&#8221; padding_top=&#8221;40&#8243; padding_bottom=&#8221;40&#8243; sidebar=&#8221;sidebar-1&#8243;][vc_column][mk_fancy_title tag_name=&#8221;h4&#8243; color=&#8221;#ffffff&#8221; size=&#8221;48&#8243; force_font_size=&#8221;true&#8221; size_tablet=&#8221;40&#8243; font_weight=&#8221;400&#8243; txt_transform=&#8221;uppercase&#8221; margin_top=&#8221;15&#8243; margin_bottom=&#8221;0&#8243; font_family=&#8221;Open+Sans&#8221; font_type=&#8221;google&#8221; align=&#8221;center&#8221; animation=&#8221;top-to-bottom&#8221;]Ginecologie[\/mk_fancy_title][\/vc_column][\/mk_page_section][vc_row][vc_column][mk_padding_divider][vc_column_text css=&#8221;.vc_custom_1697787752864{margin-bottom: 0px !important;}&#8221;]Departamentul de Ginecologie, condus de Dr. Alexander Lyubenov MD, face parte din Clinica de Obstetric\u0103 \u0219i Ginecologie. La dispozi\u021bia pacien\u021bilor se afl\u0103 o echip\u0103 de speciali\u0219ti bine preg\u0103ti\u021bi \u0219i consacra\u021bi, s\u0103li de opera\u021bie moderne, dotate cu echipamente \u0219i instrumentar de ultim\u0103 genera\u021bie pentru \u00eentreaga gam\u0103 de interven\u021bii chirurgicale \u00een opera\u021biile ginecologice.<\/p>\n<p>Clinica este specializat\u0103 \u00een chirurgia endoscopic\u0103 minim invaziv\u0103, cu s\u0103li de resuscitare, un sector de imagistic\u0103 de \u00eenalt\u0103 tehnologie \u0219i alte unit\u0103\u021bi specializate legate de sus\u021binerea activit\u0103\u021bii chirurgicale. Examin\u0103rile consultative, de control \u0219i preventive se efectueaz\u0103 \u00een ambulatoriile modern echipate.<\/p>\n<p>Oferim asisten\u021b\u0103 medical\u0103 ne\u00eentrerupt\u0103 24 de ore din 24, inclusiv asisten\u021b\u0103 medical\u0103 \u00een condi\u021bii de urgen\u021b\u0103.<\/p>\n<p>Toate pacientele de la &#8222;Mama \u0219i eu&#8221; au acces la cele mai moderne echipamente \u0219i instrumente, inclusiv echipamente de \u00eenalt\u0103 tehnologie \u00een scopul chirurgiei ginecologice minim invazive \u0219i ginecologiei operatorii, precum \u0219i la asisten\u021b\u0103 medical\u0103 \u00een conformitate cu cele mai bune practici europene \u0219i mondiale.<\/p>\n<p>Clinica dispune de echipamente de chirurgie robotic\u0103 da Vinci de ultim\u0103 genera\u021bie cu patru bra\u021be. Avantajele interven\u021biilor minim invazive asistate de robo\u021bi au fost dovedite \u00een ultimii 20 de ani: recuperarea mai rapid\u0103 a pacien\u021bilor, spitalizare mai scurt\u0103, mai pu\u021bine traumatisme \u0219i pierderi de s\u00e2nge, precum \u0219i revenirea mai rapid\u0103 la activitatea zilnic\u0103 \u0219i la capacitatea de munc\u0103.[\/vc_column_text][mk_padding_divider size=&#8221;120&#8243;][mk_employees column=&#8221;4&#8243; rounded_image=&#8221;false&#8221; grayscale_image=&#8221;false&#8221; count=&#8221;-1&#8243; order=&#8221;ASC&#8221; orderby=&#8221;menu_order&#8221; categories=&#8221;mi-pleven-gynaecology-ro&#8221;][\/vc_column][\/vc_row]\n<\/div>","protected":false},"excerpt":{"rendered":"<p>[mk_page_section bg_color=&#8221;#1e73be&#8221; padding_top=&#8221;40&#8243; padding_bottom=&#8221;40&#8243; sidebar=&#8221;sidebar-1&#8243;][vc_column][mk_fancy_title tag_name=&#8221;h4&#8243; color=&#8221;#ffffff&#8221; size=&#8221;48&#8243; force_font_size=&#8221;true&#8221; size_tablet=&#8221;40&#8243; font_weight=&#8221;400&#8243; txt_transform=&#8221;uppercase&#8221; margin_top=&#8221;15&#8243; margin_bottom=&#8221;0&#8243; font_family=&#8221;Open+Sans&#8221; font_type=&#8221;google&#8221; align=&#8221;center&#8221; animation=&#8221;top-to-bottom&#8221;]Ginecologie[\/mk_fancy_title][\/vc_column][\/mk_page_section][vc_row][vc_column][mk_padding_divider][vc_column_text css=&#8221;.vc_custom_1697787752864{margin-bottom: 0px !important;}&#8221;]Departamentul de Ginecologie, condus de Dr. Alexander Lyubenov MD, face parte din Clinica de Obstetric\u0103 \u0219i Ginecologie. La dispozi\u021bia pacien\u021bilor se afl\u0103 o echip\u0103 de speciali\u0219ti bine preg\u0103ti\u021bi \u0219i consacra\u021bi, s\u0103li de opera\u021bie moderne, dotate [&hellip;]<\/p>\n","protected":false},"author":1,"featured_media":0,"parent":24710,"menu_order":0,"comment_status":"closed","ping_status":"closed","template":"","meta":{"footnotes":""},"class_list":["post-36202","page","type-page","status-publish","hentry"],"_links":{"self":[{"href":"https:\/\/cardiacinstitute.bg\/ro\/wp-json\/wp\/v2\/pages\/36202","targetHints":{"allow":["GET"]}}],"collection":[{"href":"https:\/\/cardiacinstitute.bg\/ro\/wp-json\/wp\/v2\/pages"}],"about":[{"href":"https:\/\/cardiacinstitute.bg\/ro\/wp-json\/wp\/v2\/types\/page"}],"author":[{"embeddable":true,"href":"https:\/\/cardiacinstitute.bg\/ro\/wp-json\/wp\/v2\/users\/1"}],"replies":[{"embeddable":true,"href":"https:\/\/cardiacinstitute.bg\/ro\/wp-json\/wp\/v2\/comments?post=36202"}],"version-history":[{"count":6,"href":"https:\/\/cardiacinstitute.bg\/ro\/wp-json\/wp\/v2\/pages\/36202\/revisions"}],"predecessor-version":[{"id":50516,"href":"https:\/\/cardiacinstitute.bg\/ro\/wp-json\/wp\/v2\/pages\/36202\/revisions\/50516"}],"up":[{"embeddable":true,"href":"https:\/\/cardiacinstitute.bg\/ro\/wp-json\/wp\/v2\/pages\/24710"}],"wp:attachment":[{"href":"https:\/\/cardiacinstitute.bg\/ro\/wp-json\/wp\/v2\/media?parent=36202"}],"curies":[{"name":"wp","href":"https:\/\/api.w.org\/{rel}","templated":true}]}}