{"id":35994,"date":"2023-06-16T09:40:18","date_gmt":"2023-06-16T09:40:18","guid":{"rendered":"https:\/\/cardiacinstitute.bg\/?page_id=35994"},"modified":"2025-02-07T11:26:16","modified_gmt":"2025-02-07T11:26:16","slug":"urology","status":"publish","type":"page","link":"https:\/\/cardiacinstitute.bg\/ro\/hospitals-and-centers\/heart-and-brain-center-of-excellence-pleven\/clinics-and-departments\/urology\/","title":{"rendered":"Urologie"},"content":{"rendered":"<div class=\"wpb-content-wrapper\">[mk_page_section bg_color=&#8221;#1e73be&#8221; padding_top=&#8221;40&#8243; padding_bottom=&#8221;40&#8243; sidebar=&#8221;sidebar-1&#8243;][vc_column][mk_fancy_title tag_name=&#8221;h4&#8243; color=&#8221;#ffffff&#8221; size=&#8221;48&#8243; force_font_size=&#8221;true&#8221; size_tablet=&#8221;40&#8243; font_weight=&#8221;400&#8243; txt_transform=&#8221;uppercase&#8221; margin_top=&#8221;15&#8243; margin_bottom=&#8221;0&#8243; font_family=&#8221;Open+Sans&#8221; font_type=&#8221;google&#8221; align=&#8221;center&#8221; animation=&#8221;top-to-bottom&#8221;]Urologie[\/mk_fancy_title][\/vc_column][\/mk_page_section][vc_row][vc_column][mk_padding_divider][vc_column_text css=&#8221;.vc_custom_1697442204250{margin-bottom: 0px !important;}&#8221;]<strong>Despre sec\u021bie:<\/strong><br \/>\nSec\u021bia de urologie efectueaz\u0103 lucr\u0103ri de diagnosticare \u0219i opera\u021bii de \u00eenalt\u0103 specializare pentru bolile rinichilor, ureterelor, vezicii urinare, prostatei, penisului \u0219i testiculelor. Este dotat cu echipamente chirurgicale de ultim\u0103 genera\u021bie pentru a aplica cele mai pu\u021bin costisitoare \u0219i precise tehnici chirurgicale minim invazive. Monitorizarea radiografic\u0103 \u0219i ultrasonografic\u0103 intraoperatorie este aplicat\u0103 de rutin\u0103 atunci c\u00e2nd este indicat\u0103.<\/p>\n<p>Echipa de medici are o vast\u0103 experien\u021b\u0103 clinic\u0103 \u0219i de cercetare dob\u00e2ndit\u0103 \u00een clinici de top din \u021bar\u0103 \u0219i din str\u0103in\u0103tate. To\u021bi medicii sunt implica\u021bi \u00een activit\u0103\u021bi de cercetare, fiind desf\u0103\u0219urate \u0219i activit\u0103\u021bi de predare.<\/p>\n<p><strong>Activit\u0103\u021bi:<\/strong><br \/>\nTratamentul \u0219i diagnosticarea bolilor maligne (carcinom) ale:<br \/>\n&#8211; prostat\u0103<br \/>\n&#8211; rinichi<br \/>\n&#8211; vezica urinar\u0103<br \/>\n&#8211; testicule<br \/>\n&#8211; penis<br \/>\n&#8211; ureter.<\/p>\n<p>Departamentul efectueaz\u0103 interven\u021bii chirurgicale conven\u021bionale \u0219i laparoscopice la nivelul prostatei \u0219i rinichilor, precum \u0219i interven\u021bii chirurgicale robotice da Vinci de \u00eenalt\u0103 tehnologie. Speciali\u0219tii aplic\u0103 laserul minim invaziv \u0219i chirurgia bipolar\u0103 pentru tumorile vezicale.<\/p>\n<p>Se efectueaz\u0103 tratamentul \u0219i diagnosticarea hiperplaziei benigne de prostat\u0103 (BPH, m\u0103rirea benign\u0103 a prostatei). Au fost introduse metode de ultim\u0103 genera\u021bie de tratament al HBP &#8211; laser de ultim\u0103 genera\u021bie \u0219i rezec\u021bia cu plasm\u0103 a prostatei. Tratamentul \u0219i diagnosticul pietrei renale.<\/p>\n<p>Departamentul de Urologie aplic\u0103 metode moderne de diagnosticare \u0219i tratament al calculilor renali \u0219i al concre\u021biunilor localizate \u00een ureter \u0219i vezic\u0103 urinar\u0103. Tratamentul se realizeaz\u0103 datorit\u0103 laserului Holmium de ultim\u0103 genera\u021bie.[\/vc_column_text][mk_padding_divider size=&#8221;120&#8243;][mk_employees column=&#8221;4&#8243; rounded_image=&#8221;false&#8221; grayscale_image=&#8221;false&#8221; count=&#8221;-1&#8243; order=&#8221;ASC&#8221; orderby=&#8221;menu_order&#8221; categories=&#8221;hb-pleven-urology-bg&#8221;][\/vc_column][\/vc_row]\n<\/div>","protected":false},"excerpt":{"rendered":"<p>[mk_page_section bg_color=&#8221;#1e73be&#8221; padding_top=&#8221;40&#8243; padding_bottom=&#8221;40&#8243; sidebar=&#8221;sidebar-1&#8243;][vc_column][mk_fancy_title tag_name=&#8221;h4&#8243; color=&#8221;#ffffff&#8221; size=&#8221;48&#8243; force_font_size=&#8221;true&#8221; size_tablet=&#8221;40&#8243; font_weight=&#8221;400&#8243; txt_transform=&#8221;uppercase&#8221; margin_top=&#8221;15&#8243; margin_bottom=&#8221;0&#8243; font_family=&#8221;Open+Sans&#8221; font_type=&#8221;google&#8221; align=&#8221;center&#8221; animation=&#8221;top-to-bottom&#8221;]Urologie[\/mk_fancy_title][\/vc_column][\/mk_page_section][vc_row][vc_column][mk_padding_divider][vc_column_text css=&#8221;.vc_custom_1697442204250{margin-bottom: 0px !important;}&#8221;]Despre sec\u021bie: Sec\u021bia de urologie efectueaz\u0103 lucr\u0103ri de diagnosticare \u0219i opera\u021bii de \u00eenalt\u0103 specializare pentru bolile rinichilor, ureterelor, vezicii urinare, prostatei, penisului \u0219i testiculelor. Este dotat cu echipamente chirurgicale de ultim\u0103 genera\u021bie pentru a aplica [&hellip;]<\/p>\n","protected":false},"author":1,"featured_media":0,"parent":24710,"menu_order":0,"comment_status":"closed","ping_status":"closed","template":"","meta":{"footnotes":""},"class_list":["post-35994","page","type-page","status-publish","hentry"],"_links":{"self":[{"href":"https:\/\/cardiacinstitute.bg\/ro\/wp-json\/wp\/v2\/pages\/35994","targetHints":{"allow":["GET"]}}],"collection":[{"href":"https:\/\/cardiacinstitute.bg\/ro\/wp-json\/wp\/v2\/pages"}],"about":[{"href":"https:\/\/cardiacinstitute.bg\/ro\/wp-json\/wp\/v2\/types\/page"}],"author":[{"embeddable":true,"href":"https:\/\/cardiacinstitute.bg\/ro\/wp-json\/wp\/v2\/users\/1"}],"replies":[{"embeddable":true,"href":"https:\/\/cardiacinstitute.bg\/ro\/wp-json\/wp\/v2\/comments?post=35994"}],"version-history":[{"count":6,"href":"https:\/\/cardiacinstitute.bg\/ro\/wp-json\/wp\/v2\/pages\/35994\/revisions"}],"predecessor-version":[{"id":50270,"href":"https:\/\/cardiacinstitute.bg\/ro\/wp-json\/wp\/v2\/pages\/35994\/revisions\/50270"}],"up":[{"embeddable":true,"href":"https:\/\/cardiacinstitute.bg\/ro\/wp-json\/wp\/v2\/pages\/24710"}],"wp:attachment":[{"href":"https:\/\/cardiacinstitute.bg\/ro\/wp-json\/wp\/v2\/media?parent=35994"}],"curies":[{"name":"wp","href":"https:\/\/api.w.org\/{rel}","templated":true}]}}