{"id":35975,"date":"2023-10-16T06:57:35","date_gmt":"2023-10-16T06:57:35","guid":{"rendered":"https:\/\/cardiacinstitute.bg\/?page_id=35975"},"modified":"2025-02-07T11:45:03","modified_gmt":"2025-02-07T11:45:03","slug":"rheumatology","status":"publish","type":"page","link":"https:\/\/cardiacinstitute.bg\/ro\/hospitals-and-centers\/heart-and-brain-center-of-excellence-pleven\/clinics-and-departments\/rheumatology\/","title":{"rendered":"Reumatologie"},"content":{"rendered":"<div class=\"wpb-content-wrapper\">[mk_page_section bg_color=&#8221;#1e73be&#8221; padding_top=&#8221;40&#8243; padding_bottom=&#8221;40&#8243; sidebar=&#8221;sidebar-1&#8243;][vc_column][mk_fancy_title tag_name=&#8221;h4&#8243; color=&#8221;#ffffff&#8221; size=&#8221;48&#8243; force_font_size=&#8221;true&#8221; size_tablet=&#8221;40&#8243; font_weight=&#8221;400&#8243; txt_transform=&#8221;uppercase&#8221; margin_top=&#8221;15&#8243; margin_bottom=&#8221;0&#8243; font_family=&#8221;Open+Sans&#8221; font_type=&#8221;google&#8221; align=&#8221;center&#8221; animation=&#8221;top-to-bottom&#8221;]Reumatologie[\/mk_fancy_title][\/vc_column][\/mk_page_section][vc_row][vc_column][mk_padding_divider][vc_column_text css=&#8221;.vc_custom_1697439505810{margin-bottom: 0px !important;}&#8221;]Clinica de reumatologie a Spitalului Inimii \u0219i Creierului din Pleven ofer\u0103 \u00eengrijire calificat\u0103 pacien\u021bilor cu o gam\u0103 larg\u0103 de diagnostice:<\/p>\n<ul>\n<li>Boli inflamatorii ale articula\u021biilor (artrit\u0103 reumatoid\u0103, boala Bechterew, artrit\u0103 psoriazic\u0103, reumatism \u0219i boala Reiter, precum \u0219i alte artrite reactive);<\/li>\n<li>Boli sistemice ale \u021besutului conjunctiv (lupus eritematos sistemic, sclerodermie sistemic\u0103, vasculit\u0103, polimiozit\u0103\/dermatomiozit\u0103, sindroame suprapuse \u0219i autoinflamatorii);<\/li>\n<li>Boli articulare degenerative (gonartroz\u0103, coxartroz\u0103, spondilartroz\u0103 etc.);<\/li>\n<li>Afec\u021biuni extraarticulare ale \u021besuturilor moi: entesiopatii, tenosinovite, periartrite;<\/li>\n<li>Afec\u021biuni osoase (osteoporoz\u0103, boala Paget, algodistrofie, necroz\u0103 aseptic\u0103);<\/li>\n<li>Boli cauzate de cristale (gut\u0103, boala pirofosfatului \u0219i apatitei);<\/li>\n<li>Sindromul hipermobil \u0219i bolile ereditare.<\/li>\n<\/ul>\n<p>Examin\u0103rile \u0219i consulta\u021biile sunt disponibile pe baz\u0103 de programare la num\u0103rul de telefon 064 678 400.[\/vc_column_text][mk_padding_divider size=&#8221;120&#8243;][mk_employees column=&#8221;4&#8243; rounded_image=&#8221;false&#8221; grayscale_image=&#8221;false&#8221; count=&#8221;-1&#8243; order=&#8221;ASC&#8221; orderby=&#8221;menu_order&#8221; categories=&#8221;hb-pleven-rheumatology-bg&#8221;][\/vc_column][\/vc_row]\n<\/div>","protected":false},"excerpt":{"rendered":"<p>[mk_page_section bg_color=&#8221;#1e73be&#8221; padding_top=&#8221;40&#8243; padding_bottom=&#8221;40&#8243; sidebar=&#8221;sidebar-1&#8243;][vc_column][mk_fancy_title tag_name=&#8221;h4&#8243; color=&#8221;#ffffff&#8221; size=&#8221;48&#8243; force_font_size=&#8221;true&#8221; size_tablet=&#8221;40&#8243; font_weight=&#8221;400&#8243; txt_transform=&#8221;uppercase&#8221; margin_top=&#8221;15&#8243; margin_bottom=&#8221;0&#8243; font_family=&#8221;Open+Sans&#8221; font_type=&#8221;google&#8221; align=&#8221;center&#8221; animation=&#8221;top-to-bottom&#8221;]Reumatologie[\/mk_fancy_title][\/vc_column][\/mk_page_section][vc_row][vc_column][mk_padding_divider][vc_column_text css=&#8221;.vc_custom_1697439505810{margin-bottom: 0px !important;}&#8221;]Clinica de reumatologie a Spitalului Inimii \u0219i Creierului din Pleven ofer\u0103 \u00eengrijire calificat\u0103 pacien\u021bilor cu o gam\u0103 larg\u0103 de diagnostice: Boli inflamatorii ale articula\u021biilor (artrit\u0103 reumatoid\u0103, boala Bechterew, artrit\u0103 psoriazic\u0103, reumatism \u0219i boala Reiter, precum [&hellip;]<\/p>\n","protected":false},"author":1,"featured_media":0,"parent":24710,"menu_order":0,"comment_status":"closed","ping_status":"closed","template":"","meta":{"footnotes":""},"class_list":["post-35975","page","type-page","status-publish","hentry"],"_links":{"self":[{"href":"https:\/\/cardiacinstitute.bg\/ro\/wp-json\/wp\/v2\/pages\/35975","targetHints":{"allow":["GET"]}}],"collection":[{"href":"https:\/\/cardiacinstitute.bg\/ro\/wp-json\/wp\/v2\/pages"}],"about":[{"href":"https:\/\/cardiacinstitute.bg\/ro\/wp-json\/wp\/v2\/types\/page"}],"author":[{"embeddable":true,"href":"https:\/\/cardiacinstitute.bg\/ro\/wp-json\/wp\/v2\/users\/1"}],"replies":[{"embeddable":true,"href":"https:\/\/cardiacinstitute.bg\/ro\/wp-json\/wp\/v2\/comments?post=35975"}],"version-history":[{"count":6,"href":"https:\/\/cardiacinstitute.bg\/ro\/wp-json\/wp\/v2\/pages\/35975\/revisions"}],"predecessor-version":[{"id":50280,"href":"https:\/\/cardiacinstitute.bg\/ro\/wp-json\/wp\/v2\/pages\/35975\/revisions\/50280"}],"up":[{"embeddable":true,"href":"https:\/\/cardiacinstitute.bg\/ro\/wp-json\/wp\/v2\/pages\/24710"}],"wp:attachment":[{"href":"https:\/\/cardiacinstitute.bg\/ro\/wp-json\/wp\/v2\/media?parent=35975"}],"curies":[{"name":"wp","href":"https:\/\/api.w.org\/{rel}","templated":true}]}}