{"id":29626,"date":"2023-04-12T06:24:34","date_gmt":"2023-04-12T06:24:34","guid":{"rendered":"https:\/\/cardiacinstitute.bg\/?page_id=29626"},"modified":"2025-02-07T11:23:27","modified_gmt":"2025-02-07T11:23:27","slug":"hematology-clinic","status":"publish","type":"page","link":"https:\/\/cardiacinstitute.bg\/ro\/hospitals-and-centers\/heart-and-brain-center-of-excellence-pleven\/clinics-and-departments\/hematology-clinic\/","title":{"rendered":"Hematologie"},"content":{"rendered":"<div class=\"wpb-content-wrapper\">[mk_page_section bg_color=&#8221;#1e73be&#8221; padding_top=&#8221;40&#8243; padding_bottom=&#8221;40&#8243; sidebar=&#8221;sidebar-1&#8243;][vc_column][mk_fancy_title tag_name=&#8221;h4&#8243; color=&#8221;#ffffff&#8221; size=&#8221;48&#8243; force_font_size=&#8221;true&#8221; size_tablet=&#8221;40&#8243; font_weight=&#8221;400&#8243; txt_transform=&#8221;uppercase&#8221; margin_top=&#8221;15&#8243; margin_bottom=&#8221;0&#8243; font_family=&#8221;Open+Sans&#8221; font_type=&#8221;google&#8221; align=&#8221;center&#8221; animation=&#8221;top-to-bottom&#8221;]Hematologie[\/mk_fancy_title][\/vc_column][\/mk_page_section][vc_row][vc_column][mk_padding_divider][vc_column_text css=&#8221;.vc_custom_1681308595320{margin-bottom: 0px !important;}&#8221;]<strong>Despre clinic\u0103:<\/strong><br \/>\nClinica de hematologie clinic\u0103 ofer\u0103 oportunit\u0103\u021bi de diagnosticare, stadializare, tratament \u0219i urm\u0103rire a pacien\u021bilor cu boli benigne \u0219i maligne ale s\u00e2ngelui \u00een conformitate cu cele mai \u00eenalte standarde ale medicinei moderne.<\/p>\n<p>\u00cempreun\u0103 cu celelalte facilit\u0103\u021bi clinice \u0219i de laborator ale spitalului, inclusiv un laborator de genetic\u0103 \u0219i imunologie de ultim\u0103 genera\u021bie, clinica ofer\u0103 pacien\u021bilor o abordare multidisciplinar\u0103 cuprinz\u0103toare pentru diagnosticarea, tratamentul \u0219i urm\u0103rirea bolilor hematologice.<\/p>\n<p>Clinica de Hematologie Clinic\u0103 dispune de facilit\u0103\u021bile necesare pentru a efectua tratamente moderne, oferind fiec\u0103rui pacient op\u021biunea de administrare a medicamentelor \u00een cel mai mare confort, prin dilu\u021bia centralizat\u0103 a medicamentelor. Infuzia controlat\u0103 a terapiei antitumorale se realizeaz\u0103, de asemenea, cu dispozitive de perfuzie venoas\u0103 cu aparat, care realizeaz\u0103 un control optim al concentra\u021biei \u0219i fluxului de substan\u021b\u0103 medicamentoas\u0103 \u00een organism.<\/p>\n<p>Dac\u0103 este necesar, pacien\u021bii cu boli hematologice pot avea o discu\u021bie cu un psiholog.<\/p>\n<p><strong>Activit\u0103\u021bi:<\/strong><br \/>\nClinica de hematologie clinic\u0103 aplic\u0103 toate abord\u0103rile inovatoare pentru tratamentul bolilor hematologice benigne \u0219i maligne &#8211; anemii, coagulopatii, leucemii acute \u0219i cronice, limfoame Hodgkin \u0219i non-Hodgkin, mielom, etc. Se efectueaz\u0103 proceduri de examinare citologic\u0103 \u0219i histologic\u0103 a m\u0103duvei osoase (punc\u021bie aspirativ\u0103 \u0219i trepanobiopsie).<\/p>\n<p>Tratamentul bolilor hematologice se efectueaz\u0103 \u00een conformitate cu standardele medicale hematologice, principalele abord\u0103ri terapeutice includ aplicarea chimioterapiei, imunoterapiei \u0219i a terapiei \u021bintite.[\/vc_column_text][mk_padding_divider size=&#8221;120&#8243;][mk_employees column=&#8221;4&#8243; rounded_image=&#8221;false&#8221; grayscale_image=&#8221;false&#8221; count=&#8221;-1&#8243; order=&#8221;ASC&#8221; orderby=&#8221;menu_order&#8221; categories=&#8221;hb-pleven-hematology-ro&#8221;][\/vc_column][\/vc_row]\n<\/div>","protected":false},"excerpt":{"rendered":"<p>[mk_page_section bg_color=&#8221;#1e73be&#8221; padding_top=&#8221;40&#8243; padding_bottom=&#8221;40&#8243; sidebar=&#8221;sidebar-1&#8243;][vc_column][mk_fancy_title tag_name=&#8221;h4&#8243; color=&#8221;#ffffff&#8221; size=&#8221;48&#8243; force_font_size=&#8221;true&#8221; size_tablet=&#8221;40&#8243; font_weight=&#8221;400&#8243; txt_transform=&#8221;uppercase&#8221; margin_top=&#8221;15&#8243; margin_bottom=&#8221;0&#8243; font_family=&#8221;Open+Sans&#8221; font_type=&#8221;google&#8221; align=&#8221;center&#8221; animation=&#8221;top-to-bottom&#8221;]Hematologie[\/mk_fancy_title][\/vc_column][\/mk_page_section][vc_row][vc_column][mk_padding_divider][vc_column_text css=&#8221;.vc_custom_1681308595320{margin-bottom: 0px !important;}&#8221;]Despre clinic\u0103: Clinica de hematologie clinic\u0103 ofer\u0103 oportunit\u0103\u021bi de diagnosticare, stadializare, tratament \u0219i urm\u0103rire a pacien\u021bilor cu boli benigne \u0219i maligne ale s\u00e2ngelui \u00een conformitate cu cele mai \u00eenalte standarde ale medicinei moderne. \u00cempreun\u0103 cu [&hellip;]<\/p>\n","protected":false},"author":1,"featured_media":0,"parent":24710,"menu_order":0,"comment_status":"closed","ping_status":"closed","template":"","meta":{"footnotes":""},"class_list":["post-29626","page","type-page","status-publish","hentry"],"_links":{"self":[{"href":"https:\/\/cardiacinstitute.bg\/ro\/wp-json\/wp\/v2\/pages\/29626","targetHints":{"allow":["GET"]}}],"collection":[{"href":"https:\/\/cardiacinstitute.bg\/ro\/wp-json\/wp\/v2\/pages"}],"about":[{"href":"https:\/\/cardiacinstitute.bg\/ro\/wp-json\/wp\/v2\/types\/page"}],"author":[{"embeddable":true,"href":"https:\/\/cardiacinstitute.bg\/ro\/wp-json\/wp\/v2\/users\/1"}],"replies":[{"embeddable":true,"href":"https:\/\/cardiacinstitute.bg\/ro\/wp-json\/wp\/v2\/comments?post=29626"}],"version-history":[{"count":9,"href":"https:\/\/cardiacinstitute.bg\/ro\/wp-json\/wp\/v2\/pages\/29626\/revisions"}],"predecessor-version":[{"id":50265,"href":"https:\/\/cardiacinstitute.bg\/ro\/wp-json\/wp\/v2\/pages\/29626\/revisions\/50265"}],"up":[{"embeddable":true,"href":"https:\/\/cardiacinstitute.bg\/ro\/wp-json\/wp\/v2\/pages\/24710"}],"wp:attachment":[{"href":"https:\/\/cardiacinstitute.bg\/ro\/wp-json\/wp\/v2\/media?parent=29626"}],"curies":[{"name":"wp","href":"https:\/\/api.w.org\/{rel}","templated":true}]}}