{"id":29419,"date":"2023-04-07T08:27:18","date_gmt":"2023-04-07T08:27:18","guid":{"rendered":"https:\/\/cardiacinstitute.bg\/?page_id=29419"},"modified":"2025-02-07T11:17:24","modified_gmt":"2025-02-07T11:17:24","slug":"hemodialysis-department","status":"publish","type":"page","link":"https:\/\/cardiacinstitute.bg\/ro\/hospitals-and-centers\/heart-and-brain-center-of-excellence-pleven\/clinics-and-departments\/hemodialysis-department\/","title":{"rendered":"Hemodializ\u0103"},"content":{"rendered":"<div class=\"wpb-content-wrapper\">[mk_page_section bg_color=&#8221;#1e73be&#8221; padding_top=&#8221;40&#8243; padding_bottom=&#8221;40&#8243; sidebar=&#8221;sidebar-1&#8243;][vc_column][mk_fancy_title tag_name=&#8221;h4&#8243; color=&#8221;#ffffff&#8221; size=&#8221;48&#8243; force_font_size=&#8221;true&#8221; size_tablet=&#8221;40&#8243; font_weight=&#8221;400&#8243; txt_transform=&#8221;uppercase&#8221; margin_top=&#8221;15&#8243; margin_bottom=&#8221;0&#8243; font_family=&#8221;Open+Sans&#8221; font_type=&#8221;google&#8221; align=&#8221;center&#8221; animation=&#8221;top-to-bottom&#8221;]Hemodializ\u0103[\/mk_fancy_title][\/vc_column][\/mk_page_section][vc_row][vc_column][mk_padding_divider][vc_column_text css=&#8221;.vc_custom_1680856136688{margin-bottom: 0px !important;}&#8221;]<strong>Despre sec\u021bie:<\/strong><br \/>\nSec\u021bia de hemodializ\u0103 de la Spitalul Inimii \u0219i Creierului din Pleven trateaz\u0103 pacien\u021bii \u00een stadiul terminal al insuficien\u021bei renale cronice. Centrul de dializ\u0103 ofer\u0103 posibilitatea de a efectua at\u00e2t hemodializ\u0103, c\u00e2t \u0219i hemodiafiltrare \u0219i varianta sa mai modern\u0103, hemodiafiltrarea online. \u00cen acest scop dispunem de echipamente de \u00eenalt\u0103 calitate &#8211; 10 aparate de hemodializ\u0103 Fresenius 5008S \u0219i consumabile Fresenius ( Germania ), cu aplicarea doar a dializatoarelor High &#8211; Flux.<\/p>\n<p><strong>Activit\u0103\u021bi:<\/strong><br \/>\nPrima unitate de hemodializ\u0103 este singurul centru de hemodializ\u0103 din ora\u0219ul Pleven, care permite efectuarea hemodiafiltra\u021biei la fiecare sta\u021bie de dializ\u0103.<\/p>\n<p>Avantajele hemodiafiltra\u021biei online fa\u021b\u0103 de hemodializa LF \u0219i HF:<\/p>\n<ul>\n<li>O metod\u0103 bl\u00e2nd\u0103 pentru circula\u021bia periferic\u0103.<\/li>\n<li>Se ob\u021bine o mai bun\u0103 purificare a s\u00e2ngelui \u0219i astfel sunt eliminate a\u0219a-numitele &#8222;molecule medii&#8221;, ceea ce nu se realizeaz\u0103 \u00een LFHD \/Low &#8211; flux hemodialysis\/.<\/li>\n<li>Permite extragerea unor cantit\u0103\u021bi mai mari de lichid f\u0103r\u0103 a provoca un colaps \u00een starea hemodinamic\u0103 a pacien\u021bilor.<\/li>\n<li>Concentra\u021bia de \u03b2 &#8211; 2 microglobulin\u0103 este, de asemenea, redus\u0103 la pacien\u021bi \u00een compara\u021bie cu LFHD \/Low &#8211; flux hemodializ\u0103\/ \u0219i HFHD \/High &#8211; flux hemodializ\u0103\/. Important pentru dezvoltarea amiloidozei \u0219i, ulterior, a sindromului de tunel carpian.<\/li>\n<li>Influen\u021beaz\u0103 favorabil anemia renal\u0103 \u0219i cre\u0219te sensibilitatea \u021besuturilor la eritropoietina administrat\u0103.<\/li>\n<li>Se \u00eembun\u0103t\u0103\u021be\u0219te statusul calciu-fosfor, reduc\u00e2nd necesitatea administr\u0103rii de lian\u021bi de fosfa\u021bi.<\/li>\n<li>Asigur\u0103 toleran\u021b\u0103 hemodiemic\u0103, afect\u00e2nd favorabil st\u0103rile hipertonice \u0219i hipotonice.<\/li>\n<li>Are un efect notabil asupra st\u0103rii nutri\u021bionale. Previne apari\u021bia sindromului MIA &#8211; sindrom \/ malnutri\u021bie, procese inflamatorii \u0219i modific\u0103ri aterosclerotice \/.<\/li>\n<li>Previne apari\u021bia polineuropatiei renale.<\/li>\n<li>Are un efect pozitiv asupra statusului lipidic total, cu o influen\u021b\u0103 predominant\u0103 asupra nivelului de trigliceride.<\/li>\n<li>Se semnaleaz\u0103 o influen\u021b\u0103 pozitiv\u0103 asupra imunit\u0103\u021bii pacien\u021bilor dializa\u021bi.<\/li>\n<\/ul>\n<p>Primul Centru de Hemodializ\u0103 din cadrul Spitalului Inimii \u0219i Creierului, Pleven, dispune de un personal de \u00eenalt\u0103 calificare format din medici specializa\u021bi \u00een medicin\u0103 intern\u0103 \u0219i nefrologie, asistente medicale \u0219i tehnologi cu mul\u021bi ani de experien\u021b\u0103 \u00een domeniul tratamentului prin hemodializ\u0103. Un psiholog specializat va fi la dispozi\u021bia fiec\u0103rui pacient \u00een cadrul primului centru de hemodializ\u0103.<\/p>\n<p>Pentru confortul pacien\u021bilor s\u0103i, Centrul de hemodializ\u0103 va asigura transportul fiec\u0103rui pacient sau va asigura cheltuielile de deplasare. Fiecare pacient va avea la dispozi\u021bie un televizor individual \u0219i acces la internet \u00een timpul fiec\u0103rei proceduri de hemodializ\u0103.[\/vc_column_text][mk_padding_divider size=&#8221;120&#8243;][mk_employees column=&#8221;4&#8243; rounded_image=&#8221;false&#8221; grayscale_image=&#8221;false&#8221; count=&#8221;-1&#8243; order=&#8221;ASC&#8221; orderby=&#8221;menu_order&#8221; categories=&#8221;hb-pleven-hemodialysis-bg&#8221;][\/vc_column][\/vc_row]\n<\/div>","protected":false},"excerpt":{"rendered":"<p>[mk_page_section bg_color=&#8221;#1e73be&#8221; padding_top=&#8221;40&#8243; padding_bottom=&#8221;40&#8243; sidebar=&#8221;sidebar-1&#8243;][vc_column][mk_fancy_title tag_name=&#8221;h4&#8243; color=&#8221;#ffffff&#8221; size=&#8221;48&#8243; force_font_size=&#8221;true&#8221; size_tablet=&#8221;40&#8243; font_weight=&#8221;400&#8243; txt_transform=&#8221;uppercase&#8221; margin_top=&#8221;15&#8243; margin_bottom=&#8221;0&#8243; font_family=&#8221;Open+Sans&#8221; font_type=&#8221;google&#8221; align=&#8221;center&#8221; animation=&#8221;top-to-bottom&#8221;]Hemodializ\u0103[\/mk_fancy_title][\/vc_column][\/mk_page_section][vc_row][vc_column][mk_padding_divider][vc_column_text css=&#8221;.vc_custom_1680856136688{margin-bottom: 0px !important;}&#8221;]Despre sec\u021bie: Sec\u021bia de hemodializ\u0103 de la Spitalul Inimii \u0219i Creierului din Pleven trateaz\u0103 pacien\u021bii \u00een stadiul terminal al insuficien\u021bei renale cronice. Centrul de dializ\u0103 ofer\u0103 posibilitatea de a efectua at\u00e2t hemodializ\u0103, c\u00e2t \u0219i hemodiafiltrare [&hellip;]<\/p>\n","protected":false},"author":1,"featured_media":0,"parent":24710,"menu_order":0,"comment_status":"closed","ping_status":"closed","template":"","meta":{"footnotes":""},"class_list":["post-29419","page","type-page","status-publish","hentry"],"_links":{"self":[{"href":"https:\/\/cardiacinstitute.bg\/ro\/wp-json\/wp\/v2\/pages\/29419","targetHints":{"allow":["GET"]}}],"collection":[{"href":"https:\/\/cardiacinstitute.bg\/ro\/wp-json\/wp\/v2\/pages"}],"about":[{"href":"https:\/\/cardiacinstitute.bg\/ro\/wp-json\/wp\/v2\/types\/page"}],"author":[{"embeddable":true,"href":"https:\/\/cardiacinstitute.bg\/ro\/wp-json\/wp\/v2\/users\/1"}],"replies":[{"embeddable":true,"href":"https:\/\/cardiacinstitute.bg\/ro\/wp-json\/wp\/v2\/comments?post=29419"}],"version-history":[{"count":7,"href":"https:\/\/cardiacinstitute.bg\/ro\/wp-json\/wp\/v2\/pages\/29419\/revisions"}],"predecessor-version":[{"id":50257,"href":"https:\/\/cardiacinstitute.bg\/ro\/wp-json\/wp\/v2\/pages\/29419\/revisions\/50257"}],"up":[{"embeddable":true,"href":"https:\/\/cardiacinstitute.bg\/ro\/wp-json\/wp\/v2\/pages\/24710"}],"wp:attachment":[{"href":"https:\/\/cardiacinstitute.bg\/ro\/wp-json\/wp\/v2\/media?parent=29419"}],"curies":[{"name":"wp","href":"https:\/\/api.w.org\/{rel}","templated":true}]}}