{"id":29244,"date":"2023-04-06T09:52:10","date_gmt":"2023-04-06T09:52:10","guid":{"rendered":"https:\/\/cardiacinstitute.bg\/?page_id=29244"},"modified":"2025-02-05T12:48:09","modified_gmt":"2025-02-05T12:48:09","slug":"endocrinology-department","status":"publish","type":"page","link":"https:\/\/cardiacinstitute.bg\/ro\/hospitals-and-centers\/heart-and-brain-center-of-excellence-pleven\/clinics-and-departments\/endocrinology-department\/","title":{"rendered":"Endocrinologie"},"content":{"rendered":"<div class=\"wpb-content-wrapper\">[mk_page_section bg_color=&#8221;#1e73be&#8221; padding_top=&#8221;40&#8243; padding_bottom=&#8221;40&#8243; sidebar=&#8221;sidebar-1&#8243;][vc_column][mk_fancy_title tag_name=&#8221;h4&#8243; color=&#8221;#ffffff&#8221; size=&#8221;48&#8243; force_font_size=&#8221;true&#8221; size_tablet=&#8221;40&#8243; font_weight=&#8221;400&#8243; txt_transform=&#8221;uppercase&#8221; margin_top=&#8221;15&#8243; margin_bottom=&#8221;0&#8243; font_family=&#8221;Open+Sans&#8221; font_type=&#8221;google&#8221; align=&#8221;center&#8221; animation=&#8221;top-to-bottom&#8221;]Endocrinologie[\/mk_fancy_title][\/vc_column][\/mk_page_section][vc_row][vc_column][mk_padding_divider][vc_column_text css=&#8221;.vc_custom_1680775890851{margin-bottom: 0px !important;}&#8221;]<strong>Despre departament:<\/strong><br \/>\nPrimul Departament de Endocrinologie \u0219i Boli metabolice este specializat \u00een diagnosticarea \u0219i tratamentul a numeroase boli ale glandelor endocrine, cum ar fi diabetul zaharat, sindromul metabolic, bolile tiroidiene, tulbur\u0103rile metabolismului calciului-fosforului \u0219i ale func\u021biei paratiroidiene, bolile hipofizei, ale suprarenalelor \u0219i ale gonadelor.<\/p>\n<p>Sec\u021bia dispune de 15 paturi de internare \u0219i de personal \u00eenalt calificat, care desf\u0103\u0219oar\u0103 \u00een timp util \u0219i competent activit\u0103\u021bi diagnostice \u0219i terapeutice \u00een conformitate cu standardele de bun\u0103 practic\u0103 clinic\u0103.<\/p>\n<p><strong>Activit\u0103\u021bi:<\/strong><br \/>\nDepartamentul de endocrinologie utilizeaz\u0103 echipamente de ultrasonografie de cea mai \u00eenalt\u0103 clas\u0103, permi\u021b\u00e2nd vizualizarea precis\u0103 a modific\u0103rilor difuze \u0219i focale \u00een structura glandei tiroide, a glandelor paratiroide, a ganglionilor limfatici cervicali sau a forma\u021biunilor tumorale din regiunea cervical\u0103.<\/p>\n<p>\u00cen cazul pacien\u021bilor cu diabet zaharat, exist\u0103 op\u021biunea de monitorizare a glicemiei pe 24 de ore prin \u00eencorporarea unui senzor de glucoz\u0103 pentru a determina cu precizie doza de insulin\u0103 \u0219i regimul de insulin\u0103 la ini\u021bierea sau schimbarea insulinoterapiei.<\/p>\n<p>Pe sec\u021bie, exist\u0103 posibilitatea de a efectua analiza compozi\u021biei corporale cu ajutorul unui dispozitiv de impedan\u021b\u0103 bioelectric\u0103 cu determinarea procentului de gr\u0103sime din greutatea corporal\u0103 total\u0103, prezen\u021ba \u021besutului adipos visceral, con\u021binutul de ap\u0103 din corp, activitatea metabolic\u0103 bazal\u0103 \u0219i v\u00e2rsta metabolic\u0103. \u00cen conformitate cu rezultatele studiului, se prescrie \u0219i se preg\u0103te\u0219te un regim alimentar individual.<\/p>\n<p>Pentru pacien\u021bii cu diabet zaharat, se organizeaz\u0103 sesiuni s\u0103pt\u0103m\u00e2nale de formare \u00een grupuri mici, folosind programul Diabetes Conversation Map.<\/p>\n<p>Pentru pacientele cu sindromul ovarelor polichistice \u0219i cuplurile cu probleme de reproducere, se efectueaz\u0103 o analiz\u0103 hormonal\u0103 complet\u0103 \u0219i o evaluare a tulbur\u0103rilor metabolice.[\/vc_column_text][mk_padding_divider size=&#8221;120&#8243;][mk_employees column=&#8221;4&#8243; rounded_image=&#8221;false&#8221; grayscale_image=&#8221;false&#8221; count=&#8221;-1&#8243; order=&#8221;ASC&#8221; orderby=&#8221;menu_order&#8221; categories=&#8221;hb-pleven-endocrinology-bg&#8221;][\/vc_column][\/vc_row]\n<\/div>","protected":false},"excerpt":{"rendered":"<p>[mk_page_section bg_color=&#8221;#1e73be&#8221; padding_top=&#8221;40&#8243; padding_bottom=&#8221;40&#8243; sidebar=&#8221;sidebar-1&#8243;][vc_column][mk_fancy_title tag_name=&#8221;h4&#8243; color=&#8221;#ffffff&#8221; size=&#8221;48&#8243; force_font_size=&#8221;true&#8221; size_tablet=&#8221;40&#8243; font_weight=&#8221;400&#8243; txt_transform=&#8221;uppercase&#8221; margin_top=&#8221;15&#8243; margin_bottom=&#8221;0&#8243; font_family=&#8221;Open+Sans&#8221; font_type=&#8221;google&#8221; align=&#8221;center&#8221; animation=&#8221;top-to-bottom&#8221;]Endocrinologie[\/mk_fancy_title][\/vc_column][\/mk_page_section][vc_row][vc_column][mk_padding_divider][vc_column_text css=&#8221;.vc_custom_1680775890851{margin-bottom: 0px !important;}&#8221;]Despre departament: Primul Departament de Endocrinologie \u0219i Boli metabolice este specializat \u00een diagnosticarea \u0219i tratamentul a numeroase boli ale glandelor endocrine, cum ar fi diabetul zaharat, sindromul metabolic, bolile tiroidiene, tulbur\u0103rile metabolismului calciului-fosforului \u0219i ale [&hellip;]<\/p>\n","protected":false},"author":1,"featured_media":0,"parent":24710,"menu_order":0,"comment_status":"closed","ping_status":"closed","template":"","meta":{"footnotes":""},"class_list":["post-29244","page","type-page","status-publish","hentry"],"_links":{"self":[{"href":"https:\/\/cardiacinstitute.bg\/ro\/wp-json\/wp\/v2\/pages\/29244","targetHints":{"allow":["GET"]}}],"collection":[{"href":"https:\/\/cardiacinstitute.bg\/ro\/wp-json\/wp\/v2\/pages"}],"about":[{"href":"https:\/\/cardiacinstitute.bg\/ro\/wp-json\/wp\/v2\/types\/page"}],"author":[{"embeddable":true,"href":"https:\/\/cardiacinstitute.bg\/ro\/wp-json\/wp\/v2\/users\/1"}],"replies":[{"embeddable":true,"href":"https:\/\/cardiacinstitute.bg\/ro\/wp-json\/wp\/v2\/comments?post=29244"}],"version-history":[{"count":7,"href":"https:\/\/cardiacinstitute.bg\/ro\/wp-json\/wp\/v2\/pages\/29244\/revisions"}],"predecessor-version":[{"id":50165,"href":"https:\/\/cardiacinstitute.bg\/ro\/wp-json\/wp\/v2\/pages\/29244\/revisions\/50165"}],"up":[{"embeddable":true,"href":"https:\/\/cardiacinstitute.bg\/ro\/wp-json\/wp\/v2\/pages\/24710"}],"wp:attachment":[{"href":"https:\/\/cardiacinstitute.bg\/ro\/wp-json\/wp\/v2\/media?parent=29244"}],"curies":[{"name":"wp","href":"https:\/\/api.w.org\/{rel}","templated":true}]}}