{"id":29101,"date":"2023-04-05T12:20:47","date_gmt":"2023-04-05T12:20:47","guid":{"rendered":"https:\/\/cardiacinstitute.bg\/?page_id=29101"},"modified":"2025-02-05T07:08:16","modified_gmt":"2025-02-05T07:08:16","slug":"gastroenterology-clinic","status":"publish","type":"page","link":"https:\/\/cardiacinstitute.bg\/ro\/hospitals-and-centers\/heart-and-brain-center-of-excellence-pleven\/clinics-and-departments\/gastroenterology-clinic\/","title":{"rendered":"Gastroenterologie"},"content":{"rendered":"<div class=\"wpb-content-wrapper\">[mk_page_section bg_color=&#8221;#1e73be&#8221; padding_top=&#8221;40&#8243; padding_bottom=&#8221;40&#8243; sidebar=&#8221;sidebar-1&#8243;][vc_column][mk_fancy_title tag_name=&#8221;h4&#8243; color=&#8221;#ffffff&#8221; size=&#8221;48&#8243; force_font_size=&#8221;true&#8221; size_tablet=&#8221;40&#8243; font_weight=&#8221;400&#8243; txt_transform=&#8221;uppercase&#8221; margin_top=&#8221;15&#8243; margin_bottom=&#8221;0&#8243; font_family=&#8221;Open+Sans&#8221; font_type=&#8221;google&#8221; align=&#8221;center&#8221; animation=&#8221;top-to-bottom&#8221;]Gastroenterologie[\/mk_fancy_title][\/vc_column][\/mk_page_section][vc_row][vc_column][mk_padding_divider][vc_column_text css=&#8221;.vc_custom_1681280704626{margin-bottom: 0px !important;}&#8221;]<strong>Despre sectie:<\/strong><br \/>\nClinica de Gastroenterologie are o echip\u0103 t\u00e2n\u0103r\u0103, ambi\u021bioas\u0103 \u0219i \u00eenalt calificat\u0103, format\u0103 din medici capabili \u0219i complementari, cu cuno\u0219tin\u021be avansate \u0219i o abordare modern\u0103 \u00een domeniul gastroenterologiei. Unitatea de internare are opt camere de internare cu 2, 3 \u0219i 5 paturi. \u00cen cadrul Clinicii se afl\u0103 o sal\u0103 de ecografie \u0219i sec\u021bia de endoscopie, unde se efectueaz\u0103 proceduri endoscopice interven\u021bionale.<\/p>\n<p><strong>Servicii:<\/strong><br \/>\nClinica de gastroenterologie desf\u0103\u0219oar\u0103 activit\u0103\u021bi de diagnosticare, tratament, prevenire \u0219i urm\u0103rire a \u00eentregii game de boli ale tractului gastrointestinal, boli hepatice \u0219i boli ale pancreasului \u0219i ale sistemului biliar.<\/p>\n<p>Clinica dispune de echipamente moderne de diagnosticare de \u00eenalt\u0103 tehnologie de ultim\u0103 genera\u021bie, care permit medicilor o abordare complex\u0103 de ultim\u0103 genera\u021bie \u00een diagnosticarea \u0219i tratamentul pacien\u021bilor \u00een conformitate cu cele mai recente standarde mondiale.<\/p>\n<p>De asemenea, este dotat\u0103 cu un ecograf Philips EPQ 7 de ultim\u0103 genera\u021bie, o unitate de endoscopie HD de \u00eenalt\u0103 defini\u021bie Fuji Film \u0219i un aparat de retin\u0103 cu bra\u021b \u00een C de ultim\u0103 genera\u021bie.<\/p>\n<p>Se efectueaz\u0103 urm\u0103toarele proceduri de diagnostic \u0219i terapeutice:<\/p>\n<ol>\n<li>Diagnosticarea endoscopiei superioare \u0219i inferioare cu aplicarea de rutin\u0103 a cromoendoscopiei virtuale;<\/li>\n<li>Polipectomie endoscopic\u0103 \u0219i coagulare cu argon-plasm\u0103;<\/li>\n<li>Hemostaza endoscopic\u0103 \/injectabil\u0103, termic\u0103 \u0219i mecanic\u0103\/ pentru leziuni hemoragice ale esofagului, stomacului, duodenului;<\/li>\n<li>Rezec\u021bia endoscopic\u0103 a mucoasei \u0219i disec\u021bia submucoas\u0103 endoscopic\u0103 pentru \u00eendep\u0103rtarea leziunilor premaligne precoce ale esofagului, stomacului, colonului;<\/li>\n<li>plasarea endoscopic\u0103 a gastrostomiilor;<\/li>\n<li>Protezarea endoscopic\u0103 cu proteze metalice autoexpansibile pentru obstruc\u021bia malign\u0103;<\/li>\n<li>Dilatarea cu balon a esofagului sub control endoscopic;<\/li>\n<li>Ligaturarea varicelor esofagiene;<\/li>\n<li>Tratamentul endoscopic al insuficien\u021belor anastomotice \u0219i al fistulelor;<\/li>\n<li>extrac\u021bia endoscopic\u0103 a corpurilor str\u0103ine din GIT;<\/li>\n<li>Colangiopancreatografia retrograd\u0103 endoscopic\u0103 \u0219i interven\u021biile terapeutice aferente:<\/li>\n<\/ol>\n<ul>\n<li>papillosfincterotomia, dilatarea cu balon a papilei Fateri;<\/li>\n<li>extragerea concre\u021biunilor din canalele biliare, litotripsie mecanic\u0103;<\/li>\n<li>protezare endocoas\u0103 cu proteze din plastic \u0219i proteze metalice autoexpansibile;<\/li>\n<li>biopsie intraductal\u0103.<\/li>\n<\/ul>\n<ol start=\"12\">\n<li>Ecoendoscopie diagnostic\u0103 \u0219i terapeutic\u0103:<\/li>\n<\/ol>\n<ul>\n<li>Caracteristicile \u0219i stadializarea leziunilor subepiteliale ale GIT;<\/li>\n<li>Perfec\u021bionarea diagnosticului neoplasmelor chistice pancreatice, al tumorilor solide ale pancreasului \u0219i al tumorilor periampulare;<\/li>\n<li>Biopsie cu ac fin sub control ecoendoscopic pentru verificare histologic\u0103 \u0219i\/sau citologic\u0103, evit\u00e2ndu-se interven\u021biile chirurgicale exploratorii.<\/li>\n<li>Drenajul \u00een pseudochisturile pancreatice.<\/li>\n<\/ul>\n<ol start=\"13\">\n<li>Ecografia organelor abdominale \u0219i a retroperitoneului<\/li>\n<\/ol>\n<ul>\n<li>ultrasonografie conven\u021bional\u0103 \u0219i Doppler;<\/li>\n<li>ultrasonografie cu contrast;<\/li>\n<li>evaluarea neinvaziv\u0103 a fibrozei hepatice &#8211; elastografia;<\/li>\n<li>efectuarea de biopsii percutanate sub control ecografic;<\/li>\n<li>efectuarea de drenaje percutanate sub control ultrasonografic.<\/li>\n<\/ul>\n<p>Clinica de Gastroenterologie colaboreaz\u0103 cu Clinica de Chirurgie \u00een domeniul a\u0219a-numitei chirurgii hibride. Se efectueaz\u0103 ultrasonografie intraoperatorie, opera\u021bii laparoscopice asistate endoscopic ale stomacului, colonului \u0219i sistemului biliar.[\/vc_column_text][mk_padding_divider size=&#8221;120&#8243;][mk_employees column=&#8221;4&#8243; rounded_image=&#8221;false&#8221; grayscale_image=&#8221;false&#8221; count=&#8221;-1&#8243; order=&#8221;ASC&#8221; orderby=&#8221;menu_order&#8221; categories=&#8221;hb-pleven-gastroenterology-bg&#8221;][\/vc_column][\/vc_row]\n<\/div>","protected":false},"excerpt":{"rendered":"<p>[mk_page_section bg_color=&#8221;#1e73be&#8221; padding_top=&#8221;40&#8243; padding_bottom=&#8221;40&#8243; sidebar=&#8221;sidebar-1&#8243;][vc_column][mk_fancy_title tag_name=&#8221;h4&#8243; color=&#8221;#ffffff&#8221; size=&#8221;48&#8243; force_font_size=&#8221;true&#8221; size_tablet=&#8221;40&#8243; font_weight=&#8221;400&#8243; txt_transform=&#8221;uppercase&#8221; margin_top=&#8221;15&#8243; margin_bottom=&#8221;0&#8243; font_family=&#8221;Open+Sans&#8221; font_type=&#8221;google&#8221; align=&#8221;center&#8221; animation=&#8221;top-to-bottom&#8221;]Gastroenterologie[\/mk_fancy_title][\/vc_column][\/mk_page_section][vc_row][vc_column][mk_padding_divider][vc_column_text css=&#8221;.vc_custom_1681280704626{margin-bottom: 0px !important;}&#8221;]Despre sectie: Clinica de Gastroenterologie are o echip\u0103 t\u00e2n\u0103r\u0103, ambi\u021bioas\u0103 \u0219i \u00eenalt calificat\u0103, format\u0103 din medici capabili \u0219i complementari, cu cuno\u0219tin\u021be avansate \u0219i o abordare modern\u0103 \u00een domeniul gastroenterologiei. Unitatea de internare are opt camere [&hellip;]<\/p>\n","protected":false},"author":1,"featured_media":0,"parent":24710,"menu_order":0,"comment_status":"closed","ping_status":"closed","template":"","meta":{"footnotes":""},"class_list":["post-29101","page","type-page","status-publish","hentry"],"_links":{"self":[{"href":"https:\/\/cardiacinstitute.bg\/ro\/wp-json\/wp\/v2\/pages\/29101","targetHints":{"allow":["GET"]}}],"collection":[{"href":"https:\/\/cardiacinstitute.bg\/ro\/wp-json\/wp\/v2\/pages"}],"about":[{"href":"https:\/\/cardiacinstitute.bg\/ro\/wp-json\/wp\/v2\/types\/page"}],"author":[{"embeddable":true,"href":"https:\/\/cardiacinstitute.bg\/ro\/wp-json\/wp\/v2\/users\/1"}],"replies":[{"embeddable":true,"href":"https:\/\/cardiacinstitute.bg\/ro\/wp-json\/wp\/v2\/comments?post=29101"}],"version-history":[{"count":10,"href":"https:\/\/cardiacinstitute.bg\/ro\/wp-json\/wp\/v2\/pages\/29101\/revisions"}],"predecessor-version":[{"id":50123,"href":"https:\/\/cardiacinstitute.bg\/ro\/wp-json\/wp\/v2\/pages\/29101\/revisions\/50123"}],"up":[{"embeddable":true,"href":"https:\/\/cardiacinstitute.bg\/ro\/wp-json\/wp\/v2\/pages\/24710"}],"wp:attachment":[{"href":"https:\/\/cardiacinstitute.bg\/ro\/wp-json\/wp\/v2\/media?parent=29101"}],"curies":[{"name":"wp","href":"https:\/\/api.w.org\/{rel}","templated":true}]}}