{"id":26431,"date":"2022-09-14T06:41:46","date_gmt":"2022-09-14T06:41:46","guid":{"rendered":"https:\/\/cardiacinstitute.bg\/?page_id=26431"},"modified":"2022-09-14T07:02:10","modified_gmt":"2022-09-14T07:02:10","slug":"diseases-of-the-mammary-gland","status":"publish","type":"page","link":"https:\/\/cardiacinstitute.bg\/ro\/for-patients\/diseases-of-the-mammary-gland\/","title":{"rendered":"Boli ale glandei mamare"},"content":{"rendered":"<div class=\"wpb-content-wrapper\">[vc_row][vc_column][mk_fancy_title tag_name=&#8221;h4&#8243; color=&#8221;#1e73be&#8221; size=&#8221;36&#8243; force_font_size=&#8221;true&#8221; txt_transform=&#8221;uppercase&#8221; font_family=&#8221;none&#8221; animation=&#8221;top-to-bottom&#8221;]\n<p style=\"text-align: center;\">Boli ale glandei mamare<\/p>\n[\/mk_fancy_title][mk_padding_divider][\/vc_column][\/vc_row][vc_row][vc_column][vc_column_text css=&#8221;.vc_custom_1663138927197{margin-bottom: 0px !important;}&#8221;]\n<ul>\n<li><img loading=\"lazy\" decoding=\"async\" class=\"size-full wp-image-14883 alignright\" src=\"https:\/\/cardiacinstitute.bg\/wp-content\/uploads\/2021\/03\/dmg-women-1.jpg\" alt=\"\" width=\"555\" height=\"370\" srcset=\"https:\/\/cardiacinstitute.bg\/wp-content\/uploads\/2021\/03\/dmg-women-1.jpg 555w, https:\/\/cardiacinstitute.bg\/wp-content\/uploads\/2021\/03\/dmg-women-1-300x200.jpg 300w\" sizes=\"auto, (max-width: 555px) 100vw, 555px\" \/> Bolile glandelor mamare sunt frecvente, dar doar 20% dintre ele sunt oncologice.<\/li>\n<li>Bolile canceroase necesita un diagnostic oportun si precis pentru a aplica cu succes progresele de ultima generatie in tratamentul lor.<\/li>\n<li>Bolile benigne ale glandelor mamare necesita diagnostic si tratament in timp util si precis, deoarece unele dintre ele se pot transforma in cancer. <span style=\"color: #ff00ff;\">Unele tipuri de cancer imita manifestari benigne in dezvoltarea lor initiala<\/span>.<\/li>\n<li>Diagnosticul si tratamentul bolilor glandelor mamare necesita o inalta competenta profesionala a medicilor pentru a le depista si trata in timp util, in special a celor maligne.<\/li>\n<li><span style=\"color: #ff00ff;\">Este deosebit de important ca femeile cu varste cuprinse intre 50 si 70 de ani sa faca anual examinari preventive \u2013 mamografii si examinare de catre un chirurg<\/span>.<\/li>\n<li style=\"list-style-type: none;\"><\/li>\n<\/ul>\n[\/vc_column_text][\/vc_column][\/vc_row][vc_row][vc_column][vc_column_text css=&#8221;.vc_custom_1663137968396{margin-bottom: 0px !important;}&#8221;]<img loading=\"lazy\" decoding=\"async\" class=\"alignleft size-full wp-image-14880\" src=\"https:\/\/cardiacinstitute.bg\/wp-content\/uploads\/2021\/03\/dmg-ribbon-1.jpg\" alt=\"\" width=\"555\" height=\"370\" srcset=\"https:\/\/cardiacinstitute.bg\/wp-content\/uploads\/2021\/03\/dmg-ribbon-1.jpg 555w, https:\/\/cardiacinstitute.bg\/wp-content\/uploads\/2021\/03\/dmg-ribbon-1-300x200.jpg 300w\" sizes=\"auto, (max-width: 555px) 100vw, 555px\" \/><\/p>\n<p>Clinica de Chirurgie Generala si Oncologica si celelalte structuri orientate spre oncologie ale Spitalului pentru Inima si Creier din Pleven au implementat cele mai avansate metode de diagnostic si tratament ale femeilor cu afec\u021biuni ale glandelor mamare si ofera o abordare cuprinzatoare la un nivel \u00eenalt. Unele dintre metodele chirurgicale avansate sunt: \u200b\u200babordarea oncoplastica in operatiile de conservare a sanilor. Se pastreaza forma sanului; se construie\u0219te un san \u201enou\u201d dupa indep\u0103rtarea \u00eentregului s\u00e2n. Se folosesc implanturi sau grefe; interventie chirurgicala pe celalalt san pentru a realiza simetria cu sanul operat atunci cand este necesar; aplicarea aaa-numitei biopsii santinela pentru a realiza o opera\u021bie mai paraial\u0103 si a preveni umflarea bratului; marcarea preoperatorie a tumorilor nepigmentabile cu metode de diagnostic imagistic pentru a obtine indepartarea precisa a tumorii; indepartarea tesutului din tumora cu un dispozitiv cu tub an T; si indepartarea tumorii cu un dispozitiv cu tub in T. Participarea competenta a chirurgilor in comitetul de oncologie pentru a evalua tratamentul complex general este o parte importanta a organizarii diagnosticului si tratamentului cancerului de san.[\/vc_column_text][\/vc_column][\/vc_row][vc_row][vc_column][vc_column_text css=&#8221;.vc_custom_1663138172943{margin-bottom: 0px !important;}&#8221;]Mai multe informa\u021bii: <a href=\"https:\/\/cardiacinstitute.bg\/wp-content\/uploads\/2021\/03\/hb-diseases-of-the-mammary-gland.pdf\"><em>aici<\/em> <\/a><\/p>\n<p>Daca doriti sa contactati Clinica de Cancer si Chirurgie Generala, va rugam sa vizita\u021bi <a href=\"https:\/\/cardiacinstitute.bg\/ro\/\">www.cardiacinstitute.bg<\/a> sau sa sunati la 064 678400, 02 4026333<\/p>\n<p><span style=\"color: #ff00ff;\">Fii cu ochii pe viitoarele examinari si controale gratuite pentru cancerul de san la clinica.<\/span>[\/vc_column_text][\/vc_column][\/vc_row]\n<\/div>","protected":false},"excerpt":{"rendered":"<p>[vc_row][vc_column][mk_fancy_title tag_name=&#8221;h4&#8243; color=&#8221;#1e73be&#8221; size=&#8221;36&#8243; force_font_size=&#8221;true&#8221; txt_transform=&#8221;uppercase&#8221; font_family=&#8221;none&#8221; animation=&#8221;top-to-bottom&#8221;] Boli ale glandei mamare [\/mk_fancy_title][mk_padding_divider][\/vc_column][\/vc_row][vc_row][vc_column][vc_column_text css=&#8221;.vc_custom_1663138927197{margin-bottom: 0px !important;}&#8221;] Bolile glandelor mamare sunt frecvente, dar doar 20% dintre ele sunt oncologice. Bolile canceroase necesita un diagnostic oportun si precis pentru a aplica cu succes progresele de ultima generatie in tratamentul lor. Bolile benigne ale glandelor mamare necesita diagnostic [&hellip;]<\/p>\n","protected":false},"author":1,"featured_media":0,"parent":21732,"menu_order":0,"comment_status":"closed","ping_status":"closed","template":"","meta":{"footnotes":""},"class_list":["post-26431","page","type-page","status-publish","hentry"],"_links":{"self":[{"href":"https:\/\/cardiacinstitute.bg\/ro\/wp-json\/wp\/v2\/pages\/26431","targetHints":{"allow":["GET"]}}],"collection":[{"href":"https:\/\/cardiacinstitute.bg\/ro\/wp-json\/wp\/v2\/pages"}],"about":[{"href":"https:\/\/cardiacinstitute.bg\/ro\/wp-json\/wp\/v2\/types\/page"}],"author":[{"embeddable":true,"href":"https:\/\/cardiacinstitute.bg\/ro\/wp-json\/wp\/v2\/users\/1"}],"replies":[{"embeddable":true,"href":"https:\/\/cardiacinstitute.bg\/ro\/wp-json\/wp\/v2\/comments?post=26431"}],"version-history":[{"count":9,"href":"https:\/\/cardiacinstitute.bg\/ro\/wp-json\/wp\/v2\/pages\/26431\/revisions"}],"predecessor-version":[{"id":26443,"href":"https:\/\/cardiacinstitute.bg\/ro\/wp-json\/wp\/v2\/pages\/26431\/revisions\/26443"}],"up":[{"embeddable":true,"href":"https:\/\/cardiacinstitute.bg\/ro\/wp-json\/wp\/v2\/pages\/21732"}],"wp:attachment":[{"href":"https:\/\/cardiacinstitute.bg\/ro\/wp-json\/wp\/v2\/media?parent=26431"}],"curies":[{"name":"wp","href":"https:\/\/api.w.org\/{rel}","templated":true}]}}