{"id":25921,"date":"2022-09-01T07:48:36","date_gmt":"2022-09-01T07:48:36","guid":{"rendered":"https:\/\/cardiacinstitute.bg\/?page_id=25921"},"modified":"2025-02-05T12:52:28","modified_gmt":"2025-02-05T12:52:28","slug":"physical-therapy-and-rehabilitation-clinic","status":"publish","type":"page","link":"https:\/\/cardiacinstitute.bg\/ro\/hospitals-and-centers\/heart-and-brain-center-of-excellence-pleven\/clinics-and-departments\/physical-therapy-and-rehabilitation-clinic\/","title":{"rendered":"Kinetoterapie \u0219i reabilitare"},"content":{"rendered":"<div class=\"wpb-content-wrapper\">[mk_page_section bg_color=&#8221;#1e73be&#8221; padding_top=&#8221;40&#8243; padding_bottom=&#8221;40&#8243; sidebar=&#8221;sidebar-1&#8243;][vc_column][mk_fancy_title tag_name=&#8221;h4&#8243; color=&#8221;#ffffff&#8221; size=&#8221;48&#8243; force_font_size=&#8221;true&#8221; size_tablet=&#8221;40&#8243; font_weight=&#8221;400&#8243; txt_transform=&#8221;uppercase&#8221; margin_top=&#8221;15&#8243; margin_bottom=&#8221;0&#8243; font_family=&#8221;Open+Sans&#8221; font_type=&#8221;google&#8221; align=&#8221;center&#8221; animation=&#8221;top-to-bottom&#8221;]Kinetoterapie \u0219i reabilitare[\/mk_fancy_title][\/vc_column][\/mk_page_section][vc_row][vc_column][mk_padding_divider][vc_column_text css=&#8221;.vc_custom_1662019226691{margin-bottom: 0px !important;}&#8221;]<strong>Despre clinica:<\/strong><br \/>\nClinica dispune de personal competent \u0219i echipamente \u00eenalt specializate capabile s\u0103 efectueze proceduri remarcabile de neuro-reabilitare.<\/p>\n<p><strong>Activit\u0103\u021bi:<\/strong><br \/>\nActivitatea noastr\u0103 cuprinde dou\u0103 direc\u021bii principale:<\/p>\n<ul>\n<li>Programe complexe de neuro-reabilitare, \u00eendreptate c\u0103tre pacien\u021bii din clinicile de neurologie, neurochirurgie, cardiologie, cardio-chirurgie, oncologie, ortopedie \u0219i chirurgie vascular\u0103, care au sus\u021binut adesea interven\u021bii de volum \u0219i complexitate considerabil\u0103 \u00een \u00eentregul spectru al specialit\u0103\u021bilor men\u021bionate \u0219i au nevoie de servicii specializate. reabilitare.<\/li>\n<li>Programe de kinetoterapie \u0219i reabilitare practicate \u00een foarte pu\u021bine spitale, precum \u0219i o practic\u0103 practic unic\u0103 spitalului nostru, const\u00e2nd \u00een efectuarea procedurilor hardware de kinetoterapie direct la patul pacientului, inclusiv \u00een sec\u021biile de terapie intensiv\u0103.<\/li>\n<\/ul>\n<p>Activit\u0103\u021bile de reabilitare includ \u0219i terapie cu ultrasunete, magnetoterapie, terapie cu laser, electroterapie \u0219i terapie UV, toate realizate folosind cele mai moderne echipamente portabile.[\/vc_column_text][mk_padding_divider size=&#8221;120&#8243;][mk_employees column=&#8221;4&#8243; rounded_image=&#8221;false&#8221; grayscale_image=&#8221;false&#8221; count=&#8221;-1&#8243; order=&#8221;ASC&#8221; orderby=&#8221;menu_order&#8221; categories=&#8221;hb-pleven-physical-therapy-en&#8221;][\/vc_column][\/vc_row]\n<\/div>","protected":false},"excerpt":{"rendered":"<p>[mk_page_section bg_color=&#8221;#1e73be&#8221; padding_top=&#8221;40&#8243; padding_bottom=&#8221;40&#8243; sidebar=&#8221;sidebar-1&#8243;][vc_column][mk_fancy_title tag_name=&#8221;h4&#8243; color=&#8221;#ffffff&#8221; size=&#8221;48&#8243; force_font_size=&#8221;true&#8221; size_tablet=&#8221;40&#8243; font_weight=&#8221;400&#8243; txt_transform=&#8221;uppercase&#8221; margin_top=&#8221;15&#8243; margin_bottom=&#8221;0&#8243; font_family=&#8221;Open+Sans&#8221; font_type=&#8221;google&#8221; align=&#8221;center&#8221; animation=&#8221;top-to-bottom&#8221;]Kinetoterapie \u0219i reabilitare[\/mk_fancy_title][\/vc_column][\/mk_page_section][vc_row][vc_column][mk_padding_divider][vc_column_text css=&#8221;.vc_custom_1662019226691{margin-bottom: 0px !important;}&#8221;]Despre clinica: Clinica dispune de personal competent \u0219i echipamente \u00eenalt specializate capabile s\u0103 efectueze proceduri remarcabile de neuro-reabilitare. Activit\u0103\u021bi: Activitatea noastr\u0103 cuprinde dou\u0103 direc\u021bii principale: Programe complexe de neuro-reabilitare, \u00eendreptate c\u0103tre pacien\u021bii din [&hellip;]<\/p>\n","protected":false},"author":1,"featured_media":0,"parent":24710,"menu_order":0,"comment_status":"closed","ping_status":"closed","template":"","meta":{"footnotes":""},"class_list":["post-25921","page","type-page","status-publish","hentry"],"_links":{"self":[{"href":"https:\/\/cardiacinstitute.bg\/ro\/wp-json\/wp\/v2\/pages\/25921","targetHints":{"allow":["GET"]}}],"collection":[{"href":"https:\/\/cardiacinstitute.bg\/ro\/wp-json\/wp\/v2\/pages"}],"about":[{"href":"https:\/\/cardiacinstitute.bg\/ro\/wp-json\/wp\/v2\/types\/page"}],"author":[{"embeddable":true,"href":"https:\/\/cardiacinstitute.bg\/ro\/wp-json\/wp\/v2\/users\/1"}],"replies":[{"embeddable":true,"href":"https:\/\/cardiacinstitute.bg\/ro\/wp-json\/wp\/v2\/comments?post=25921"}],"version-history":[{"count":8,"href":"https:\/\/cardiacinstitute.bg\/ro\/wp-json\/wp\/v2\/pages\/25921\/revisions"}],"predecessor-version":[{"id":50170,"href":"https:\/\/cardiacinstitute.bg\/ro\/wp-json\/wp\/v2\/pages\/25921\/revisions\/50170"}],"up":[{"embeddable":true,"href":"https:\/\/cardiacinstitute.bg\/ro\/wp-json\/wp\/v2\/pages\/24710"}],"wp:attachment":[{"href":"https:\/\/cardiacinstitute.bg\/ro\/wp-json\/wp\/v2\/media?parent=25921"}],"curies":[{"name":"wp","href":"https:\/\/api.w.org\/{rel}","templated":true}]}}