{"id":25916,"date":"2022-09-01T07:38:39","date_gmt":"2022-09-01T07:38:39","guid":{"rendered":"https:\/\/cardiacinstitute.bg\/?page_id=25916"},"modified":"2025-02-07T08:29:55","modified_gmt":"2025-02-07T08:29:55","slug":"medical-imaging-department","status":"publish","type":"page","link":"https:\/\/cardiacinstitute.bg\/ro\/hospitals-and-centers\/heart-and-brain-center-of-excellence-pleven\/clinics-and-departments\/medical-imaging-department\/","title":{"rendered":"Imagistic\u0103 medical\u0103"},"content":{"rendered":"<div class=\"wpb-content-wrapper\">[mk_page_section bg_color=&#8221;#1e73be&#8221; padding_top=&#8221;40&#8243; padding_bottom=&#8221;40&#8243; sidebar=&#8221;sidebar-1&#8243;][vc_column][mk_fancy_title tag_name=&#8221;h4&#8243; color=&#8221;#ffffff&#8221; size=&#8221;48&#8243; force_font_size=&#8221;true&#8221; size_tablet=&#8221;40&#8243; font_weight=&#8221;400&#8243; txt_transform=&#8221;uppercase&#8221; margin_top=&#8221;15&#8243; margin_bottom=&#8221;0&#8243; font_family=&#8221;Open+Sans&#8221; font_type=&#8221;google&#8221; align=&#8221;center&#8221; animation=&#8221;top-to-bottom&#8221;]Imagistic\u0103 medical\u0103[\/mk_fancy_title][\/vc_column][\/mk_page_section][vc_row][vc_column][mk_padding_divider][vc_column_text css=&#8221;.vc_custom_1662018903409{margin-bottom: 0px !important;}&#8221;]<strong>Despre sectie:<\/strong><br \/>\nSectia de imagistic\u0103 medical\u0103 ofer\u0103 toate posibilit\u0103\u021bile contemporane de diagnosticare de calitate \u0219i \u00een timp util a tuturor organelor \u0219i sistemelor anatomice.<\/p>\n<p>Lucr\u0103m cu echipamente digitale moderne, de \u00eenalt\u0103 rezolu\u021bie, care permit imagini de \u00eenalt\u0103 calitate, utilizate pentru diagnosticarea \u0219i tratarea unui spectru larg de afec\u021biuni: un sistem de rezonan\u021b\u0103 magnetic\u0103 Philips Ingenia MR-OR, dou\u0103 computer tomograf Philips Incisive cu 128 de felii, un digital Hologic Selenia Dimensions. aparat de mamografie care include un sistem de biopsie stereotaxic 2D, aparate digitale cu raze X Philips Juno DRF \u0219i PSR Eleva S Plus \u0219i un aparat cu ultrasunete Philips Clear view 350.<\/p>\n<p>Cu sistemul iDose4 inovator, beneficiem de o calitate \u00eembun\u0103t\u0103\u021bit\u0103 a imaginii la niveluri sc\u0103zute de radia\u021bie datorit\u0103 prevenirii apari\u021biei artefactelor, nivelurilor mai sc\u0103zute de zgomot \u0219i rezolu\u021biei spa\u021biale crescute. Folosind cele mai noi progrese tehnologice, nivelurile de iradiere a pacientului cu radia\u021bii ionizante sunt reduse cu 50% \u00een medie.<\/p>\n<p>Philips Ingenia MR-OR este singurul MR intraoperator din Bulgaria \u0219i din Balcani, permi\u021b\u00e2nd imagini de \u00eenalt\u0103 calitate \u00een timpul procedurilor neurochirurgicale \u0219i oferind actualiz\u0103ri despre neuro-naviga\u021bie, precum \u0219i informa\u021bii despre progresul chirurgical. \u00cen timpul examin\u0103rii, pacien\u021bii sunt transfera\u021bi f\u0103r\u0103 probleme \u00eentre sala de opera\u021bie \u0219i sistemul Philips Ingenia MR-OR, cu doar prelungirea minim\u0103 a interven\u021biei operatorii \u0219i posibilitatea de a salva set\u0103rile de blocare operator pentru un proces de lucru neurochirurgical mai eficient.<\/p>\n<p><strong>Activit\u0103\u021bi:<\/strong><br \/>\nSectia noastra realizeaz\u0103:<\/p>\n<p>Angiografia CT a aortei toracoabdominale \u2013 aceast\u0103 metod\u0103 este util\u0103 pentru evaluarea unei posibile disec\u021bii de aort\u0103, anevrism \u0219i evaluarea stadiului bolii ateromatoase vasculare.<\/p>\n<p>Angiografia CT cardiac\u0103 \u2013 aceast\u0103 metod\u0103 este util\u0103 pentru evaluarea vaselor coronare, precum \u0219i pentru efectuarea unei analize func\u021bionale a miocardiei.<\/p>\n<p>Angiografia CT a vaselor pulmonare, tromboembolism pulmonar \u2013 aceast\u0103 metod\u0103 este util\u0103 pentru aprecierea unui eventual tromboembol pulmonar. Permite urm\u0103rirea maselor trombotice p\u00e2n\u0103 la nivelul segmentar \u0219i subsegmental al circula\u021biei sanguine pulmonare.<\/p>\n<p>CT a capului \u2013 toate bolile sistemului nervos central care necesit\u0103 un diagnostic rapid \u0219i \u00een timp util: infarct cerebral ischemic \u0219i hemoragic, procese maligne voluminoase \u00een cavitatea cranian\u0103, anomalii congenitale \u0219i\/sau orice varia\u021bii conexe ale anatomiei normale, care au impact asupra interven\u021bii chirurgicale ulterioare; boli ale vaselor mici ale circula\u021biei cerebrale, monitorizarea pacientului postoperatorie; traumatism cranio-cerebral; boli inflamatorii ale creierului \u0219i meningelor; procese patologice privind cavit\u0103\u021bile paranazale. Pentru nevoile speciali\u0219tilor din clinicile de neurologie \u0219i neurochirurgie, aceast\u0103 metod\u0103 eviden\u021biaz\u0103 dilatarea \u0219i \u00eengustarea de-a lungul cursului vaselor cerebrale.<\/p>\n<p>CT pulmonar \u2013 acest tip de examinare relev\u0103 prezen\u021ba afec\u021biunilor pulmonare, inclusiv a tumorilor, cu mult \u00eenainte ca aceste boli s\u0103 se fac\u0103 cunoscute prin simptomele lor clinice caracteristice.<\/p>\n<p>CT \u2013 abdomen \u0219i pelvis inferior \u2013 aceast\u0103 metod\u0103 este util\u0103 pentru evaluarea patologiilor organelor din abdomen \u0219i pelvis inferior \u2013 acumulare de lichid \u00een cavitatea abdominal\u0103 \u0219i pelvis inferior, acumulare de gaze, tulbur\u0103ri inflamatorii, modific\u0103ri \u0219i\/sau diseminare postoperatorii .<\/p>\n<p>CT \u2013 angiografia periferic\u0103 \u2013 aceast\u0103 metod\u0103 permite evaluarea neinvaziv\u0103 a vaselor de pe membrele superioare \u0219i inferioare la pacien\u021bii cu insuficien\u021b\u0103 arterial\u0103 cronic\u0103.<\/p>\n<p>\u00cen plus, sectia efectueaz\u0103 imagistic\u0103 cu raze X, mamografie \u0219i rezonan\u021b\u0103 magnetic\u0103. Noul sistem de radiografie digital\u0103 permite capturarea datelor direct pe o suprafa\u021b\u0103 de detectare \u0219i apoi transferul imaginii f\u0103r\u0103 fir pe o sta\u021bie de lucru. Sistemul DR ofer\u0103 posibilitatea stoc\u0103rii mai multor imagini. Odat\u0103 terminat\u0103 expunerea, imaginile pot fi procesate, stocate, trimise printr-o re\u021bea \u00een format DICOM sau scrise pe CD\/DVD\/USB.[\/vc_column_text][mk_padding_divider size=&#8221;120&#8243;][mk_employees column=&#8221;4&#8243; rounded_image=&#8221;false&#8221; grayscale_image=&#8221;false&#8221; count=&#8221;-1&#8243; order=&#8221;ASC&#8221; orderby=&#8221;menu_order&#8221; categories=&#8221;hb-pleven-%d0%bcedical-imaging-en&#8221;][\/vc_column][\/vc_row]\n<\/div>","protected":false},"excerpt":{"rendered":"<p>[mk_page_section bg_color=&#8221;#1e73be&#8221; padding_top=&#8221;40&#8243; padding_bottom=&#8221;40&#8243; sidebar=&#8221;sidebar-1&#8243;][vc_column][mk_fancy_title tag_name=&#8221;h4&#8243; color=&#8221;#ffffff&#8221; size=&#8221;48&#8243; force_font_size=&#8221;true&#8221; size_tablet=&#8221;40&#8243; font_weight=&#8221;400&#8243; txt_transform=&#8221;uppercase&#8221; margin_top=&#8221;15&#8243; margin_bottom=&#8221;0&#8243; font_family=&#8221;Open+Sans&#8221; font_type=&#8221;google&#8221; align=&#8221;center&#8221; animation=&#8221;top-to-bottom&#8221;]Imagistic\u0103 medical\u0103[\/mk_fancy_title][\/vc_column][\/mk_page_section][vc_row][vc_column][mk_padding_divider][vc_column_text css=&#8221;.vc_custom_1662018903409{margin-bottom: 0px !important;}&#8221;]Despre sectie: Sectia de imagistic\u0103 medical\u0103 ofer\u0103 toate posibilit\u0103\u021bile contemporane de diagnosticare de calitate \u0219i \u00een timp util a tuturor organelor \u0219i sistemelor anatomice. Lucr\u0103m cu echipamente digitale moderne, de \u00eenalt\u0103 rezolu\u021bie, care permit [&hellip;]<\/p>\n","protected":false},"author":1,"featured_media":0,"parent":24710,"menu_order":8,"comment_status":"closed","ping_status":"closed","template":"","meta":{"footnotes":""},"class_list":["post-25916","page","type-page","status-publish","hentry"],"_links":{"self":[{"href":"https:\/\/cardiacinstitute.bg\/ro\/wp-json\/wp\/v2\/pages\/25916","targetHints":{"allow":["GET"]}}],"collection":[{"href":"https:\/\/cardiacinstitute.bg\/ro\/wp-json\/wp\/v2\/pages"}],"about":[{"href":"https:\/\/cardiacinstitute.bg\/ro\/wp-json\/wp\/v2\/types\/page"}],"author":[{"embeddable":true,"href":"https:\/\/cardiacinstitute.bg\/ro\/wp-json\/wp\/v2\/users\/1"}],"replies":[{"embeddable":true,"href":"https:\/\/cardiacinstitute.bg\/ro\/wp-json\/wp\/v2\/comments?post=25916"}],"version-history":[{"count":9,"href":"https:\/\/cardiacinstitute.bg\/ro\/wp-json\/wp\/v2\/pages\/25916\/revisions"}],"predecessor-version":[{"id":50246,"href":"https:\/\/cardiacinstitute.bg\/ro\/wp-json\/wp\/v2\/pages\/25916\/revisions\/50246"}],"up":[{"embeddable":true,"href":"https:\/\/cardiacinstitute.bg\/ro\/wp-json\/wp\/v2\/pages\/24710"}],"wp:attachment":[{"href":"https:\/\/cardiacinstitute.bg\/ro\/wp-json\/wp\/v2\/media?parent=25916"}],"curies":[{"name":"wp","href":"https:\/\/api.w.org\/{rel}","templated":true}]}}