{"id":24993,"date":"2022-08-19T11:34:18","date_gmt":"2022-08-19T11:34:18","guid":{"rendered":"https:\/\/cardiacinstitute.bg\/?page_id=24993"},"modified":"2022-09-07T11:21:13","modified_gmt":"2022-09-07T11:21:13","slug":"hospital-procedures","status":"publish","type":"page","link":"https:\/\/cardiacinstitute.bg\/ro\/hospitals-and-centers\/heart-and-brain-center-of-excellence-burgas\/hospital-procedures\/","title":{"rendered":"Proceduri spitalicesti"},"content":{"rendered":"<div class=\"wpb-content-wrapper\">[mk_page_section bg_color=&#8221;#1e73be&#8221; padding_top=&#8221;40&#8243; padding_bottom=&#8221;40&#8243; sidebar=&#8221;sidebar-1&#8243;][vc_column][mk_fancy_title tag_name=&#8221;h4&#8243; color=&#8221;#ffffff&#8221; size=&#8221;48&#8243; force_font_size=&#8221;true&#8221; size_tablet=&#8221;40&#8243; font_weight=&#8221;400&#8243; txt_transform=&#8221;uppercase&#8221; margin_top=&#8221;15&#8243; margin_bottom=&#8221;0&#8243; font_family=&#8221;Open+Sans&#8221; font_type=&#8221;google&#8221; align=&#8221;center&#8221; animation=&#8221;top-to-bottom&#8221;]Proceduri spitalicesti[\/mk_fancy_title][\/vc_column][\/mk_page_section][vc_row][vc_column][mk_padding_divider][vc_column_text css=&#8221;.vc_custom_1662549671526{margin-bottom: 0px !important;}&#8221;]\n<h4>Clinica de chirurgie cardiaca<\/h4>\n<p>Domeniul de aplicare a procedurilor<\/p>\n<ul>\n<li>Chirurgie de bypass coronarian: revascularizare miocardic\u0103 cu sau f\u0103r\u0103 circula\u021bie extracorporal\u0103<\/li>\n<li>Chirurgie minim invaziv\u0103 a valvei aortice \u0219i aortei ascendente cu mini sternotomie (6-7 cm t\u0103ietur\u0103 cutanat\u0103). Aceast\u0103 abordare permite o recuperare mai rapid\u0103<\/li>\n<li>Chirurgia aortei ascendente \u0219i arcului aortic<\/li>\n<li>Chirurgie minim invaziv\u0103 pentru valva mitral\u0103 \u0219i tricuspid\u0103, precum \u0219i pentru unele afec\u021biuni congenitale precum defectul septal atrial<\/li>\n<li>Interven\u021bii operative inovatoare de tip valve-spearing ale valvelor aortice, mitrale \u0219i tricuspide<\/li>\n<li>Tratamentul cardiac pentru pacien\u021bii cu sindrom Marfan pentru prevenirea rupturii aortei ascendente care pun via\u021ba \u00een pericol<\/li>\n<li>Chirurgia tumorilor cardiace<\/li>\n<li>Chirurgie pentru tulbur\u0103ri de conducere \u0219i ritm, implantare chirurgical\u0103 a unui stimulator cardiac, Terapie de resincronizare cardiac\u0103 la pacien\u021bii cu insuficien\u021b\u0103 cardiac\u0103<\/li>\n<li>Implantarea chirurgical\u0103 a cateterului intracardiac permanent<\/li>\n<li>Chirurgie pentru bolile pericardice<\/li>\n<li>Chirurgie pentru embolia pulmonar\u0103 masiv\u0103<\/li>\n<li>Chirurgie pentru malforma\u021bii cardiace congenitale la pacien\u021bii cu v\u00e2rsta de 18 ani<\/li>\n<li>Tratamentul chirurgical al dehiscen\u021bei sternului<\/li>\n<\/ul>\n<h4>Sec\u021bia cardiologie<\/h4>\n<p>Domeniul de aplicare a procedurilor<\/p>\n<ul>\n<li>M\u0103surarea zgomotelor inimii<\/li>\n<li>M\u0103surarea tensiunii arteriale<\/li>\n<li>Electrocardiografie (ECG):<\/li>\n<li>Ecocardiografie (Echo)<\/li>\n<li>Test de stres ECG (test de stres al inimii)<\/li>\n<li>Controlul stimulatoarelor cardiace<\/li>\n<\/ul>\n<h4>Sec\u021bia de cardiochirurgie intensiv\u0103<\/h4>\n<p>Domeniul de aplicare a procedurilor<\/p>\n<ul>\n<li>Reabilitari respiratorii postoperatorii, oxigenoterapie, inhalatii de mucolitic, terapie non-obstructiva, spirometrie stimulativa<\/li>\n<li>Tratamentul deficien\u021belor respiratorii, ventila\u021bie mecanic\u0103 neinvaziv\u0103 \u0219i invaziv\u0103, terapie pozi\u021bional\u0103, inhala\u021bii de prostaglandine<\/li>\n<li>Tratamentul deficientelor cardiace, suport circulator mecanic medicamentos<\/li>\n<li>Evaluarea func\u021bional\u0103 a circula\u021biei sanguine: cateterizarea arterei pulmonare, m\u0103surarea volumului inimii minute cu metode \u0219i aparate moderne<\/li>\n<li>Tratamentul insuficien\u021bei renale prin metode de hemofiltrare sau dializ\u0103 continu\u0103 sau intermitent\u0103, aferez\u0103 terapeutic\u0103<\/li>\n<li>Evaluarea func\u021bional\u0103 a sistemului nervos central \u0219i periferic, doppler transcranian, examinarea satura\u021biei s\u00e2ngelui \u00een vena jugular\u0103, EEG \u0219i spectroscopie \u00een infraro\u0219u apropiat<\/li>\n<li>Evaluarea bilan\u021bului nutri\u021bional \u0219i alimenta\u021bia enteral\u0103 \u0219i\/sau parenteral\u0103 intensiv\u0103 a departamentului de cardiochirurgie a domeniului de activitate.<\/li>\n<\/ul>\n<h4>Sec\u021bia chirurgie cardiac\u0103 intensiv\u0103<\/h4>\n<p>Domeniul de aplicare a procedurilor<\/p>\n<ul>\n<li>Reabilitare postoperatorie activ\u0103<\/li>\n<li>Ventilatie mecanica<\/li>\n<li>Terapie medical\u0103<\/li>\n<li>Suport circulator<\/li>\n<li>Tratamentul insuficien\u021bei renale cu hemofiltrare continu\u0103 sau intermitent\u0103 a dializei<\/li>\n<li>Evaluarea echilibrului nutri\u021bional \u0219i efectuarea nutri\u021biei enterale \u0219i\/sau parenterale<\/li>\n<\/ul>\n<h4>Sec\u021bia de diagnostic neinvaziv<\/h4>\n<p>Domeniul de aplicare a procedurilor<\/p>\n<ul>\n<li>ECG<\/li>\n<li>Prob\u0103 ECG<\/li>\n<li>Ecocardiografie<\/li>\n<li>Monitorizare ECG 24 de ore<\/li>\n<li>Monitorizarea tensiunii arteriale 24 de ore<\/li>\n<li>Ecocardiografia fetal\u0103<\/li>\n<li>Test de stres ECG<\/li>\n<li>Ecografia Doppler vascular\u0103<\/li>\n<\/ul>\n<h4>Sec\u021bia anesteziologie, reanimare \u0219i terminare intensiv\u0103<\/h4>\n<p>Domeniul de aplicare a procedurilor<\/p>\n<ul>\n<li>Anestezie pentru chirurgie cardiac\u0103<\/li>\n<li>Anestezie pentru chirurgie vascular\u0103<\/li>\n<li>Anestezie pentru endoscopie superioar\u0103 \u0219i inferioar\u0103<\/li>\n<li>Anestezie pentru proceduri interven\u021bionale<\/li>\n<li>Consultatii de preanestezie<\/li>\n<li>Ameliorarea durerii postoperatorii<\/li>\n<\/ul>\n<h4>Sec\u021bia cardiologie invaziv\u0103 \u0219i electrocardiostimulare<\/h4>\n<p>Domeniul de aplicare a procedurilor<\/p>\n<ul>\n<li>Implantarea stimulatoare cardiace permanente<\/li>\n<li>Cateterism cardiac percutan diagnostic<\/li>\n<li>Proceduri venoase sau arteriale invazive cu echipamente de \u00eenalt\u0103 tehnologie<\/li>\n<li>Angiografie coronarian\u0103<\/li>\n<li>Angioplastie \u0219i implantare de stent<\/li>\n<li>FFR<\/li>\n<li>Denervarea renal\u0103<\/li>\n<li>Endoproteza aortei toracice \u0219i abdominale<\/li>\n<\/ul>\n[\/vc_column_text][\/vc_column][\/vc_row]\n<\/div>","protected":false},"excerpt":{"rendered":"<p>[mk_page_section bg_color=&#8221;#1e73be&#8221; padding_top=&#8221;40&#8243; padding_bottom=&#8221;40&#8243; sidebar=&#8221;sidebar-1&#8243;][vc_column][mk_fancy_title tag_name=&#8221;h4&#8243; color=&#8221;#ffffff&#8221; size=&#8221;48&#8243; force_font_size=&#8221;true&#8221; size_tablet=&#8221;40&#8243; font_weight=&#8221;400&#8243; txt_transform=&#8221;uppercase&#8221; margin_top=&#8221;15&#8243; margin_bottom=&#8221;0&#8243; font_family=&#8221;Open+Sans&#8221; font_type=&#8221;google&#8221; align=&#8221;center&#8221; animation=&#8221;top-to-bottom&#8221;]Proceduri spitalicesti[\/mk_fancy_title][\/vc_column][\/mk_page_section][vc_row][vc_column][mk_padding_divider][vc_column_text css=&#8221;.vc_custom_1662549671526{margin-bottom: 0px !important;}&#8221;] Clinica de chirurgie cardiaca Domeniul de aplicare a procedurilor Chirurgie de bypass coronarian: revascularizare miocardic\u0103 cu sau f\u0103r\u0103 circula\u021bie extracorporal\u0103 Chirurgie minim invaziv\u0103 a valvei aortice \u0219i aortei ascendente cu mini sternotomie (6-7 [&hellip;]<\/p>\n","protected":false},"author":1,"featured_media":0,"parent":24690,"menu_order":0,"comment_status":"closed","ping_status":"closed","template":"","meta":{"footnotes":""},"class_list":["post-24993","page","type-page","status-publish","hentry"],"_links":{"self":[{"href":"https:\/\/cardiacinstitute.bg\/ro\/wp-json\/wp\/v2\/pages\/24993","targetHints":{"allow":["GET"]}}],"collection":[{"href":"https:\/\/cardiacinstitute.bg\/ro\/wp-json\/wp\/v2\/pages"}],"about":[{"href":"https:\/\/cardiacinstitute.bg\/ro\/wp-json\/wp\/v2\/types\/page"}],"author":[{"embeddable":true,"href":"https:\/\/cardiacinstitute.bg\/ro\/wp-json\/wp\/v2\/users\/1"}],"replies":[{"embeddable":true,"href":"https:\/\/cardiacinstitute.bg\/ro\/wp-json\/wp\/v2\/comments?post=24993"}],"version-history":[{"count":6,"href":"https:\/\/cardiacinstitute.bg\/ro\/wp-json\/wp\/v2\/pages\/24993\/revisions"}],"predecessor-version":[{"id":26211,"href":"https:\/\/cardiacinstitute.bg\/ro\/wp-json\/wp\/v2\/pages\/24993\/revisions\/26211"}],"up":[{"embeddable":true,"href":"https:\/\/cardiacinstitute.bg\/ro\/wp-json\/wp\/v2\/pages\/24690"}],"wp:attachment":[{"href":"https:\/\/cardiacinstitute.bg\/ro\/wp-json\/wp\/v2\/media?parent=24993"}],"curies":[{"name":"wp","href":"https:\/\/api.w.org\/{rel}","templated":true}]}}