{"id":24973,"date":"2022-08-19T11:09:58","date_gmt":"2022-08-19T11:09:58","guid":{"rendered":"https:\/\/cardiacinstitute.bg\/?page_id=24973"},"modified":"2025-02-04T09:53:09","modified_gmt":"2025-02-04T09:53:09","slug":"physical-therapy-and-rehabilitation-department","status":"publish","type":"page","link":"https:\/\/cardiacinstitute.bg\/ro\/hospitals-and-centers\/heart-and-brain-center-of-excellence-burgas\/clinics-and-departments\/physical-therapy-and-rehabilitation-department\/","title":{"rendered":"Fizioterapie \u0219i reabilitare"},"content":{"rendered":"<div class=\"wpb-content-wrapper\">[mk_page_section bg_color=&#8221;#1e73be&#8221; padding_top=&#8221;40&#8243; padding_bottom=&#8221;40&#8243; sidebar=&#8221;sidebar-1&#8243;][vc_column][mk_fancy_title tag_name=&#8221;h4&#8243; color=&#8221;#ffffff&#8221; size=&#8221;48&#8243; force_font_size=&#8221;true&#8221; size_tablet=&#8221;40&#8243; font_weight=&#8221;400&#8243; txt_transform=&#8221;uppercase&#8221; margin_top=&#8221;15&#8243; margin_bottom=&#8221;0&#8243; font_family=&#8221;Open+Sans&#8221; font_type=&#8221;google&#8221; align=&#8221;center&#8221; animation=&#8221;top-to-bottom&#8221;]Fizioterapie \u0219i reabilitare[\/mk_fancy_title][\/vc_column][\/mk_page_section][vc_row][vc_column][mk_padding_divider][vc_column_text css=&#8221;.vc_custom_1660907440277{margin-bottom: 0px !important;}&#8221;]<strong>Despre sectie:<\/strong><br \/>\nSectia de Kinetoterapie \u0219i Medicina Recuper\u0103rii efectueaz\u0103 fizioterapie \u0219i reabilitare complex\u0103 \u00een conformitate cu ultimele tendin\u021be interna\u021bionale. Sec\u021bia are 20 de paturi \u0219i o gam\u0103 complet\u0103 de echipamente pentru deservirea pacien\u021bilor spitalului.<\/p>\n<p>Metodele de tratament de ultim\u0103 or\u0103 sunt terapia cu laser de \u00eenalt\u0103 energie \u0219i stimularea electromagnetic\u0103 transcranian\u0103. Pacien\u021bii cu boli ale sistemului nervos central \u0219i periferic, ale sistemului musculo-scheletic, pacien\u021bii dup\u0103 interven\u021bii chirurgicale etc. sunt trata\u021bi clinic \u0219i ambulatoriu.<\/p>\n<p>\u015eeful sec\u0163iei, conf. univ. Prof. Todorov, este un specialist de top \u00een domeniul medicinei manuale, terapiei cu laser \u0219i terapiei prin infiltrare.[\/vc_column_text][mk_padding_divider size=&#8221;120&#8243;][mk_employees column=&#8221;4&#8243; rounded_image=&#8221;false&#8221; grayscale_image=&#8221;false&#8221; count=&#8221;-1&#8243; order=&#8221;ASC&#8221; orderby=&#8221;menu_order&#8221; categories=&#8221;hb-burgas-physical-therapy-en&#8221;][\/vc_column][\/vc_row]\n<\/div>","protected":false},"excerpt":{"rendered":"<p>[mk_page_section bg_color=&#8221;#1e73be&#8221; padding_top=&#8221;40&#8243; padding_bottom=&#8221;40&#8243; sidebar=&#8221;sidebar-1&#8243;][vc_column][mk_fancy_title tag_name=&#8221;h4&#8243; color=&#8221;#ffffff&#8221; size=&#8221;48&#8243; force_font_size=&#8221;true&#8221; size_tablet=&#8221;40&#8243; font_weight=&#8221;400&#8243; txt_transform=&#8221;uppercase&#8221; margin_top=&#8221;15&#8243; margin_bottom=&#8221;0&#8243; font_family=&#8221;Open+Sans&#8221; font_type=&#8221;google&#8221; align=&#8221;center&#8221; animation=&#8221;top-to-bottom&#8221;]Fizioterapie \u0219i reabilitare[\/mk_fancy_title][\/vc_column][\/mk_page_section][vc_row][vc_column][mk_padding_divider][vc_column_text css=&#8221;.vc_custom_1660907440277{margin-bottom: 0px !important;}&#8221;]Despre sectie: Sectia de Kinetoterapie \u0219i Medicina Recuper\u0103rii efectueaz\u0103 fizioterapie \u0219i reabilitare complex\u0103 \u00een conformitate cu ultimele tendin\u021be interna\u021bionale. Sec\u021bia are 20 de paturi \u0219i o gam\u0103 complet\u0103 de echipamente pentru deservirea pacien\u021bilor [&hellip;]<\/p>\n","protected":false},"author":1,"featured_media":0,"parent":24880,"menu_order":0,"comment_status":"closed","ping_status":"closed","template":"","meta":{"footnotes":""},"class_list":["post-24973","page","type-page","status-publish","hentry"],"_links":{"self":[{"href":"https:\/\/cardiacinstitute.bg\/ro\/wp-json\/wp\/v2\/pages\/24973","targetHints":{"allow":["GET"]}}],"collection":[{"href":"https:\/\/cardiacinstitute.bg\/ro\/wp-json\/wp\/v2\/pages"}],"about":[{"href":"https:\/\/cardiacinstitute.bg\/ro\/wp-json\/wp\/v2\/types\/page"}],"author":[{"embeddable":true,"href":"https:\/\/cardiacinstitute.bg\/ro\/wp-json\/wp\/v2\/users\/1"}],"replies":[{"embeddable":true,"href":"https:\/\/cardiacinstitute.bg\/ro\/wp-json\/wp\/v2\/comments?post=24973"}],"version-history":[{"count":6,"href":"https:\/\/cardiacinstitute.bg\/ro\/wp-json\/wp\/v2\/pages\/24973\/revisions"}],"predecessor-version":[{"id":50010,"href":"https:\/\/cardiacinstitute.bg\/ro\/wp-json\/wp\/v2\/pages\/24973\/revisions\/50010"}],"up":[{"embeddable":true,"href":"https:\/\/cardiacinstitute.bg\/ro\/wp-json\/wp\/v2\/pages\/24880"}],"wp:attachment":[{"href":"https:\/\/cardiacinstitute.bg\/ro\/wp-json\/wp\/v2\/media?parent=24973"}],"curies":[{"name":"wp","href":"https:\/\/api.w.org\/{rel}","templated":true}]}}