{"id":24958,"date":"2022-08-19T11:00:38","date_gmt":"2022-08-19T11:00:38","guid":{"rendered":"https:\/\/cardiacinstitute.bg\/?page_id=24958"},"modified":"2025-02-04T09:40:40","modified_gmt":"2025-02-04T09:40:40","slug":"gastroenterology-department","status":"publish","type":"page","link":"https:\/\/cardiacinstitute.bg\/ro\/hospitals-and-centers\/heart-and-brain-center-of-excellence-burgas\/clinics-and-departments\/gastroenterology-department\/","title":{"rendered":"Gastroenterologie"},"content":{"rendered":"<div class=\"wpb-content-wrapper\">[mk_page_section bg_color=&#8221;#1e73be&#8221; padding_top=&#8221;40&#8243; padding_bottom=&#8221;40&#8243; sidebar=&#8221;sidebar-1&#8243;][vc_column][mk_fancy_title tag_name=&#8221;h4&#8243; color=&#8221;#ffffff&#8221; size=&#8221;48&#8243; force_font_size=&#8221;true&#8221; size_tablet=&#8221;40&#8243; font_weight=&#8221;400&#8243; txt_transform=&#8221;uppercase&#8221; margin_top=&#8221;15&#8243; margin_bottom=&#8221;0&#8243; font_family=&#8221;Open+Sans&#8221; font_type=&#8221;google&#8221; align=&#8221;center&#8221; animation=&#8221;top-to-bottom&#8221;]Gastroenterologie[\/mk_fancy_title][\/vc_column][\/mk_page_section][vc_row][vc_column][mk_padding_divider][vc_column_text css=&#8221;.vc_custom_1660906908518{margin-bottom: 0px !important;}&#8221;]<strong>Despre sectie:<\/strong><br \/>\nSec\u021bia asigur\u0103 profilaxia, diagnosticul, tratamentul \u0219i urm\u0103rirea \u00eentregii game de afec\u021biuni ale tractului gastrointestinal \u0219i ale sistemului hepatobiliar: boli hepatice, boli ale pancreasului \u0219i ale sistemului biliar; diagnosticul stadializ\u0103rii tuturor bolilor tumorale ale tractului gastrointestinal; boli inflamatorii intestinale &#8211; boala Crohn \u0219i colita ulceroas\u0103; boli ale intestinului sub\u021bire; boli metabolice.<\/p>\n<p>Cu ajutorul echipamentelor de \u00eenalt\u0103 tehnologie \u00een sincronizare cu cele mai recente standarde \u0219i recomand\u0103ri europene, medicii aplic\u0103 abord\u0103ri bl\u00e2nde \u0219i inovatoare \u0219i solu\u021bii terapeutice moderne. Sectia dispune de aparate de ultrasonografie de top: Philips EPQ 7, Hitachi Arietta 750, Hitachi Aloka, precum \u0219i dispozitivul Fibroscan, care permite evaluarea neinvaziv\u0103 rapid\u0103 \u0219i u\u0219oar\u0103 a gradului de steatoz\u0103 \u0219i fibroz\u0103 hepatic\u0103 \u0219i endoscopic\u0103. Aparat HD Olympus Evis X1 \u2013 aici este unul dintre pu\u021binele locuri din \u021bar\u0103 unde se face endoscopie capsul\u0103 pentru diagnosticarea bolilor intestinului sub\u021bire.<\/p>\n<p><strong>Servicii:<\/strong><br \/>\n\u00cen Sec\u021bia de Gastroenterologie se efectueaz\u0103 urm\u0103toarele proceduri diagnostice \u0219i terapeutice:<\/p>\n<ul>\n<li>ultrasonografie conven\u021bional\u0103 \u0219i Doppler;<\/li>\n<li>ultrasonografie cu contrast;<\/li>\n<li>evaluarea neinvaziv\u0103 a fibrozei hepatice \u2013 Fibroscan \u0219i elastografie;<\/li>\n<li>efectuarea de biopsii percutanate sub control ecografic;<\/li>\n<li>efectuarea drenajelor percutanate sub control sonografic;<\/li>\n<li>gastroscopie diagnostic\u0103;<\/li>\n<li>ligatura varicelor esofagiene;<\/li>\n<li>plasarea gastrostomiei percutanate cu un singur scop (PEG)<\/li>\n<li>colonoscopie de diagnostic;<\/li>\n<li>polipectomie;<\/li>\n<li>endoscopie capsul\u0103;<\/li>\n<li>dilatare cu balon sub control endoscopic.<\/li>\n<\/ul>\n[\/vc_column_text][mk_padding_divider size=&#8221;120&#8243;][mk_employees column=&#8221;4&#8243; rounded_image=&#8221;false&#8221; grayscale_image=&#8221;false&#8221; count=&#8221;-1&#8243; order=&#8221;ASC&#8221; orderby=&#8221;menu_order&#8221; categories=&#8221;hb-burgas-gastroenterology-en&#8221;][\/vc_column][\/vc_row]\n<\/div>","protected":false},"excerpt":{"rendered":"<p>[mk_page_section bg_color=&#8221;#1e73be&#8221; padding_top=&#8221;40&#8243; padding_bottom=&#8221;40&#8243; sidebar=&#8221;sidebar-1&#8243;][vc_column][mk_fancy_title tag_name=&#8221;h4&#8243; color=&#8221;#ffffff&#8221; size=&#8221;48&#8243; force_font_size=&#8221;true&#8221; size_tablet=&#8221;40&#8243; font_weight=&#8221;400&#8243; txt_transform=&#8221;uppercase&#8221; margin_top=&#8221;15&#8243; margin_bottom=&#8221;0&#8243; font_family=&#8221;Open+Sans&#8221; font_type=&#8221;google&#8221; align=&#8221;center&#8221; animation=&#8221;top-to-bottom&#8221;]Gastroenterologie[\/mk_fancy_title][\/vc_column][\/mk_page_section][vc_row][vc_column][mk_padding_divider][vc_column_text css=&#8221;.vc_custom_1660906908518{margin-bottom: 0px !important;}&#8221;]Despre sectie: Sec\u021bia asigur\u0103 profilaxia, diagnosticul, tratamentul \u0219i urm\u0103rirea \u00eentregii game de afec\u021biuni ale tractului gastrointestinal \u0219i ale sistemului hepatobiliar: boli hepatice, boli ale pancreasului \u0219i ale sistemului biliar; diagnosticul stadializ\u0103rii tuturor bolilor tumorale ale [&hellip;]<\/p>\n","protected":false},"author":1,"featured_media":0,"parent":24880,"menu_order":0,"comment_status":"closed","ping_status":"closed","template":"","meta":{"footnotes":""},"class_list":["post-24958","page","type-page","status-publish","hentry"],"_links":{"self":[{"href":"https:\/\/cardiacinstitute.bg\/ro\/wp-json\/wp\/v2\/pages\/24958","targetHints":{"allow":["GET"]}}],"collection":[{"href":"https:\/\/cardiacinstitute.bg\/ro\/wp-json\/wp\/v2\/pages"}],"about":[{"href":"https:\/\/cardiacinstitute.bg\/ro\/wp-json\/wp\/v2\/types\/page"}],"author":[{"embeddable":true,"href":"https:\/\/cardiacinstitute.bg\/ro\/wp-json\/wp\/v2\/users\/1"}],"replies":[{"embeddable":true,"href":"https:\/\/cardiacinstitute.bg\/ro\/wp-json\/wp\/v2\/comments?post=24958"}],"version-history":[{"count":9,"href":"https:\/\/cardiacinstitute.bg\/ro\/wp-json\/wp\/v2\/pages\/24958\/revisions"}],"predecessor-version":[{"id":50000,"href":"https:\/\/cardiacinstitute.bg\/ro\/wp-json\/wp\/v2\/pages\/24958\/revisions\/50000"}],"up":[{"embeddable":true,"href":"https:\/\/cardiacinstitute.bg\/ro\/wp-json\/wp\/v2\/pages\/24880"}],"wp:attachment":[{"href":"https:\/\/cardiacinstitute.bg\/ro\/wp-json\/wp\/v2\/media?parent=24958"}],"curies":[{"name":"wp","href":"https:\/\/api.w.org\/{rel}","templated":true}]}}