{"id":24950,"date":"2022-08-19T10:56:03","date_gmt":"2022-08-19T10:56:03","guid":{"rendered":"https:\/\/cardiacinstitute.bg\/?page_id=24950"},"modified":"2025-02-04T09:48:38","modified_gmt":"2025-02-04T09:48:38","slug":"urology-department","status":"publish","type":"page","link":"https:\/\/cardiacinstitute.bg\/ro\/hospitals-and-centers\/heart-and-brain-center-of-excellence-burgas\/clinics-and-departments\/urology-department\/","title":{"rendered":"Urologie"},"content":{"rendered":"<div class=\"wpb-content-wrapper\">[mk_page_section bg_color=&#8221;#1e73be&#8221; padding_top=&#8221;40&#8243; padding_bottom=&#8221;40&#8243; sidebar=&#8221;sidebar-1&#8243;][vc_column][mk_fancy_title tag_name=&#8221;h4&#8243; color=&#8221;#ffffff&#8221; size=&#8221;48&#8243; force_font_size=&#8221;true&#8221; size_tablet=&#8221;40&#8243; font_weight=&#8221;400&#8243; txt_transform=&#8221;uppercase&#8221; margin_top=&#8221;15&#8243; margin_bottom=&#8221;0&#8243; font_family=&#8221;Open+Sans&#8221; font_type=&#8221;google&#8221; align=&#8221;center&#8221; animation=&#8221;top-to-bottom&#8221;]Urologie[\/mk_fancy_title][\/vc_column][\/mk_page_section][vc_row][vc_column][mk_padding_divider][vc_column_text css=&#8221;.vc_custom_1660906689613{margin-bottom: 0px !important;}&#8221;]<strong>Despre sectie:<\/strong><br \/>\nSec\u021bia de urologie efectueaz\u0103 lucr\u0103ri de diagnostic \u0219i chirurgie de \u00eenalt\u0103 specialitate asupra bolilor rinichilor, ureterelor, vezicii urinare, prostatei, penisului \u0219i testiculelor. Este echipat cu echipamente chirurgicale de ultim\u0103 genera\u021bie pentru a aplica cele mai par\u021bioase \u0219i precise tehnici chirurgicale minim invazive. Monitorizarea ultrasonografic\u0103 \u0219i radiografic\u0103 intraoperatorie se aplic\u0103 \u00een mod obi\u0219nuit atunci c\u00e2nd este indicat.<\/p>\n<p>Echipa de medici are o vast\u0103 experien\u021b\u0103 clinic\u0103 \u0219i de cercetare dob\u00e2ndit\u0103 \u00een clinici de v\u00e2rf din \u021bar\u0103 \u0219i din str\u0103in\u0103tate. To\u021bi medicii sunt angaja\u021bi \u00een activit\u0103\u021bi de cercetare, se desf\u0103\u0219oar\u0103 \u0219i activit\u0103\u021bi didactice.<\/p>\n<p><strong>Activit\u0103\u021bi:<\/strong><br \/>\n<strong>Tratamentul \u0219i diagnosticul bolilor maligne<\/strong><br \/>\n&#8211; Cancer de prostat\u0103,<br \/>\n\u2013 carcinom renal<br \/>\n\u2013 carcinom al vezicii urinare<br \/>\n\u2013 carcinom testicular<br \/>\n\u2013 carcinom al penisului<br \/>\n\u2013 carcinom al ureterului<\/p>\n<p>Chirurgia conven\u021bional\u0103 \u0219i laparoscopic\u0103 de prostat\u0103 \u0219i rinichi este efectuat\u0103 de rutin\u0103. Se introduce \u0219i chirurgia robotic\u0103 Da Vinci. Pentru tumorile vezicii urinare se efectueaz\u0103 chirurgie minim invaziv\u0103 cu laser \u0219i bipolar.<\/p>\n<p><strong>Tratamentul \u0219i diagnosticul hiperplaziei benigne de prostat\u0103 (m\u0103rirea) \u2013 HBP<\/strong><br \/>\nAu fost introduse metode de ultim\u0103 genera\u021bie de tratament pentru HBP \u2013 rezec\u021bia cu laser \u0219i plasm\u0103 de ultim\u0103 genera\u021bie a prostatei<\/p>\n<p><strong>Tratamentul \u0219i diagnosticul bolii de calcul renal<\/strong><br \/>\n\u00cen cadrul Departamentului de Urologie se aplic\u0103 metode moderne de diagnostic \u0219i tratament al litiaza renal\u0103 \u0219i concremente localizate \u00een ureter \u0219i vezic\u0103 urinar\u0103. Tratamentul se realizeaza cu ajutorul laserului Holmium de ultima generatie si a sistemului unic de ultrasunete Trilogy, care permite spargerea oricarui tip de concremente. Litotritia extracorporala (distrugerea extracorporei a calculilor din sistemul urinar) se aplica cu cel mai nou model de aparat Dornie.<\/p>\n<p><strong>Tratamentul \u0219i diagnosticul bolilor urologice pediatrice<\/strong><br \/>\nTratamentul \u0219i diagnosticul hipospadiasului, criptorhidiei (reten\u021bia testiculelor \u00een cavitatea abdominal\u0103), chirurgia reconstructiv\u0103 a penisului, diagnosticul malforma\u021biilor congenitale la copii \u0219i chirurgia reconstructiv\u0103 a tractului urinar inferior.[\/vc_column_text][mk_padding_divider size=&#8221;120&#8243;][mk_employees column=&#8221;4&#8243; rounded_image=&#8221;false&#8221; grayscale_image=&#8221;false&#8221; count=&#8221;-1&#8243; order=&#8221;ASC&#8221; orderby=&#8221;menu_order&#8221; categories=&#8221;hb-burgas-urology-en&#8221;][\/vc_column][\/vc_row]\n<\/div>","protected":false},"excerpt":{"rendered":"<p>[mk_page_section bg_color=&#8221;#1e73be&#8221; padding_top=&#8221;40&#8243; padding_bottom=&#8221;40&#8243; sidebar=&#8221;sidebar-1&#8243;][vc_column][mk_fancy_title tag_name=&#8221;h4&#8243; color=&#8221;#ffffff&#8221; size=&#8221;48&#8243; force_font_size=&#8221;true&#8221; size_tablet=&#8221;40&#8243; font_weight=&#8221;400&#8243; txt_transform=&#8221;uppercase&#8221; margin_top=&#8221;15&#8243; margin_bottom=&#8221;0&#8243; font_family=&#8221;Open+Sans&#8221; font_type=&#8221;google&#8221; align=&#8221;center&#8221; animation=&#8221;top-to-bottom&#8221;]Urologie[\/mk_fancy_title][\/vc_column][\/mk_page_section][vc_row][vc_column][mk_padding_divider][vc_column_text css=&#8221;.vc_custom_1660906689613{margin-bottom: 0px !important;}&#8221;]Despre sectie: Sec\u021bia de urologie efectueaz\u0103 lucr\u0103ri de diagnostic \u0219i chirurgie de \u00eenalt\u0103 specialitate asupra bolilor rinichilor, ureterelor, vezicii urinare, prostatei, penisului \u0219i testiculelor. Este echipat cu echipamente chirurgicale de ultim\u0103 genera\u021bie pentru a aplica [&hellip;]<\/p>\n","protected":false},"author":1,"featured_media":0,"parent":24880,"menu_order":0,"comment_status":"closed","ping_status":"closed","template":"","meta":{"footnotes":""},"class_list":["post-24950","page","type-page","status-publish","hentry"],"_links":{"self":[{"href":"https:\/\/cardiacinstitute.bg\/ro\/wp-json\/wp\/v2\/pages\/24950","targetHints":{"allow":["GET"]}}],"collection":[{"href":"https:\/\/cardiacinstitute.bg\/ro\/wp-json\/wp\/v2\/pages"}],"about":[{"href":"https:\/\/cardiacinstitute.bg\/ro\/wp-json\/wp\/v2\/types\/page"}],"author":[{"embeddable":true,"href":"https:\/\/cardiacinstitute.bg\/ro\/wp-json\/wp\/v2\/users\/1"}],"replies":[{"embeddable":true,"href":"https:\/\/cardiacinstitute.bg\/ro\/wp-json\/wp\/v2\/comments?post=24950"}],"version-history":[{"count":9,"href":"https:\/\/cardiacinstitute.bg\/ro\/wp-json\/wp\/v2\/pages\/24950\/revisions"}],"predecessor-version":[{"id":50005,"href":"https:\/\/cardiacinstitute.bg\/ro\/wp-json\/wp\/v2\/pages\/24950\/revisions\/50005"}],"up":[{"embeddable":true,"href":"https:\/\/cardiacinstitute.bg\/ro\/wp-json\/wp\/v2\/pages\/24880"}],"wp:attachment":[{"href":"https:\/\/cardiacinstitute.bg\/ro\/wp-json\/wp\/v2\/media?parent=24950"}],"curies":[{"name":"wp","href":"https:\/\/api.w.org\/{rel}","templated":true}]}}