{"id":24944,"date":"2022-08-19T10:49:07","date_gmt":"2022-08-19T10:49:07","guid":{"rendered":"https:\/\/cardiacinstitute.bg\/?page_id=24944"},"modified":"2025-02-04T08:07:35","modified_gmt":"2025-02-04T08:07:35","slug":"cardiology-department","status":"publish","type":"page","link":"https:\/\/cardiacinstitute.bg\/ro\/hospitals-and-centers\/heart-and-brain-center-of-excellence-burgas\/clinics-and-departments\/cardiology-department\/","title":{"rendered":"Cardiologie"},"content":{"rendered":"<div class=\"wpb-content-wrapper\">[mk_page_section bg_color=&#8221;#1e73be&#8221; padding_top=&#8221;40&#8243; padding_bottom=&#8221;40&#8243; sidebar=&#8221;sidebar-1&#8243;][vc_column][mk_fancy_title tag_name=&#8221;h4&#8243; color=&#8221;#ffffff&#8221; size=&#8221;48&#8243; force_font_size=&#8221;true&#8221; size_tablet=&#8221;40&#8243; font_weight=&#8221;400&#8243; txt_transform=&#8221;uppercase&#8221; margin_top=&#8221;15&#8243; margin_bottom=&#8221;0&#8243; font_family=&#8221;Open+Sans&#8221; font_type=&#8221;google&#8221; align=&#8221;center&#8221; animation=&#8221;top-to-bottom&#8221;]Cardiologie[\/mk_fancy_title][\/vc_column][\/mk_page_section][vc_row][vc_column][mk_padding_divider][vc_column_text css=&#8221;.vc_custom_1660906517345{margin-bottom: 0px !important;}&#8221;]<strong>Despre sectie:<\/strong><br \/>\nSectia de cardiologie se remarc\u0103 printre to\u021bi omologii s\u0103i din Bulgaria prin faptul c\u0103 lucreaz\u0103 cu accent pe \u0219i are o experien\u021b\u0103 semnificativ\u0103 \u00een diagnosticarea \u0219i tratarea complica\u021biilor din COVID-19, a\u0219a-numitul \u201esindrom post-COVID-19\u201d. Departamentul este, de asemenea, unic prin activitatea sa \u00een domeniul cardio-oncologiei \u2013 o problem\u0103 interdisciplinar\u0103 de mare importan\u021b\u0103. Aceste activit\u0103\u021bi sunt desf\u0103\u0219urate \u00een paralel cu toate celelalte activit\u0103\u021bi inovatoare \u0219i de \u00eenalt\u0103 tehnologie din cardiologie clinic\u0103 \u0219i invaziv\u0103 \u0219i imagistic\u0103 cardiac\u0103. Sectial prime\u0219te pentru examinare \u0219i tratament pacien\u021bi din toat\u0103 Bulgaria, indiferent de severitatea st\u0103rii lor \u0219i eventualele complica\u021bii.<\/p>\n<p><strong>Activit\u0103\u021bi<\/strong><br \/>\nProcedurile de rutin\u0103 \u0219i de \u00eenalt\u0103 tehnologie efectuate la departament includ diagnosticarea \u0219i tratarea \u201esindromului post-COVID-19\u201d, boala cardiac\u0103 ischemic\u0103, analiza deform\u0103rilor miocardice, insuficien\u021ba cardiac\u0103, bolile valvelor cardiace, tulbur\u0103rile aortice, aritmii, cardiomiopatie, miocardit\u0103, tromboembolism pulmonar, boli pericardice, malforma\u021bii cardiace congenitale la pacien\u021bii v\u00e2rstnici.<\/p>\n<p>Sec\u021bia de cardiologie este complet echipat\u0103 pentru a efectua ecocardiografie transesofagian\u0103 2D\/3D\/4D, ecocardiografie transtoracic\u0103 2D\/3D\/4D, ecocardiografie de stres cu efort fizic sau cu dobutamina, telemonitorizare, abla\u021bie septal\u0103 alcoolic\u0103, terapie de reducere a septului etc.<\/p>\n<p>&nbsp;<\/p>\n<p><strong>Sec\u021bia de cardiologie invaziv\u0103<\/strong><\/p>\n<p><strong>Despre sectie:<\/strong><br \/>\nSectia de cardiologie invaziv\u0103 efectueaz\u0103 o gam\u0103 larg\u0103 de proceduri \u0219i are o experien\u021b\u0103 considerabil\u0103 de lucru \u00een cooperare cu clinicile de chirurgie vascular\u0103 \u0219i de chirurgie cardiac\u0103.<\/p>\n<p><strong>Activit\u0103\u021bi<\/strong><br \/>\nProcedurile foarte specializate pentru diagnosticarea \u0219i tratamentul bolilor cardiovasculare includ arteriografia coronarian\u0103, FFR, IVUS, cateterismul cardiac st\u00e2ng \u0219i drept, angiografia arterelor cerebrale \u0219i periferice, tratamentul afec\u021biunilor acute \u0219i cronice ale arterelor coronare, tromboembolismul pulmonar, \u00eengustarea arterei carotide, tratamentul bolii vasculare periferice, tratamentul tulbur\u0103rilor de flux \u0219i implantarea unui electrocardiostimulator permanent, diagnostic \u0219i tratament al cardiomiopatiei \u0219i miocarditei, terapia de reducere a septului \u00een cazurile de cardiomiopatie obstructiv\u0103 hipertrofic\u0103, tratamentul stenozei valvei aortice prin implantare percutanat\u0103 a protezei de valv\u0103 aortic\u0103 (TAVI), endoproteza in cazurile de afectiuni aortice (TEVAR, EVAR).[\/vc_column_text][\/vc_column][\/vc_row][vc_row][vc_column][mk_padding_divider size=&#8221;120&#8243;][mk_employees column=&#8221;4&#8243; rounded_image=&#8221;false&#8221; grayscale_image=&#8221;false&#8221; count=&#8221;-1&#8243; order=&#8221;ASC&#8221; orderby=&#8221;menu_order&#8221; categories=&#8221;hb-burgas-cardiology-en&#8221;][\/vc_column][\/vc_row]\n<\/div>","protected":false},"excerpt":{"rendered":"<p>[mk_page_section bg_color=&#8221;#1e73be&#8221; padding_top=&#8221;40&#8243; padding_bottom=&#8221;40&#8243; sidebar=&#8221;sidebar-1&#8243;][vc_column][mk_fancy_title tag_name=&#8221;h4&#8243; color=&#8221;#ffffff&#8221; size=&#8221;48&#8243; force_font_size=&#8221;true&#8221; size_tablet=&#8221;40&#8243; font_weight=&#8221;400&#8243; txt_transform=&#8221;uppercase&#8221; margin_top=&#8221;15&#8243; margin_bottom=&#8221;0&#8243; font_family=&#8221;Open+Sans&#8221; font_type=&#8221;google&#8221; align=&#8221;center&#8221; animation=&#8221;top-to-bottom&#8221;]Cardiologie[\/mk_fancy_title][\/vc_column][\/mk_page_section][vc_row][vc_column][mk_padding_divider][vc_column_text css=&#8221;.vc_custom_1660906517345{margin-bottom: 0px !important;}&#8221;]Despre sectie: Sectia de cardiologie se remarc\u0103 printre to\u021bi omologii s\u0103i din Bulgaria prin faptul c\u0103 lucreaz\u0103 cu accent pe \u0219i are o experien\u021b\u0103 semnificativ\u0103 \u00een diagnosticarea \u0219i tratarea complica\u021biilor din COVID-19, a\u0219a-numitul \u201esindrom post-COVID-19\u201d. [&hellip;]<\/p>\n","protected":false},"author":1,"featured_media":0,"parent":24880,"menu_order":0,"comment_status":"closed","ping_status":"closed","template":"","meta":{"footnotes":""},"class_list":["post-24944","page","type-page","status-publish","hentry"],"_links":{"self":[{"href":"https:\/\/cardiacinstitute.bg\/ro\/wp-json\/wp\/v2\/pages\/24944","targetHints":{"allow":["GET"]}}],"collection":[{"href":"https:\/\/cardiacinstitute.bg\/ro\/wp-json\/wp\/v2\/pages"}],"about":[{"href":"https:\/\/cardiacinstitute.bg\/ro\/wp-json\/wp\/v2\/types\/page"}],"author":[{"embeddable":true,"href":"https:\/\/cardiacinstitute.bg\/ro\/wp-json\/wp\/v2\/users\/1"}],"replies":[{"embeddable":true,"href":"https:\/\/cardiacinstitute.bg\/ro\/wp-json\/wp\/v2\/comments?post=24944"}],"version-history":[{"count":8,"href":"https:\/\/cardiacinstitute.bg\/ro\/wp-json\/wp\/v2\/pages\/24944\/revisions"}],"predecessor-version":[{"id":49989,"href":"https:\/\/cardiacinstitute.bg\/ro\/wp-json\/wp\/v2\/pages\/24944\/revisions\/49989"}],"up":[{"embeddable":true,"href":"https:\/\/cardiacinstitute.bg\/ro\/wp-json\/wp\/v2\/pages\/24880"}],"wp:attachment":[{"href":"https:\/\/cardiacinstitute.bg\/ro\/wp-json\/wp\/v2\/media?parent=24944"}],"curies":[{"name":"wp","href":"https:\/\/api.w.org\/{rel}","templated":true}]}}