{"id":24917,"date":"2022-08-19T09:59:44","date_gmt":"2022-08-19T09:59:44","guid":{"rendered":"https:\/\/cardiacinstitute.bg\/?page_id=24917"},"modified":"2025-11-29T10:31:23","modified_gmt":"2025-11-29T10:31:23","slug":"surgery-department","status":"publish","type":"page","link":"https:\/\/cardiacinstitute.bg\/ro\/hospitals-and-centers\/heart-and-brain-center-of-excellence-burgas\/clinics-and-departments\/surgery-department\/","title":{"rendered":"Chirurgie"},"content":{"rendered":"<div class=\"wpb-content-wrapper\">[mk_page_section bg_color=&#8221;#1e73be&#8221; padding_top=&#8221;40&#8243; padding_bottom=&#8221;40&#8243; sidebar=&#8221;sidebar-1&#8243;][vc_column][mk_fancy_title tag_name=&#8221;h4&#8243; color=&#8221;#ffffff&#8221; size=&#8221;48&#8243; force_font_size=&#8221;true&#8221; size_tablet=&#8221;40&#8243; font_weight=&#8221;400&#8243; txt_transform=&#8221;uppercase&#8221; margin_top=&#8221;15&#8243; margin_bottom=&#8221;0&#8243; font_family=&#8221;Open+Sans&#8221; font_type=&#8221;google&#8221; align=&#8221;center&#8221; animation=&#8221;top-to-bottom&#8221;]Chirurgie[\/mk_fancy_title][\/vc_column][\/mk_page_section][vc_row][vc_column][mk_padding_divider][vc_column_text css=&#8221;.vc_custom_1764412277815{margin-bottom: 0px !important;}&#8221;]<strong>Despre departament:<\/strong><\/p>\n<p>Departamentul de chirurgie cardiac\u0103 \u0219i cerebral\u0103 din Burgas este dotat cu echipamente moderne \u0219i utilizeaz\u0103 metode minim invazive de ultim\u0103 genera\u021bie. Acesta dispune de o echip\u0103 de chirurgi experimenta\u021bi, cu specializare na\u021bional\u0103 \u0219i interna\u021bional\u0103, care aplic\u0103 cele mai \u00eenalte standarde de \u00eengrijire medical\u0103. Departamentul diagnosticheaz\u0103 \u0219i trateaz\u0103 afec\u021biuni ale esofagului, stomacului, intestinelor, rectului, vezicii biliare, ficatului, pancreasului, glandei tiroide \u0219i toate tipurile de hernii.<\/p>\n<p>Dispune de un sistem robotic DaVinci X, echipamente laparoscopice de ultim\u0103 genera\u021bie, aparate de \u00eenalt\u0103 frecven\u021b\u0103 \u0219i un distrug\u0103tor cu ultrasunete CUSA.<\/p>\n<p><strong>Activit\u0103\u021bi principale:<\/strong><\/p>\n<p>&#8211; Chirurgie oncologic\u0103 \u2013 chirurgie radical\u0103 \u0219i paliativ\u0103 pentru tumorile organelor abdominale, esofagului \u0219i glandei tiroide, \u00een str\u00e2ns\u0103 colaborare cu oncologii;<br \/>\n&#8211; Chirurgie hepatic\u0103 \u0219i pancreatic\u0103 \u2013 rezec\u021bii pentru tumori primare \u0219i metastatice, interven\u021bii complexe pentru cancerul pancreatic \u0219i al tractului biliar;<br \/>\n&#8211; Chirurgie gastrointestinal\u0103 \u2013 opera\u021bii pentru cancerul esofagului, stomacului, colonului \u0219i rectului;<br \/>\n&#8211; Chirurgie minim invaziv\u0103 \u0219i laparoscopic\u0103 \u2013 colecistectomii, hernioplastii, rezec\u021bii stomacale \u0219i intestinale, opera\u021bii la ficat, pancreas, apendice, splin\u0103, glande suprarenale. Avantaje: traume mai mici, recuperare mai rapid\u0103, rezultate cosmetice mai bune.<br \/>\n&#8211; Chirurgie robotic\u0103 \u2013 precizie \u0219i siguran\u021b\u0103 ridicate.<br \/>\n&#8211; Chirurgie endocrin\u0103 \u2013 opera\u021bii la tiroida, paratiroid\u0103 \u0219i glandele suprarenale.<br \/>\n&#8211; Hernii \u2013 tratament laparoscopic al herniilor inghinale, postoperatorii \u0219i diafragmatice.<br \/>\n&#8211; Chirurgie de urgen\u021b\u0103 \u2013 internare \u0219i tratament 24 de ore din 24 pentru apendicit\u0103, hernii \u00eencarcerate, perfora\u021bii, ileus \u0219i peritonit\u0103.[\/vc_column_text][mk_padding_divider size=&#8221;120&#8243;][mk_employees column=&#8221;4&#8243; rounded_image=&#8221;false&#8221; grayscale_image=&#8221;false&#8221; count=&#8221;-1&#8243; order=&#8221;ASC&#8221; orderby=&#8221;menu_order&#8221; categories=&#8221;hb-burgas-surgery-en&#8221;][\/vc_column][\/vc_row]\n<\/div>","protected":false},"excerpt":{"rendered":"<p>[mk_page_section bg_color=&#8221;#1e73be&#8221; padding_top=&#8221;40&#8243; padding_bottom=&#8221;40&#8243; sidebar=&#8221;sidebar-1&#8243;][vc_column][mk_fancy_title tag_name=&#8221;h4&#8243; color=&#8221;#ffffff&#8221; size=&#8221;48&#8243; force_font_size=&#8221;true&#8221; size_tablet=&#8221;40&#8243; font_weight=&#8221;400&#8243; txt_transform=&#8221;uppercase&#8221; margin_top=&#8221;15&#8243; margin_bottom=&#8221;0&#8243; font_family=&#8221;Open+Sans&#8221; font_type=&#8221;google&#8221; align=&#8221;center&#8221; animation=&#8221;top-to-bottom&#8221;]Chirurgie[\/mk_fancy_title][\/vc_column][\/mk_page_section][vc_row][vc_column][mk_padding_divider][vc_column_text css=&#8221;.vc_custom_1764412277815{margin-bottom: 0px !important;}&#8221;]Despre departament: Departamentul de chirurgie cardiac\u0103 \u0219i cerebral\u0103 din Burgas este dotat cu echipamente moderne \u0219i utilizeaz\u0103 metode minim invazive de ultim\u0103 genera\u021bie. Acesta dispune de o echip\u0103 de chirurgi experimenta\u021bi, cu specializare na\u021bional\u0103 \u0219i [&hellip;]<\/p>\n","protected":false},"author":1,"featured_media":0,"parent":24880,"menu_order":0,"comment_status":"closed","ping_status":"closed","template":"","meta":{"footnotes":""},"class_list":["post-24917","page","type-page","status-publish","hentry"],"_links":{"self":[{"href":"https:\/\/cardiacinstitute.bg\/ro\/wp-json\/wp\/v2\/pages\/24917","targetHints":{"allow":["GET"]}}],"collection":[{"href":"https:\/\/cardiacinstitute.bg\/ro\/wp-json\/wp\/v2\/pages"}],"about":[{"href":"https:\/\/cardiacinstitute.bg\/ro\/wp-json\/wp\/v2\/types\/page"}],"author":[{"embeddable":true,"href":"https:\/\/cardiacinstitute.bg\/ro\/wp-json\/wp\/v2\/users\/1"}],"replies":[{"embeddable":true,"href":"https:\/\/cardiacinstitute.bg\/ro\/wp-json\/wp\/v2\/comments?post=24917"}],"version-history":[{"count":10,"href":"https:\/\/cardiacinstitute.bg\/ro\/wp-json\/wp\/v2\/pages\/24917\/revisions"}],"predecessor-version":[{"id":55161,"href":"https:\/\/cardiacinstitute.bg\/ro\/wp-json\/wp\/v2\/pages\/24917\/revisions\/55161"}],"up":[{"embeddable":true,"href":"https:\/\/cardiacinstitute.bg\/ro\/wp-json\/wp\/v2\/pages\/24880"}],"wp:attachment":[{"href":"https:\/\/cardiacinstitute.bg\/ro\/wp-json\/wp\/v2\/media?parent=24917"}],"curies":[{"name":"wp","href":"https:\/\/api.w.org\/{rel}","templated":true}]}}