{"id":24910,"date":"2022-08-19T09:03:41","date_gmt":"2022-08-19T09:03:41","guid":{"rendered":"https:\/\/cardiacinstitute.bg\/?page_id=24910"},"modified":"2025-02-04T08:58:02","modified_gmt":"2025-02-04T08:58:02","slug":"neurology-department","status":"publish","type":"page","link":"https:\/\/cardiacinstitute.bg\/ro\/hospitals-and-centers\/heart-and-brain-center-of-excellence-burgas\/clinics-and-departments\/neurology-department\/","title":{"rendered":"Neurologie"},"content":{"rendered":"<div class=\"wpb-content-wrapper\">[mk_page_section bg_color=&#8221;#1e73be&#8221; padding_top=&#8221;40&#8243; padding_bottom=&#8221;40&#8243; sidebar=&#8221;sidebar-1&#8243;][vc_column][mk_fancy_title tag_name=&#8221;h4&#8243; color=&#8221;#ffffff&#8221; size=&#8221;48&#8243; force_font_size=&#8221;true&#8221; size_tablet=&#8221;40&#8243; font_weight=&#8221;400&#8243; txt_transform=&#8221;uppercase&#8221; margin_top=&#8221;15&#8243; margin_bottom=&#8221;0&#8243; font_family=&#8221;Open+Sans&#8221; font_type=&#8221;google&#8221; align=&#8221;center&#8221; animation=&#8221;top-to-bottom&#8221;]Neurologie[\/mk_fancy_title][\/vc_column][\/mk_page_section][vc_row][vc_column][mk_padding_divider][vc_column_text css=&#8221;.vc_custom_1660899891007{margin-bottom: 0px !important;}&#8221;]Sec\u021bia de Neurologie, condus\u0103 de prof. Ivan Dimitrov, diagnosticheaz\u0103 \u0219i trateaz\u0103 sindroamele dureroase, scleroza multipl\u0103, epilepsia, boala Parkinson, demen\u021ba, accidentul vascular cerebral, vertijul \u0219i alte boli care afecteaz\u0103 sistemul nervos. Sunt efectuate teste neuropsihologice \u0219i sunt urm\u0103ri\u021bi pacien\u021bii cu tulbur\u0103ri de memorie. \u00cen cabinetele specializate se folosesc echipamente de \u00eenalt\u0103 tehnologie pentru electroencefalografie (EEG), electromiografie (EMG), poten\u021biale evocate, sonografie Doppler, stimulare magnetic\u0103 transcranian\u0103 de ultim\u0103 genera\u021bie. Speciali\u0219tii aplic\u0103 \u0219i capabilit\u0103\u021bile aparatelor imagistice moderne \u00een spital \u2013 imagistic\u0103 prin rezonan\u021b\u0103 magnetic\u0103, tomografie computerizat\u0103, angiografie etc. Sec\u021bia dispune de 30 de paturi \u00een camere de spital dotate modern.[\/vc_column_text][mk_padding_divider size=&#8221;120&#8243;][mk_employees column=&#8221;4&#8243; rounded_image=&#8221;false&#8221; grayscale_image=&#8221;false&#8221; count=&#8221;-1&#8243; order=&#8221;ASC&#8221; orderby=&#8221;menu_order&#8221; categories=&#8221;hb-burgas-neurology-en&#8221;][\/vc_column][\/vc_row]\n<\/div>","protected":false},"excerpt":{"rendered":"<p>[mk_page_section bg_color=&#8221;#1e73be&#8221; padding_top=&#8221;40&#8243; padding_bottom=&#8221;40&#8243; sidebar=&#8221;sidebar-1&#8243;][vc_column][mk_fancy_title tag_name=&#8221;h4&#8243; color=&#8221;#ffffff&#8221; size=&#8221;48&#8243; force_font_size=&#8221;true&#8221; size_tablet=&#8221;40&#8243; font_weight=&#8221;400&#8243; txt_transform=&#8221;uppercase&#8221; margin_top=&#8221;15&#8243; margin_bottom=&#8221;0&#8243; font_family=&#8221;Open+Sans&#8221; font_type=&#8221;google&#8221; align=&#8221;center&#8221; animation=&#8221;top-to-bottom&#8221;]Neurologie[\/mk_fancy_title][\/vc_column][\/mk_page_section][vc_row][vc_column][mk_padding_divider][vc_column_text css=&#8221;.vc_custom_1660899891007{margin-bottom: 0px !important;}&#8221;]Sec\u021bia de Neurologie, condus\u0103 de prof. Ivan Dimitrov, diagnosticheaz\u0103 \u0219i trateaz\u0103 sindroamele dureroase, scleroza multipl\u0103, epilepsia, boala Parkinson, demen\u021ba, accidentul vascular cerebral, vertijul \u0219i alte boli care afecteaz\u0103 sistemul nervos. Sunt efectuate teste neuropsihologice \u0219i [&hellip;]<\/p>\n","protected":false},"author":1,"featured_media":0,"parent":24880,"menu_order":0,"comment_status":"closed","ping_status":"closed","template":"","meta":{"footnotes":""},"class_list":["post-24910","page","type-page","status-publish","hentry"],"_links":{"self":[{"href":"https:\/\/cardiacinstitute.bg\/ro\/wp-json\/wp\/v2\/pages\/24910","targetHints":{"allow":["GET"]}}],"collection":[{"href":"https:\/\/cardiacinstitute.bg\/ro\/wp-json\/wp\/v2\/pages"}],"about":[{"href":"https:\/\/cardiacinstitute.bg\/ro\/wp-json\/wp\/v2\/types\/page"}],"author":[{"embeddable":true,"href":"https:\/\/cardiacinstitute.bg\/ro\/wp-json\/wp\/v2\/users\/1"}],"replies":[{"embeddable":true,"href":"https:\/\/cardiacinstitute.bg\/ro\/wp-json\/wp\/v2\/comments?post=24910"}],"version-history":[{"count":8,"href":"https:\/\/cardiacinstitute.bg\/ro\/wp-json\/wp\/v2\/pages\/24910\/revisions"}],"predecessor-version":[{"id":49995,"href":"https:\/\/cardiacinstitute.bg\/ro\/wp-json\/wp\/v2\/pages\/24910\/revisions\/49995"}],"up":[{"embeddable":true,"href":"https:\/\/cardiacinstitute.bg\/ro\/wp-json\/wp\/v2\/pages\/24880"}],"wp:attachment":[{"href":"https:\/\/cardiacinstitute.bg\/ro\/wp-json\/wp\/v2\/media?parent=24910"}],"curies":[{"name":"wp","href":"https:\/\/api.w.org\/{rel}","templated":true}]}}