{"id":24905,"date":"2022-08-19T09:02:20","date_gmt":"2022-08-19T09:02:20","guid":{"rendered":"https:\/\/cardiacinstitute.bg\/?page_id=24905"},"modified":"2025-02-04T11:14:11","modified_gmt":"2025-02-04T11:14:11","slug":"anesthesiology-and-intensive-care-department","status":"publish","type":"page","link":"https:\/\/cardiacinstitute.bg\/ro\/hospitals-and-centers\/heart-and-brain-center-of-excellence-burgas\/clinics-and-departments\/anesthesiology-and-intensive-care-department\/","title":{"rendered":"Anesteziologie \u0219i terapie intensiv\u0103"},"content":{"rendered":"<div class=\"wpb-content-wrapper\">[mk_page_section bg_color=&#8221;#1e73be&#8221; padding_top=&#8221;40&#8243; padding_bottom=&#8221;40&#8243; sidebar=&#8221;sidebar-1&#8243;][vc_column][mk_fancy_title tag_name=&#8221;h4&#8243; color=&#8221;#ffffff&#8221; size=&#8221;48&#8243; force_font_size=&#8221;true&#8221; size_tablet=&#8221;40&#8243; font_weight=&#8221;400&#8243; txt_transform=&#8221;uppercase&#8221; margin_top=&#8221;15&#8243; margin_bottom=&#8221;0&#8243; font_family=&#8221;Open+Sans&#8221; font_type=&#8221;google&#8221; align=&#8221;center&#8221; animation=&#8221;top-to-bottom&#8221;]Anesteziologie \u0219i terapie intensiv\u0103[\/mk_fancy_title][\/vc_column][\/mk_page_section][vc_row][vc_column][mk_padding_divider][vc_column_text css=&#8221;.vc_custom_1660899763934{margin-bottom: 0px !important;}&#8221;]Departamentul ofer\u0103 asisten\u021b\u0103 medical\u0103 specializat\u0103, de \u00eenalt\u0103 eficien\u021b\u0103, 24 de ore din 24. Medicii efectueaz\u0103 consulta\u021bii preanestezie, preg\u0103tirea pacien\u021bilor pentru interven\u021bii chirurgicale, proceduri invazive sau diagnostice sub anestezie general\u0103 sau local\u0103, trateaz\u0103 pacien\u021bii \u00een stare critic\u0103.<\/p>\n<p>Sec\u021bia admite pacien\u021bi \u00een stare critic\u0103 \u0219i cei care au nevoie de terapie intensiv\u0103 \u00een stare postoperatorie.[\/vc_column_text][mk_padding_divider size=&#8221;120&#8243;][mk_employees column=&#8221;4&#8243; rounded_image=&#8221;false&#8221; grayscale_image=&#8221;false&#8221; count=&#8221;-1&#8243; order=&#8221;ASC&#8221; orderby=&#8221;menu_order&#8221; categories=&#8221;hb-burgas-anesthesiology-en&#8221;][\/vc_column][\/vc_row]\n<\/div>","protected":false},"excerpt":{"rendered":"<p>[mk_page_section bg_color=&#8221;#1e73be&#8221; padding_top=&#8221;40&#8243; padding_bottom=&#8221;40&#8243; sidebar=&#8221;sidebar-1&#8243;][vc_column][mk_fancy_title tag_name=&#8221;h4&#8243; color=&#8221;#ffffff&#8221; size=&#8221;48&#8243; force_font_size=&#8221;true&#8221; size_tablet=&#8221;40&#8243; font_weight=&#8221;400&#8243; txt_transform=&#8221;uppercase&#8221; margin_top=&#8221;15&#8243; margin_bottom=&#8221;0&#8243; font_family=&#8221;Open+Sans&#8221; font_type=&#8221;google&#8221; align=&#8221;center&#8221; animation=&#8221;top-to-bottom&#8221;]Anesteziologie \u0219i terapie intensiv\u0103[\/mk_fancy_title][\/vc_column][\/mk_page_section][vc_row][vc_column][mk_padding_divider][vc_column_text css=&#8221;.vc_custom_1660899763934{margin-bottom: 0px !important;}&#8221;]Departamentul ofer\u0103 asisten\u021b\u0103 medical\u0103 specializat\u0103, de \u00eenalt\u0103 eficien\u021b\u0103, 24 de ore din 24. Medicii efectueaz\u0103 consulta\u021bii preanestezie, preg\u0103tirea pacien\u021bilor pentru interven\u021bii chirurgicale, proceduri invazive sau diagnostice sub anestezie general\u0103 sau local\u0103, trateaz\u0103 [&hellip;]<\/p>\n","protected":false},"author":1,"featured_media":0,"parent":24880,"menu_order":0,"comment_status":"closed","ping_status":"closed","template":"","meta":{"footnotes":""},"class_list":["post-24905","page","type-page","status-publish","hentry"],"_links":{"self":[{"href":"https:\/\/cardiacinstitute.bg\/ro\/wp-json\/wp\/v2\/pages\/24905","targetHints":{"allow":["GET"]}}],"collection":[{"href":"https:\/\/cardiacinstitute.bg\/ro\/wp-json\/wp\/v2\/pages"}],"about":[{"href":"https:\/\/cardiacinstitute.bg\/ro\/wp-json\/wp\/v2\/types\/page"}],"author":[{"embeddable":true,"href":"https:\/\/cardiacinstitute.bg\/ro\/wp-json\/wp\/v2\/users\/1"}],"replies":[{"embeddable":true,"href":"https:\/\/cardiacinstitute.bg\/ro\/wp-json\/wp\/v2\/comments?post=24905"}],"version-history":[{"count":6,"href":"https:\/\/cardiacinstitute.bg\/ro\/wp-json\/wp\/v2\/pages\/24905\/revisions"}],"predecessor-version":[{"id":50017,"href":"https:\/\/cardiacinstitute.bg\/ro\/wp-json\/wp\/v2\/pages\/24905\/revisions\/50017"}],"up":[{"embeddable":true,"href":"https:\/\/cardiacinstitute.bg\/ro\/wp-json\/wp\/v2\/pages\/24880"}],"wp:attachment":[{"href":"https:\/\/cardiacinstitute.bg\/ro\/wp-json\/wp\/v2\/media?parent=24905"}],"curies":[{"name":"wp","href":"https:\/\/api.w.org\/{rel}","templated":true}]}}