{"id":24899,"date":"2022-08-19T08:50:28","date_gmt":"2022-08-19T08:50:28","guid":{"rendered":"https:\/\/cardiacinstitute.bg\/?page_id=24899"},"modified":"2025-02-04T07:41:09","modified_gmt":"2025-02-04T07:41:09","slug":"vascular-surgery-department","status":"publish","type":"page","link":"https:\/\/cardiacinstitute.bg\/ro\/hospitals-and-centers\/heart-and-brain-center-of-excellence-burgas\/clinics-and-departments\/vascular-surgery-department\/","title":{"rendered":"Chirurgie vascular\u0103"},"content":{"rendered":"<div class=\"wpb-content-wrapper\">[mk_page_section bg_color=&#8221;#1e73be&#8221; padding_top=&#8221;40&#8243; padding_bottom=&#8221;40&#8243; sidebar=&#8221;sidebar-1&#8243;][vc_column][mk_fancy_title tag_name=&#8221;h4&#8243; color=&#8221;#ffffff&#8221; size=&#8221;48&#8243; force_font_size=&#8221;true&#8221; size_tablet=&#8221;40&#8243; font_weight=&#8221;400&#8243; txt_transform=&#8221;uppercase&#8221; margin_top=&#8221;15&#8243; margin_bottom=&#8221;0&#8243; font_family=&#8221;Open+Sans&#8221; font_type=&#8221;google&#8221; align=&#8221;center&#8221; animation=&#8221;top-to-bottom&#8221;]Chirurgie vascular\u0103[\/mk_fancy_title][\/vc_column][\/mk_page_section][vc_row][vc_column][mk_padding_divider][vc_column_text css=&#8221;.vc_custom_1660899225842{margin-bottom: 0px !important;}&#8221;]<strong>Despre sectie:<\/strong><br \/>\nSectia de Chirurgie Vascular\u0103 ofer\u0103 toate op\u021biunile moderne de diagnostic \u0219i tratament al bolilor vasculare \u2013 tehnici chirurgicale deschise, hibride \u0219i endovasculare, tratament conservator. Echipa clinicii are multi ani de experienta profesionala in domeniul chirurgiei vasculare. Combina\u021bia dintre diferite op\u021biuni de tratament, precum \u0219i disponibilitatea echipamentelor moderne \u0219i a consumabilelor ofer\u0103 pacientului cea mai bun\u0103 \u0219i mai bl\u00e2nd\u0103 abordare de tratament, adaptat\u0103 nevoilor individuale.<\/p>\n<p><strong>Activit\u0103\u021bi:<\/strong><br \/>\nSec\u021bia de chirurgie vascular\u0103 ofer\u0103 tratament modern pentru:<br \/>\n\u2013 boli arteriale \u0219i venoase periferice ale extremit\u0103\u021bilor;<br \/>\n\u2013 interven\u021bii pentru trombozele acute arteriale \u0219i venoase;<br \/>\n\u2013 traumatisme vasculare;<br \/>\n\u2013 tratamentul vaselor cerebrale extracraniene;<br \/>\n\u2013 Prevenirea \u0219i tratamentul precoce al piciorului diabetic;<br \/>\n\u2013 acces vascular pentru hemodializ\u0103.[\/vc_column_text][mk_padding_divider size=&#8221;120&#8243;][mk_employees column=&#8221;4&#8243; rounded_image=&#8221;false&#8221; grayscale_image=&#8221;false&#8221; count=&#8221;-1&#8243; order=&#8221;ASC&#8221; orderby=&#8221;menu_order&#8221; categories=&#8221;hb-burgas-vascular-surgery-en&#8221;][\/vc_column][\/vc_row]\n<\/div>","protected":false},"excerpt":{"rendered":"<p>[mk_page_section bg_color=&#8221;#1e73be&#8221; padding_top=&#8221;40&#8243; padding_bottom=&#8221;40&#8243; sidebar=&#8221;sidebar-1&#8243;][vc_column][mk_fancy_title tag_name=&#8221;h4&#8243; color=&#8221;#ffffff&#8221; size=&#8221;48&#8243; force_font_size=&#8221;true&#8221; size_tablet=&#8221;40&#8243; font_weight=&#8221;400&#8243; txt_transform=&#8221;uppercase&#8221; margin_top=&#8221;15&#8243; margin_bottom=&#8221;0&#8243; font_family=&#8221;Open+Sans&#8221; font_type=&#8221;google&#8221; align=&#8221;center&#8221; animation=&#8221;top-to-bottom&#8221;]Chirurgie vascular\u0103[\/mk_fancy_title][\/vc_column][\/mk_page_section][vc_row][vc_column][mk_padding_divider][vc_column_text css=&#8221;.vc_custom_1660899225842{margin-bottom: 0px !important;}&#8221;]Despre sectie: Sectia de Chirurgie Vascular\u0103 ofer\u0103 toate op\u021biunile moderne de diagnostic \u0219i tratament al bolilor vasculare \u2013 tehnici chirurgicale deschise, hibride \u0219i endovasculare, tratament conservator. Echipa clinicii are multi ani de experienta profesionala [&hellip;]<\/p>\n","protected":false},"author":1,"featured_media":0,"parent":24880,"menu_order":0,"comment_status":"closed","ping_status":"closed","template":"","meta":{"footnotes":""},"class_list":["post-24899","page","type-page","status-publish","hentry"],"_links":{"self":[{"href":"https:\/\/cardiacinstitute.bg\/ro\/wp-json\/wp\/v2\/pages\/24899","targetHints":{"allow":["GET"]}}],"collection":[{"href":"https:\/\/cardiacinstitute.bg\/ro\/wp-json\/wp\/v2\/pages"}],"about":[{"href":"https:\/\/cardiacinstitute.bg\/ro\/wp-json\/wp\/v2\/types\/page"}],"author":[{"embeddable":true,"href":"https:\/\/cardiacinstitute.bg\/ro\/wp-json\/wp\/v2\/users\/1"}],"replies":[{"embeddable":true,"href":"https:\/\/cardiacinstitute.bg\/ro\/wp-json\/wp\/v2\/comments?post=24899"}],"version-history":[{"count":7,"href":"https:\/\/cardiacinstitute.bg\/ro\/wp-json\/wp\/v2\/pages\/24899\/revisions"}],"predecessor-version":[{"id":49979,"href":"https:\/\/cardiacinstitute.bg\/ro\/wp-json\/wp\/v2\/pages\/24899\/revisions\/49979"}],"up":[{"embeddable":true,"href":"https:\/\/cardiacinstitute.bg\/ro\/wp-json\/wp\/v2\/pages\/24880"}],"wp:attachment":[{"href":"https:\/\/cardiacinstitute.bg\/ro\/wp-json\/wp\/v2\/media?parent=24899"}],"curies":[{"name":"wp","href":"https:\/\/api.w.org\/{rel}","templated":true}]}}