{"id":24893,"date":"2022-08-19T08:30:34","date_gmt":"2022-08-19T08:30:34","guid":{"rendered":"https:\/\/cardiacinstitute.bg\/?page_id=24893"},"modified":"2025-02-04T07:32:03","modified_gmt":"2025-02-04T07:32:03","slug":"thoracic-surgery-department","status":"publish","type":"page","link":"https:\/\/cardiacinstitute.bg\/ro\/hospitals-and-centers\/heart-and-brain-center-of-excellence-burgas\/clinics-and-departments\/thoracic-surgery-department\/","title":{"rendered":"Chirurgie toracic\u0103"},"content":{"rendered":"<div class=\"wpb-content-wrapper\">[mk_page_section bg_color=&#8221;#1e73be&#8221; padding_top=&#8221;40&#8243; padding_bottom=&#8221;40&#8243; sidebar=&#8221;sidebar-1&#8243;][vc_column][mk_fancy_title tag_name=&#8221;h4&#8243; color=&#8221;#ffffff&#8221; size=&#8221;48&#8243; force_font_size=&#8221;true&#8221; size_tablet=&#8221;40&#8243; font_weight=&#8221;400&#8243; txt_transform=&#8221;uppercase&#8221; margin_top=&#8221;15&#8243; margin_bottom=&#8221;0&#8243; font_family=&#8221;Open+Sans&#8221; font_type=&#8221;google&#8221; align=&#8221;center&#8221; animation=&#8221;top-to-bottom&#8221;]Chirurgie toracic\u0103[\/mk_fancy_title][\/vc_column][\/mk_page_section][vc_row][vc_column][mk_padding_divider][vc_column_text css=&#8221;.vc_custom_1660898174919{margin-bottom: 0px !important;}&#8221;]<strong>Despre sectie:<\/strong><br \/>\nSectia de chirurgie toracic\u0103 de la Centrul de excelen\u021b\u0103 pentru inim\u0103 \u0219i creier din Burgas, Bulgaria este o unitate modern\u0103, care \u00eendepline\u0219te toate standardele de asisten\u021b\u0103 medical\u0103. Datorit\u0103 echipei de \u00eenalt\u0103 calificare \u0219i echipamentului medical modern, departamentul ofer\u0103 tratament medical la nivel global.<\/p>\n<p>Echipa se concentreaz\u0103 pe tehnici de operare minim invazive (VATS) \u0219i asistate de robot. \u00cen acest fel, garant\u0103m pacien\u021bilor no\u0219tri confort, durere perioperatorie minim\u0103 cu rezultate cosmetice optime, durat\u0103 scurt\u0103 de \u0219edere, recuperare rapid\u0103 \u0219i revenire rapid\u0103 la via\u021ba normal\u0103.<\/p>\n<p>Speciali\u0219tii no\u0219tri combin\u0103 experien\u021ba \u0219i calific\u0103rile lor diverse pentru a oferi solu\u021bii la o mare varietate de condi\u021bii din domeniile chirurgiei toracice, generale \u0219i reconstructive.<\/p>\n<p>Serviciul nostru include tehnici de imaginare, modalit\u0103\u021bi de diagnostic func\u021bional, evaluare preoperatorie, kinetoterapie postoperatorie \u0219i consulta\u021bii interdisciplinare.<\/p>\n<p><strong>Activit\u0103\u021bi:<\/strong><br \/>\nPrincipalul obiectiv al activit\u0103\u021bii noastre acoper\u0103:<br \/>\n\u2013 tratamentul operator al cancerului pulmonar, mezoteliomului, cancerului esofagian \u0219i neoplasmelor mediastinului;<br \/>\n\u2013 opera\u021bii de diagnosticare a bolilor pl\u0103m\u00e2nilor, mediastinului, ganglionilor limfatici, inclusiv mediastinoscopia, toracoscopie (VATS), bronhoscopie; proceduri hibride ca biopsie tru-cut percutanat\u0103 sub ghidare ultrasonografie\/roentgenoscopie;<br \/>\n\u2013 opera\u021bii paliative ale neoplasmelor terminale ale structurilor toracice;<br \/>\n\u2013 opera\u021bii ale trunchiului simpatic \u0219i plexului splanhnic de hiperhidroz\u0103 \u0219i pentru ameliorarea durerii \u00een cancerul pancreatic avansat \u0219i pancreatita cronic\u0103.<br \/>\n\u2013 opera\u021bii ale glandei tiroide;<br \/>\n\u2013 tratamentul dierezelor s\u00e2nilor;<br \/>\n\u2013 extirparea tumorilor benigne ale organelor toracice \u0219i peretelui toracic;<br \/>\n\u2013 interven\u021bii chirurgicale pentru pneumotorax, emfizem pulmonar, efuziuni pleurale \u0219i pericardice;<br \/>\n\u2013 opera\u021bii de reconstruc\u021bie a peretelui toracic cu malforma\u021bii \u0219i defecte congenitale \u0219i dob\u00e2ndite;<br \/>\n\u2013 rezec\u021bia, reconstruc\u021bia \u0219i sutura traheei, bronhiilor \u0219i esofagului \u00een neoplasme, stenoze \u0219i traumatisme;<br \/>\n\u2013 extragerea corpurilor str\u0103ine din arborele traheobron\u0219ic prin metode conven\u021bionale \u0219i bronhoscopice, precum \u0219i asigurarea c\u0103ilor respiratorii;<br \/>\n\u2013 rezec\u021bia, reconstruc\u021bia \u0219i suturarea diafragmei \u00een hernii, leziuni \u0219i tumori;<br \/>\n\u2013 diagnosticul \u0219i tratamentul complet al chisturilor parazitare ale organelor din torace;<br \/>\n\u2013 opera\u021bii la mediastin \u2013 biopsie \u0219i extirpare a neoplasmelor, drenaj pentru infec\u021bie, limfadenectomie mediastinal\u0103, mediastinotomie, mediastinoscopie \u0219i opera\u021bii ale ductului toracic;<br \/>\n\u2013 corec\u021bii pentru sindromul deschiderii toracice superioare \u2013 sindromul orificiului toracic;<br \/>\n\u2013 interven\u021bii chirurgicale de urgen\u021b\u0103 pentru leziuni toracice;<\/p>\n<p>Pacien\u021bii \u0219i rudele acestora beneficiaz\u0103, de asemenea, de sprijinul unor psihologi cu experien\u021b\u0103 \u00een Terapia Cognitiv Comportamental\u0103 \u0219i Schema.[\/vc_column_text][mk_padding_divider size=&#8221;120&#8243;][mk_employees column=&#8221;4&#8243; rounded_image=&#8221;false&#8221; grayscale_image=&#8221;false&#8221; count=&#8221;-1&#8243; order=&#8221;ASC&#8221; orderby=&#8221;menu_order&#8221; categories=&#8221;hb-burgas-thoracic-surgery-en&#8221;][\/vc_column][\/vc_row]\n<\/div>","protected":false},"excerpt":{"rendered":"<p>[mk_page_section bg_color=&#8221;#1e73be&#8221; padding_top=&#8221;40&#8243; padding_bottom=&#8221;40&#8243; sidebar=&#8221;sidebar-1&#8243;][vc_column][mk_fancy_title tag_name=&#8221;h4&#8243; color=&#8221;#ffffff&#8221; size=&#8221;48&#8243; force_font_size=&#8221;true&#8221; size_tablet=&#8221;40&#8243; font_weight=&#8221;400&#8243; txt_transform=&#8221;uppercase&#8221; margin_top=&#8221;15&#8243; margin_bottom=&#8221;0&#8243; font_family=&#8221;Open+Sans&#8221; font_type=&#8221;google&#8221; align=&#8221;center&#8221; animation=&#8221;top-to-bottom&#8221;]Chirurgie toracic\u0103[\/mk_fancy_title][\/vc_column][\/mk_page_section][vc_row][vc_column][mk_padding_divider][vc_column_text css=&#8221;.vc_custom_1660898174919{margin-bottom: 0px !important;}&#8221;]Despre sectie: Sectia de chirurgie toracic\u0103 de la Centrul de excelen\u021b\u0103 pentru inim\u0103 \u0219i creier din Burgas, Bulgaria este o unitate modern\u0103, care \u00eendepline\u0219te toate standardele de asisten\u021b\u0103 medical\u0103. Datorit\u0103 echipei de \u00eenalt\u0103 calificare [&hellip;]<\/p>\n","protected":false},"author":1,"featured_media":0,"parent":24880,"menu_order":0,"comment_status":"closed","ping_status":"closed","template":"","meta":{"footnotes":""},"class_list":["post-24893","page","type-page","status-publish","hentry"],"_links":{"self":[{"href":"https:\/\/cardiacinstitute.bg\/ro\/wp-json\/wp\/v2\/pages\/24893","targetHints":{"allow":["GET"]}}],"collection":[{"href":"https:\/\/cardiacinstitute.bg\/ro\/wp-json\/wp\/v2\/pages"}],"about":[{"href":"https:\/\/cardiacinstitute.bg\/ro\/wp-json\/wp\/v2\/types\/page"}],"author":[{"embeddable":true,"href":"https:\/\/cardiacinstitute.bg\/ro\/wp-json\/wp\/v2\/users\/1"}],"replies":[{"embeddable":true,"href":"https:\/\/cardiacinstitute.bg\/ro\/wp-json\/wp\/v2\/comments?post=24893"}],"version-history":[{"count":7,"href":"https:\/\/cardiacinstitute.bg\/ro\/wp-json\/wp\/v2\/pages\/24893\/revisions"}],"predecessor-version":[{"id":49973,"href":"https:\/\/cardiacinstitute.bg\/ro\/wp-json\/wp\/v2\/pages\/24893\/revisions\/49973"}],"up":[{"embeddable":true,"href":"https:\/\/cardiacinstitute.bg\/ro\/wp-json\/wp\/v2\/pages\/24880"}],"wp:attachment":[{"href":"https:\/\/cardiacinstitute.bg\/ro\/wp-json\/wp\/v2\/media?parent=24893"}],"curies":[{"name":"wp","href":"https:\/\/api.w.org\/{rel}","templated":true}]}}