{"id":24887,"date":"2022-08-19T08:26:41","date_gmt":"2022-08-19T08:26:41","guid":{"rendered":"https:\/\/cardiacinstitute.bg\/?page_id=24887"},"modified":"2025-02-04T07:02:33","modified_gmt":"2025-02-04T07:02:33","slug":"neurosurgery-department","status":"publish","type":"page","link":"https:\/\/cardiacinstitute.bg\/ro\/hospitals-and-centers\/heart-and-brain-center-of-excellence-burgas\/clinics-and-departments\/neurosurgery-department\/","title":{"rendered":"Neurochirurgie"},"content":{"rendered":"<div class=\"wpb-content-wrapper\">[mk_page_section bg_color=&#8221;#1e73be&#8221; padding_top=&#8221;40&#8243; padding_bottom=&#8221;40&#8243; sidebar=&#8221;sidebar-1&#8243;][vc_column][mk_fancy_title tag_name=&#8221;h4&#8243; color=&#8221;#ffffff&#8221; size=&#8221;48&#8243; force_font_size=&#8221;true&#8221; size_tablet=&#8221;40&#8243; font_weight=&#8221;400&#8243; txt_transform=&#8221;uppercase&#8221; margin_top=&#8221;15&#8243; margin_bottom=&#8221;0&#8243; font_family=&#8221;Open+Sans&#8221; font_type=&#8221;google&#8221; align=&#8221;center&#8221; animation=&#8221;top-to-bottom&#8221;]Neurochirurgie[\/mk_fancy_title][\/vc_column][\/mk_page_section][vc_row][vc_column][mk_padding_divider][vc_column_text css=&#8221;.vc_custom_1660897693673{margin-bottom: 0px !important;}&#8221;]<strong>Despre sectie:<\/strong><br \/>\nSec\u021bia de neurochirurgie dispune de 2 s\u0103li de opera\u021bie high-tech dotate cu cele mai moderne echipamente pentru activitatea chirurgical\u0103 neurochirurgical\u0103, dintre care unele nu au analog \u00een \u021bar\u0103 (microscop digital unic complet robotizat al companiei Synaptive, Canada, microscop de operare electronic de ultim\u0103 genera\u021bie al compania ZEISS, Germania, \u0219i sisteme neuroendoscopice pentru chirurgia creierului \u0219i coloanei vertebrale ale companiilor Aesculap \u0219i Joimax, Germania, sistem 2-D\/3-D pentru ghidarea imaginilor intraoperatorii navigate \u00een neurochirurgia coloanei vertebrale Surgivisio), precum \u0219i aspiratorul cu ultrasunete CUSA, C- bra\u021b, electroforbur\u0103tor de mare vitez\u0103 Elan 4 al firmei Aesculap pentru proceduri osoase, etc. S\u0103lile de opera\u021bie sunt dotate cu instrumentar neurochirurgical general pentru neurochirurgie cranian\u0103 \u0219i coloanei vertebrale, mese de opera\u021bie \u0219i fixatoare cerebrale, precum \u0219i seturi specializate pentru minim invazive. chirurgie pentru tumori cerebrale \u0219i coloanei vertebrale \u0219i patologie vascular\u0103, neurochirurgie pediatric\u0103, hernii de disc cervicale, toracice \u0219i lombare ons, stenoze \u0219i alte boli degenerative, chirurgie pur endoscopic\u0103 a bazei craniului, abord\u0103ri transsfenoidale pentru tumori hipofizare \u0219i paracelulare.<\/p>\n<p>Capacitatea de paturi a sec\u021biei cuprinde 20 de paturi de internare pentru pacien\u021bi neurochirurgical, situate la etajul 5 al spitalului, precum \u0219i un ambulatoriu \u00een sec\u021bia de intern\u0103ri. Sec\u021bia de spitalizare este amenajat\u0103 conform cerin\u021belor de igien\u0103 de ultim\u0103 genera\u021bie, cu aer condi\u021bionat centralizat \u0219i facilit\u0103\u021bi sanitare (baie\/toalet\u0103) \u00een fiecare camer\u0103 de spitalizare \u0219i op\u021biuni individuale de conectare la telefon \u0219i la televizor. Monitorizarea continu\u0103 a st\u0103rii preoperatorii \u0219i postoperatorii a pacien\u021bilor este asigurat\u0103 de un personal competent de neurochirurgi specializa\u021bi, cu experien\u021b\u0103 \u00een toate domeniile practicii neurochirurgicale moderne, precum \u0219i de o echip\u0103 experimentat\u0103 de profesioni\u0219ti din domeniul medical.<\/p>\n<p><strong>Activit\u0103\u021bi:<\/strong><br \/>\nCapacit\u0103\u021bile departamentului acoper\u0103 tratamentul celei mai largi game posibile de boli neurochirurgicale din profilul general al Spitalului de Inim\u0103 \u0219i Creier din Burgas, cum ar fi tumorile primare ale creierului \u0219i hipofizarului \u0219i tumorile secundare (metastaze), neurochirurgie vascular\u0103, neurochirurgie func\u021bional\u0103 (durere). sindroame, rizopatii craniene precum nevralgia de trigemen \u0219i hemispasm facial, nevralgie occipital\u0103 etc.) \u0219i neurochirurgie pediatric\u0103, chirurgie a complica\u021biilor posttraumatice \u0219i oncologice precum hidrocefalie intern\u0103, licoare, recolte de s\u00e2nge subdurale subacute \u0219i cronice, sindroame spinale, neurochirurgii, hernii de disc cervicale, toracice si lombare, stenoze degenerative ale canalului lombar, diverse tipuri de scolioze si listeze ale vertebrelor care formeaza coloana vertebrala, fracturi osteoporotice si patologice\/oncologice ale coloanei vertebrale), interventii chirurgicale ale leziunilor traumatice ale nervilor periferici etc.[\/vc_column_text][mk_padding_divider size=&#8221;120&#8243;][mk_employees column=&#8221;4&#8243; rounded_image=&#8221;false&#8221; grayscale_image=&#8221;false&#8221; count=&#8221;-1&#8243; order=&#8221;ASC&#8221; orderby=&#8221;menu_order&#8221; categories=&#8221;hb-burgas-neurosurgery-en&#8221;][\/vc_column][\/vc_row]\n<\/div>","protected":false},"excerpt":{"rendered":"<p>[mk_page_section bg_color=&#8221;#1e73be&#8221; padding_top=&#8221;40&#8243; padding_bottom=&#8221;40&#8243; sidebar=&#8221;sidebar-1&#8243;][vc_column][mk_fancy_title tag_name=&#8221;h4&#8243; color=&#8221;#ffffff&#8221; size=&#8221;48&#8243; force_font_size=&#8221;true&#8221; size_tablet=&#8221;40&#8243; font_weight=&#8221;400&#8243; txt_transform=&#8221;uppercase&#8221; margin_top=&#8221;15&#8243; margin_bottom=&#8221;0&#8243; font_family=&#8221;Open+Sans&#8221; font_type=&#8221;google&#8221; align=&#8221;center&#8221; animation=&#8221;top-to-bottom&#8221;]Neurochirurgie[\/mk_fancy_title][\/vc_column][\/mk_page_section][vc_row][vc_column][mk_padding_divider][vc_column_text css=&#8221;.vc_custom_1660897693673{margin-bottom: 0px !important;}&#8221;]Despre sectie: Sec\u021bia de neurochirurgie dispune de 2 s\u0103li de opera\u021bie high-tech dotate cu cele mai moderne echipamente pentru activitatea chirurgical\u0103 neurochirurgical\u0103, dintre care unele nu au analog \u00een \u021bar\u0103 (microscop digital unic complet robotizat [&hellip;]<\/p>\n","protected":false},"author":1,"featured_media":0,"parent":24880,"menu_order":0,"comment_status":"closed","ping_status":"closed","template":"","meta":{"footnotes":""},"class_list":["post-24887","page","type-page","status-publish","hentry"],"_links":{"self":[{"href":"https:\/\/cardiacinstitute.bg\/ro\/wp-json\/wp\/v2\/pages\/24887","targetHints":{"allow":["GET"]}}],"collection":[{"href":"https:\/\/cardiacinstitute.bg\/ro\/wp-json\/wp\/v2\/pages"}],"about":[{"href":"https:\/\/cardiacinstitute.bg\/ro\/wp-json\/wp\/v2\/types\/page"}],"author":[{"embeddable":true,"href":"https:\/\/cardiacinstitute.bg\/ro\/wp-json\/wp\/v2\/users\/1"}],"replies":[{"embeddable":true,"href":"https:\/\/cardiacinstitute.bg\/ro\/wp-json\/wp\/v2\/comments?post=24887"}],"version-history":[{"count":8,"href":"https:\/\/cardiacinstitute.bg\/ro\/wp-json\/wp\/v2\/pages\/24887\/revisions"}],"predecessor-version":[{"id":49962,"href":"https:\/\/cardiacinstitute.bg\/ro\/wp-json\/wp\/v2\/pages\/24887\/revisions\/49962"}],"up":[{"embeddable":true,"href":"https:\/\/cardiacinstitute.bg\/ro\/wp-json\/wp\/v2\/pages\/24880"}],"wp:attachment":[{"href":"https:\/\/cardiacinstitute.bg\/ro\/wp-json\/wp\/v2\/media?parent=24887"}],"curies":[{"name":"wp","href":"https:\/\/api.w.org\/{rel}","templated":true}]}}