{"id":24844,"date":"2022-08-18T14:42:12","date_gmt":"2022-08-18T14:42:12","guid":{"rendered":"https:\/\/cardiacinstitute.bg\/?page_id=24844"},"modified":"2025-02-10T07:23:23","modified_gmt":"2025-02-10T07:23:23","slug":"medical-genetics-laboratory","status":"publish","type":"page","link":"https:\/\/cardiacinstitute.bg\/ro\/hospitals-and-centers\/heart-and-brain-center-of-excellence-pleven\/laboratory-tests\/medical-genetics-laboratory\/","title":{"rendered":"Laborator de genetica medicala"},"content":{"rendered":"<div class=\"wpb-content-wrapper\">[mk_page_section bg_color=&#8221;#1e73be&#8221; padding_top=&#8221;40&#8243; padding_bottom=&#8221;40&#8243; sidebar=&#8221;sidebar-1&#8243;][vc_column][mk_fancy_title tag_name=&#8221;h4&#8243; color=&#8221;#ffffff&#8221; size=&#8221;48&#8243; force_font_size=&#8221;true&#8221; size_tablet=&#8221;40&#8243; font_weight=&#8221;400&#8243; txt_transform=&#8221;uppercase&#8221; margin_top=&#8221;15&#8243; margin_bottom=&#8221;0&#8243; font_family=&#8221;Open+Sans&#8221; font_type=&#8221;google&#8221; align=&#8221;center&#8221; animation=&#8221;top-to-bottom&#8221;]Laborator de genetica medicala[\/mk_fancy_title][\/vc_column][\/mk_page_section][vc_row][vc_column][mk_padding_divider][vc_column_text css=&#8221;.vc_custom_1660834190975{margin-bottom: 0px !important;}&#8221;]Laboratorul de genetic\u0103 medical\u0103 este specializat \u00een domeniul geneticii moleculare \u0219i mai precis \u00een oncopatologie molecular\u0103. Este parte integrant\u0103 a sec\u021biei de onco-patologie molecular\u0103 nou format\u0103, \u00eempreun\u0103 cu departamentul de patologie general\u0103 \u0219i clinic\u0103.<\/p>\n<p>Echipa este format\u0103 din medici, biologi moleculari \u0219i asisten\u021bi medicali de laborator.<\/p>\n<p>Laboratorul de genetic\u0103 medical\u0103 dispune de toate echipamentele necesare desf\u0103\u0219ur\u0103rii activit\u0103\u021bii sale \u0219i de toate instrumentarul \u0219i consumabilele pentru efectuarea diagnosticului genetic molecular; respect\u0103 cerin\u021bele europene de calitate pentru procedurile de diagnostic in vitro. Laboratorul este organizat \u00een conformitate cu standardele interna\u021bionale \u0219i toate reglement\u0103rile de bun\u0103 practic\u0103 de laborator \u0219i \u00ee\u0219i propune s\u0103 ob\u021bin\u0103 acreditarea complet\u0103 c\u00e2t mai cur\u00e2nd posibil.<\/p>\n<p>Un accent major \u00een activit\u0103\u021bile laboratorului de genetic\u0103 molecular\u0103 \u0219i onco-patologie este pus pe diagnosticarea solidelor (\u00een principal carcinoame), cu apari\u021bie sporadic \u0219i a neoplaziilor maligne la pacien\u021bii cu v\u00e2rsta peste 18 ani. Studiile efectuate \u00een laborator se \u00eencadreaz\u0103 \u00een analizele necesare pentru diagnosticarea \u0219i definirea prognosticului pentru o serie de boli oncologice \u0219i pentru alegerea unei abord\u0103ri terapeutice \u2013 terapie \u021bint\u0103, imunoterapie, chimioterapie \u0219i terapie hormonal\u0103 \u2013 folosind o abordare individual\u0103.<\/p>\n<p>Identificarea biomarkerilor relevan\u021bi din punct de vedere terapeutic \u00een probele tumorale se face folosind diferite metode confirmate bazate pe PCR. Introducerea metodelor de diagnostic bazate pe secven\u021bierea de ultim\u0103 genera\u021bie este iminent\u0103, iar \u00een prezent este \u00een curs de dezvoltare un protocol pentru lucrul nu numai cu materialul tumoral, ci \u0219i cu biopsia fluid\u0103.<\/p>\n<p>Echipa noastr\u0103 lucreaz\u0103 \u00een str\u00e2ns\u0103 colaborare cu celelalte clinici din spitalul \u201eInim\u0103 \u0219i creier\u201d, precum \u0219i cu diverse institu\u021bii academice pentru dezvoltarea de proiecte \u0219tiin\u021bifice.[\/vc_column_text][mk_padding_divider size=&#8221;120&#8243;][mk_employees column=&#8221;4&#8243; rounded_image=&#8221;false&#8221; grayscale_image=&#8221;false&#8221; count=&#8221;-1&#8243; order=&#8221;ASC&#8221; orderby=&#8221;menu_order&#8221; categories=&#8221;hb-pleven-medical-genetics-en&#8221;][\/vc_column][\/vc_row]\n<\/div>","protected":false},"excerpt":{"rendered":"<p>[mk_page_section bg_color=&#8221;#1e73be&#8221; padding_top=&#8221;40&#8243; padding_bottom=&#8221;40&#8243; sidebar=&#8221;sidebar-1&#8243;][vc_column][mk_fancy_title tag_name=&#8221;h4&#8243; color=&#8221;#ffffff&#8221; size=&#8221;48&#8243; force_font_size=&#8221;true&#8221; size_tablet=&#8221;40&#8243; font_weight=&#8221;400&#8243; txt_transform=&#8221;uppercase&#8221; margin_top=&#8221;15&#8243; margin_bottom=&#8221;0&#8243; font_family=&#8221;Open+Sans&#8221; font_type=&#8221;google&#8221; align=&#8221;center&#8221; animation=&#8221;top-to-bottom&#8221;]Laborator de genetica medicala[\/mk_fancy_title][\/vc_column][\/mk_page_section][vc_row][vc_column][mk_padding_divider][vc_column_text css=&#8221;.vc_custom_1660834190975{margin-bottom: 0px !important;}&#8221;]Laboratorul de genetic\u0103 medical\u0103 este specializat \u00een domeniul geneticii moleculare \u0219i mai precis \u00een oncopatologie molecular\u0103. Este parte integrant\u0103 a sec\u021biei de onco-patologie molecular\u0103 nou format\u0103, \u00eempreun\u0103 cu departamentul de patologie general\u0103 [&hellip;]<\/p>\n","protected":false},"author":1,"featured_media":0,"parent":24804,"menu_order":0,"comment_status":"closed","ping_status":"closed","template":"","meta":{"footnotes":""},"class_list":["post-24844","page","type-page","status-publish","hentry"],"_links":{"self":[{"href":"https:\/\/cardiacinstitute.bg\/ro\/wp-json\/wp\/v2\/pages\/24844","targetHints":{"allow":["GET"]}}],"collection":[{"href":"https:\/\/cardiacinstitute.bg\/ro\/wp-json\/wp\/v2\/pages"}],"about":[{"href":"https:\/\/cardiacinstitute.bg\/ro\/wp-json\/wp\/v2\/types\/page"}],"author":[{"embeddable":true,"href":"https:\/\/cardiacinstitute.bg\/ro\/wp-json\/wp\/v2\/users\/1"}],"replies":[{"embeddable":true,"href":"https:\/\/cardiacinstitute.bg\/ro\/wp-json\/wp\/v2\/comments?post=24844"}],"version-history":[{"count":6,"href":"https:\/\/cardiacinstitute.bg\/ro\/wp-json\/wp\/v2\/pages\/24844\/revisions"}],"predecessor-version":[{"id":50368,"href":"https:\/\/cardiacinstitute.bg\/ro\/wp-json\/wp\/v2\/pages\/24844\/revisions\/50368"}],"up":[{"embeddable":true,"href":"https:\/\/cardiacinstitute.bg\/ro\/wp-json\/wp\/v2\/pages\/24804"}],"wp:attachment":[{"href":"https:\/\/cardiacinstitute.bg\/ro\/wp-json\/wp\/v2\/media?parent=24844"}],"curies":[{"name":"wp","href":"https:\/\/api.w.org\/{rel}","templated":true}]}}