{"id":24838,"date":"2022-08-18T14:41:45","date_gmt":"2022-08-18T14:41:45","guid":{"rendered":"https:\/\/cardiacinstitute.bg\/?page_id=24838"},"modified":"2025-02-10T06:59:25","modified_gmt":"2025-02-10T06:59:25","slug":"microbiology-laboratory","status":"publish","type":"page","link":"https:\/\/cardiacinstitute.bg\/ro\/hospitals-and-centers\/heart-and-brain-center-of-excellence-pleven\/laboratory-tests\/microbiology-laboratory\/","title":{"rendered":"Laborator microbiologie"},"content":{"rendered":"<div class=\"wpb-content-wrapper\">[mk_page_section bg_color=&#8221;#1e73be&#8221; padding_top=&#8221;40&#8243; padding_bottom=&#8221;40&#8243; sidebar=&#8221;sidebar-1&#8243;][vc_column][mk_fancy_title tag_name=&#8221;h4&#8243; color=&#8221;#ffffff&#8221; size=&#8221;48&#8243; force_font_size=&#8221;true&#8221; size_tablet=&#8221;40&#8243; font_weight=&#8221;400&#8243; txt_transform=&#8221;uppercase&#8221; margin_top=&#8221;15&#8243; margin_bottom=&#8221;0&#8243; font_family=&#8221;Open+Sans&#8221; font_type=&#8221;google&#8221; align=&#8221;center&#8221; animation=&#8221;top-to-bottom&#8221;]Laborator microbiologie[\/mk_fancy_title][\/vc_column][\/mk_page_section][vc_row][vc_column][mk_padding_divider][vc_column_text css=&#8221;.vc_custom_1660834141159{margin-bottom: 0px !important;}&#8221;]Laboratorul dispune de echipamente de diagnosticare moderne care permit diagnosticare microbiologic\u0103 precis\u0103. Folosim diagnostic de \u00eenalt\u0103 calitate \u0219i consumabile aprobate de practicieni. Aplicam metode clasice de izolare si depistare a bacteriilor \u2013 cultura, microscopie, etc. \u2013 precum si metode automatizate de identificare a genului si determinarea sensibilitatii la antibiotice. Laboratorul nostru face parte din sistemul de audit extern al calit\u0103\u021bii activit\u0103\u021bii de diagnostic de\u021binut de Centrul Na\u021bional de Boli Infec\u021bioase \u0219i Parazitare din Bulgaria \u0219i, prin urmare, este certificat de dou\u0103 ori pe an.<\/p>\n<p>Laboratorul folose\u0219te un sistem automatizat Erba Mannheim pentru identificarea microorganismelor \u0219i determinarea sensibilit\u0103\u021bii la antibiotice \u0219i a concentra\u021biei minime inhibitoare. De asemenea, avem un sistem automatizat DL Biotech pentru studiul hemoculturii.<\/p>\n<p>Laboratorul de Microbiologie realizeaz\u0103 urm\u0103toarele studii de microbiologie:<\/p>\n<p>studiu de microbiologie pentru izolarea unui agent etiologic din sistemul cardiovascular: hemocultur\u0103, valv\u0103 cardiac\u0103, proteze vasculare, catetere intravasculare etc.;<\/p>\n<p>aparatul respirator: secretia gatului, secretia nazala, sputa, aspiratul traheal, lavajul bronhoalveolar etc.;<\/p>\n<p>sistemul urogenital: urina vezicii urinare, urina cateterului, urina prin punc\u021bie, secre\u021bii vaginale, mucus cervical, secre\u021bie uretral\u0103 etc.<\/p>\n<p>piele \u0219i hipoderm\u0103: drenajul pl\u0103gii, drenajul pl\u0103gii chirurgicale, drenajul fistulelor, alte materiale ale pl\u0103gii;<\/p>\n<p>punc\u021bii: drenaj pleural, drenaj toracic, alte drenaje, punc\u021bie pleural\u0103, punc\u021bie pericardic\u0103, punc\u021bie abces, alte punc\u021bii \u0219i alte materiale: lichid cefalorahidian, alte secre\u021bii (oculare, auditive, cavitate bucale, piele etc.)<\/p>\n<p>Determinarea sensibilit\u0103\u021bii la antibiotice a microorganismelor cu cre\u0219tere rapid\u0103 prin metoda difuziei pe disc \u0219i determinarea concentra\u021biei minime inhibitoare la anumite antibiotice.<\/p>\n<p>Identificarea ciupercilor importante din punct de vedere clinic care pot provoca infec\u021bii mucocutanate \u0219i sistemice, pe baza morfologiei lor microscopice \u0219i identific\u0103rii biochimice, determinarea sensibilit\u0103\u021bii antifungice.<\/p>\n<p>Detectarea microorganismelor dificil de cultivat \u0219i a bolilor pe care le provoac\u0103:<\/p>\n<p>infectii anaerobe, infectii cu haemophilus, infectii cu meningococ.<\/p>\n<p>Pentru prevenirea infec\u021biilor intraspitalice\u0219ti, laboratorul efectueaz\u0103 \u0219i teste microbiologice sanitare ale materialelor din mediul spitalicesc, echipamentelor medicale \u0219i personalului medical.<\/p>\n<p>Diagnosticul serologic include L AST, RF, testiculele sifilisului \u2013 RPR.[\/vc_column_text][mk_padding_divider size=&#8221;120&#8243;][mk_employees column=&#8221;4&#8243; rounded_image=&#8221;false&#8221; grayscale_image=&#8221;false&#8221; count=&#8221;-1&#8243; order=&#8221;ASC&#8221; orderby=&#8221;menu_order&#8221; categories=&#8221;hb-pleven-microbiology-laboratory-en&#8221;][\/vc_column][\/vc_row]\n<\/div>","protected":false},"excerpt":{"rendered":"<p>[mk_page_section bg_color=&#8221;#1e73be&#8221; padding_top=&#8221;40&#8243; padding_bottom=&#8221;40&#8243; sidebar=&#8221;sidebar-1&#8243;][vc_column][mk_fancy_title tag_name=&#8221;h4&#8243; color=&#8221;#ffffff&#8221; size=&#8221;48&#8243; force_font_size=&#8221;true&#8221; size_tablet=&#8221;40&#8243; font_weight=&#8221;400&#8243; txt_transform=&#8221;uppercase&#8221; margin_top=&#8221;15&#8243; margin_bottom=&#8221;0&#8243; font_family=&#8221;Open+Sans&#8221; font_type=&#8221;google&#8221; align=&#8221;center&#8221; animation=&#8221;top-to-bottom&#8221;]Laborator microbiologie[\/mk_fancy_title][\/vc_column][\/mk_page_section][vc_row][vc_column][mk_padding_divider][vc_column_text css=&#8221;.vc_custom_1660834141159{margin-bottom: 0px !important;}&#8221;]Laboratorul dispune de echipamente de diagnosticare moderne care permit diagnosticare microbiologic\u0103 precis\u0103. Folosim diagnostic de \u00eenalt\u0103 calitate \u0219i consumabile aprobate de practicieni. Aplicam metode clasice de izolare si depistare a bacteriilor \u2013 cultura, microscopie, [&hellip;]<\/p>\n","protected":false},"author":1,"featured_media":0,"parent":24804,"menu_order":0,"comment_status":"closed","ping_status":"closed","template":"","meta":{"footnotes":""},"class_list":["post-24838","page","type-page","status-publish","hentry"],"_links":{"self":[{"href":"https:\/\/cardiacinstitute.bg\/ro\/wp-json\/wp\/v2\/pages\/24838","targetHints":{"allow":["GET"]}}],"collection":[{"href":"https:\/\/cardiacinstitute.bg\/ro\/wp-json\/wp\/v2\/pages"}],"about":[{"href":"https:\/\/cardiacinstitute.bg\/ro\/wp-json\/wp\/v2\/types\/page"}],"author":[{"embeddable":true,"href":"https:\/\/cardiacinstitute.bg\/ro\/wp-json\/wp\/v2\/users\/1"}],"replies":[{"embeddable":true,"href":"https:\/\/cardiacinstitute.bg\/ro\/wp-json\/wp\/v2\/comments?post=24838"}],"version-history":[{"count":8,"href":"https:\/\/cardiacinstitute.bg\/ro\/wp-json\/wp\/v2\/pages\/24838\/revisions"}],"predecessor-version":[{"id":50361,"href":"https:\/\/cardiacinstitute.bg\/ro\/wp-json\/wp\/v2\/pages\/24838\/revisions\/50361"}],"up":[{"embeddable":true,"href":"https:\/\/cardiacinstitute.bg\/ro\/wp-json\/wp\/v2\/pages\/24804"}],"wp:attachment":[{"href":"https:\/\/cardiacinstitute.bg\/ro\/wp-json\/wp\/v2\/media?parent=24838"}],"curies":[{"name":"wp","href":"https:\/\/api.w.org\/{rel}","templated":true}]}}