{"id":24832,"date":"2022-08-18T14:41:17","date_gmt":"2022-08-18T14:41:17","guid":{"rendered":"https:\/\/cardiacinstitute.bg\/?page_id=24832"},"modified":"2025-02-10T06:49:56","modified_gmt":"2025-02-10T06:49:56","slug":"clinical-laboratory","status":"publish","type":"page","link":"https:\/\/cardiacinstitute.bg\/ro\/hospitals-and-centers\/heart-and-brain-center-of-excellence-pleven\/laboratory-tests\/clinical-laboratory\/","title":{"rendered":"Laborator clinic"},"content":{"rendered":"<div class=\"wpb-content-wrapper\">[mk_page_section bg_color=&#8221;#1e73be&#8221; padding_top=&#8221;40&#8243; padding_bottom=&#8221;40&#8243; sidebar=&#8221;sidebar-1&#8243;][vc_column][mk_fancy_title tag_name=&#8221;h4&#8243; color=&#8221;#ffffff&#8221; size=&#8221;48&#8243; force_font_size=&#8221;true&#8221; size_tablet=&#8221;40&#8243; font_weight=&#8221;400&#8243; txt_transform=&#8221;uppercase&#8221; margin_top=&#8221;15&#8243; margin_bottom=&#8221;0&#8243; font_family=&#8221;Open+Sans&#8221; font_type=&#8221;google&#8221; align=&#8221;center&#8221; animation=&#8221;top-to-bottom&#8221;]Laborator clinic[\/mk_fancy_title][\/vc_column][\/mk_page_section][vc_row][vc_column][mk_padding_divider][vc_column_text css=&#8221;.vc_custom_1660834060701{margin-bottom: 0px !important;}&#8221;]Laboratorul clinic ofer\u0103 posibilitatea unui studiu rapid \u0219i de calitate al pacientului, 24\/7, pe tot parcursul anului. Dispunem de echipamente moderne, de \u00eenalt\u0103 tehnologie \u0219i lucr\u0103m \u00een conformitate cu metodele de analiz\u0103 aprobate la nivel interna\u021bional, astfel \u00eenc\u00e2t pacien\u021bii s\u0103 se poat\u0103 baza pe profesionalismul nostru ridicat \u0219i pe o precizie irepro\u0219abil\u0103. Calitatea \u0219i fiabilitatea rezultatelor laboratorului nostru sunt garantate de controlul intern zilnic al laboratorului \u0219i de certificatele de calificare de succes emise de Sistemul na\u021bional bulgar de audit al calit\u0103\u021bii, precum \u0219i de profesionalismul echipei noastre de speciali\u0219ti cu \u00eenalt\u0103 calificare.<\/p>\n<p>Pacien\u021bii au posibilitatea de a consulta un medic specialist cu privire la studiile prescrise \u0219i interpretarea rezultatelor. \u00cen domeniul coagul\u0103rii, controlului tratamentului cu noi anticoagulante \u0219i monitoriz\u0103rii terapiei antiplachetare aplicat\u0103 pe un cerc larg de pacien\u021bi, laboratorul are posibilitatea de a monitoriza tratamentul folosind studii unice, inclusiv studierea func\u021biei trombocitelor la pacien\u021bii supu\u0219i terapia antiagregante plachetare si studierea efectului tratamentului la utilizarea de noi anticoagulante.<\/p>\n<p>Laboratorul poate efectua studii de \u00eenalt\u0103 specializare legate de monitorizarea medicamentelor terapeutice a unui cerc larg de pacien\u021bi.[\/vc_column_text][mk_padding_divider size=&#8221;120&#8243;][mk_employees column=&#8221;4&#8243; rounded_image=&#8221;false&#8221; grayscale_image=&#8221;false&#8221; count=&#8221;-1&#8243; order=&#8221;ASC&#8221; orderby=&#8221;menu_order&#8221; categories=&#8221;hb-pleven-clinical-laboratory-en&#8221;][\/vc_column][\/vc_row]\n<\/div>","protected":false},"excerpt":{"rendered":"<p>[mk_page_section bg_color=&#8221;#1e73be&#8221; padding_top=&#8221;40&#8243; padding_bottom=&#8221;40&#8243; sidebar=&#8221;sidebar-1&#8243;][vc_column][mk_fancy_title tag_name=&#8221;h4&#8243; color=&#8221;#ffffff&#8221; size=&#8221;48&#8243; force_font_size=&#8221;true&#8221; size_tablet=&#8221;40&#8243; font_weight=&#8221;400&#8243; txt_transform=&#8221;uppercase&#8221; margin_top=&#8221;15&#8243; margin_bottom=&#8221;0&#8243; font_family=&#8221;Open+Sans&#8221; font_type=&#8221;google&#8221; align=&#8221;center&#8221; animation=&#8221;top-to-bottom&#8221;]Laborator clinic[\/mk_fancy_title][\/vc_column][\/mk_page_section][vc_row][vc_column][mk_padding_divider][vc_column_text css=&#8221;.vc_custom_1660834060701{margin-bottom: 0px !important;}&#8221;]Laboratorul clinic ofer\u0103 posibilitatea unui studiu rapid \u0219i de calitate al pacientului, 24\/7, pe tot parcursul anului. Dispunem de echipamente moderne, de \u00eenalt\u0103 tehnologie \u0219i lucr\u0103m \u00een conformitate cu metodele de analiz\u0103 aprobate la [&hellip;]<\/p>\n","protected":false},"author":1,"featured_media":0,"parent":24804,"menu_order":0,"comment_status":"closed","ping_status":"closed","template":"","meta":{"footnotes":""},"class_list":["post-24832","page","type-page","status-publish","hentry"],"_links":{"self":[{"href":"https:\/\/cardiacinstitute.bg\/ro\/wp-json\/wp\/v2\/pages\/24832","targetHints":{"allow":["GET"]}}],"collection":[{"href":"https:\/\/cardiacinstitute.bg\/ro\/wp-json\/wp\/v2\/pages"}],"about":[{"href":"https:\/\/cardiacinstitute.bg\/ro\/wp-json\/wp\/v2\/types\/page"}],"author":[{"embeddable":true,"href":"https:\/\/cardiacinstitute.bg\/ro\/wp-json\/wp\/v2\/users\/1"}],"replies":[{"embeddable":true,"href":"https:\/\/cardiacinstitute.bg\/ro\/wp-json\/wp\/v2\/comments?post=24832"}],"version-history":[{"count":8,"href":"https:\/\/cardiacinstitute.bg\/ro\/wp-json\/wp\/v2\/pages\/24832\/revisions"}],"predecessor-version":[{"id":50351,"href":"https:\/\/cardiacinstitute.bg\/ro\/wp-json\/wp\/v2\/pages\/24832\/revisions\/50351"}],"up":[{"embeddable":true,"href":"https:\/\/cardiacinstitute.bg\/ro\/wp-json\/wp\/v2\/pages\/24804"}],"wp:attachment":[{"href":"https:\/\/cardiacinstitute.bg\/ro\/wp-json\/wp\/v2\/media?parent=24832"}],"curies":[{"name":"wp","href":"https:\/\/api.w.org\/{rel}","templated":true}]}}