{"id":24828,"date":"2022-08-18T14:37:24","date_gmt":"2022-08-18T14:37:24","guid":{"rendered":"https:\/\/cardiacinstitute.bg\/?page_id=24828"},"modified":"2024-11-18T08:58:47","modified_gmt":"2024-11-18T08:58:47","slug":"immunology-laboratory","status":"publish","type":"page","link":"https:\/\/cardiacinstitute.bg\/ro\/hospitals-and-centers\/heart-and-brain-center-of-excellence-pleven\/laboratory-tests\/immunology-laboratory\/","title":{"rendered":"Immunology laboratory"},"content":{"rendered":"<div class=\"wpb-content-wrapper\">[mk_page_section bg_color=&#8221;#1e73be&#8221; padding_top=&#8221;40&#8243; padding_bottom=&#8221;40&#8243; sidebar=&#8221;sidebar-1&#8243;][vc_column][mk_fancy_title tag_name=&#8221;h4&#8243; color=&#8221;#ffffff&#8221; size=&#8221;48&#8243; force_font_size=&#8221;true&#8221; size_tablet=&#8221;40&#8243; font_weight=&#8221;400&#8243; txt_transform=&#8221;uppercase&#8221; margin_top=&#8221;15&#8243; margin_bottom=&#8221;0&#8243; font_family=&#8221;Open+Sans&#8221; font_type=&#8221;google&#8221; align=&#8221;center&#8221; animation=&#8221;top-to-bottom&#8221;]Immunology laboratory[\/mk_fancy_title][\/vc_column][\/mk_page_section][vc_row][vc_column][mk_padding_divider][vc_column_text css=&#8221;.vc_custom_1660834009891{margin-bottom: 0px !important;}&#8221;]De la \u00eenceputul anului 2021, un laborator medico-diagnostic pentru imunologie clinic\u0103 func\u021bioneaz\u0103 \u00een sectoarele de laborator-diagnostic ale Centrului de Excelen\u021b\u0103 Clinic\u0103 Inim\u0103 \u0219i Creier. Ofer\u0103 studii ale sistemului imunitar, precum \u0219i posibilitatea de a consulta un specialist \u2013 un imunolog clinic.<\/p>\n<p>Laboratorul de imunologie clinic\u0103 realizeaz\u0103 studii ale indicatorilor imunitari clasici, dar realizeaz\u0103 \u0219i studii de specialitate, inclusiv analiza imunoglobulinelor serice, analiza componentelor complementului, studiul factorului reumatoid, studiul CRP, screening-ul \u0219i analiza cantitativ\u0103 a autoanticorpilor pentru diagnosticarea \u0219i monitorizarea diferitelor tulbur\u0103ri autoimune.<\/p>\n<p>Studiile pe care le realiz\u0103m sunt extrem de utile pentru evaluarea diagnostic\u0103 a pacien\u021bilor frecvent bolnavi, a pacien\u021bilor cu complica\u021bii grave, cu infec\u021bii virale sau bacteriene cronice, pirexie neclarificat\u0103, sindrom de oboseal\u0103 cronic\u0103, afec\u021biuni autoimune sistemice \u0219i specifice organelor \u0219i probleme de reproducere.<\/p>\n<p>Clarificarea \u0219i monitorizarea st\u0103rii imune este necesar\u0103 pentru pacien\u021bii cu imunodeficien\u021b\u0103 primar\u0103 sau secundar\u0103 stabilit\u0103, cu afec\u021biuni tumorale, pacien\u021bii supu\u0219i la terapie cu corticosteroizi \u00een doze mari, chimio- sau radioterapie, precum \u0219i alte terapii cu efecte imunosupresoare sau imuno-modulatoare.<\/p>\n<p>Laboratorul de imunologie clinic\u0103 lucreaz\u0103 \u00een str\u00e2ns\u0103 colaborare cu aproape toate specialit\u0103\u021bile clinice medicale, oferind diagnostice imunologice \u00een timp util \u0219i de \u00eencredere, abord\u0103ri imunoterapeutice contemporane, \u00eengrijiri profilactice \u0219i consulta\u021bii competente privind tulbur\u0103rile mediate imun. Orientarea specific\u0103 a muncii a laboratorului de imunologie medico-diagnostic este str\u00e2ns legat\u0103 de activitatea celorlalte clinici.[\/vc_column_text][mk_padding_divider size=&#8221;120&#8243;][mk_employees column=&#8221;4&#8243; rounded_image=&#8221;false&#8221; grayscale_image=&#8221;false&#8221; count=&#8221;1&#8243; orderby=&#8221;menu_order&#8221; categories=&#8221;hb-pleven-immunologic-laboratory-en&#8221;][\/vc_column][\/vc_row]\n<\/div>","protected":false},"excerpt":{"rendered":"<p>[mk_page_section bg_color=&#8221;#1e73be&#8221; padding_top=&#8221;40&#8243; padding_bottom=&#8221;40&#8243; sidebar=&#8221;sidebar-1&#8243;][vc_column][mk_fancy_title tag_name=&#8221;h4&#8243; color=&#8221;#ffffff&#8221; size=&#8221;48&#8243; force_font_size=&#8221;true&#8221; size_tablet=&#8221;40&#8243; font_weight=&#8221;400&#8243; txt_transform=&#8221;uppercase&#8221; margin_top=&#8221;15&#8243; margin_bottom=&#8221;0&#8243; font_family=&#8221;Open+Sans&#8221; font_type=&#8221;google&#8221; align=&#8221;center&#8221; animation=&#8221;top-to-bottom&#8221;]Immunology laboratory[\/mk_fancy_title][\/vc_column][\/mk_page_section][vc_row][vc_column][mk_padding_divider][vc_column_text css=&#8221;.vc_custom_1660834009891{margin-bottom: 0px !important;}&#8221;]De la \u00eenceputul anului 2021, un laborator medico-diagnostic pentru imunologie clinic\u0103 func\u021bioneaz\u0103 \u00een sectoarele de laborator-diagnostic ale Centrului de Excelen\u021b\u0103 Clinic\u0103 Inim\u0103 \u0219i Creier. Ofer\u0103 studii ale sistemului imunitar, precum \u0219i posibilitatea de a [&hellip;]<\/p>\n","protected":false},"author":1,"featured_media":0,"parent":24804,"menu_order":0,"comment_status":"closed","ping_status":"closed","template":"","meta":{"footnotes":""},"class_list":["post-24828","page","type-page","status-publish","hentry"],"_links":{"self":[{"href":"https:\/\/cardiacinstitute.bg\/ro\/wp-json\/wp\/v2\/pages\/24828","targetHints":{"allow":["GET"]}}],"collection":[{"href":"https:\/\/cardiacinstitute.bg\/ro\/wp-json\/wp\/v2\/pages"}],"about":[{"href":"https:\/\/cardiacinstitute.bg\/ro\/wp-json\/wp\/v2\/types\/page"}],"author":[{"embeddable":true,"href":"https:\/\/cardiacinstitute.bg\/ro\/wp-json\/wp\/v2\/users\/1"}],"replies":[{"embeddable":true,"href":"https:\/\/cardiacinstitute.bg\/ro\/wp-json\/wp\/v2\/comments?post=24828"}],"version-history":[{"count":5,"href":"https:\/\/cardiacinstitute.bg\/ro\/wp-json\/wp\/v2\/pages\/24828\/revisions"}],"predecessor-version":[{"id":48084,"href":"https:\/\/cardiacinstitute.bg\/ro\/wp-json\/wp\/v2\/pages\/24828\/revisions\/48084"}],"up":[{"embeddable":true,"href":"https:\/\/cardiacinstitute.bg\/ro\/wp-json\/wp\/v2\/pages\/24804"}],"wp:attachment":[{"href":"https:\/\/cardiacinstitute.bg\/ro\/wp-json\/wp\/v2\/media?parent=24828"}],"curies":[{"name":"wp","href":"https:\/\/api.w.org\/{rel}","templated":true}]}}