{"id":24799,"date":"2022-08-18T14:23:04","date_gmt":"2022-08-18T14:23:04","guid":{"rendered":"https:\/\/cardiacinstitute.bg\/?page_id=24799"},"modified":"2022-09-07T11:22:54","modified_gmt":"2022-09-07T11:22:54","slug":"hospital-procedures","status":"publish","type":"page","link":"https:\/\/cardiacinstitute.bg\/ro\/hospitals-and-centers\/heart-and-brain-center-of-excellence-pleven\/hospital-procedures\/","title":{"rendered":"Proceduri spitalicesti"},"content":{"rendered":"<div class=\"wpb-content-wrapper\">[mk_page_section bg_color=&#8221;#1e73be&#8221; padding_top=&#8221;40&#8243; padding_bottom=&#8221;40&#8243; sidebar=&#8221;sidebar-1&#8243;][vc_column][mk_fancy_title tag_name=&#8221;h4&#8243; color=&#8221;#ffffff&#8221; size=&#8221;48&#8243; force_font_size=&#8221;true&#8221; size_tablet=&#8221;40&#8243; font_weight=&#8221;400&#8243; txt_transform=&#8221;uppercase&#8221; margin_top=&#8221;15&#8243; margin_bottom=&#8221;0&#8243; font_family=&#8221;Open+Sans&#8221; font_type=&#8221;google&#8221; align=&#8221;center&#8221; animation=&#8221;top-to-bottom&#8221;]Proceduri spitalicesti[\/mk_fancy_title][\/vc_column][\/mk_page_section][vc_row][vc_column][mk_padding_divider][vc_column_text css=&#8221;.vc_custom_1662549771508{margin-bottom: 0px !important;}&#8221;]\n<h4>Cardiologie clinic\u0103<\/h4>\n<p>Domeniul de aplicare a procedurilor<\/p>\n<ul>\n<li>M\u0103surarea zgomotelor inimii<\/li>\n<li>M\u0103surarea tensiunii arteriale<\/li>\n<li>Electrocardiografie (ECG)<\/li>\n<li>Ecocardiografie (Echo)<\/li>\n<li>Test de stres ECG (test de stres al inimii)<\/li>\n<li>Controlul stimulatoarelor cardiace<\/li>\n<\/ul>\n<h4>Sec\u021bia terapie intensiv\u0103 cardiologie<\/h4>\n<p>Domeniul de aplicare a procedurilor<\/p>\n<ul>\n<li>Reabilitare respiratorie postoperatorie: oxigenoterapie, inhalare de mucolitice, terapie deobstructiv\u0103<\/li>\n<li>Tratamentul insuficien\u021bei respiratorii: ventila\u021bie mecanic\u0103 invaziv\u0103 \u0219i neinvaziv\u0103, inhalare de prostaglandine<\/li>\n<li>Tratamentul insuficientei cardiace acute: suport circulator medical si mecanic<\/li>\n<li>Evaluarea func\u021bional\u0103 a circula\u021biei: cateterizarea arterei pulmonare, m\u0103surarea indicelui cardiac<\/li>\n<li>Tratamentul insuficientei renale: hemofiltrare sau dializa continua si intermitenta, afereza terapeutica<\/li>\n<li>Evaluarea func\u021bional\u0103 a sistemului nervos central \u0219i periferic; Doppler transcranian, satura\u021bie a s\u00e2ngelui \u00een vena jugular\u0103, electroencefalogram\u0103 \u0219i spectroscopie \u00een apropierea corpului<\/li>\n<li>Evaluarea echilibrului nutri\u021bional: nutri\u021bie enteral\u0103 \u0219i parenteral\u0103<\/li>\n<\/ul>\n<h4>Clinica de chirurgie cardiaca<\/h4>\n<p>Domeniul de aplicare a procedurilor<\/p>\n<ul>\n<li>Chirurgie de bypass coronarian: revascularizare miocardic\u0103 cu sau f\u0103r\u0103 circula\u021bie extracorporal\u0103<\/li>\n<li>Chirurgie minim invaziv\u0103 a valvei aortice \u0219i aortei ascendente cu mini sternotomie (6-7 cm t\u0103ietur\u0103 cutanat\u0103). Aceast\u0103 abordare permite recuperarea mai rapid\u0103 a pacien\u021bilor<\/li>\n<li>Chirurgia aortei ascendente \u0219i arcului aortic<\/li>\n<li>Chirurgie minim invaziv\u0103 pentru valva mitral\u0103 \u0219i tricuspid\u0103, precum \u0219i pentru unele afec\u021biuni congenitale precum defectul septal atrial<\/li>\n<li>Reconstruc\u021bii inovatoare ale valvelor aortice, mitrale \u0219i tricuspide<\/li>\n<li>Chirurgie cardiac\u0103 pentru sindromul Marfan pentru prevenirea disec\u021biei aortei ascendente care pune via\u021ba \u00een pericol<\/li>\n<li>Chirurgia tumorilor cardiace<\/li>\n<li>Chirurgie pentru tulbur\u0103ri de conducere \u0219i ritm, implantare chirurgical\u0103 de deriva\u021bie de stimulare cardiac\u0103, Terapie de resincronizare cardiac\u0103 la pacien\u021bii cu insuficien\u021b\u0103 cardiac\u0103<\/li>\n<li>Implantarea chirurgical\u0103 a cateterului intracardiac continuu<\/li>\n<li>Chirurgie pentru boala pericardic\u0103<\/li>\n<li>Chirurgie pentru embolia pulmonar\u0103 masiv\u0103<\/li>\n<li>Chirurgie pentru boli cardiace congenitale la pacien\u021bii peste 18 ani<\/li>\n<li>Tratamentul chirurgical al dehiscen\u021bei sternului<\/li>\n<\/ul>\n<h4>Sec\u021bia chirurgie cardiac\u0103 terapie intensiv\u0103<\/h4>\n<p>Domeniul de aplicare a procedurilor<\/p>\n<ul>\n<li>Reabilitare postoperatorie activ\u0103<\/li>\n<li>Ventilatie mecanica<\/li>\n<li>Terapie medical\u0103<\/li>\n<li>Suport circulator<\/li>\n<li>Tratamentul insuficien\u021bei renale cu hemofiltrare continu\u0103 sau intermitent\u0103 a dializei<\/li>\n<\/ul>\n<h4>Sec\u021bia de diagnostic neinvaziv<\/h4>\n<p>Domeniul de aplicare a procedurilor<\/p>\n<ul>\n<li>ECG<\/li>\n<li>Ecocardiografie<\/li>\n<li>Monitorizare ECG 24 de ore<\/li>\n<li>Monitorizarea tensiunii arteriale 24 de ore<\/li>\n<li>Ecocardiografia fetal\u0103<\/li>\n<li>Test de stres ECG<\/li>\n<li>Ecografia Doppler vascular\u0103<\/li>\n<\/ul>\n<h4>Clinica de chirurgie vasculara<\/h4>\n<p>Domeniul de aplicare a procedurilor<\/p>\n<ul>\n<li>Chirurgie pentru anevrisme ale aortei \u0219i vaselor periferice<\/li>\n<li>Chirurgie complex\u0103 \u0219i profilaxia bolii vasculare cerebrale<\/li>\n<li>Chirurgie pentru boala periferic\u0103 ocluziv\u0103<\/li>\n<li>Tratamentul chirurgical de urgen\u021b\u0103 al emboliei, trombozei, rupturii etc.<\/li>\n<li>Chirurgie pentru varice, tromboz\u0103 venoas\u0103, abla\u021bie cu laser, proceduri vasculare minim invazive (Venablock), scleroterapie<\/li>\n<li>Tratamentul complex al tumorilor \u0219i malforma\u021biilor vasculare, cum ar fi hemangiomul, anomaliile vasculare congenitale, fistulele, compresia anatomic\u0103 a vaselor de s\u00e2nge<\/li>\n<li>Angioplastie transluminal\u0103 percutanat\u0103 pentru arterele carotide \u0219i periferice<\/li>\n<li>Embolizarea vaselor de s\u00e2nge, asociat\u0103 cu boli \u0219i afec\u021biuni precum anevrismul cerebral, malforma\u021biile arteriovenoase, fistula carotidian\u0103 cavernoas\u0103 \u0219i diferite tipuri de tumori<\/li>\n<li>Tratamentul chirurgical al piciorului diabetic<\/li>\n<li>Plasarea cateterelor de dializ\u0103 pe termen lung \u0219i port-a-cateter pentru chimioterapie<\/li>\n<\/ul>\n<h4>Clinica de anestezie, reanimare si terapie intensiva<\/h4>\n<p>Domeniul de aplicare a procedurilor<\/p>\n<ul>\n<li>Anestezie pentru chirurgie cardiac\u0103<\/li>\n<li>Anestezie pentru chirurgie vascular\u0103<\/li>\n<li>Anestezie pentru endoscopie superioar\u0103 \u0219i inferioar\u0103<\/li>\n<li>Anestezie pentru proceduri interven\u021bionale<\/li>\n<li>Consultatii de preanestezie<\/li>\n<li>Ameliorarea durerii postoperatorii<\/li>\n<\/ul>\n<h4>Sec\u021bia cardiologie invaziv\u0103 \u0219i cardiostimulare<\/h4>\n<p>Domeniul de aplicare a procedurilor<\/p>\n<ul>\n<li>Implantarea stimulatoare cardiace permanente<\/li>\n<li>Cateterism cardiac percutan diagnostic<\/li>\n<li>Proceduri invazive venoase sau arteriale cu echipamente de \u00eenalt\u0103 tehnologie<\/li>\n<li>Angiografie coronarian\u0103<\/li>\n<li>Angioplastie \u0219i implantare de stent<\/li>\n<li>FFR<\/li>\n<li>Denervarea renal\u0103<\/li>\n<li>Endoproteza aortei toracice \u0219i abdominale<\/li>\n<\/ul>\n<h4>Sec\u021bia radiologie<\/h4>\n<p>Domeniul de aplicare a procedurilor<\/p>\n<ul>\n<li>Examinare cu raze X<\/li>\n<li>Tomografie computerizat\u0103 (CT), inclusiv imagistic\u0103 a creierului, a toracelui \u0219i a pl\u0103m\u00e2nilor, a organelor abdominale, a pelvisului \u0219i a sistemului osos<\/li>\n<li>Angiografia CT a arterelor coronare, arterelor periferice ale extremit\u0103\u021bilor superioare \u0219i inferioare, angiografie cerebral\u0103 \u0219i carotidografie<\/li>\n<\/ul>\n<p>Departamentul este echipat cu imagistica prin rezonan\u021b\u0103 magnetic\u0103 (RMN), inclusiv software-ul unic, pentru Bulgaria, intraoperator pentru imagistica cerebral\u0103, m\u0103duvei spin\u0103rii \u0219i a sistemului musculo-scheletic<\/p>\n<h4>Clinica de neurochirurgie<\/h4>\n<p>Domeniul de aplicare a procedurilor<\/p>\n<ul>\n<li>Neuronavigated interven\u021bii chirurgicale limitate pentru tumorile cerebrale<\/li>\n<li>Chirurgie hibrid\u0103 pentru bolile vasculare ale creierului<\/li>\n<li>Interven\u021bii chirurgicale percutanee miniinvazive pentru tratamentul m\u0103duvei spin\u0103rii: hernie de disc, tumori ale m\u0103duvei spin\u0103rii, decompresie \u0219i stabilizare \u00een diferite tipuri de fracturi ale coloanei vertebrale<\/li>\n<li>Chirurgia nervilor periferici<\/li>\n<li>Tratamentul endovascular al anevrismelor cerebrale \u0219i al malforma\u021biilor artriovenoase<\/li>\n<li>Neurochirurgie asistat\u0103 endoscopic<\/li>\n<li>Interven\u021bii chirurgicale plastice reconstructive ale defectelor craniului<\/li>\n<li>Malforma\u021bii congenitale ale sistemului nervos central<\/li>\n<li>Diagnosticarea tuturor tipurilor de boli ale sistemului nervos central<\/li>\n<li>Tratamentul percutan al durerii prin crioabla\u021bie<\/li>\n<\/ul>\n<h4>Sec\u021bia neurologie<\/h4>\n<p>Domeniul de aplicare a procedurilor<\/p>\n<ul>\n<li>Proceduri de diagnostic neurologic<\/li>\n<li>Radiografia m\u0103duvei spin\u0103rii<\/li>\n<li>Scanare CT \u0219i RMN a creierului \u0219i a m\u0103duvei spin\u0103rii<\/li>\n<li>Angiografia CT a vaselor cerebrale<\/li>\n<li>(EEG) Electroencefalografie<\/li>\n<li>(EMG) Electromiografie<\/li>\n<li>ecografia Doppler<\/li>\n<li>Diagnosticarea lichidului m\u0103duvei spin\u0103rii<\/li>\n<li>Diagnosticul \u0219i tratamentul accidentelor vasculare cerebrale<\/li>\n<li>Diagnosticul \u0219i tratamentul afec\u021biunilor nervilor cranieni, radiculopatie, polineuropatii \u0219i sindroame dureroase<\/li>\n<li>Diagnosticul \u0219i tratamentul bolilor neuromusculare<\/li>\n<li>Diagnosticul \u0219i tratamentul sclerozei multiple<\/li>\n<li>Diagnosticul \u0219i tratamentul epilepsiei \u0219i crizelor de epilepsie<\/li>\n<li>Diagnosticul \u0219i tratamentul mediasteniei gravis<\/li>\n<li>Diagnosticul \u0219i tratamentul bolii Parkinson<\/li>\n<\/ul>\n[\/vc_column_text][\/vc_column][\/vc_row]\n<\/div>","protected":false},"excerpt":{"rendered":"<p>[mk_page_section bg_color=&#8221;#1e73be&#8221; padding_top=&#8221;40&#8243; padding_bottom=&#8221;40&#8243; sidebar=&#8221;sidebar-1&#8243;][vc_column][mk_fancy_title tag_name=&#8221;h4&#8243; color=&#8221;#ffffff&#8221; size=&#8221;48&#8243; force_font_size=&#8221;true&#8221; size_tablet=&#8221;40&#8243; font_weight=&#8221;400&#8243; txt_transform=&#8221;uppercase&#8221; margin_top=&#8221;15&#8243; margin_bottom=&#8221;0&#8243; font_family=&#8221;Open+Sans&#8221; font_type=&#8221;google&#8221; align=&#8221;center&#8221; animation=&#8221;top-to-bottom&#8221;]Proceduri spitalicesti[\/mk_fancy_title][\/vc_column][\/mk_page_section][vc_row][vc_column][mk_padding_divider][vc_column_text css=&#8221;.vc_custom_1662549771508{margin-bottom: 0px !important;}&#8221;] Cardiologie clinic\u0103 Domeniul de aplicare a procedurilor M\u0103surarea zgomotelor inimii M\u0103surarea tensiunii arteriale Electrocardiografie (ECG) Ecocardiografie (Echo) Test de stres ECG (test de stres al inimii) Controlul stimulatoarelor cardiace Sec\u021bia terapie intensiv\u0103 cardiologie [&hellip;]<\/p>\n","protected":false},"author":1,"featured_media":0,"parent":24683,"menu_order":1,"comment_status":"closed","ping_status":"closed","template":"","meta":{"footnotes":""},"class_list":["post-24799","page","type-page","status-publish","hentry"],"_links":{"self":[{"href":"https:\/\/cardiacinstitute.bg\/ro\/wp-json\/wp\/v2\/pages\/24799","targetHints":{"allow":["GET"]}}],"collection":[{"href":"https:\/\/cardiacinstitute.bg\/ro\/wp-json\/wp\/v2\/pages"}],"about":[{"href":"https:\/\/cardiacinstitute.bg\/ro\/wp-json\/wp\/v2\/types\/page"}],"author":[{"embeddable":true,"href":"https:\/\/cardiacinstitute.bg\/ro\/wp-json\/wp\/v2\/users\/1"}],"replies":[{"embeddable":true,"href":"https:\/\/cardiacinstitute.bg\/ro\/wp-json\/wp\/v2\/comments?post=24799"}],"version-history":[{"count":8,"href":"https:\/\/cardiacinstitute.bg\/ro\/wp-json\/wp\/v2\/pages\/24799\/revisions"}],"predecessor-version":[{"id":26213,"href":"https:\/\/cardiacinstitute.bg\/ro\/wp-json\/wp\/v2\/pages\/24799\/revisions\/26213"}],"up":[{"embeddable":true,"href":"https:\/\/cardiacinstitute.bg\/ro\/wp-json\/wp\/v2\/pages\/24683"}],"wp:attachment":[{"href":"https:\/\/cardiacinstitute.bg\/ro\/wp-json\/wp\/v2\/media?parent=24799"}],"curies":[{"name":"wp","href":"https:\/\/api.w.org\/{rel}","templated":true}]}}