{"id":24792,"date":"2022-08-18T14:11:35","date_gmt":"2022-08-18T14:11:35","guid":{"rendered":"https:\/\/cardiacinstitute.bg\/?page_id=24792"},"modified":"2025-02-05T15:57:53","modified_gmt":"2025-02-05T15:57:53","slug":"orthopedics-and-traumatology-clinic","status":"publish","type":"page","link":"https:\/\/cardiacinstitute.bg\/ro\/hospitals-and-centers\/heart-and-brain-center-of-excellence-pleven\/clinics-and-departments\/orthopedics-and-traumatology-clinic\/","title":{"rendered":"Ortopedie \u0219i traumatologie"},"content":{"rendered":"<div class=\"wpb-content-wrapper\">[mk_page_section bg_color=&#8221;#1e73be&#8221; padding_top=&#8221;40&#8243; padding_bottom=&#8221;40&#8243; sidebar=&#8221;sidebar-1&#8243;][vc_column][mk_fancy_title tag_name=&#8221;h4&#8243; color=&#8221;#ffffff&#8221; size=&#8221;48&#8243; force_font_size=&#8221;true&#8221; size_tablet=&#8221;40&#8243; font_weight=&#8221;400&#8243; txt_transform=&#8221;uppercase&#8221; margin_top=&#8221;15&#8243; margin_bottom=&#8221;0&#8243; font_family=&#8221;Open+Sans&#8221; font_type=&#8221;google&#8221; align=&#8221;center&#8221; animation=&#8221;top-to-bottom&#8221;]Ortopedie \u0219i traumatologie[\/mk_fancy_title][\/vc_column][\/mk_page_section][vc_row][vc_column][mk_padding_divider][vc_column_text css=&#8221;.vc_custom_1660832054758{margin-bottom: 0px !important;}&#8221;]<strong>Despre clinica:<\/strong><br \/>\nClinica de ortopedie si traumatologie desfasoara tratament chirurgical si nechirurgical cu traumatisme minime ale pacientului si recuperare postoperatorie rapida, in conformitate cu buna practica medicala stabilita. Diagnostic\u0103m \u0219i trat\u0103m toate afec\u021biunile sistemului musculo-scheletic.<\/p>\n<p><strong>Activit\u0103\u021bi:<\/strong><br \/>\nClinica efectueaz\u0103 interven\u021bii chirurgicale contemporane, minim invazive, inclusiv endoprotetice ale articula\u021biilor \u0219oldului, genunchiului, um\u0103rului \u0219i gleznei cu sisteme complexe de implanturi \u0219i abord\u0103ri conceptuale inovatoare, endoproteze de revizie, interven\u021bii chirurgicale pentru conservarea articula\u021biilor native, osteostomie, reconstruc\u021bie \u00een cazuri de impingement acetabulofemoral. , interven\u021bii asupra tulbur\u0103rilor de fibroz\u0103 osoas\u0103 \u0219i interven\u021bii neuro-ortopedice.<\/p>\n<p>Chirurgia artroscopic\u0103 \u0219i asistat\u0103 de artroscopie de foarte \u00eenalt nivel se practic\u0103 \u00een clinic\u0103 \u0219i se efectueaz\u0103 \u00een mod obi\u0219nuit \u00een tratamentul instabilit\u0103\u021bii posttraumatice a um\u0103rului, afec\u021biunilor coafei rotatorilor \u0219i a tuturor afec\u021biunilor articula\u021biei genunchiului, inclusiv condroplastia autolog\u0103 \u0219i transplantul de condrocite asociat matricei, chirurgia minim invaziv\u0103 \u00een cazuri de fractura platoului tibial, tratamentul instabilit\u0103\u021bii femurale rotuliene, sindromul de tunel carpian, tratamentul tulbur\u0103rilor articula\u021biei gleznei \u0219i reconstruc\u021bia structurilor intraarticulare afectate patologic.<\/p>\n<p>Speciali\u0219tii clinicii au o experien\u021b\u0103 solid\u0103 \u00een domeniul ortopediei pediatrice \u2013 tratamentul luxa\u021biei congenitale de \u0219old, epifizioliza capului femural adolescentului, corectarea deform\u0103rilor unghiulare de rota\u021bie a osului lung tubular posttraumatic juvenil, tratamentul t\u0103lpii talpei equinovarus, corec\u021bii \u00een cazurile de parez\u0103 cerebral\u0103 infantil\u0103.<\/p>\n<p>Interven\u021biile de chirurgie a coloanei vertebrale \u00een clinic\u0103 folosesc abord\u0103ri inovatoare pentru tratamentul deform\u0103rilor coloanei vertebrale congenitale \u0219i dezvoltate \u0219i reconstruc\u021bia dup\u0103 afectarea traumatic\u0103 a coloanei vertebrale.<\/p>\n<p>\u00cen domeniul traumatologiei, aplic\u0103m sisteme de implant inovatoare justificate conceptual, cum ar fi sistemele intramedulare \u0219i periarticulare, alo- \u0219i auto-transplant osos, precum \u0219i conducere activ\u0103 biologic.[\/vc_column_text][mk_padding_divider size=&#8221;120&#8243;][mk_employees column=&#8221;4&#8243; rounded_image=&#8221;false&#8221; grayscale_image=&#8221;false&#8221; count=&#8221;-1&#8243; order=&#8221;ASC&#8221; orderby=&#8221;menu_order&#8221; categories=&#8221;hb-pleven-orthopedics-en&#8221;][\/vc_column][\/vc_row]\n<\/div>","protected":false},"excerpt":{"rendered":"<p>[mk_page_section bg_color=&#8221;#1e73be&#8221; padding_top=&#8221;40&#8243; padding_bottom=&#8221;40&#8243; sidebar=&#8221;sidebar-1&#8243;][vc_column][mk_fancy_title tag_name=&#8221;h4&#8243; color=&#8221;#ffffff&#8221; size=&#8221;48&#8243; force_font_size=&#8221;true&#8221; size_tablet=&#8221;40&#8243; font_weight=&#8221;400&#8243; txt_transform=&#8221;uppercase&#8221; margin_top=&#8221;15&#8243; margin_bottom=&#8221;0&#8243; font_family=&#8221;Open+Sans&#8221; font_type=&#8221;google&#8221; align=&#8221;center&#8221; animation=&#8221;top-to-bottom&#8221;]Ortopedie \u0219i traumatologie[\/mk_fancy_title][\/vc_column][\/mk_page_section][vc_row][vc_column][mk_padding_divider][vc_column_text css=&#8221;.vc_custom_1660832054758{margin-bottom: 0px !important;}&#8221;]Despre clinica: Clinica de ortopedie si traumatologie desfasoara tratament chirurgical si nechirurgical cu traumatisme minime ale pacientului si recuperare postoperatorie rapida, in conformitate cu buna practica medicala stabilita. Diagnostic\u0103m \u0219i trat\u0103m toate afec\u021biunile [&hellip;]<\/p>\n","protected":false},"author":1,"featured_media":0,"parent":24710,"menu_order":0,"comment_status":"closed","ping_status":"closed","template":"","meta":{"footnotes":""},"class_list":["post-24792","page","type-page","status-publish","hentry"],"_links":{"self":[{"href":"https:\/\/cardiacinstitute.bg\/ro\/wp-json\/wp\/v2\/pages\/24792","targetHints":{"allow":["GET"]}}],"collection":[{"href":"https:\/\/cardiacinstitute.bg\/ro\/wp-json\/wp\/v2\/pages"}],"about":[{"href":"https:\/\/cardiacinstitute.bg\/ro\/wp-json\/wp\/v2\/types\/page"}],"author":[{"embeddable":true,"href":"https:\/\/cardiacinstitute.bg\/ro\/wp-json\/wp\/v2\/users\/1"}],"replies":[{"embeddable":true,"href":"https:\/\/cardiacinstitute.bg\/ro\/wp-json\/wp\/v2\/comments?post=24792"}],"version-history":[{"count":6,"href":"https:\/\/cardiacinstitute.bg\/ro\/wp-json\/wp\/v2\/pages\/24792\/revisions"}],"predecessor-version":[{"id":50191,"href":"https:\/\/cardiacinstitute.bg\/ro\/wp-json\/wp\/v2\/pages\/24792\/revisions\/50191"}],"up":[{"embeddable":true,"href":"https:\/\/cardiacinstitute.bg\/ro\/wp-json\/wp\/v2\/pages\/24710"}],"wp:attachment":[{"href":"https:\/\/cardiacinstitute.bg\/ro\/wp-json\/wp\/v2\/media?parent=24792"}],"curies":[{"name":"wp","href":"https:\/\/api.w.org\/{rel}","templated":true}]}}