{"id":24780,"date":"2022-08-18T13:57:29","date_gmt":"2022-08-18T13:57:29","guid":{"rendered":"https:\/\/cardiacinstitute.bg\/?page_id=24780"},"modified":"2025-02-05T10:30:41","modified_gmt":"2025-02-05T10:30:41","slug":"pulmonology-department","status":"publish","type":"page","link":"https:\/\/cardiacinstitute.bg\/ro\/hospitals-and-centers\/heart-and-brain-center-of-excellence-pleven\/clinics-and-departments\/pulmonology-department\/","title":{"rendered":"Pneumologie"},"content":{"rendered":"<div class=\"wpb-content-wrapper\">[mk_page_section bg_color=&#8221;#1e73be&#8221; padding_top=&#8221;40&#8243; padding_bottom=&#8221;40&#8243; sidebar=&#8221;sidebar-1&#8243;][vc_column][mk_fancy_title tag_name=&#8221;h4&#8243; color=&#8221;#ffffff&#8221; size=&#8221;48&#8243; force_font_size=&#8221;true&#8221; size_tablet=&#8221;40&#8243; font_weight=&#8221;400&#8243; txt_transform=&#8221;uppercase&#8221; margin_top=&#8221;15&#8243; margin_bottom=&#8221;0&#8243; font_family=&#8221;Open+Sans&#8221; font_type=&#8221;google&#8221; align=&#8221;center&#8221; animation=&#8221;top-to-bottom&#8221;]Pneumologie[\/mk_fancy_title][\/vc_column][\/mk_page_section][vc_row][vc_column][mk_padding_divider][vc_column_text css=&#8221;.vc_custom_1660831111614{margin-bottom: 0px !important;}&#8221;]<strong>Despre departament:<\/strong><br \/>\nSec\u021bia de Pneumologie este format\u0103 dintr-o echip\u0103 de speciali\u0219ti cu o vast\u0103 experien\u021b\u0103 \u00een afec\u021biuni pulmonare precum astmul bron\u0219ic, boala pulmonar\u0103 obstructiv\u0103 cronic\u0103, pneumonia \u0219i insuficien\u021ba respiratorie, diagnosticarea \u0219i tratarea apneei obstructive \u00een somn, cancerului \u0219i bolilor pulmonare rare. Departamentul este, de asemenea, specializat \u00een tratamentul SARS-CoV-2 acut \u0219i complica\u021biile infec\u021biei. Pentru a ob\u021bine rezultate maxime \u00een \u00eengrijirea pacientului, avem speciali\u0219ti de \u00eenalt\u0103 calificare \u2013 pneumologi \u0219i speciali\u0219ti \u00een reabilitare \u0219i cele mai moderne echipamente.<\/p>\n<p>Echipamentul include un diagnostic pleural cu ultrasunete \u0219i biopsii transtoracice, videobronhoscoape de ultim\u0103 genera\u021bie \u0219i un laborator func\u021bional III nou. Capacit\u0103\u021bile laboratorului includ testarea respiratorie func\u021bional\u0103 (spirometrie), testarea capacit\u0103\u021bii de difuzie pulmonar\u0103, pletismografia corporal\u0103, testarea la efort cadrio-pulmonar \u0219i m\u0103surarea frac\u021biei de NO din aerul expirat (FENO).[\/vc_column_text][mk_padding_divider size=&#8221;120&#8243;][mk_employees column=&#8221;4&#8243; rounded_image=&#8221;false&#8221; grayscale_image=&#8221;false&#8221; count=&#8221;-1&#8243; order=&#8221;ASC&#8221; orderby=&#8221;menu_order&#8221; categories=&#8221;hb-pleven-pulmonology-en&#8221;][\/vc_column][\/vc_row]\n<\/div>","protected":false},"excerpt":{"rendered":"<p>[mk_page_section bg_color=&#8221;#1e73be&#8221; padding_top=&#8221;40&#8243; padding_bottom=&#8221;40&#8243; sidebar=&#8221;sidebar-1&#8243;][vc_column][mk_fancy_title tag_name=&#8221;h4&#8243; color=&#8221;#ffffff&#8221; size=&#8221;48&#8243; force_font_size=&#8221;true&#8221; size_tablet=&#8221;40&#8243; font_weight=&#8221;400&#8243; txt_transform=&#8221;uppercase&#8221; margin_top=&#8221;15&#8243; margin_bottom=&#8221;0&#8243; font_family=&#8221;Open+Sans&#8221; font_type=&#8221;google&#8221; align=&#8221;center&#8221; animation=&#8221;top-to-bottom&#8221;]Pneumologie[\/mk_fancy_title][\/vc_column][\/mk_page_section][vc_row][vc_column][mk_padding_divider][vc_column_text css=&#8221;.vc_custom_1660831111614{margin-bottom: 0px !important;}&#8221;]Despre departament: Sec\u021bia de Pneumologie este format\u0103 dintr-o echip\u0103 de speciali\u0219ti cu o vast\u0103 experien\u021b\u0103 \u00een afec\u021biuni pulmonare precum astmul bron\u0219ic, boala pulmonar\u0103 obstructiv\u0103 cronic\u0103, pneumonia \u0219i insuficien\u021ba respiratorie, diagnosticarea \u0219i tratarea apneei obstructive \u00een [&hellip;]<\/p>\n","protected":false},"author":1,"featured_media":0,"parent":24710,"menu_order":0,"comment_status":"closed","ping_status":"closed","template":"","meta":{"footnotes":""},"class_list":["post-24780","page","type-page","status-publish","hentry"],"_links":{"self":[{"href":"https:\/\/cardiacinstitute.bg\/ro\/wp-json\/wp\/v2\/pages\/24780","targetHints":{"allow":["GET"]}}],"collection":[{"href":"https:\/\/cardiacinstitute.bg\/ro\/wp-json\/wp\/v2\/pages"}],"about":[{"href":"https:\/\/cardiacinstitute.bg\/ro\/wp-json\/wp\/v2\/types\/page"}],"author":[{"embeddable":true,"href":"https:\/\/cardiacinstitute.bg\/ro\/wp-json\/wp\/v2\/users\/1"}],"replies":[{"embeddable":true,"href":"https:\/\/cardiacinstitute.bg\/ro\/wp-json\/wp\/v2\/comments?post=24780"}],"version-history":[{"count":7,"href":"https:\/\/cardiacinstitute.bg\/ro\/wp-json\/wp\/v2\/pages\/24780\/revisions"}],"predecessor-version":[{"id":50146,"href":"https:\/\/cardiacinstitute.bg\/ro\/wp-json\/wp\/v2\/pages\/24780\/revisions\/50146"}],"up":[{"embeddable":true,"href":"https:\/\/cardiacinstitute.bg\/ro\/wp-json\/wp\/v2\/pages\/24710"}],"wp:attachment":[{"href":"https:\/\/cardiacinstitute.bg\/ro\/wp-json\/wp\/v2\/media?parent=24780"}],"curies":[{"name":"wp","href":"https:\/\/api.w.org\/{rel}","templated":true}]}}