{"id":24767,"date":"2022-08-18T13:46:58","date_gmt":"2022-08-18T13:46:58","guid":{"rendered":"https:\/\/cardiacinstitute.bg\/?page_id=24767"},"modified":"2025-02-05T07:56:26","modified_gmt":"2025-02-05T07:56:26","slug":"medical-oncology-clinic","status":"publish","type":"page","link":"https:\/\/cardiacinstitute.bg\/ro\/hospitals-and-centers\/heart-and-brain-center-of-excellence-pleven\/clinics-and-departments\/medical-oncology-clinic\/","title":{"rendered":"Oncologie medical\u0103"},"content":{"rendered":"<div class=\"wpb-content-wrapper\">[mk_page_section bg_color=&#8221;#1e73be&#8221; padding_top=&#8221;40&#8243; padding_bottom=&#8221;40&#8243; sidebar=&#8221;sidebar-1&#8243;][vc_column][mk_fancy_title tag_name=&#8221;h4&#8243; color=&#8221;#ffffff&#8221; size=&#8221;48&#8243; force_font_size=&#8221;true&#8221; size_tablet=&#8221;40&#8243; font_weight=&#8221;400&#8243; txt_transform=&#8221;uppercase&#8221; margin_top=&#8221;15&#8243; margin_bottom=&#8221;0&#8243; font_family=&#8221;Open+Sans&#8221; font_type=&#8221;google&#8221; align=&#8221;center&#8221; animation=&#8221;top-to-bottom&#8221;]Oncologie medical\u0103[\/mk_fancy_title][\/vc_column][\/mk_page_section][vc_row][vc_column][mk_padding_divider][vc_column_text css=&#8221;.vc_custom_1660830530874{margin-bottom: 0px !important;}&#8221;]<strong>Despre clinica:<\/strong><br \/>\nFarmacoterapia contemporan\u0103 a tuturor tipurilor de tumori solide maligne se realizeaz\u0103 \u00eentr-un mediu modern \u0219i de \u00eenalt\u0103 tehnologie, \u00een conformitate cu standardele na\u021bionale \u0219i interna\u021bionale actuale. Pentru a ob\u021bine rezultate terapeutice optime, toat\u0103 munca se realizeaz\u0103 \u00een str\u00e2ns\u0103 colaborare cu echipa sec\u021biei de radioterapie. Clinica are o sec\u021bie contemporan\u0103 pentru cercetarea clinic\u0103 a farmacoterapiilor inovatoare, toate realizate \u00een conformitate cu legisla\u021biile na\u021bionale \u0219i europene \u0219i respect\u00e2nd toate standardele etice \u0219i medicale pentru a asigura siguran\u021ba pacien\u021bilor \u0219i pentru a oferi cea mai bun\u0103 \u00eengrijire medical\u0103 posibil\u0103.<\/p>\n<p>\u00cen cooperare cu celelalte clinici \u0219i sec\u021bii din spital, \u00een special cu laboratorul de genetic\u0103, clinica de oncologie medical\u0103 ofer\u0103 pacien\u021bilor s\u0103i o abordare multidisciplinar\u0103 complex\u0103 f\u0103r\u0103 compromisuri pentru diagnosticarea, tratamentul \u0219i urm\u0103rirea bolilor oncologice. \u00cempreun\u0103 cu clinica de cardiologie, dezvolt\u0103m \u0219i o nou\u0103 direc\u021bie de lucru \u2013 cardio-oncologia. Clinica noastra dispune de o sectie de ambulatoriu pentru efectuarea tratamentului tumorilor solide maligne si efectueaza numeroase proceduri ambulatorie.<\/p>\n<p>Echipa clinicii ini\u021biaz\u0103 \u0219i particip\u0103 la dezvoltarea de proiecte \u0219tiin\u021bifice \u00een colaborare cu institu\u021bii academice din Bulgaria \u0219i din str\u0103in\u0103tate. Echipa noastr\u0103 de profesioni\u0219ti confirma\u021bi \u2013 medici \u0219i asisten\u021bi medicali \u2013 are o vast\u0103 experien\u021b\u0103 \u00een domeniul s\u0103u \u0219i este completat\u0103 de un psiholog \u0219i un kinetoterapeut, disponibil tuturor pacien\u021bilor.<\/p>\n<p>Renumitul oncolog bulgar Dr. Danail Damyanov \u2013 specialist de top \u00een tratamentul bolilor oncologice pulmonare \u2013 este consultant \u0219tiin\u021bific \u0219i clinic al clinicii noastre.<\/p>\n<p><strong>Activit\u0103\u021bi:<\/strong><br \/>\nClinica practic\u0103 toate abord\u0103rile inovatoare pentru tratarea bolilor oncologice precum carcinomul pulmonar, mamar \u0219i colorectal, carcinoamele esofagului, stomacului \u0219i pancreasului, carcinomului hepatocelular, tumorilor maligne ginecologice, tumorilor la nivelul capului \u0219i g\u00e2tului, tumori urogenitale, melanoame, tumori neuroendocrine, etc.<\/p>\n<p>Principalele abord\u0103ri terapeutice includ chimioterapia neoadjuvant\u0103 \u0219i adjuvant\u0103, terapia \u021bintit\u0103, terapia hormonal\u0103, imunoterapia \u0219i chimioterapia paliativ\u0103.<\/p>\n<p>\u00cengrijirea versatil\u0103 a pacientului presupune diagnosticarea \u0219i stadializarea tuturor tipurilor de tumori maligne pentru pacien\u021bii cu v\u00e2rsta peste 18 ani, consulta\u021bie (inclusiv online) \u0219i observa\u021bie la dispensar.[\/vc_column_text][mk_padding_divider size=&#8221;120&#8243;][mk_employees column=&#8221;4&#8243; rounded_image=&#8221;false&#8221; grayscale_image=&#8221;false&#8221; count=&#8221;-1&#8243; order=&#8221;ASC&#8221; orderby=&#8221;menu_order&#8221; categories=&#8221;hb-pleven-medical-oncology-en&#8221;][\/vc_column][\/vc_row]\n<\/div>","protected":false},"excerpt":{"rendered":"<p>[mk_page_section bg_color=&#8221;#1e73be&#8221; padding_top=&#8221;40&#8243; padding_bottom=&#8221;40&#8243; sidebar=&#8221;sidebar-1&#8243;][vc_column][mk_fancy_title tag_name=&#8221;h4&#8243; color=&#8221;#ffffff&#8221; size=&#8221;48&#8243; force_font_size=&#8221;true&#8221; size_tablet=&#8221;40&#8243; font_weight=&#8221;400&#8243; txt_transform=&#8221;uppercase&#8221; margin_top=&#8221;15&#8243; margin_bottom=&#8221;0&#8243; font_family=&#8221;Open+Sans&#8221; font_type=&#8221;google&#8221; align=&#8221;center&#8221; animation=&#8221;top-to-bottom&#8221;]Oncologie medical\u0103[\/mk_fancy_title][\/vc_column][\/mk_page_section][vc_row][vc_column][mk_padding_divider][vc_column_text css=&#8221;.vc_custom_1660830530874{margin-bottom: 0px !important;}&#8221;]Despre clinica: Farmacoterapia contemporan\u0103 a tuturor tipurilor de tumori solide maligne se realizeaz\u0103 \u00eentr-un mediu modern \u0219i de \u00eenalt\u0103 tehnologie, \u00een conformitate cu standardele na\u021bionale \u0219i interna\u021bionale actuale. Pentru a ob\u021bine rezultate terapeutice optime, [&hellip;]<\/p>\n","protected":false},"author":1,"featured_media":0,"parent":24710,"menu_order":0,"comment_status":"closed","ping_status":"closed","template":"","meta":{"footnotes":""},"class_list":["post-24767","page","type-page","status-publish","hentry"],"_links":{"self":[{"href":"https:\/\/cardiacinstitute.bg\/ro\/wp-json\/wp\/v2\/pages\/24767","targetHints":{"allow":["GET"]}}],"collection":[{"href":"https:\/\/cardiacinstitute.bg\/ro\/wp-json\/wp\/v2\/pages"}],"about":[{"href":"https:\/\/cardiacinstitute.bg\/ro\/wp-json\/wp\/v2\/types\/page"}],"author":[{"embeddable":true,"href":"https:\/\/cardiacinstitute.bg\/ro\/wp-json\/wp\/v2\/users\/1"}],"replies":[{"embeddable":true,"href":"https:\/\/cardiacinstitute.bg\/ro\/wp-json\/wp\/v2\/comments?post=24767"}],"version-history":[{"count":8,"href":"https:\/\/cardiacinstitute.bg\/ro\/wp-json\/wp\/v2\/pages\/24767\/revisions"}],"predecessor-version":[{"id":50133,"href":"https:\/\/cardiacinstitute.bg\/ro\/wp-json\/wp\/v2\/pages\/24767\/revisions\/50133"}],"up":[{"embeddable":true,"href":"https:\/\/cardiacinstitute.bg\/ro\/wp-json\/wp\/v2\/pages\/24710"}],"wp:attachment":[{"href":"https:\/\/cardiacinstitute.bg\/ro\/wp-json\/wp\/v2\/media?parent=24767"}],"curies":[{"name":"wp","href":"https:\/\/api.w.org\/{rel}","templated":true}]}}