{"id":24754,"date":"2022-08-18T13:32:29","date_gmt":"2022-08-18T13:32:29","guid":{"rendered":"https:\/\/cardiacinstitute.bg\/?page_id=24754"},"modified":"2025-02-04T13:20:46","modified_gmt":"2025-02-04T13:20:46","slug":"surgery-clinic","status":"publish","type":"page","link":"https:\/\/cardiacinstitute.bg\/ro\/hospitals-and-centers\/heart-and-brain-center-of-excellence-pleven\/clinics-and-departments\/surgery-clinic\/","title":{"rendered":"Chirurgie"},"content":{"rendered":"<div class=\"wpb-content-wrapper\">[mk_page_section bg_color=&#8221;#1e73be&#8221; padding_top=&#8221;40&#8243; padding_bottom=&#8221;40&#8243; sidebar=&#8221;sidebar-1&#8243;][vc_column][mk_fancy_title tag_name=&#8221;h4&#8243; color=&#8221;#ffffff&#8221; size=&#8221;48&#8243; force_font_size=&#8221;true&#8221; size_tablet=&#8221;40&#8243; font_weight=&#8221;400&#8243; txt_transform=&#8221;uppercase&#8221; margin_top=&#8221;15&#8243; margin_bottom=&#8221;0&#8243; font_family=&#8221;Open+Sans&#8221; font_type=&#8221;google&#8221; align=&#8221;center&#8221; animation=&#8221;top-to-bottom&#8221;]Chirurgie[\/mk_fancy_title][\/vc_column][\/mk_page_section][vc_row][vc_column][mk_padding_divider][vc_column_text css=&#8221;.vc_custom_1660829984666{margin-bottom: 0px !important;}&#8221;]<strong>Despre clinica:<\/strong><br \/>\nClinica efectueaz\u0103 diagnostice de \u00eenalt\u0103 specialitate \u0219i interven\u021bii chirurgicale la nivelul glandelor mamare \u0219i tiroide, stomac, intestin sub\u021bire \u0219i colon, rect, anus, vezic\u0103 biliar\u0103, ficat, pancreas, r\u0103ni \u0219i toate tipurile de hernii ale peretelui abdominal etc. Este crucial. s\u0103 poat\u0103 cuprinde \u00eentregul ciclu de tratament \u2013 de la examinare, inclusiv examin\u0103ri profilactice, p\u00e2n\u0103 la urm\u0103rirea cu pacien\u021bii dup\u0103 interven\u021bie chirurgical\u0103, mai ales \u00een cazul pacien\u021bilor cu afec\u021biuni oncologice.<\/p>\n<p>Clinica dispune de echipamente moderne \u0219i dispune de instrumentele \u0219i facilit\u0103\u021bile necesare pentru aplicarea celor mai precise \u0219i prietenoase tehnici ale pacientului. Monitorizarea intraoperatorie cu ultrasunete \u0219i cu raze X este utilizat\u0103 \u00een mod obi\u0219nuit \u00een func\u021bie de indica\u021bii.<\/p>\n<p>Echipa noastr\u0103 are o vast\u0103 experien\u021b\u0103 clinic\u0103 \u0219i de cercetare, dob\u00e2ndit\u0103 \u00een clinici de top din Bulgaria \u0219i din str\u0103in\u0103tate. To\u021bi membrii echipei desf\u0103\u0219oar\u0103 cercet\u0103ri \u0219tiin\u021bifice \u0219i mul\u021bi sunt, de asemenea, implica\u021bi \u00een predare.<\/p>\n<p><strong>Activit\u0103\u021bi:<\/strong><br \/>\n<u>Tratamentul bolilor tractului gastro-intestinal<\/u><\/p>\n<p>Folosim cele mai moderne metode pentru tratarea chirurgicala a cancerului de stomac, colon, rect si anus. Radioterapia preoperatorie, excizia total\u0103 mezorectal\u0103 \u0219i rezec\u021biile anterioare ultrajoase sunt standarde confirmate atunci c\u00e2nd se trateaz\u0103 cancerul rectal.<\/p>\n<p>bordarea laparoscopic\u0103 este utilizat\u0103 de rutin\u0103 cu colecistectomie, \u00eendep\u0103rtarea unor p\u0103r\u021bi ale rectului \u0219i colonului, stadializarea laparoscopic\u0103 \u0219i biopsii. Aceast\u0103 metod\u0103 are mari avantaje \u00een ceea ce prive\u0219te minimizarea traumei \u0219i p\u0103strarea func\u021bionalit\u0103\u021bii organelor pacientului. Clinica este preg\u0103tit\u0103 s\u0103 implementeze chirurgia robotic\u0103.<\/p>\n<p>Practic\u0103m radio- \u0219i chimioterapie preoperatorie \u00een cazurile de cancer rectal \u0219i chimioterapie neoadjuvant\u0103 \u00een cazurile de carcinom de colon avansat. Finalizarea automat\u0103 a anastomozei ne permite s\u0103 scurt\u0103m timpii de operare \u0219i asigur\u0103 o securitate sporit\u0103.<\/p>\n<p><u>Tratamentul bolilor benigne \u0219i maligne ale glandei mamare<\/u><\/p>\n<p>Efectu\u0103m diagnostice la nivel \u00eenalt, iar opera\u021biile pe care le efectu\u0103m cel mai adesea sunt \u00eendep\u0103rtarea prietenoas\u0103 pacientului a reperelor benigne \u0219i aplicarea de suturi estetice; chirurgie de conservare a s\u00e2nilor pe tumori maligne cu rezultate estetice foarte bune prin abord oncoplastic \u0219i \u00eendep\u0103rtarea glandei, cu posibilitatea refacerii acesteia prin implantoplastice la cererea pacientului; \u00eendep\u0103rtarea prietenoas\u0103 pacientului a 1-4 ganglioni limfatici axilari \u00een timpul biopsiei ganglionilor santinel\u0103, la indica\u021bii; cresterea sau scaderea chirurgicala a glandelor mamare pe indicatii clinice sau estetice, folosind metodele chirurgiei plastice.<\/p>\n<p><u>Tratamentul tulbur\u0103rilor maligne \u0219i al afec\u021biunilor precanceroase ale pielii<\/u><\/p>\n<p>Echipa noastr\u0103 de speciali\u0219ti aplic\u0103 toate realiz\u0103rile contemporane \u00een domeniul diagnosticului invaziv \u0219i al tratamentului chirurgical \u0219i complex al acestor afec\u021biuni, pe baza diagnosticului morfologic preterapeutic precis. La indica\u021biile privind necesitatea tratamentului chirurgical, se \u00eentreprind interven\u021bii radicale pentru a ob\u021bine un rezultat maxim benefic \u00een ceea ce prive\u0219te func\u021bionalitatea \u0219i estetica zonei tratate. Dac\u0103 este necesar\u0103 interven\u021bia chirurgical\u0103 asupra sistemului limfatic regional, aceasta se efectueaz\u0103 cu spectrul complet de abord\u0103ri chirurgicale \u2013 disec\u021bia santinel\u0103 la indica\u021bii \u0219i disec\u021bia ganglionilor din regiunile respective (axilar, inghino-iliac, cervical etc.)<\/p>\n<p><u>Tratamentul tulbur\u0103rilor glandei tiroide<\/u><\/p>\n<p>Clinica a implementat toate metodele de operare contemporane ale chirurgiei glandei tiroide, care variaz\u0103 ca volum. Pentru a ob\u021bine o eficien\u021b\u0103 \u0219i siguran\u021b\u0103 maxim\u0103, \u00een timpul celor mai complexe opera\u021bii se aplic\u0103 metode de conservare a structurilor neuronale.<\/p>\n<p><u>Tratamentul herniilor peretelui abdominal anterior \u0219i al diafragmei<\/u><\/p>\n<p>Ambele tipuri de hernie sunt tratate printr-o abordare laparoscopic\u0103 (minim invaziv\u0103), pentru a reduce traumatismele chirurgicale.<\/p>\n<p><u>Chirurgie de urgen\u021b\u0103<\/u><\/p>\n<p>Clinica este organizat\u0103 pentru primirea \u0219i tratarea nonstop a cazurilor urgente de chirurgie general\u0103 (apendicita, hernie strangulat\u0103, ulcer perforat, ileus, peritonit\u0103, hemoragie acut\u0103 a tractului gastrointestinal etc.) \u00een vederea efectu\u0103rii \u00een timp util a diagnosticului \u0219i tratamentului chirurgical.[\/vc_column_text][mk_padding_divider size=&#8221;120&#8243;][mk_employees column=&#8221;4&#8243; rounded_image=&#8221;false&#8221; grayscale_image=&#8221;false&#8221; count=&#8221;-1&#8243; order=&#8221;ASC&#8221; orderby=&#8221;menu_order&#8221; categories=&#8221;hb-pleven-surgery-en&#8221;][\/vc_column][\/vc_row]\n<\/div>","protected":false},"excerpt":{"rendered":"<p>[mk_page_section bg_color=&#8221;#1e73be&#8221; padding_top=&#8221;40&#8243; padding_bottom=&#8221;40&#8243; sidebar=&#8221;sidebar-1&#8243;][vc_column][mk_fancy_title tag_name=&#8221;h4&#8243; color=&#8221;#ffffff&#8221; size=&#8221;48&#8243; force_font_size=&#8221;true&#8221; size_tablet=&#8221;40&#8243; font_weight=&#8221;400&#8243; txt_transform=&#8221;uppercase&#8221; margin_top=&#8221;15&#8243; margin_bottom=&#8221;0&#8243; font_family=&#8221;Open+Sans&#8221; font_type=&#8221;google&#8221; align=&#8221;center&#8221; animation=&#8221;top-to-bottom&#8221;]Chirurgie[\/mk_fancy_title][\/vc_column][\/mk_page_section][vc_row][vc_column][mk_padding_divider][vc_column_text css=&#8221;.vc_custom_1660829984666{margin-bottom: 0px !important;}&#8221;]Despre clinica: Clinica efectueaz\u0103 diagnostice de \u00eenalt\u0103 specialitate \u0219i interven\u021bii chirurgicale la nivelul glandelor mamare \u0219i tiroide, stomac, intestin sub\u021bire \u0219i colon, rect, anus, vezic\u0103 biliar\u0103, ficat, pancreas, r\u0103ni \u0219i toate tipurile de hernii ale [&hellip;]<\/p>\n","protected":false},"author":1,"featured_media":0,"parent":24710,"menu_order":7,"comment_status":"closed","ping_status":"closed","template":"","meta":{"footnotes":""},"class_list":["post-24754","page","type-page","status-publish","hentry"],"_links":{"self":[{"href":"https:\/\/cardiacinstitute.bg\/ro\/wp-json\/wp\/v2\/pages\/24754","targetHints":{"allow":["GET"]}}],"collection":[{"href":"https:\/\/cardiacinstitute.bg\/ro\/wp-json\/wp\/v2\/pages"}],"about":[{"href":"https:\/\/cardiacinstitute.bg\/ro\/wp-json\/wp\/v2\/types\/page"}],"author":[{"embeddable":true,"href":"https:\/\/cardiacinstitute.bg\/ro\/wp-json\/wp\/v2\/users\/1"}],"replies":[{"embeddable":true,"href":"https:\/\/cardiacinstitute.bg\/ro\/wp-json\/wp\/v2\/comments?post=24754"}],"version-history":[{"count":8,"href":"https:\/\/cardiacinstitute.bg\/ro\/wp-json\/wp\/v2\/pages\/24754\/revisions"}],"predecessor-version":[{"id":50078,"href":"https:\/\/cardiacinstitute.bg\/ro\/wp-json\/wp\/v2\/pages\/24754\/revisions\/50078"}],"up":[{"embeddable":true,"href":"https:\/\/cardiacinstitute.bg\/ro\/wp-json\/wp\/v2\/pages\/24710"}],"wp:attachment":[{"href":"https:\/\/cardiacinstitute.bg\/ro\/wp-json\/wp\/v2\/media?parent=24754"}],"curies":[{"name":"wp","href":"https:\/\/api.w.org\/{rel}","templated":true}]}}