{"id":24746,"date":"2022-08-18T13:26:31","date_gmt":"2022-08-18T13:26:31","guid":{"rendered":"https:\/\/cardiacinstitute.bg\/?page_id=24746"},"modified":"2025-02-04T14:15:19","modified_gmt":"2025-02-04T14:15:19","slug":"neurology-clinic","status":"publish","type":"page","link":"https:\/\/cardiacinstitute.bg\/ro\/hospitals-and-centers\/heart-and-brain-center-of-excellence-pleven\/clinics-and-departments\/neurology-clinic\/","title":{"rendered":"Neurologie"},"content":{"rendered":"<div class=\"wpb-content-wrapper\">[mk_page_section bg_color=&#8221;#1e73be&#8221; padding_top=&#8221;40&#8243; padding_bottom=&#8221;40&#8243; sidebar=&#8221;sidebar-1&#8243;][vc_column][mk_fancy_title tag_name=&#8221;h4&#8243; color=&#8221;#ffffff&#8221; size=&#8221;48&#8243; force_font_size=&#8221;true&#8221; size_tablet=&#8221;40&#8243; font_weight=&#8221;400&#8243; txt_transform=&#8221;uppercase&#8221; margin_top=&#8221;15&#8243; margin_bottom=&#8221;0&#8243; font_family=&#8221;Open+Sans&#8221; font_type=&#8221;google&#8221; align=&#8221;center&#8221; animation=&#8221;top-to-bottom&#8221;]Neurologie[\/mk_fancy_title][\/vc_column][\/mk_page_section][vc_column][\/vc_column][vc_row][vc_column][mk_padding_divider][vc_column_text css=&#8221;.vc_custom_1660829273012{margin-bottom: 0px !important;}&#8221;]<strong>Despre clinica:<\/strong><br \/>\nClinica de neurologie este lider bulgar \u00een domeniul neurofiziologiei terapeutice care implic\u0103 stimularea cerebral\u0103 neinvaziv\u0103: stimularea magnetic\u0103 transcranian\u0103 \u0219i stimularea cerebral\u0103 electric\u0103 direct\u0103. Efectu\u0103m toate tipurile de teste neurofiziologice de \u00eenalt\u0103 specialitate: EEG, EMG \u0219i poten\u021biale evocate \u0219i practic\u0103m tratament modern \u0219i neuro-reabilitare a pacien\u021bilor cu AVC sau traumatisme neuronale, inclusiv fizioterapie \u0219i reabilitare. Echipa noastr\u0103 \u00eembin\u0103 vasta experien\u021b\u0103 practic\u0103 a speciali\u0219tilor dovedi\u021bi \u0219i ambi\u021bia tinerilor practicieni interesa\u021bi de domeniul neurochirurgiei. Colaborarea noastr\u0103 str\u00e2ns\u0103 cu clinicile de neurochirurgie, cardiologie, radiochirurgie, radioterapie \u0219i oncologie contribuie la posibilitatea noastr\u0103 de a stabili o abordare individual\u0103, complex\u0103 de tratament pentru fiecare pacient \u00een parte.<\/p>\n<p><strong>Activit\u0103\u021bi:<\/strong><br \/>\nClinica de neurologie desf\u0103\u0219oar\u0103 toate activit\u0103\u021bile implicate \u00een diagnosticul \u0219i tratamentul complex contemporan al tulbur\u0103rilor neurologice, inclusiv electroencefalografia, angiografia electromiografic\u0103 a vaselor cerebrale, scanarea magnetic\u0103 nuclear\u0103 a creierului \u0219i m\u0103duvei spin\u0103rii, poten\u021biale evocate somatosenzoriale \u0219i motorii, poten\u021biale evocate vizuale \u0219i auditive, transcraniene. stimulare magnetic\u0103 (rTMS), stimulare electric\u0103 direct\u0103 (tDCS), neuro-modula\u021bie, diagnostic \u0219i tratament al accidentelor vasculare cerebrale, plexuri, polineuropatie, scleroz\u0103 multipl\u0103, epilepsie, miastenie gravis, boala Parkinson, afec\u021biuni neuropsihiatrice limit\u0103, sindrom Guillain-Barr\u00e9, \u00eenalt\u0103 tehnologie neuro-reabilitare, proceduri fizioterapeutice \u0219i acupunctur\u0103.[\/vc_column_text][mk_padding_divider size=&#8221;120&#8243;][mk_employees column=&#8221;4&#8243; rounded_image=&#8221;false&#8221; grayscale_image=&#8221;false&#8221; count=&#8221;-1&#8243; order=&#8221;ASC&#8221; orderby=&#8221;menu_order&#8221; categories=&#8221;hb-pleven-neurology-en&#8221;][\/vc_column][\/vc_row]\n<\/div>","protected":false},"excerpt":{"rendered":"<p>[mk_page_section bg_color=&#8221;#1e73be&#8221; padding_top=&#8221;40&#8243; padding_bottom=&#8221;40&#8243; sidebar=&#8221;sidebar-1&#8243;][vc_column][mk_fancy_title tag_name=&#8221;h4&#8243; color=&#8221;#ffffff&#8221; size=&#8221;48&#8243; force_font_size=&#8221;true&#8221; size_tablet=&#8221;40&#8243; font_weight=&#8221;400&#8243; txt_transform=&#8221;uppercase&#8221; margin_top=&#8221;15&#8243; margin_bottom=&#8221;0&#8243; font_family=&#8221;Open+Sans&#8221; font_type=&#8221;google&#8221; align=&#8221;center&#8221; animation=&#8221;top-to-bottom&#8221;]Neurologie[\/mk_fancy_title][\/vc_column][\/mk_page_section][vc_column][\/vc_column][vc_row][vc_column][mk_padding_divider][vc_column_text css=&#8221;.vc_custom_1660829273012{margin-bottom: 0px !important;}&#8221;]Despre clinica: Clinica de neurologie este lider bulgar \u00een domeniul neurofiziologiei terapeutice care implic\u0103 stimularea cerebral\u0103 neinvaziv\u0103: stimularea magnetic\u0103 transcranian\u0103 \u0219i stimularea cerebral\u0103 electric\u0103 direct\u0103. Efectu\u0103m toate tipurile de teste neurofiziologice de \u00eenalt\u0103 specialitate: EEG, [&hellip;]<\/p>\n","protected":false},"author":1,"featured_media":0,"parent":24710,"menu_order":11,"comment_status":"closed","ping_status":"closed","template":"","meta":{"footnotes":""},"class_list":["post-24746","page","type-page","status-publish","hentry"],"_links":{"self":[{"href":"https:\/\/cardiacinstitute.bg\/ro\/wp-json\/wp\/v2\/pages\/24746","targetHints":{"allow":["GET"]}}],"collection":[{"href":"https:\/\/cardiacinstitute.bg\/ro\/wp-json\/wp\/v2\/pages"}],"about":[{"href":"https:\/\/cardiacinstitute.bg\/ro\/wp-json\/wp\/v2\/types\/page"}],"author":[{"embeddable":true,"href":"https:\/\/cardiacinstitute.bg\/ro\/wp-json\/wp\/v2\/users\/1"}],"replies":[{"embeddable":true,"href":"https:\/\/cardiacinstitute.bg\/ro\/wp-json\/wp\/v2\/comments?post=24746"}],"version-history":[{"count":8,"href":"https:\/\/cardiacinstitute.bg\/ro\/wp-json\/wp\/v2\/pages\/24746\/revisions"}],"predecessor-version":[{"id":50116,"href":"https:\/\/cardiacinstitute.bg\/ro\/wp-json\/wp\/v2\/pages\/24746\/revisions\/50116"}],"up":[{"embeddable":true,"href":"https:\/\/cardiacinstitute.bg\/ro\/wp-json\/wp\/v2\/pages\/24710"}],"wp:attachment":[{"href":"https:\/\/cardiacinstitute.bg\/ro\/wp-json\/wp\/v2\/media?parent=24746"}],"curies":[{"name":"wp","href":"https:\/\/api.w.org\/{rel}","templated":true}]}}