{"id":24742,"date":"2022-08-18T13:16:05","date_gmt":"2022-08-18T13:16:05","guid":{"rendered":"https:\/\/cardiacinstitute.bg\/?page_id=24742"},"modified":"2026-01-22T08:27:12","modified_gmt":"2026-01-22T08:27:12","slug":"anesthesiology-and-intensive-care-clinic","status":"publish","type":"page","link":"https:\/\/cardiacinstitute.bg\/ro\/hospitals-and-centers\/heart-and-brain-center-of-excellence-pleven\/clinics-and-departments\/anesthesiology-and-intensive-care-clinic\/","title":{"rendered":"Anesteziologie \u0219i terapie intensiv\u0103"},"content":{"rendered":"<div class=\"wpb-content-wrapper\">[mk_page_section bg_color=&#8221;#1e73be&#8221; padding_top=&#8221;40&#8243; padding_bottom=&#8221;40&#8243; sidebar=&#8221;sidebar-1&#8243;][vc_column][mk_fancy_title tag_name=&#8221;h4&#8243; color=&#8221;#ffffff&#8221; size=&#8221;48&#8243; force_font_size=&#8221;true&#8221; size_tablet=&#8221;40&#8243; font_weight=&#8221;400&#8243; txt_transform=&#8221;uppercase&#8221; margin_top=&#8221;15&#8243; margin_bottom=&#8221;0&#8243; font_family=&#8221;Open+Sans&#8221; font_type=&#8221;google&#8221; align=&#8221;center&#8221; animation=&#8221;top-to-bottom&#8221;]Anesteziologie \u0219i terapie intensiv\u0103[\/mk_fancy_title][\/vc_column][\/mk_page_section][vc_row][vc_column][mk_padding_divider][vc_column_text css=&#8221;.vc_custom_1769070429386{margin-bottom: 0px !important;}&#8221;]<strong>Despre clinica:<\/strong><br \/>\nClinica de anestezie \u0219i terapie intensiv\u0103 este format\u0103 dintr-o sec\u021bie dedicat\u0103 tratarii pacien\u021bilor \u00een urma unei interven\u021bii de chirurgie cardiac\u0103, o sec\u021bie de tratare a pacien\u021bilor dup\u0103 interven\u021bii de neurochirurgie, o sec\u021bie dedicat\u0103 trat\u0103rii pacien\u021bi care urmeaz\u0103 interven\u021bii ortopedice \u0219i traumatologice.<\/p>\n<p>Clinica dispune de echipamente moderne de cea mai \u00eenalt\u0103 calitate, care, combinat\u0103 cu vasta experien\u021b\u0103 a echipei noastre, garanteaz\u0103 un nivel mondial de anestezie \u0219i terapie intensiv\u0103.<\/p>\n<p><strong>Activit\u0103\u021bi:<\/strong><br \/>\nClinica noastr\u0103 folose\u0219te \u00een mod obi\u0219nuit metode video-laringoscopice \u0219i bronhoscopice de acces pentru tratamentul c\u0103ilor respiratorii superioare \u0219i inferioare, abord\u0103ri ecografice \u0219i neurostimulare pentru a efectua anestezie locoregional\u0103 precis\u0103 \u0219i foarte eficient\u0103 necesar\u0103 \u00een chirurgia toracic\u0103 \u0219i abdominal\u0103, precum \u0219i ca \u0219i \u00een interven\u021biile chirurgicale din clinicile de ortopedie \u0219i traumatologie, chirurgie vascular\u0103 \u0219i neurochirurgie.<\/p>\n<p>Clinica dispune de capabilit\u0103\u021bi de management al durerii controlate de c\u0103tre pacien\u021bi (PCA), care constituie o modalitate sigur\u0103 \u0219i eficient\u0103 de tratare a tulbur\u0103rii dureroase, precum \u0219i sisteme PiCCO pentru evaluarea constant\u0103 a st\u0103rii hemodinamice a pacien\u021bilor, bazate pe hemodinamic\u0103 avansat\u0103 \u0219i monitorizarea volumului ( termodilu\u021bie transpulmonar\u0103 \u0219i analiza conturului pulsului).<\/p>\n<p>Tehnologia PiCCO, combinat\u0103 cu ultrasunete \u0219i alte tehnologii de asisten\u021b\u0103 medical\u0103, permite m\u0103surarea tuturor tipurilor de presiuni invazive \u0219i ofer\u0103 obiectivitate maxim\u0103 pentru monitorizarea hemodinamic\u0103 a unui pacient.[\/vc_column_text][mk_padding_divider size=&#8221;120&#8243;][mk_employees column=&#8221;4&#8243; rounded_image=&#8221;false&#8221; grayscale_image=&#8221;false&#8221; count=&#8221;-1&#8243; order=&#8221;ASC&#8221; orderby=&#8221;menu_order&#8221; categories=&#8221;hb-pleven-anesthesiology-en&#8221;][\/vc_column][\/vc_row]\n<\/div>","protected":false},"excerpt":{"rendered":"<p>[mk_page_section bg_color=&#8221;#1e73be&#8221; padding_top=&#8221;40&#8243; padding_bottom=&#8221;40&#8243; sidebar=&#8221;sidebar-1&#8243;][vc_column][mk_fancy_title tag_name=&#8221;h4&#8243; color=&#8221;#ffffff&#8221; size=&#8221;48&#8243; force_font_size=&#8221;true&#8221; size_tablet=&#8221;40&#8243; font_weight=&#8221;400&#8243; txt_transform=&#8221;uppercase&#8221; margin_top=&#8221;15&#8243; margin_bottom=&#8221;0&#8243; font_family=&#8221;Open+Sans&#8221; font_type=&#8221;google&#8221; align=&#8221;center&#8221; animation=&#8221;top-to-bottom&#8221;]Anesteziologie \u0219i terapie intensiv\u0103[\/mk_fancy_title][\/vc_column][\/mk_page_section][vc_row][vc_column][mk_padding_divider][vc_column_text css=&#8221;.vc_custom_1769070429386{margin-bottom: 0px !important;}&#8221;]Despre clinica: Clinica de anestezie \u0219i terapie intensiv\u0103 este format\u0103 dintr-o sec\u021bie dedicat\u0103 tratarii pacien\u021bilor \u00een urma unei interven\u021bii de chirurgie cardiac\u0103, o sec\u021bie de tratare a pacien\u021bilor dup\u0103 interven\u021bii de neurochirurgie, [&hellip;]<\/p>\n","protected":false},"author":1,"featured_media":0,"parent":24710,"menu_order":4,"comment_status":"closed","ping_status":"closed","template":"","meta":{"footnotes":""},"class_list":["post-24742","page","type-page","status-publish","hentry"],"_links":{"self":[{"href":"https:\/\/cardiacinstitute.bg\/ro\/wp-json\/wp\/v2\/pages\/24742","targetHints":{"allow":["GET"]}}],"collection":[{"href":"https:\/\/cardiacinstitute.bg\/ro\/wp-json\/wp\/v2\/pages"}],"about":[{"href":"https:\/\/cardiacinstitute.bg\/ro\/wp-json\/wp\/v2\/types\/page"}],"author":[{"embeddable":true,"href":"https:\/\/cardiacinstitute.bg\/ro\/wp-json\/wp\/v2\/users\/1"}],"replies":[{"embeddable":true,"href":"https:\/\/cardiacinstitute.bg\/ro\/wp-json\/wp\/v2\/comments?post=24742"}],"version-history":[{"count":7,"href":"https:\/\/cardiacinstitute.bg\/ro\/wp-json\/wp\/v2\/pages\/24742\/revisions"}],"predecessor-version":[{"id":55762,"href":"https:\/\/cardiacinstitute.bg\/ro\/wp-json\/wp\/v2\/pages\/24742\/revisions\/55762"}],"up":[{"embeddable":true,"href":"https:\/\/cardiacinstitute.bg\/ro\/wp-json\/wp\/v2\/pages\/24710"}],"wp:attachment":[{"href":"https:\/\/cardiacinstitute.bg\/ro\/wp-json\/wp\/v2\/media?parent=24742"}],"curies":[{"name":"wp","href":"https:\/\/api.w.org\/{rel}","templated":true}]}}