{"id":24734,"date":"2022-08-18T13:13:15","date_gmt":"2022-08-18T13:13:15","guid":{"rendered":"https:\/\/cardiacinstitute.bg\/?page_id=24734"},"modified":"2025-02-04T13:07:49","modified_gmt":"2025-02-04T13:07:49","slug":"vascular-surgery-clinic","status":"publish","type":"page","link":"https:\/\/cardiacinstitute.bg\/ro\/hospitals-and-centers\/heart-and-brain-center-of-excellence-pleven\/clinics-and-departments\/vascular-surgery-clinic\/","title":{"rendered":"Chirurgie vascular\u0103"},"content":{"rendered":"<div class=\"wpb-content-wrapper\">[mk_page_section bg_color=&#8221;#1e73be&#8221; padding_top=&#8221;40&#8243; padding_bottom=&#8221;40&#8243; sidebar=&#8221;sidebar-1&#8243;][vc_column][mk_fancy_title tag_name=&#8221;h4&#8243; color=&#8221;#ffffff&#8221; size=&#8221;48&#8243; force_font_size=&#8221;true&#8221; size_tablet=&#8221;40&#8243; font_weight=&#8221;400&#8243; txt_transform=&#8221;uppercase&#8221; margin_top=&#8221;15&#8243; margin_bottom=&#8221;0&#8243; font_family=&#8221;Open+Sans&#8221; font_type=&#8221;google&#8221; align=&#8221;center&#8221; animation=&#8221;top-to-bottom&#8221;]Chirurgie vascular\u0103[\/mk_fancy_title][\/vc_column][\/mk_page_section][vc_row][vc_column][mk_padding_divider][vc_column_text css=&#8221;.vc_custom_1660828478457{margin-bottom: 0px !important;}&#8221;]<strong>Despre clinica:<\/strong><br \/>\nClinica de chirurgie vascular\u0103 ofer\u0103 toate resursele contemporane pentru diagnostic \u0219i interven\u021bie chirurgical\u0103 pe boli vasculare \u2013 chirurgie deschis\u0103, interven\u021bii endovasculare \u0219i tratament conservator.<\/p>\n<p>Echipa noastr\u0103 are o vast\u0103 experien\u021b\u0103 profesional\u0103 \u00een domeniul chirurgiei vasculare \u0219i se m\u00e2ndre\u0219te cu un total de peste 10 000 de interven\u021bii chirurgicale finalizate.<\/p>\n<p>Chirurgia endovascular\u0103 este metoda de lucru preferat\u0103 \u00een clinic\u0103, deoarece ofer\u0103 posibilitatea unor interven\u021bii prietenoase pentru pacient, f\u0103r\u0103 s\u00e2nge \u0219i o recuperare mai rapid\u0103 a pacientului. Prevenirea complica\u021biilor piciorului diabetic printr-o procedur\u0103 endovascular\u0103 poate evita \u0219i am\u00e2na amputa\u021biile de deget \u0219i membre. Combin\u0103m diferite abord\u0103ri de tratament, urm\u0103rind s\u0103 ob\u021binem solu\u021bii pe termen lung pentru bun\u0103starea pacien\u021bilor no\u0219tri.<\/p>\n<p><strong>Activit\u0103\u021bi:<\/strong><br \/>\nClinica de chirurgie vascular\u0103 folose\u0219te cu succes toate realiz\u0103rile medicale contemporane pentru tratarea bolilor vasculare, inclusiv tratamentul chirurgical al vaselor periferice, interven\u021bii chirurgicale \u00een cazuri de politraumatism la nivelul membrelor, varice \u0219i tratament tromboz\u0103 venoas\u0103 printr-o combina\u021bie de abla\u021bie cu laser, scleroterapie, microvenectomie. , tehnici chirurgicale \u0219i de blocare venoas\u0103, tratamentul endovascular al anevrismelor aortice \u0219i periferice, endarterectomia \u0219i tratamentul endovascular al vaselor cerebrale extracraniene, tratamentul urgen\u021belor precum embolia, tromboza, rupturile, tratamentul endovascular al sindromului postflebitic, tratamentul complex al malforma\u021biilor tumorale vasculare, anomaliile vasculare congenitale , fistule, proceduri minim invazive pentru tratarea vaselor carotide \u0219i periferice \u0219i a anevrismelor de aort\u0103 abdominal\u0103 (EVAR), embolizarea vaselor de s\u00e2nge, neoangiogeneza cu ajutorul celulelor stem, prevenirea precoce \u0219i tratamentul chirurgical al piciorului diabetic, tratamentul pl\u0103gilor dificil de vindecat nds folosind aspiratia vacuum, construirea unui acces vascular permanent pentru hemodializa si chimioterapie.[\/vc_column_text][mk_padding_divider size=&#8221;120&#8243;][mk_employees column=&#8221;4&#8243; rounded_image=&#8221;false&#8221; grayscale_image=&#8221;false&#8221; count=&#8221;-1&#8243; order=&#8221;ASC&#8221; orderby=&#8221;menu_order&#8221; categories=&#8221;hb-pleven-vascular-surgery-en&#8221;][\/vc_column][\/vc_row]\n<\/div>","protected":false},"excerpt":{"rendered":"<p>[mk_page_section bg_color=&#8221;#1e73be&#8221; padding_top=&#8221;40&#8243; padding_bottom=&#8221;40&#8243; sidebar=&#8221;sidebar-1&#8243;][vc_column][mk_fancy_title tag_name=&#8221;h4&#8243; color=&#8221;#ffffff&#8221; size=&#8221;48&#8243; force_font_size=&#8221;true&#8221; size_tablet=&#8221;40&#8243; font_weight=&#8221;400&#8243; txt_transform=&#8221;uppercase&#8221; margin_top=&#8221;15&#8243; margin_bottom=&#8221;0&#8243; font_family=&#8221;Open+Sans&#8221; font_type=&#8221;google&#8221; align=&#8221;center&#8221; animation=&#8221;top-to-bottom&#8221;]Chirurgie vascular\u0103[\/mk_fancy_title][\/vc_column][\/mk_page_section][vc_row][vc_column][mk_padding_divider][vc_column_text css=&#8221;.vc_custom_1660828478457{margin-bottom: 0px !important;}&#8221;]Despre clinica: Clinica de chirurgie vascular\u0103 ofer\u0103 toate resursele contemporane pentru diagnostic \u0219i interven\u021bie chirurgical\u0103 pe boli vasculare \u2013 chirurgie deschis\u0103, interven\u021bii endovasculare \u0219i tratament conservator. Echipa noastr\u0103 are o vast\u0103 experien\u021b\u0103 profesional\u0103 \u00een [&hellip;]<\/p>\n","protected":false},"author":1,"featured_media":0,"parent":24710,"menu_order":5,"comment_status":"closed","ping_status":"closed","template":"","meta":{"footnotes":""},"class_list":["post-24734","page","type-page","status-publish","hentry"],"_links":{"self":[{"href":"https:\/\/cardiacinstitute.bg\/ro\/wp-json\/wp\/v2\/pages\/24734","targetHints":{"allow":["GET"]}}],"collection":[{"href":"https:\/\/cardiacinstitute.bg\/ro\/wp-json\/wp\/v2\/pages"}],"about":[{"href":"https:\/\/cardiacinstitute.bg\/ro\/wp-json\/wp\/v2\/types\/page"}],"author":[{"embeddable":true,"href":"https:\/\/cardiacinstitute.bg\/ro\/wp-json\/wp\/v2\/users\/1"}],"replies":[{"embeddable":true,"href":"https:\/\/cardiacinstitute.bg\/ro\/wp-json\/wp\/v2\/comments?post=24734"}],"version-history":[{"count":10,"href":"https:\/\/cardiacinstitute.bg\/ro\/wp-json\/wp\/v2\/pages\/24734\/revisions"}],"predecessor-version":[{"id":50066,"href":"https:\/\/cardiacinstitute.bg\/ro\/wp-json\/wp\/v2\/pages\/24734\/revisions\/50066"}],"up":[{"embeddable":true,"href":"https:\/\/cardiacinstitute.bg\/ro\/wp-json\/wp\/v2\/pages\/24710"}],"wp:attachment":[{"href":"https:\/\/cardiacinstitute.bg\/ro\/wp-json\/wp\/v2\/media?parent=24734"}],"curies":[{"name":"wp","href":"https:\/\/api.w.org\/{rel}","templated":true}]}}