{"id":24727,"date":"2022-08-18T13:06:05","date_gmt":"2022-08-18T13:06:05","guid":{"rendered":"https:\/\/cardiacinstitute.bg\/?page_id=24727"},"modified":"2025-02-04T12:59:17","modified_gmt":"2025-02-04T12:59:17","slug":"thoracic-surgery-clinic","status":"publish","type":"page","link":"https:\/\/cardiacinstitute.bg\/ro\/hospitals-and-centers\/heart-and-brain-center-of-excellence-pleven\/clinics-and-departments\/thoracic-surgery-clinic\/","title":{"rendered":"Chirurgie toracic\u0103"},"content":{"rendered":"<div class=\"wpb-content-wrapper\">[mk_page_section bg_color=&#8221;#1e73be&#8221; padding_top=&#8221;40&#8243; padding_bottom=&#8221;40&#8243; sidebar=&#8221;sidebar-1&#8243;][vc_column][mk_fancy_title tag_name=&#8221;h4&#8243; color=&#8221;#ffffff&#8221; size=&#8221;48&#8243; force_font_size=&#8221;true&#8221; size_tablet=&#8221;40&#8243; font_weight=&#8221;400&#8243; txt_transform=&#8221;uppercase&#8221; margin_top=&#8221;15&#8243; margin_bottom=&#8221;0&#8243; font_family=&#8221;Open+Sans&#8221; font_type=&#8221;google&#8221; align=&#8221;center&#8221; animation=&#8221;top-to-bottom&#8221;]Chirurgie toracic\u0103[\/mk_fancy_title][\/vc_column][\/mk_page_section][vc_row][vc_column][mk_padding_divider][vc_column_text css=&#8221;.vc_custom_1660828058342{margin-bottom: 0px !important;}&#8221;]<strong>Despre clinica:<\/strong><br \/>\nClinica de chirurgie toracic\u0103 este o unitate \u0219tiin\u021bific\u0103 \u0219i clinic\u0103 de \u00eenalt\u0103 tehnologie contemporan\u0103, specializat\u0103. Are cel mai \u00eenalt nivel de competen\u021b\u0103 (nivel III) pentru efectuarea interven\u021biilor chirurgicale. Speciali\u0219tii \u2013 chirurgi toracici recunoscu\u021bi cu mul\u021bi ani de experien\u021b\u0103 \u0219i consultan\u021bi la nivel na\u021bional \u2013 particip\u0103 activ la toate etapele procesului de diagnostic \u0219i tratament, garant\u00e2nd un tratament versatil.<\/p>\n<p>Clinica efectueaz\u0103 toate interven\u021biile chirurgicale \u0219i opera\u021biile endoscopice contemporane cu un nivel minim de invazie, cru\u021b\u00e2nd pacientul \u0219i contribuind la o recuperare rapid\u0103 cu spitalizare minim\u0103.<\/p>\n<p>Echipa noastra are cel mai inalt nivel de expertiza in diagnosticarea si tratarea afectiunilor complexe ale peretelui toracic, pericardului, plamanilor, pleurei, traheei si bronhiilor, mediastinului, diafragmului si esofagului.<\/p>\n<p>Blocul operator dispune de dou\u0103 s\u0103li de opera\u021bie moderne, sisteme de anestezie \u0219i ecografie, echipamente de endoscopie \u0219i bronhoscopie de ultim\u0103 genera\u021bie, o gam\u0103 larg\u0103 de instrumente care acoper\u0103 pe deplin gama larg\u0103 de activit\u0103\u021bi desf\u0103\u0219urate \u00een clinic\u0103. Pentru diagnosticare \u00een timp util, folosim un laborator modern de biochimie, patologie \u0219i genetic\u0103, un CT-scaner, un scaner portabil cu raze X, util la pacien\u021bii cu mobilitate redus\u0103, \u00een timpul sau dup\u0103 interven\u021bia chirurgical\u0103.<\/p>\n<p><strong>Activit\u0103\u021bi:<\/strong><br \/>\nClinica de chirurgie toracica realizeaza cu succes toate interventiile medicale contemporane pentru tratarea afectiunilor oncologice si non-oncologice, clasificabile dupa volum si complexitate.<\/p>\n<p>Interven\u021biile chirurgicale de volum \u0219i complexitate reduse includ biopsie la nivelul g\u00e2tului \u0219i toracelui, corectarea \u0219i chirurgia plastic\u0103 a cicatricilor la acelea\u0219i localiz\u0103ri, incizia unui abces, furuncul sau flegmon pe g\u00e2t \u0219i peretele toracic, biopsia glandelor mamare, implantarea de un port pentru chimioterapie sau un cateter coad\u0103.<\/p>\n<p>Interven\u021biile cu un nivel mediu de volum \u0219i complexitate includ biopsii diagnostice ale pl\u0103m\u00e2nilor, pleurelor, ganglionilor limfatici mediastinului, mediastinotomie anterioar\u0103, drenaj mediastinal, toracotomie pentru pneumotorax spontan \u0219i simpatectomie, plasarea unui dren intrapleural cu sau f\u0103r\u0103 trocar, rezec\u021bia coastei, colul uterin. esofagostomie, gastrostomie, traheostomie, chirurgie a forma\u021biunilor benigne ale g\u00e2tului.<\/p>\n<p>Interven\u021biile chirurgicale cu volum mare \u0219i complexitate includ pulmonectomia sau rezec\u021bia pulmonar\u0103 par\u021bial\u0103, trombectomia arterei pulmonare, rezec\u021bia pulmonar\u0103 atipic\u0103 video-asistat\u0103, enuclearea video-asistat\u0103, bronhotomia, rezec\u021bia pulmonar\u0103 cu reducerea volumului pulmonar, \u00eendep\u0103rtarea fistulei traheoesofagiene, interven\u021bia chirurgical\u0103 video-asistat\u0103 a interven\u021biei chirurgicale toracice spontane. pneumotorax cu bulectomie, bulorafie, rezec\u021bie pene, fenestrare pericardic\u0103, chirurgie diafragm\u0103 transtoracal\u0103, chirurgie reconstructiv\u0103 \u0219i plastic\u0103 a arborelui traheobron\u0219ic, pleurectomie cu decortica\u021bie pulmonar\u0103, rezec\u021bie pulmonar\u0103 segmentar\u0103 \u0219i polisegmentar\u0103, sternolaparotomie \u0219i reconstruc\u021bie de sternolaparotomie, rezec\u021bie \u0219i reconstruc\u021bie de perete \u0219i stern. tumori mediastinale mari, rezec\u021bie esofagian\u0103 etc.[\/vc_column_text][mk_padding_divider size=&#8221;120&#8243;][mk_employees column=&#8221;4&#8243; rounded_image=&#8221;false&#8221; grayscale_image=&#8221;false&#8221; count=&#8221;-1&#8243; order=&#8221;ASC&#8221; orderby=&#8221;menu_order&#8221; categories=&#8221;hb-pleven-thoracic-surgery-en&#8221;][\/vc_column][\/vc_row]\n<\/div>","protected":false},"excerpt":{"rendered":"<p>[mk_page_section bg_color=&#8221;#1e73be&#8221; padding_top=&#8221;40&#8243; padding_bottom=&#8221;40&#8243; sidebar=&#8221;sidebar-1&#8243;][vc_column][mk_fancy_title tag_name=&#8221;h4&#8243; color=&#8221;#ffffff&#8221; size=&#8221;48&#8243; force_font_size=&#8221;true&#8221; size_tablet=&#8221;40&#8243; font_weight=&#8221;400&#8243; txt_transform=&#8221;uppercase&#8221; margin_top=&#8221;15&#8243; margin_bottom=&#8221;0&#8243; font_family=&#8221;Open+Sans&#8221; font_type=&#8221;google&#8221; align=&#8221;center&#8221; animation=&#8221;top-to-bottom&#8221;]Chirurgie toracic\u0103[\/mk_fancy_title][\/vc_column][\/mk_page_section][vc_row][vc_column][mk_padding_divider][vc_column_text css=&#8221;.vc_custom_1660828058342{margin-bottom: 0px !important;}&#8221;]Despre clinica: Clinica de chirurgie toracic\u0103 este o unitate \u0219tiin\u021bific\u0103 \u0219i clinic\u0103 de \u00eenalt\u0103 tehnologie contemporan\u0103, specializat\u0103. Are cel mai \u00eenalt nivel de competen\u021b\u0103 (nivel III) pentru efectuarea interven\u021biilor chirurgicale. Speciali\u0219tii \u2013 chirurgi toracici [&hellip;]<\/p>\n","protected":false},"author":1,"featured_media":0,"parent":24710,"menu_order":3,"comment_status":"closed","ping_status":"closed","template":"","meta":{"footnotes":""},"class_list":["post-24727","page","type-page","status-publish","hentry"],"_links":{"self":[{"href":"https:\/\/cardiacinstitute.bg\/ro\/wp-json\/wp\/v2\/pages\/24727","targetHints":{"allow":["GET"]}}],"collection":[{"href":"https:\/\/cardiacinstitute.bg\/ro\/wp-json\/wp\/v2\/pages"}],"about":[{"href":"https:\/\/cardiacinstitute.bg\/ro\/wp-json\/wp\/v2\/types\/page"}],"author":[{"embeddable":true,"href":"https:\/\/cardiacinstitute.bg\/ro\/wp-json\/wp\/v2\/users\/1"}],"replies":[{"embeddable":true,"href":"https:\/\/cardiacinstitute.bg\/ro\/wp-json\/wp\/v2\/comments?post=24727"}],"version-history":[{"count":8,"href":"https:\/\/cardiacinstitute.bg\/ro\/wp-json\/wp\/v2\/pages\/24727\/revisions"}],"predecessor-version":[{"id":50061,"href":"https:\/\/cardiacinstitute.bg\/ro\/wp-json\/wp\/v2\/pages\/24727\/revisions\/50061"}],"up":[{"embeddable":true,"href":"https:\/\/cardiacinstitute.bg\/ro\/wp-json\/wp\/v2\/pages\/24710"}],"wp:attachment":[{"href":"https:\/\/cardiacinstitute.bg\/ro\/wp-json\/wp\/v2\/media?parent=24727"}],"curies":[{"name":"wp","href":"https:\/\/api.w.org\/{rel}","templated":true}]}}