{"id":24721,"date":"2022-08-18T13:01:36","date_gmt":"2022-08-18T13:01:36","guid":{"rendered":"https:\/\/cardiacinstitute.bg\/?page_id=24721"},"modified":"2025-02-04T12:27:57","modified_gmt":"2025-02-04T12:27:57","slug":"neurosurgery-clinic","status":"publish","type":"page","link":"https:\/\/cardiacinstitute.bg\/ro\/hospitals-and-centers\/heart-and-brain-center-of-excellence-pleven\/clinics-and-departments\/neurosurgery-clinic\/","title":{"rendered":"Neurochirurgie"},"content":{"rendered":"<div class=\"wpb-content-wrapper\">[mk_page_section bg_color=&#8221;#1e73be&#8221; padding_top=&#8221;40&#8243; padding_bottom=&#8221;40&#8243; sidebar=&#8221;sidebar-1&#8243;][vc_column][mk_fancy_title tag_name=&#8221;h4&#8243; color=&#8221;#ffffff&#8221; size=&#8221;48&#8243; force_font_size=&#8221;true&#8221; size_tablet=&#8221;40&#8243; font_weight=&#8221;400&#8243; txt_transform=&#8221;uppercase&#8221; margin_top=&#8221;15&#8243; margin_bottom=&#8221;0&#8243; font_family=&#8221;Open+Sans&#8221; font_type=&#8221;google&#8221; align=&#8221;center&#8221; animation=&#8221;top-to-bottom&#8221;]Neurochirurgie[\/mk_fancy_title][\/vc_column][\/mk_page_section][vc_row][vc_column][mk_padding_divider][vc_column_text css=&#8221;.vc_custom_1660827881910{margin-bottom: 0px !important;}&#8221;]<strong>Despre clinica:<\/strong><br \/>\nClinica de neurochirurgie desf\u0103\u0219oar\u0103 activit\u0103\u021bi clinice \u0219i \u0219tiin\u021bifice \u0219i ofer\u0103 preg\u0103tire pentru doctoranzi, speciali\u0219ti \u0219i studen\u021bi. Este structurata \u00een dou\u0103 sec\u021bii \u2013 dedicate, respectiv, chirurgiei craniene \u0219i a coloanei vertebrale. Clinica de\u021bine singura sal\u0103 de opera\u021bie hibrid\u0103 din Bulgaria, cu spectroscopie RMN intraoperatorie, angiografie 3D \u0219i neuro-naviga\u021bie, care ne permit s\u0103 realiz\u0103m cele mai precise \u0219i de \u00eenalt\u0103 tehnologie interven\u021bii de chirurgie cerebral\u0103 cunoscute \u00een practica medical\u0103 mondial\u0103.<\/p>\n<p><strong>Activit\u0103\u021bi:<\/strong><br \/>\nSec\u021bia de chirurgie cranian\u0103 are cele mai avansate capacit\u0103\u021bi de fluorescen\u021b\u0103 intraoperatorie \u0219i monitorizare neurofiziologic\u0103, care permit o cartografiere cerebral\u0103 impecabil\u0103 \u0219i stimularea nervilor periferici.<\/p>\n<p>Activit\u0103\u021bile de diagnostic \u0219i clinice includ tratamentul endovascular al anevrismelor cerebrale, embolizarea malforma\u021biilor arteriovenoase cerebrale \u0219i a forma\u021biunilor tumorale, trombectomia mecanic\u0103 \u0219i stentarea accidentelor vasculare cerebrale trombotice \u0219i ischemice, tratamentul chirurgical al cancerelor cerebrale primare \u0219i secundare, leziuni traumatice craniocerebrale, hemoragii cerebrale netraumatice, netraumatice. decompresie microvascular\u0103 \u00een caz de spasm hemifacial \u0219i nevralgie de trigemen, hipertensiune intracranian\u0103 \u0219i hidrocefalie, afec\u021biuni congenitale sau inflamatorii, chirurgie la nivelul bazei craniene.<\/p>\n<p>Departamentul de chirurgie coloanei vertebrale folose\u0219te singurul sistem de chirurgie endoscopic\u0103 a coloanei vertebrale din Bulgaria \u2013 un Jorimax de ultim\u0103 genera\u021bie cu module integrate pentru acces transforaminal (TESSYS), acces interlaminar (ILESSYS, CESSYS), abla\u021bie cu radiofrecven\u021b\u0103 (Multizyte).<\/p>\n<p>Sec\u021bia efectueaz\u0103 interven\u021bii minim invazive pe segmentul anterior al coloanei vertebrale (compartiment toracic \u0219i lombar), cu posibilitate de reconstruc\u021bie, corec\u021bii ale echilibrului sagital, \u00eenlocuire foarte eficient\u0103 a corpurilor vertebrale, inclusiv fuziune lombar\u0103 lateral\u0103 (XLIF), fuziune lombar\u0103 oblic\u0103 frontal\u0103. (OLIF), fuziune lombar\u0103 frontal\u0103 (ALIF, MIS ALIF), minitoracotomie \u0219i fuziune frontal\u0103, artroplastie, vertebroplastie, cifoplastie, tratamentul chirurgical al cancerelor primare \u0219i secundare ale coloanei vertebrale, afec\u021biuni \u0219i traumatisme vasculare spinocerebeloase, boli degenerative, scolioz\u0103, coloanei vertebrale hernie de disc, baclofen \u0219i implanturi combinate de pomp\u0103 intratecal\u0103 pentru managementul durerii, tulbur\u0103ri oncologice ale nervilor periferici, afec\u021biuni ale plexului cervical, brahial \u0219i lombar.[\/vc_column_text][mk_padding_divider size=&#8221;120&#8243;][mk_employees column=&#8221;4&#8243; rounded_image=&#8221;false&#8221; grayscale_image=&#8221;false&#8221; count=&#8221;-1&#8243; order=&#8221;ASC&#8221; orderby=&#8221;menu_order&#8221; categories=&#8221;hb-pleven-neurosurgery-en&#8221;][\/vc_column][\/vc_row]\n<\/div>","protected":false},"excerpt":{"rendered":"<p>[mk_page_section bg_color=&#8221;#1e73be&#8221; padding_top=&#8221;40&#8243; padding_bottom=&#8221;40&#8243; sidebar=&#8221;sidebar-1&#8243;][vc_column][mk_fancy_title tag_name=&#8221;h4&#8243; color=&#8221;#ffffff&#8221; size=&#8221;48&#8243; force_font_size=&#8221;true&#8221; size_tablet=&#8221;40&#8243; font_weight=&#8221;400&#8243; txt_transform=&#8221;uppercase&#8221; margin_top=&#8221;15&#8243; margin_bottom=&#8221;0&#8243; font_family=&#8221;Open+Sans&#8221; font_type=&#8221;google&#8221; align=&#8221;center&#8221; animation=&#8221;top-to-bottom&#8221;]Neurochirurgie[\/mk_fancy_title][\/vc_column][\/mk_page_section][vc_row][vc_column][mk_padding_divider][vc_column_text css=&#8221;.vc_custom_1660827881910{margin-bottom: 0px !important;}&#8221;]Despre clinica: Clinica de neurochirurgie desf\u0103\u0219oar\u0103 activit\u0103\u021bi clinice \u0219i \u0219tiin\u021bifice \u0219i ofer\u0103 preg\u0103tire pentru doctoranzi, speciali\u0219ti \u0219i studen\u021bi. Este structurata \u00een dou\u0103 sec\u021bii \u2013 dedicate, respectiv, chirurgiei craniene \u0219i a coloanei vertebrale. Clinica de\u021bine singura [&hellip;]<\/p>\n","protected":false},"author":1,"featured_media":0,"parent":24710,"menu_order":10,"comment_status":"closed","ping_status":"closed","template":"","meta":{"footnotes":""},"class_list":["post-24721","page","type-page","status-publish","hentry"],"_links":{"self":[{"href":"https:\/\/cardiacinstitute.bg\/ro\/wp-json\/wp\/v2\/pages\/24721","targetHints":{"allow":["GET"]}}],"collection":[{"href":"https:\/\/cardiacinstitute.bg\/ro\/wp-json\/wp\/v2\/pages"}],"about":[{"href":"https:\/\/cardiacinstitute.bg\/ro\/wp-json\/wp\/v2\/types\/page"}],"author":[{"embeddable":true,"href":"https:\/\/cardiacinstitute.bg\/ro\/wp-json\/wp\/v2\/users\/1"}],"replies":[{"embeddable":true,"href":"https:\/\/cardiacinstitute.bg\/ro\/wp-json\/wp\/v2\/comments?post=24721"}],"version-history":[{"count":8,"href":"https:\/\/cardiacinstitute.bg\/ro\/wp-json\/wp\/v2\/pages\/24721\/revisions"}],"predecessor-version":[{"id":50057,"href":"https:\/\/cardiacinstitute.bg\/ro\/wp-json\/wp\/v2\/pages\/24721\/revisions\/50057"}],"up":[{"embeddable":true,"href":"https:\/\/cardiacinstitute.bg\/ro\/wp-json\/wp\/v2\/pages\/24710"}],"wp:attachment":[{"href":"https:\/\/cardiacinstitute.bg\/ro\/wp-json\/wp\/v2\/media?parent=24721"}],"curies":[{"name":"wp","href":"https:\/\/api.w.org\/{rel}","templated":true}]}}