{"id":24715,"date":"2022-08-18T12:31:35","date_gmt":"2022-08-18T12:31:35","guid":{"rendered":"https:\/\/cardiacinstitute.bg\/?page_id=24715"},"modified":"2026-01-21T15:12:34","modified_gmt":"2026-01-21T15:12:34","slug":"cardiac-surgery-clinic","status":"publish","type":"page","link":"https:\/\/cardiacinstitute.bg\/ro\/hospitals-and-centers\/heart-and-brain-center-of-excellence-pleven\/clinics-and-departments\/cardiac-surgery-clinic\/","title":{"rendered":"Chirurgie cardiac\u0103"},"content":{"rendered":"<div class=\"wpb-content-wrapper\">[mk_page_section bg_color=&#8221;#1e73be&#8221; padding_top=&#8221;40&#8243; padding_bottom=&#8221;40&#8243; sidebar=&#8221;sidebar-1&#8243;][vc_column][mk_fancy_title tag_name=&#8221;h4&#8243; color=&#8221;#ffffff&#8221; size=&#8221;48&#8243; force_font_size=&#8221;true&#8221; size_tablet=&#8221;40&#8243; font_weight=&#8221;400&#8243; txt_transform=&#8221;uppercase&#8221; margin_top=&#8221;15&#8243; margin_bottom=&#8221;0&#8243; font_family=&#8221;Open+Sans&#8221; font_type=&#8221;google&#8221; align=&#8221;center&#8221; animation=&#8221;top-to-bottom&#8221;]Chirurgie cardiac\u0103[\/mk_fancy_title][\/vc_column][\/mk_page_section][vc_row][vc_column][mk_padding_divider][vc_column_text css=&#8221;.vc_custom_1769008351446{margin-bottom: 0px !important;}&#8221;]<strong>Despre clinica:<\/strong><br \/>\nStructura clinicii de chirurgie cardiac\u0103 este format\u0103 din dou\u0103 sec\u021bii de chirurgie cardiac\u0103 \u2013 una la Pleven \u0219i una la Burgas.<\/p>\n<p>Departamentele practic\u0103 interven\u021bii chirurgicale de ultim\u0103 or\u0103, minim invazive, \u00een concordan\u021b\u0103 cu cele mai noi realiz\u0103ri din lume \u00een chirurgia cardiac\u0103. Clinica este specializat\u0103 \u00een tratamentul \u00eentregului spectru de boli cardiovasculare, cu excep\u021bia transplanturilor.<\/p>\n<p>Clinica de chirurgie cardiac\u0103 func\u021bioneaz\u0103 cu cinci echipe chirurgicale complete de speciali\u0219ti cu \u00eenalt\u0103 experien\u021b\u0103, care \u00ee\u0219i continu\u0103 perfec\u021bionarea profesional\u0103 prin cooperarea constant\u0103 cu clinicile de top din Europa \u0219i din \u00eentreaga lume. Ne str\u0103duim s\u0103 oferim pacien\u021bilor no\u0219tri \u00eengrijiri medicale de cel mai \u00eenalt nivel european.<\/p>\n<p><strong>Activit\u0103\u021bi:<\/strong><br \/>\nClinica de chirurgie cardiac\u0103 desf\u0103\u0219oar\u0103 activit\u0103\u021bi clinice \u0219i \u0219tiin\u021bifice \u0219i ofer\u0103 preg\u0103tire pentru doctoranzi, speciali\u0219ti \u0219i studen\u021bi.<\/p>\n<p>Echipa noastr\u0103 are cea mai bun\u0103 expertiz\u0103 din toat\u0103 Bulgaria \u00een ceea ce prive\u0219te interven\u021biile minim invazive ale valvei mitrale \u2013 reconstruc\u021bia sau protezarea valvei mitrale prin opera\u021bii asistate video, prin incizii cu dimensiuni de la 3 la 5 cm.<\/p>\n<p>Valvulele aortice izolate primesc \u00een mod obi\u0219nuit proteze printr-o incizie lung\u0103 de 4 cm pe partea superioar\u0103 a trunchiului. Practica noastr\u0103 obi\u0219nuit\u0103 include implantarea de valve aortice f\u0103r\u0103 sudur\u0103, care au avantajul de a scurta considerabil timpii de operare ECC \u00een timpul opera\u021biilor cardiace complexe.<\/p>\n<p>Centrul AORTIC de \u00eenalt\u0103 specialitate din cadrul clinicii noastre utilizeaz\u0103 cele mai noi metode de tratament al pacien\u021bilor cu stenoz\u0103 aortic\u0103 \u0219i alte tulbur\u0103ri aortice. Acesta este alc\u0103tuit din personal special instruit: un chirurg cardiac, un cardiolog invaziv, un chirurg vascular, un specialist \u00een imagistic\u0103 diagnostic\u0103, precum \u0219i al\u021bi speciali\u0219ti. Rezultatele pe care le ob\u021binem \u00een aplicarea implant\u0103rii valvei aortice transcateter (TAVI), repararea aortic\u0103 endovascular\u0103 toracic\u0103 (TEVAR) \u0219i repararea anevrismului endovascular (EVAR) sunt la egalitate cu realiz\u0103rile liderilor mondiali \u00een domeniu.<\/p>\n<p>Clinica are o vast\u0103 experien\u021b\u0103 \u00een tratamentul chirurgical al cardiopatiei ischemice (opera\u021bie de bypass coronarian). \u00cen peste 70% din cazuri aplic\u0103m o tehnic\u0103 de operare extrem de benefic\u0103 din punct de vedere clinic, care permite inimii s\u0103 continue s\u0103 bat\u0103 \u00een timpul interven\u021biei chirurgicale: bypass-ul coronarian off-pump (OPCAB). Folosim \u00een mod obi\u0219nuit mai mult de o gref\u0103 arterial\u0103 pentru a \u00eembun\u0103t\u0103\u021bi prognosticul pe termen lung pentru pacien\u021bii implica\u021bi.<\/p>\n<p>Clinica noastr\u0103 este lider na\u021bional \u00een domeniul chirurgiei de bypass coronarian pe o inim\u0103 care bate printr-un acces minim invaziv prin al 4-lea spa\u021biu intercostal st\u00e2ng (MIDCAB).<\/p>\n<p>Pacien\u021bii cu disec\u021bie acut\u0103 de aort\u0103 sunt trata\u021bi dup\u0103 cele mai contemporane concepte de chirurgie aortic\u0103 \u2013 utilizarea exclusiv\u0103 a perfuziei cerebrale antegrade, cu hipotermie moderat\u0103. De asemenea, folosim regulat o abordare hibrid\u0103 pentru tratamentul disec\u021biei de aort\u0103 care implic\u0103 segmentele descendente ale aortei (proteze chirurgicale ale aortei ascendente \u0219i arcului aortic, apoi endoprotetice ale aortei descendente).[\/vc_column_text][mk_padding_divider size=&#8221;120&#8243;][mk_employees column=&#8221;4&#8243; rounded_image=&#8221;false&#8221; grayscale_image=&#8221;false&#8221; count=&#8221;-1&#8243; order=&#8221;ASC&#8221; orderby=&#8221;menu_order&#8221; categories=&#8221;hb-pleven-cardiac-surgery-en&#8221;][\/vc_column][\/vc_row]\n<\/div>","protected":false},"excerpt":{"rendered":"<p>[mk_page_section bg_color=&#8221;#1e73be&#8221; padding_top=&#8221;40&#8243; padding_bottom=&#8221;40&#8243; sidebar=&#8221;sidebar-1&#8243;][vc_column][mk_fancy_title tag_name=&#8221;h4&#8243; color=&#8221;#ffffff&#8221; size=&#8221;48&#8243; force_font_size=&#8221;true&#8221; size_tablet=&#8221;40&#8243; font_weight=&#8221;400&#8243; txt_transform=&#8221;uppercase&#8221; margin_top=&#8221;15&#8243; margin_bottom=&#8221;0&#8243; font_family=&#8221;Open+Sans&#8221; font_type=&#8221;google&#8221; align=&#8221;center&#8221; animation=&#8221;top-to-bottom&#8221;]Chirurgie cardiac\u0103[\/mk_fancy_title][\/vc_column][\/mk_page_section][vc_row][vc_column][mk_padding_divider][vc_column_text css=&#8221;.vc_custom_1769008351446{margin-bottom: 0px !important;}&#8221;]Despre clinica: Structura clinicii de chirurgie cardiac\u0103 este format\u0103 din dou\u0103 sec\u021bii de chirurgie cardiac\u0103 \u2013 una la Pleven \u0219i una la Burgas. Departamentele practic\u0103 interven\u021bii chirurgicale de ultim\u0103 or\u0103, minim invazive, \u00een concordan\u021b\u0103 [&hellip;]<\/p>\n","protected":false},"author":1,"featured_media":0,"parent":24710,"menu_order":2,"comment_status":"closed","ping_status":"closed","template":"","meta":{"footnotes":""},"class_list":["post-24715","page","type-page","status-publish","hentry"],"_links":{"self":[{"href":"https:\/\/cardiacinstitute.bg\/ro\/wp-json\/wp\/v2\/pages\/24715","targetHints":{"allow":["GET"]}}],"collection":[{"href":"https:\/\/cardiacinstitute.bg\/ro\/wp-json\/wp\/v2\/pages"}],"about":[{"href":"https:\/\/cardiacinstitute.bg\/ro\/wp-json\/wp\/v2\/types\/page"}],"author":[{"embeddable":true,"href":"https:\/\/cardiacinstitute.bg\/ro\/wp-json\/wp\/v2\/users\/1"}],"replies":[{"embeddable":true,"href":"https:\/\/cardiacinstitute.bg\/ro\/wp-json\/wp\/v2\/comments?post=24715"}],"version-history":[{"count":8,"href":"https:\/\/cardiacinstitute.bg\/ro\/wp-json\/wp\/v2\/pages\/24715\/revisions"}],"predecessor-version":[{"id":55757,"href":"https:\/\/cardiacinstitute.bg\/ro\/wp-json\/wp\/v2\/pages\/24715\/revisions\/55757"}],"up":[{"embeddable":true,"href":"https:\/\/cardiacinstitute.bg\/ro\/wp-json\/wp\/v2\/pages\/24710"}],"wp:attachment":[{"href":"https:\/\/cardiacinstitute.bg\/ro\/wp-json\/wp\/v2\/media?parent=24715"}],"curies":[{"name":"wp","href":"https:\/\/api.w.org\/{rel}","templated":true}]}}