{"id":24698,"date":"2022-08-19T08:20:51","date_gmt":"2022-08-19T08:20:51","guid":{"rendered":"https:\/\/cardiacinstitute.bg\/?page_id=24698"},"modified":"2025-02-04T07:21:27","modified_gmt":"2025-02-04T07:21:27","slug":"cardiac-surgery-department","status":"publish","type":"page","link":"https:\/\/cardiacinstitute.bg\/ro\/hospitals-and-centers\/heart-and-brain-center-of-excellence-burgas\/clinics-and-departments\/cardiac-surgery-department\/","title":{"rendered":"Chirurgie cardiac\u0103"},"content":{"rendered":"<div class=\"wpb-content-wrapper\">[mk_page_section bg_color=&#8221;#1e73be&#8221; padding_top=&#8221;40&#8243; padding_bottom=&#8221;40&#8243; sidebar=&#8221;sidebar-1&#8243;][vc_column][mk_fancy_title tag_name=&#8221;h4&#8243; color=&#8221;#ffffff&#8221; size=&#8221;48&#8243; force_font_size=&#8221;true&#8221; size_tablet=&#8221;40&#8243; font_weight=&#8221;400&#8243; txt_transform=&#8221;uppercase&#8221; margin_top=&#8221;15&#8243; margin_bottom=&#8221;0&#8243; font_family=&#8221;Open+Sans&#8221; font_type=&#8221;google&#8221; align=&#8221;center&#8221; animation=&#8221;top-to-bottom&#8221;]Chirurgie cardiac\u0103[\/mk_fancy_title][\/vc_column][\/mk_page_section][vc_row][vc_column][mk_padding_divider][vc_column_text css=&#8221;.vc_custom_1660811397318{margin-bottom: 0px !important;}&#8221;]Clinica ofer\u0103 toate op\u021biunile contemporane pentru interven\u021bii cardio-chirurgicale \u0219i tratamentul bolilor cardio-vasculare, cum ar fi:<\/p>\n<ul>\n<li>Chirurgie de bypass coronarian: revascularizare miocardic\u0103 cu sau f\u0103r\u0103 circula\u021bie extracorporal\u0103<\/li>\n<li>Chirurgie minim invaziv\u0103 a valvei aortice cu mini sternotomie (6-7 cm t\u0103ietur\u0103 cutanat\u0103) care asigur\u0103 o recuperare mai rapid\u0103 a pacientului<\/li>\n<li>Chirurgia aortei ascendente \u0219i arcului aortic. Aceast\u0103 metod\u0103 este utilizat\u0103 atunci c\u00e2nd este necesar\u0103 o interven\u021bie chirurgical\u0103 de urgen\u021b\u0103 pentru pacien\u021bii cu disec\u021bie a aortei. Clinica este echipat\u0103 cu cel mai avansat \u0219i cel mai rapid instrument de diagnosticare \u2013 scaner de tomografie computerizat\u0103 cu 64 felii, tehnologie Nano Panel<\/li>\n<li>Chirurgie minim invaziv\u0103 pentru valva mitral\u0103 \u0219i tricuspid\u0103, precum \u0219i pentru unele afec\u021biuni congenitale precum defectul septal atrial. Accesul se face prin toracotomie dreapta cu o taiere a pielii de 8 cm<\/li>\n<li>Interven\u021bii chirurgicale inovatoare de tip valve-spearing pentru valvele aortice, mitrale \u0219i tricuspide. Chirurgia reconstructiv\u0103 a valvei este cea mai recent\u0103 tendin\u021b\u0103 \u00een tehnicile globale de chirurgie cardiac\u0103<\/li>\n<li>Chirurgie cardiac\u0103 pentru sindromul Marfan, prevenind o disec\u021bie a aortei care pune via\u021ba \u00een pericol<\/li>\n<li>Chirurgia tumorilor cardiace<\/li>\n<li>Chirurgie pentru tulbur\u0103ri de conducere \u0219i ritm, implantare chirurgical\u0103 de deriva\u021bie stimulatoare cardiace, Terapie de resincronizare cardiac\u0103 la pacien\u021bii cu insuficien\u021b\u0103 cardiac\u0103<\/li>\n<li>Implantarea chirurgical\u0103 a cateterului intracardic continuu<\/li>\n<li>Chirurgie pentru boala pericardic\u0103<\/li>\n<li>Chirurgie pentru embolii pulmonare masive<\/li>\n<li>Chirurgie pentru boli cardiace congenitale la pacien\u021bii peste 18 ani<\/li>\n<li>Tratamentul chirurgical al dehiscen\u021bei sternului<\/li>\n<\/ul>\n[\/vc_column_text][mk_padding_divider size=&#8221;120&#8243;][mk_employees column=&#8221;4&#8243; rounded_image=&#8221;false&#8221; grayscale_image=&#8221;false&#8221; count=&#8221;-1&#8243; order=&#8221;ASC&#8221; orderby=&#8221;menu_order&#8221; categories=&#8221;hb-burgas-cardiac-surgery-en&#8221;][\/vc_column][\/vc_row]\n<\/div>","protected":false},"excerpt":{"rendered":"<p>[mk_page_section bg_color=&#8221;#1e73be&#8221; padding_top=&#8221;40&#8243; padding_bottom=&#8221;40&#8243; sidebar=&#8221;sidebar-1&#8243;][vc_column][mk_fancy_title tag_name=&#8221;h4&#8243; color=&#8221;#ffffff&#8221; size=&#8221;48&#8243; force_font_size=&#8221;true&#8221; size_tablet=&#8221;40&#8243; font_weight=&#8221;400&#8243; txt_transform=&#8221;uppercase&#8221; margin_top=&#8221;15&#8243; margin_bottom=&#8221;0&#8243; font_family=&#8221;Open+Sans&#8221; font_type=&#8221;google&#8221; align=&#8221;center&#8221; animation=&#8221;top-to-bottom&#8221;]Chirurgie cardiac\u0103[\/mk_fancy_title][\/vc_column][\/mk_page_section][vc_row][vc_column][mk_padding_divider][vc_column_text css=&#8221;.vc_custom_1660811397318{margin-bottom: 0px !important;}&#8221;]Clinica ofer\u0103 toate op\u021biunile contemporane pentru interven\u021bii cardio-chirurgicale \u0219i tratamentul bolilor cardio-vasculare, cum ar fi: Chirurgie de bypass coronarian: revascularizare miocardic\u0103 cu sau f\u0103r\u0103 circula\u021bie extracorporal\u0103 Chirurgie minim invaziv\u0103 a valvei aortice cu mini [&hellip;]<\/p>\n","protected":false},"author":1,"featured_media":0,"parent":24880,"menu_order":0,"comment_status":"closed","ping_status":"closed","template":"","meta":{"footnotes":""},"class_list":["post-24698","page","type-page","status-publish","hentry"],"_links":{"self":[{"href":"https:\/\/cardiacinstitute.bg\/ro\/wp-json\/wp\/v2\/pages\/24698","targetHints":{"allow":["GET"]}}],"collection":[{"href":"https:\/\/cardiacinstitute.bg\/ro\/wp-json\/wp\/v2\/pages"}],"about":[{"href":"https:\/\/cardiacinstitute.bg\/ro\/wp-json\/wp\/v2\/types\/page"}],"author":[{"embeddable":true,"href":"https:\/\/cardiacinstitute.bg\/ro\/wp-json\/wp\/v2\/users\/1"}],"replies":[{"embeddable":true,"href":"https:\/\/cardiacinstitute.bg\/ro\/wp-json\/wp\/v2\/comments?post=24698"}],"version-history":[{"count":9,"href":"https:\/\/cardiacinstitute.bg\/ro\/wp-json\/wp\/v2\/pages\/24698\/revisions"}],"predecessor-version":[{"id":49968,"href":"https:\/\/cardiacinstitute.bg\/ro\/wp-json\/wp\/v2\/pages\/24698\/revisions\/49968"}],"up":[{"embeddable":true,"href":"https:\/\/cardiacinstitute.bg\/ro\/wp-json\/wp\/v2\/pages\/24880"}],"wp:attachment":[{"href":"https:\/\/cardiacinstitute.bg\/ro\/wp-json\/wp\/v2\/media?parent=24698"}],"curies":[{"name":"wp","href":"https:\/\/api.w.org\/{rel}","templated":true}]}}