{"id":24690,"date":"2022-08-18T07:52:06","date_gmt":"2022-08-18T07:52:06","guid":{"rendered":"https:\/\/cardiacinstitute.bg\/?page_id=24690"},"modified":"2022-08-19T12:28:10","modified_gmt":"2022-08-19T12:28:10","slug":"heart-and-brain-center-of-excellence-burgas","status":"publish","type":"page","link":"https:\/\/cardiacinstitute.bg\/ro\/hospitals-and-centers\/heart-and-brain-center-of-excellence-burgas\/","title":{"rendered":"Inima \u0218i Creier Centru De Excelen\u021b\u0103 Clinic\u0103, Burgas"},"content":{"rendered":"<div class=\"wpb-content-wrapper\">[mk_page_section bg_image=&#8221;\/\/cardiacinstitute.bg\/wp-content\/uploads\/2022\/01\/heart-and-brain-header3.jpg&#8221; bg_color=&#8221;rgba(123,123,123,0.48)&#8221; bg_repeat=&#8221;no-repeat&#8221; video_opacity=&#8221;0.9&#8243; min_height=&#8221;&#8221; js_vertical_centered=&#8221;true&#8221; padding_top=&#8221;0&#8243; padding_bottom=&#8221;0&#8243; sidebar=&#8221;sidebar-1&#8243;][vc_column][mk_fancy_title tag_name=&#8221;h1&#8243; color=&#8221;#e8e8e8&#8243; size=&#8221;42&#8243; force_font_size=&#8221;true&#8221; size_tablet=&#8221;42&#8243; line_height=&#8221;95&#8243; font_weight=&#8221;bold&#8221; txt_transform=&#8221;uppercase&#8221; margin_top=&#8221;350&#8243; margin_bottom=&#8221;120&#8243; font_family=&#8221;Open+Sans&#8221; font_type=&#8221;google&#8221;]Highly Specialised Expertise in<br \/>\nService of Lifesaving &#8211; in Progress[\/mk_fancy_title][\/vc_column][\/mk_page_section][vc_row][vc_column][mk_padding_divider size=&#8221;120&#8243;][mk_fancy_title tag_name=&#8221;h3&#8243; color=&#8221;#1e73be&#8221; size=&#8221;60&#8243; force_font_size=&#8221;true&#8221; size_tablet=&#8221;40&#8243; size_phone=&#8221;30&#8243; font_weight=&#8221;400&#8243; txt_transform=&#8221;uppercase&#8221; font_family=&#8221;Open+Sans&#8221; font_type=&#8221;google&#8221; animation=&#8221;top-to-bottom&#8221;]Inima \u0218i Creier Centru De Excelen\u021b\u0103 Clinic\u0103, Burgas[\/mk_fancy_title][\/vc_column][\/vc_row][mk_page_section padding_top=&#8221;40&#8243; padding_bottom=&#8221;40&#8243; sidebar=&#8221;sidebar-1&#8243;][vc_column width=&#8221;1\/3&#8243;][mk_image src=&#8221;\/\/cardiacinstitute.bg\/wp-content\/uploads\/2017\/10\/otdelenia-small.jpg&#8221; frame_style=&#8221;rounded&#8221; link=&#8221;\/\/cardiacinstitute.bg\/ro\/hospitals-and-centers\/heart-and-brain-center-of-excellence-burgas\/clinics-and-departments\/&#8221; caption_location=&#8221;outside-image&#8221; align=&#8221;center&#8221;][mk_title_box font_family=&#8221;none&#8221; align=&#8221;center&#8221;]<a href=\"\/\/cardiacinstitute.bg\/ro\/hospitals-and-centers\/heart-and-brain-center-of-excellence-burgas\/clinics-and-departments\/\">Clinici \u015fi departamente<\/a>[\/mk_title_box][mk_padding_divider][mk_image src=&#8221;\/\/cardiacinstitute.bg\/wp-content\/uploads\/2017\/10\/specialisti-small.jpg&#8221; frame_style=&#8221;rounded&#8221; link=&#8221;\/\/cardiacinstitute.bg\/ro\/hospitals-and-centers\/heart-and-brain-center-of-excellence-burgas\/specialists\/&#8221; caption_location=&#8221;outside-image&#8221; align=&#8221;center&#8221;][mk_title_box font_family=&#8221;none&#8221; align=&#8221;center&#8221;]<a href=\"\/\/cardiacinstitute.bg\/ro\/hospitals-and-centers\/heart-and-brain-center-of-excellence-burgas\/specialists\/\">Specialisti<\/a>[\/mk_title_box][\/vc_column][vc_column width=&#8221;1\/3&#8243;][mk_image src=&#8221;\/\/cardiacinstitute.bg\/wp-content\/uploads\/2017\/10\/bolnichni-deinosti-small.jpg&#8221; frame_style=&#8221;rounded&#8221; link=&#8221;\/\/cardiacinstitute.bg\/ro\/hospitals-and-centers\/heart-and-brain-center-of-excellence-burgas\/hospital-procedures\/&#8221; caption_location=&#8221;outside-image&#8221; align=&#8221;center&#8221;][mk_title_box font_family=&#8221;none&#8221; align=&#8221;center&#8221;]<a href=\"\/\/cardiacinstitute.bg\/ro\/hospitals-and-centers\/heart-and-brain-center-of-excellence-burgas\/hospital-procedures\/\">Proceduri spitalicesti<\/a>[\/mk_title_box][mk_padding_divider][mk_image src=&#8221;\/\/cardiacinstitute.bg\/wp-content\/uploads\/2017\/10\/upravlenie-small.jpg&#8221; frame_style=&#8221;rounded&#8221; link=&#8221;\/\/cardiacinstitute.bg\/ro\/hospitals-and-centers\/heart-and-brain-center-of-excellence-burgas\/hospital-management\/&#8221; caption_location=&#8221;outside-image&#8221; align=&#8221;center&#8221;][mk_title_box font_family=&#8221;none&#8221; align=&#8221;center&#8221;]<a href=\"\/\/cardiacinstitute.bg\/ro\/hospitals-and-centers\/heart-and-brain-center-of-excellence-burgas\/hospital-management\/\">Managementul spitalului<\/a>[\/mk_title_box][\/vc_column][vc_column width=&#8221;1\/3&#8243;][mk_image src=&#8221;\/\/cardiacinstitute.bg\/wp-content\/uploads\/2017\/10\/laboratorni-izsledvania-small.jpg&#8221; frame_style=&#8221;rounded&#8221; link=&#8221;\/\/cardiacinstitute.bg\/ro\/hospitals-and-centers\/heart-and-brain-center-of-excellence-burgas\/laboratory-tests\/&#8221; caption_location=&#8221;outside-image&#8221; align=&#8221;center&#8221;][mk_title_box font_family=&#8221;none&#8221; align=&#8221;center&#8221;]<a href=\"\/\/cardiacinstitute.bg\/ro\/hospitals-and-centers\/heart-and-brain-center-of-excellence-burgas\/laboratory-tests\/\">Teste de laborator<\/a>[\/mk_title_box][mk_padding_divider][mk_image src=&#8221;\/\/cardiacinstitute.bg\/wp-content\/uploads\/2017\/10\/contacts-small.jpg&#8221; frame_style=&#8221;rounded&#8221; link=&#8221;\/\/cardiacinstitute.bg\/ro\/hospitals-and-centers\/heart-and-brain-center-of-excellence-burgas\/contacts\/&#8221; caption_location=&#8221;outside-image&#8221; align=&#8221;center&#8221;][mk_title_box font_family=&#8221;none&#8221; align=&#8221;center&#8221;]<a href=\"\/\/cardiacinstitute.bg\/ro\/hospitals-and-centers\/heart-and-brain-center-of-excellence-burgas\/contacts\/\">Contact<\/a>[\/mk_title_box][\/vc_column][\/mk_page_section][vc_row][vc_column][vc_column_text disable_pattern=&#8221;false&#8221; css=&#8221;.vc_custom_1660809720498{margin-bottom: 0px !important;}&#8221;]Centrul de Excelen\u021b\u0103 Clinic\u0103 Inima si Creier este un spital de \u00eenalt\u0103 tehnologie, specializat \u00een tratamentul bolilor cardiovasculare, dotat cu cea mai avansat\u0103 tehnologie disponibil\u0103. Spitalul are mai multe clinici si sectii, toate premiate cu cel mai inalt nivel de competenta, in conformitate cu standardele medicale nationale si globale in cardiologie; chirurgie cardiac\u0103, anestezie \u0219i terapie intensiv\u0103 \u0219i diagnostic imagistic.<\/p>\n<p>Amplasat pe o suprafa\u021b\u0103 de 15.000 mp, cu 9 etaje supraterane \u0219i 2 subterane, spitalul are o capacitate de 330 de paturi, cu 14 s\u0103li de opera\u021bie (una hibrid\u0103 \u0219i una cu angiograf biplan), chirurgie cardiac\u0103 robotic\u0103, 2 tomografii computerizate. scanere, 2 aparate cu raze X, 1 RMN de ultim\u0103 genera\u021bie, o unitate de terapie intensiv\u0103 cu 34 de paturi \u0219i 12 cabinete medicale. Blocul laborator include un laborator clinic \u0219i microbiologic.<\/p>\n<p>\u00cen \u201eInima si Creier\u201d Burgas este construit un sistem server electronic PACS, care permite stocarea \u0219i accesul la toate testele imagistice de diagnosticare ale pacien\u021bilor (RMN, CT, angiograf, ultrasunete, raze X) \u0219i oferind medicilor posibilitatea de a efectua o terapie rapid\u0103 \u0219i precis\u0103. decizii \u00een s\u0103lile de opera\u021bie. Sistemul software integrat ofer\u0103 capacitatea de a ob\u021bine studii de la spitalele din toat\u0103 \u021bara \u00een timp real \u0219i de a efectua consulta\u021bii online de chirurgie cardiac\u0103 la distan\u021b\u0103 \u00een timpul studiilor de angiografie la distan\u021b\u0103.<\/p>\n<p>Sunt puse la dispozi\u021bie monitorizarea continu\u0103 a semnelor vitale ale pacien\u021bilor, videoconferin\u021be pentru pacien\u021bi, acces facilitat pentru persoanele cu probleme de mobilitate, menaj excelent, diete personale \u0219i 8 ambulan\u021be pentru transport medical de urgen\u021b\u0103.[\/vc_column_text][\/vc_column][\/vc_row]\n<\/div>","protected":false},"excerpt":{"rendered":"<p>[mk_page_section bg_image=&#8221;\/\/cardiacinstitute.bg\/wp-content\/uploads\/2022\/01\/heart-and-brain-header3.jpg&#8221; bg_color=&#8221;rgba(123,123,123,0.48)&#8221; bg_repeat=&#8221;no-repeat&#8221; video_opacity=&#8221;0.9&#8243; min_height=&#8221;&#8221; js_vertical_centered=&#8221;true&#8221; padding_top=&#8221;0&#8243; padding_bottom=&#8221;0&#8243; sidebar=&#8221;sidebar-1&#8243;][vc_column][mk_fancy_title tag_name=&#8221;h1&#8243; color=&#8221;#e8e8e8&#8243; size=&#8221;42&#8243; force_font_size=&#8221;true&#8221; size_tablet=&#8221;42&#8243; line_height=&#8221;95&#8243; font_weight=&#8221;bold&#8221; txt_transform=&#8221;uppercase&#8221; margin_top=&#8221;350&#8243; margin_bottom=&#8221;120&#8243; font_family=&#8221;Open+Sans&#8221; font_type=&#8221;google&#8221;]Highly Specialised Expertise in Service of Lifesaving &#8211; in Progress[\/mk_fancy_title][\/vc_column][\/mk_page_section][vc_row][vc_column][mk_padding_divider size=&#8221;120&#8243;][mk_fancy_title tag_name=&#8221;h3&#8243; color=&#8221;#1e73be&#8221; size=&#8221;60&#8243; force_font_size=&#8221;true&#8221; size_tablet=&#8221;40&#8243; size_phone=&#8221;30&#8243; font_weight=&#8221;400&#8243; txt_transform=&#8221;uppercase&#8221; font_family=&#8221;Open+Sans&#8221; font_type=&#8221;google&#8221; animation=&#8221;top-to-bottom&#8221;]Inima \u0218i Creier Centru De Excelen\u021b\u0103 Clinic\u0103, Burgas[\/mk_fancy_title][\/vc_column][\/vc_row][mk_page_section padding_top=&#8221;40&#8243; padding_bottom=&#8221;40&#8243; sidebar=&#8221;sidebar-1&#8243;][vc_column width=&#8221;1\/3&#8243;][mk_image src=&#8221;\/\/cardiacinstitute.bg\/wp-content\/uploads\/2017\/10\/otdelenia-small.jpg&#8221; [&hellip;]<\/p>\n","protected":false},"author":1,"featured_media":0,"parent":21750,"menu_order":0,"comment_status":"closed","ping_status":"closed","template":"","meta":{"footnotes":""},"class_list":["post-24690","page","type-page","status-publish","hentry"],"_links":{"self":[{"href":"https:\/\/cardiacinstitute.bg\/ro\/wp-json\/wp\/v2\/pages\/24690","targetHints":{"allow":["GET"]}}],"collection":[{"href":"https:\/\/cardiacinstitute.bg\/ro\/wp-json\/wp\/v2\/pages"}],"about":[{"href":"https:\/\/cardiacinstitute.bg\/ro\/wp-json\/wp\/v2\/types\/page"}],"author":[{"embeddable":true,"href":"https:\/\/cardiacinstitute.bg\/ro\/wp-json\/wp\/v2\/users\/1"}],"replies":[{"embeddable":true,"href":"https:\/\/cardiacinstitute.bg\/ro\/wp-json\/wp\/v2\/comments?post=24690"}],"version-history":[{"count":8,"href":"https:\/\/cardiacinstitute.bg\/ro\/wp-json\/wp\/v2\/pages\/24690\/revisions"}],"predecessor-version":[{"id":25037,"href":"https:\/\/cardiacinstitute.bg\/ro\/wp-json\/wp\/v2\/pages\/24690\/revisions\/25037"}],"up":[{"embeddable":true,"href":"https:\/\/cardiacinstitute.bg\/ro\/wp-json\/wp\/v2\/pages\/21750"}],"wp:attachment":[{"href":"https:\/\/cardiacinstitute.bg\/ro\/wp-json\/wp\/v2\/media?parent=24690"}],"curies":[{"name":"wp","href":"https:\/\/api.w.org\/{rel}","templated":true}]}}